{"id":6817,"date":"2018-07-13T18:53:48","date_gmt":"2018-07-13T20:53:48","guid":{"rendered":"http:\/\/lagh-univ.dz\/pgr-articles-scientifiques-2\/"},"modified":"2024-11-20T10:31:34","modified_gmt":"2024-11-20T09:31:34","slug":"pgr-articles-scientifiques-2","status":"publish","type":"page","link":"http:\/\/lagh-univ.dz\/en\/pgr-articles-scientifiques-2\/","title":{"rendered":"PGR-Articles scientifiques"},"content":{"rendered":"<p>[su_button url=&#8221;http:\/\/lagh-univ.dz\/pgr-articles-scientifiques-informatique\/&#8221; background=&#8221;#19a387&#8243; size=&#8221;6&#8243;]Informatique[\/su_button]\u00a0 \u00a0 \u00a0 \u00a0 \u00a0 \u00a0 \u00a0 \u00a0 \u00a0 \u00a0 \u00a0 \u00a0 \u00a0 \u00a0 \u00a0 \u00a0 \u00a0 \u00a0 \u00a0 \u00a0 \u00a0[su_button url=&#8221;http:\/\/lagh-univ.dz\/pgr-articles-scientifiques-mathematiques\/&#8221; background=&#8221;#19a387&#8243; size=&#8221;6&#8243;]Mathematiques[\/su_button]<\/p>\n<p>&nbsp;<\/p>\n<p>&nbsp;<\/p>\n<p>[su_button url=&#8221;http:\/\/lagh-univ.dz\/pgr-articles-scientifiques-physique\/\/&#8221; background=&#8221;#19a387&#8243; size=&#8221;6&#8243;]Physique[\/su_button]\u00a0 \u00a0 \u00a0 \u00a0 \u00a0 \u00a0 \u00a0 \u00a0 \u00a0 \u00a0 \u00a0 \u00a0 \u00a0 \u00a0 \u00a0 \u00a0 \u00a0 \u00a0 \u00a0 \u00a0 \u00a0[su_button url=&#8221;http:\/\/lagh-univ.dz\/pgr-articles-scientifiques-chemie\/&#8221; background=&#8221;#19a387&#8243; size=&#8221;6&#8243;]Ch\u00e9mie[\/su_button]<\/p>\n<p>&nbsp;<\/p>\n<p>[su_button url=&#8221;http:\/\/lagh-univ.dz\/pgr-articles-scientifiques-electrotechnique\/&#8221; background=&#8221;#19a387&#8243; size=&#8221;6&#8243;]El\u00e9ctrotechnique[\/su_button]\u00a0 \u00a0 \u00a0 \u00a0 \u00a0 \u00a0 \u00a0 [su_button url=&#8221;http:\/\/lagh-univ.dz\/pgr-articles-scientifiques-electronique\/&#8221; background=&#8221;#19a387&#8243; size=&#8221;6&#8243;]Electronique[\/su_button]\u00a0 \u00a0 \u00a0 \u00a0 \u00a0 \u00a0 \u00a0 \u00a0 \u00a0 \u00a0 \u00a0 \u00a0[su_button url=&#8221;http:\/\/lagh-univ.dz\/pgr-articles-scientifiques-genie-des-procedes\/&#8221; background=&#8221;#19a387&#8243; size=&#8221;6&#8243;]G\u00e9nie des proc\u00e9d\u00e9s[\/su_button]\u00a0 \u00a0 \u00a0 \u00a0 \u00a0 \u00a0 \u00a0 \u00a0 \u00a0 \u00a0 \u00a0 \u00a0 [su_button url=&#8221;http:\/\/lagh-univ.dz\/pgr-articles-scientifiques-genie-mecanique\/&#8221; background=&#8221;#19a387&#8243; size=&#8221;6&#8243;]G\u00e9nie m\u00e9canique[\/su_button]<\/p>\n<p>&nbsp;<\/p>\n<p>[su_button url=&#8221;http:\/\/lagh-univ.dz\/pgr-articles-scientifiques-genie-civil\/&#8221; background=&#8221;#19a387&#8243; size=&#8221;6&#8243;]G\u00e9nie civil[\/su_button]\u00a0 \u00a0 \u00a0 \u00a0 \u00a0 \u00a0 \u00a0 \u00a0 \u00a0 \u00a0 \u00a0 \u00a0 \u00a0 \u00a0 \u00a0 \u00a0 \u00a0 \u00a0 \u00a0 \u00a0 \u00a0 \u00a0 \u00a0 [su_button url=&#8221;http:\/\/lagh-univ.dz\/pgr-articles-scientifiques-architecture\/&#8221; background=&#8221;#19a387&#8243; size=&#8221;6&#8243;]Architecture[\/su_button]<\/p>\n<p>&nbsp;<\/p>\n<p>[su_button url=&#8221;http:\/\/lagh-univ.dz\/pgr-articles-scientifiques-sciences-de-la-nature-et-de-la-vie\/&#8221; background=&#8221;#19a387&#8243; size=&#8221;6&#8243;]Science de la nature et de la vie[\/su_button]<\/p>\n<p>&nbsp;<\/p>\n<p>[su_button url=&#8221;http:\/\/lagh-univ.dz\/pgr-articles-scientifiques-sciences-et-techniques-des-activites-physiques-et-sportives\/&#8221; background=&#8221;#19a387&#8243; size=&#8221;6&#8243;] Activit\u00e9es physiques et sportives[\/su_button]<\/p>\n<p>&nbsp;<\/p>\n<p>[su_button url=&#8221;http:\/\/lagh-univ.dz\/pgr-articles-scientifiques-sciences-economiques\/&#8221; background=&#8221;#19a387&#8243; size=&#8221;6&#8243;]Sciences \u00e9conomiques[\/su_button]<\/p>\n<p>&nbsp;<\/p>\n<p>[su_button url=&#8221;http:\/\/lagh-univ.dz\/pgr-articles-scientifiques-langue-et-litterature-arabes\/&#8221; background=&#8221;#19a387&#8243; size=&#8221;6&#8243;]Langue et literature arabe[\/su_button]\u00a0 \u00a0 \u00a0 \u00a0 \u00a0 \u00a0 \u00a0 \u00a0 \u00a0 \u00a0 \u00a0 \u00a0 \u00a0 \u00a0[su_button url=&#8221;http:\/\/lagh-univ.dz\/pgr-articles-scientifiques-lettres-et-langues-etrangeres\/&#8221; background=&#8221;#19a387&#8243; size=&#8221;6&#8243;] Langues et literatures \u00e9trang\u00e9res[\/su_button]<\/p>\n<p>&nbsp;<\/p>\n<p>[su_button url=&#8221;http:\/\/lagh-univ.dz\/pgr-articles-scientifiques-sciences-humaines\/&#8221; background=&#8221;#19a387&#8243; size=&#8221;6&#8243;]Sciences humaines[\/su_button]\u00a0 \u00a0 \u00a0 \u00a0 \u00a0 \u00a0 \u00a0 \u00a0 \u00a0 \u00a0 \u00a0 \u00a0 \u00a0 \u00a0 \u00a0 \u00a0 \u00a0 \u00a0 \u00a0 \u00a0 \u00a0 [su_button url=&#8221;http:\/\/lagh-univ.dz\/pgr-articles-scientifiques-sciences-islamiques\/&#8221; background=&#8221;#19a387&#8243; size=&#8221;6&#8243;]Sciences islamiques[\/su_button]\u00a0 \u00a0 \u00a0 \u00a0 \u00a0 \u00a0 \u00a0 \u00a0 \u00a0 \u00a0 \u00a0 \u00a0 \u00a0 \u00a0 \u00a0 \u00a0 \u00a0 \u00a0 \u00a0 \u00a0\u00a0[su_button url=&#8221;http:\/\/lagh-univ.dz\/pgr-articles-scientifiques-sciences-sociales\/&#8221; background=&#8221;#19a387&#8243; size=&#8221;6&#8243;]Sciences sociales[\/su_button]<\/p>\n<p>&nbsp;<\/p>\n<p>[su_button url=&#8221;http:\/\/lagh-univ.dz\/pgr-articles-scientifiques-droit\/&#8221; background=&#8221;#19a387&#8243; size=&#8221;6&#8243;]Droit[\/su_button]\u00a0 \u00a0 \u00a0 \u00a0 \u00a0 \u00a0 \u00a0 \u00a0 \u00a0 \u00a0 \u00a0 \u00a0 \u00a0 \u00a0 \u00a0 \u00a0 \u00a0 \u00a0 \u00a0 \u00a0 \u00a0 \u00a0 \u00a0 \u00a0 \u00a0 \u00a0 \u00a0 \u00a0 \u00a0 \u00a0 \u00a0 \u00a0 \u00a0 \u00a0 \u00a0 \u00a0 \u00a0[su_button url=&#8221;http:\/\/lagh-univ.dz\/pgr-articles-scientifiques-sciences-politiques\/&#8221; background=&#8221;#19a387&#8243; size=&#8221;6&#8243;]Sciences politiques[\/su_button]<\/p>\n<p>&nbsp;<\/p>\n","protected":false},"excerpt":{"rendered":"<p>[su_button url=&#8221;http:\/\/lagh-univ.dz\/pgr-articles-scientifiques-informatique\/&#8221; background=&#8221;#19a387&#8243; size=&#8221;6&#8243;]Informatique[\/su_button]\u00a0 \u00a0 \u00a0 \u00a0 \u00a0 \u00a0 \u00a0 \u00a0 \u00a0 \u00a0 \u00a0 \u00a0 \u00a0 \u00a0 \u00a0 \u00a0 \u00a0 \u00a0 \u00a0 \u00a0 \u00a0[su_button url=&#8221;http:\/\/lagh-univ.dz\/pgr-articles-scientifiques-mathematiques\/&#8221; background=&#8221;#19a387&#8243; size=&#8221;6&#8243;]Mathematiques[\/su_button] &nbsp; &nbsp; [su_button url=&#8221;http:\/\/lagh-univ.dz\/pgr-articles-scientifiques-physique\/\/&#8221; background=&#8221;#19a387&#8243; size=&#8221;6&#8243;]Physique[\/su_button]\u00a0 \u00a0 \u00a0 \u00a0 \u00a0 \u00a0 \u00a0 \u00a0 \u00a0 \u00a0 \u00a0 \u00a0 \u00a0 \u00a0 \u00a0 \u00a0 \u00a0 \u00a0 \u00a0 \u00a0 \u00a0[su_button url=&#8221;http:\/\/lagh-univ.dz\/pgr-articles-scientifiques-chemie\/&#8221; background=&#8221;#19a387&#8243; [&hellip;]<\/p>\n","protected":false},"author":1,"featured_media":0,"parent":0,"menu_order":0,"comment_status":"closed","ping_status":"closed","template":"elementor_header_footer","meta":{"_exactmetrics_skip_tracking":false,"_exactmetrics_sitenote_active":false,"_exactmetrics_sitenote_note":"","_exactmetrics_sitenote_category":0,"footnotes":""},"coauthors":[217,523],"class_list":["post-6817","page","type-page","status-publish","hentry"],"_links":{"self":[{"href":"http:\/\/lagh-univ.dz\/en\/wp-json\/wp\/v2\/pages\/6817","targetHints":{"allow":["GET"]}}],"collection":[{"href":"http:\/\/lagh-univ.dz\/en\/wp-json\/wp\/v2\/pages"}],"about":[{"href":"http:\/\/lagh-univ.dz\/en\/wp-json\/wp\/v2\/types\/page"}],"author":[{"embeddable":true,"href":"http:\/\/lagh-univ.dz\/en\/wp-json\/wp\/v2\/users\/1"}],"replies":[{"embeddable":true,"href":"http:\/\/lagh-univ.dz\/en\/wp-json\/wp\/v2\/comments?post=6817"}],"version-history":[{"count":5,"href":"http:\/\/lagh-univ.dz\/en\/wp-json\/wp\/v2\/pages\/6817\/revisions"}],"predecessor-version":[{"id":21033,"href":"http:\/\/lagh-univ.dz\/en\/wp-json\/wp\/v2\/pages\/6817\/revisions\/21033"}],"wp:attachment":[{"href":"http:\/\/lagh-univ.dz\/en\/wp-json\/wp\/v2\/media?parent=6817"}],"wp:term":[{"taxonomy":"author","embeddable":true,"href":"http:\/\/lagh-univ.dz\/en\/wp-json\/wp\/v2\/coauthors?post=6817"}],"curies":[{"name":"wp","href":"https:\/\/api.w.org\/{rel}","templated":true}]}}