{"id":6829,"date":"2019-01-27T15:36:58","date_gmt":"2019-01-27T17:36:58","guid":{"rendered":"http:\/\/lagh-univ.dz\/pgr-these\/"},"modified":"2024-11-20T10:32:12","modified_gmt":"2024-11-20T09:32:12","slug":"pgr-these","status":"publish","type":"page","link":"http:\/\/lagh-univ.dz\/en\/pgr-these\/","title":{"rendered":"PGR-these"},"content":{"rendered":"<p>[su_button url=&#8221;http:\/\/lagh-univ.dz\/pgr-theses-informatique\/&#8221; background=&#8221;#19a387&#8243; size=&#8221;6&#8243;]Informatique[\/su_button]\u00a0 \u00a0 \u00a0 \u00a0 \u00a0 \u00a0 \u00a0 \u00a0 \u00a0 \u00a0 \u00a0 \u00a0 \u00a0 \u00a0 \u00a0 \u00a0 \u00a0 \u00a0 \u00a0 \u00a0 \u00a0[su_button url=&#8221;http:\/\/lagh-univ.dz\/pgr-these-mathematiques\/&#8221; background=&#8221;#19a387&#8243; size=&#8221;6&#8243;]Mathematiques[\/su_button]<\/p>\n<p>&nbsp;<\/p>\n<p>[su_button url=&#8221;http:\/\/lagh-univ.dz\/pgr-these-electrotechnique\/&#8221; background=&#8221;#19a387&#8243; size=&#8221;6&#8243;]El\u00e9ctrotechnique[\/su_button]\u00a0 \u00a0 \u00a0 \u00a0 \u00a0 \u00a0 \u00a0 [su_button url=&#8221;http:\/\/lagh-univ.dz\/pgr-these-electronique\/&#8221; background=&#8221;#19a387&#8243; size=&#8221;6&#8243;]Electronique[\/su_button]\u00a0 \u00a0 \u00a0 \u00a0 \u00a0 \u00a0 \u00a0 \u00a0 \u00a0 \u00a0 \u00a0 \u00a0[su_button url=&#8221;http:\/\/lagh-univ.dz\/pgr-these-genie-des-procedes\/&#8221; background=&#8221;#19a387&#8243; size=&#8221;6&#8243;]G\u00e9nie des proc\u00e9d\u00e9s[\/su_button]\u00a0 \u00a0 \u00a0 \u00a0 \u00a0 \u00a0 \u00a0 \u00a0 \u00a0 \u00a0 \u00a0 \u00a0 [su_button url=&#8221;http:\/\/lagh-univ.dz\/pgr-these-genie-mecanique\/&#8221; background=&#8221;#19a387&#8243; size=&#8221;6&#8243;]G\u00e9nie m\u00e9canique[\/su_button]<\/p>\n<p>&nbsp;<\/p>\n<p>[su_button url=&#8221;http:\/\/lagh-univ.dz\/pgr-these-genie-civil\/&#8221; background=&#8221;#19a387&#8243; size=&#8221;6&#8243;]G\u00e9nie civil[\/su_button]\u00a0 \u00a0 \u00a0 \u00a0 \u00a0 \u00a0 \u00a0 \u00a0 \u00a0 \u00a0 \u00a0 \u00a0 \u00a0 \u00a0 \u00a0 \u00a0 \u00a0 \u00a0 \u00a0 \u00a0 \u00a0 \u00a0 \u00a0 [su_button url=&#8221;http:\/\/lagh-univ.dz\/pgr-these-architecture\/&#8221; background=&#8221;#19a387&#8243; size=&#8221;6&#8243;]Architecture[\/su_button]<\/p>\n<p>&nbsp;<\/p>\n<p>[su_button url=&#8221;http:\/\/lagh-univ.dz\/pgr-these-sciences-de-la-nature-et-de-la-vie\/&#8221; background=&#8221;#19a387&#8243; size=&#8221;6&#8243;]Science de la nature et de la vie[\/su_button]<\/p>\n<p>&nbsp;<\/p>\n<p>[su_button url=&#8221;http:\/\/lagh-univ.dz\/pgr-these-techniques-des-activites-physiques-et-sportives\/&#8221; background=&#8221;#19a387&#8243; size=&#8221;6&#8243;] Activit\u00e9es physiques et sportives[\/su_button]<\/p>\n<p>&nbsp;<\/p>\n<p>[su_button url=&#8221;http:\/\/lagh-univ.dz\/pgr-these-sciences-economiques\/&#8221; background=&#8221;#19a387&#8243; size=&#8221;6&#8243;]Sciences \u00e9conomiques[\/su_button]<\/p>\n<p>&nbsp;<\/p>\n<p>[su_button url=&#8221;http:\/\/lagh-univ.dz\/pgr-these-langue-et-litterature-arabes\/&#8221; background=&#8221;#19a387&#8243; size=&#8221;6&#8243;]Langue et literature arabe[\/su_button]\u00a0 \u00a0 \u00a0 \u00a0 \u00a0 \u00a0 \u00a0 \u00a0 \u00a0 \u00a0 \u00a0 \u00a0 \u00a0 \u00a0[su_button url=&#8221;http:\/\/lagh-univ.dz\/pgr-these-lettres-et-langues-etrangeres\/&#8221; background=&#8221;#19a387&#8243; size=&#8221;6&#8243;] Langues et literatures \u00e9trang\u00e9res[\/su_button]<\/p>\n<p>&nbsp;<\/p>\n<p>[su_button url=&#8221;http:\/\/lagh-univ.dz\/pgr-these-sciences-humaines\/&#8221; background=&#8221;#19a387&#8243; size=&#8221;6&#8243;]Sciences humaines[\/su_button]\u00a0 \u00a0 \u00a0 \u00a0 \u00a0 \u00a0 \u00a0 \u00a0 \u00a0 \u00a0 \u00a0 \u00a0 \u00a0 \u00a0 \u00a0 \u00a0 \u00a0 \u00a0 \u00a0 \u00a0 \u00a0 [su_button url=&#8221;http:\/\/lagh-univ.dz\/pgr-these-sciences-islamiques\/&#8221; background=&#8221;#19a387&#8243; size=&#8221;6&#8243;]Sciences islamiques[\/su_button]\u00a0 \u00a0 \u00a0 \u00a0 \u00a0 \u00a0 \u00a0 \u00a0 \u00a0 \u00a0 \u00a0 \u00a0 \u00a0 \u00a0 \u00a0 \u00a0 \u00a0 \u00a0 \u00a0 \u00a0\u00a0[su_button url=&#8221;http:\/\/lagh-univ.dz\/pgr-these-sciences-sociales\/&#8221; background=&#8221;#19a387&#8243; size=&#8221;6&#8243;]Sciences sociales[\/su_button]<\/p>\n<p>&nbsp;<\/p>\n<p>[su_button url=&#8221;http:\/\/lagh-univ.dz\/pgr-these-droit\/&#8221; background=&#8221;#19a387&#8243; size=&#8221;6&#8243;]Droit[\/su_button]\u00a0 \u00a0 \u00a0 \u00a0 \u00a0 \u00a0 \u00a0 \u00a0 \u00a0 \u00a0 \u00a0 \u00a0 \u00a0 \u00a0 \u00a0 \u00a0 \u00a0 \u00a0 \u00a0 \u00a0 \u00a0 \u00a0 \u00a0 \u00a0 \u00a0 \u00a0 \u00a0 \u00a0 \u00a0 \u00a0 \u00a0 \u00a0 \u00a0 \u00a0 \u00a0 \u00a0 \u00a0[su_button url=&#8221;http:\/\/lagh-univ.dz\/pgr-these-sciences-politiques\/&#8221; background=&#8221;#19a387&#8243; size=&#8221;6&#8243;]Sciences politiques[\/su_button]<\/p>\n<p>&nbsp;<\/p>\n","protected":false},"excerpt":{"rendered":"<p>[su_button url=&#8221;http:\/\/lagh-univ.dz\/pgr-theses-informatique\/&#8221; background=&#8221;#19a387&#8243; size=&#8221;6&#8243;]Informatique[\/su_button]\u00a0 \u00a0 \u00a0 \u00a0 \u00a0 \u00a0 \u00a0 \u00a0 \u00a0 \u00a0 \u00a0 \u00a0 \u00a0 \u00a0 \u00a0 \u00a0 \u00a0 \u00a0 \u00a0 \u00a0 \u00a0[su_button url=&#8221;http:\/\/lagh-univ.dz\/pgr-these-mathematiques\/&#8221; background=&#8221;#19a387&#8243; size=&#8221;6&#8243;]Mathematiques[\/su_button] &nbsp; [su_button url=&#8221;http:\/\/lagh-univ.dz\/pgr-these-electrotechnique\/&#8221; background=&#8221;#19a387&#8243; size=&#8221;6&#8243;]El\u00e9ctrotechnique[\/su_button]\u00a0 \u00a0 \u00a0 \u00a0 \u00a0 \u00a0 \u00a0 [su_button url=&#8221;http:\/\/lagh-univ.dz\/pgr-these-electronique\/&#8221; background=&#8221;#19a387&#8243; size=&#8221;6&#8243;]Electronique[\/su_button]\u00a0 \u00a0 \u00a0 \u00a0 \u00a0 \u00a0 \u00a0 \u00a0 \u00a0 \u00a0 \u00a0 \u00a0[su_button url=&#8221;http:\/\/lagh-univ.dz\/pgr-these-genie-des-procedes\/&#8221; background=&#8221;#19a387&#8243; [&hellip;]<\/p>\n","protected":false},"author":18,"featured_media":0,"parent":0,"menu_order":0,"comment_status":"closed","ping_status":"closed","template":"elementor_header_footer","meta":{"_exactmetrics_skip_tracking":false,"_exactmetrics_sitenote_active":false,"_exactmetrics_sitenote_note":"","_exactmetrics_sitenote_category":0,"footnotes":""},"coauthors":[217],"class_list":["post-6829","page","type-page","status-publish","hentry"],"_links":{"self":[{"href":"http:\/\/lagh-univ.dz\/en\/wp-json\/wp\/v2\/pages\/6829","targetHints":{"allow":["GET"]}}],"collection":[{"href":"http:\/\/lagh-univ.dz\/en\/wp-json\/wp\/v2\/pages"}],"about":[{"href":"http:\/\/lagh-univ.dz\/en\/wp-json\/wp\/v2\/types\/page"}],"author":[{"embeddable":true,"href":"http:\/\/lagh-univ.dz\/en\/wp-json\/wp\/v2\/users\/18"}],"replies":[{"embeddable":true,"href":"http:\/\/lagh-univ.dz\/en\/wp-json\/wp\/v2\/comments?post=6829"}],"version-history":[{"count":1,"href":"http:\/\/lagh-univ.dz\/en\/wp-json\/wp\/v2\/pages\/6829\/revisions"}],"predecessor-version":[{"id":11999,"href":"http:\/\/lagh-univ.dz\/en\/wp-json\/wp\/v2\/pages\/6829\/revisions\/11999"}],"wp:attachment":[{"href":"http:\/\/lagh-univ.dz\/en\/wp-json\/wp\/v2\/media?parent=6829"}],"wp:term":[{"taxonomy":"author","embeddable":true,"href":"http:\/\/lagh-univ.dz\/en\/wp-json\/wp\/v2\/coauthors?post=6829"}],"curies":[{"name":"wp","href":"https:\/\/api.w.org\/{rel}","templated":true}]}}