{"id":7564,"date":"2018-07-18T18:58:38","date_gmt":"2018-07-18T20:58:38","guid":{"rendered":"http:\/\/lagh-univ.dz\/langue-faculte-secretaire-generale\/"},"modified":"2025-09-17T09:28:36","modified_gmt":"2025-09-17T08:28:36","slug":"langue-faculte-secretaire-generale","status":"publish","type":"page","link":"http:\/\/lagh-univ.dz\/en\/langue-faculte-secretaire-generale\/","title":{"rendered":"Langue-Facult\u00e9-Secr\u00e9taire g\u00e9n\u00e9rale"},"content":{"rendered":"<p style=\"text-align: left\"><span style=\"color: #ff0000\"><strong><span style=\"font-family: Book Antiqua, Palatino;font-size: 18pt\">General Secretariat<\/span><\/strong><\/span><\/p>\n<p style=\"text-align: left\"><span style=\"font-family: Book Antiqua, Palatino;font-size: 14pt;color: #000000\"><strong><u>General Secretary: GOUMIRI Djamel<br \/>\n<\/u><\/strong><\/span><\/p>\n<p style=\"text-align: left\"><span style=\"font-family: Book Antiqua, Palatino;font-size: 14pt;color: #000000\">\u00a0 <strong>Email<\/strong> :d.goumiri@lagh-univ.dz<br \/>\n<\/span><\/p>\n<p style=\"text-align: left\"><span style=\"font-family: Book Antiqua, Palatino;font-size: 14pt;color: #000000\"><span style=\"color: #008000\">Tasks and functions<\/span>:<\/span><\/p>\n<ul style=\"text-align: left\">\n<li><span style=\"font-family: Book Antiqua, Palatino;font-size: 14pt;color: #000000\">Organizing the Faculty\u2019s human resources management plan and ensuring its implementation.<\/span><\/li>\n<li><span style=\"font-family: Book Antiqua, Palatino;font-size: 14pt;color: #000000\">\u00a0Managing the career path for the Faculty\u2019s users.<\/span><\/li>\n<li><span style=\"font-family: Book Antiqua, Palatino;font-size: 14pt;color: #000000\">Maintaining effective records, archives and administration of the Faculty<\/span><\/li>\n<li><span style=\"font-family: Book Antiqua, Palatino;font-size: 14pt;color: #000000\">\u00a0Preparing the Faculty\u2019s budget project and ensure its implementation.<\/span><\/li>\n<li><span style=\"font-family: Book Antiqua, Palatino;font-size: 14pt;color: #000000\">\u00a0Promoting scientific, cultural and sports activities for students.<\/span><\/li>\n<li><span style=\"font-family: Book Antiqua, Palatino;font-size: 14pt;color: #000000\">\u00a0Managing the movable and real estate means of the Faculty, upholding the necessary requirements and ensuring its maintenance.<\/span><\/li>\n<\/ul>\n<p style=\"text-align: left\"><span style=\"font-family: Book Antiqua, Palatino;font-size: 14pt;color: #000000\"><strong>Personnel and Training Service<\/strong><\/span><\/p>\n<p style=\"text-align: left\"><span style=\"font-family: Book Antiqua, Palatino;font-size: 14pt;color: #000000\"><strong><u>Head of Service: Bachir SAIHI <\/u><\/strong><\/span><\/p>\n<p style=\"text-align: left\"><span style=\"font-family: Book Antiqua, Palatino;font-size: 14pt;color: #000000\">Email: ba.saihi@lagh-univ.dz<\/span><\/p>\n<p style=\"text-align: left\"><span style=\"font-family: Book Antiqua, Palatino;font-size: 14pt;color: #000000\"><strong><span style=\"color: #008000\">Tasks and functions<\/span>:<\/strong><\/span><\/p>\n<ul style=\"text-align: left\">\n<li><span style=\"font-family: Book Antiqua, Palatino;font-size: 14pt;color: #000000\">Ensures that the Fcaulty users\u2019 career path is well supervened.<\/span><\/li>\n<li><span style=\"font-family: Book Antiqua, Palatino;font-size: 14pt;color: #000000\">Pursuing the new situations in coordination with the sub-directorate in the university&#8217;s directorate.<\/span><\/li>\n<\/ul>\n<p style=\"text-align: left\"><span style=\"font-family: Book Antiqua, Palatino;font-size: 14pt;color: #000000\"><strong><em><u>Finance and Accounting Service<\/u><\/em><\/strong><\/span><\/p>\n<p style=\"text-align: left\"><strong><span style=\"font-family: Book Antiqua, Palatino;font-size: 14pt;color: #000000\">Head of Service: WafaBENLAHBIB<\/span><\/strong><\/p>\n<p style=\"text-align: left\"><span style=\"font-family: Book Antiqua, Palatino;font-size: 14pt;color: #000000\">E-mail: benlahbibwafa@gmail.com<\/span><\/p>\n<p style=\"text-align: left\"><span style=\"font-family: Book Antiqua, Palatino;font-size: 14pt;color: #000000\"><strong><span style=\"color: #008000\">Tasks and functions<\/span>:<\/strong><\/span><\/p>\n<ul style=\"text-align: left\">\n<li><span style=\"font-family: Book Antiqua, Palatino;font-size: 14pt;color: #000000\">Ensuring implementation of budgetary headings<\/span><\/li>\n<li><span style=\"font-family: Book Antiqua, Palatino;font-size: 14pt;color: #000000\">Ensuring discharge of salaries and remnants of employees<\/span><\/li>\n<li><span style=\"font-family: Book Antiqua, Palatino;font-size: 14pt;color: #000000\">Ensuring that expenses and charges are infused<\/span><\/li>\n<\/ul>\n<p style=\"text-align: left\"><span style=\"font-family: Book Antiqua, Palatino;font-size: 14pt;color: #000000\"><strong><u>Means and Maintenance Service<\/u><\/strong><\/span><\/p>\n<p style=\"text-align: left\"><span style=\"font-family: Book Antiqua, Palatino;font-size: 14pt;color: #000000\"><strong>Head of Service: MESSAOUDI Badreddine<\/strong><br \/>\n<\/span><\/p>\n<p style=\"text-align: left\"><span style=\"font-family: Book Antiqua, Palatino;font-size: 14pt;color: #000000\">Email: bad.messaoudi@lagh-univ.dz<\/span><\/p>\n<p style=\"text-align: left\"><span style=\"font-family: Book Antiqua, Palatino;font-size: 14pt;color: #000000\"><strong><u><span style=\"color: #008000\">Tasks and functions<\/span>:<\/u><\/strong><\/span><\/p>\n<ul style=\"text-align: left\">\n<li><span style=\"font-family: Book Antiqua, Palatino;font-size: 14pt;color: #000000\">Ensuring that the Faculty is provided with the necessary means to work<\/span><\/li>\n<li><span style=\"font-family: Book Antiqua, Palatino;font-size: 14pt;color: #000000\">Carrying out annual inventory and record-keeping<\/span><\/li>\n<li><span style=\"font-family: Book Antiqua, Palatino;font-size: 14pt;color: #000000\">Supervising the maintenance of the equipment<\/span><\/li>\n<li><span style=\"font-family: Book Antiqua, Palatino;font-size: 14pt;color: #000000\">Making the necessary reservations for visiting professors at the dealers<\/span><\/li>\n<\/ul>\n<p style=\"text-align: left\">\n","protected":false},"excerpt":{"rendered":"<p>General Secretariat General Secretary: GOUMIRI Djamel \u00a0 Email :d.goumiri@lagh-univ.dz Tasks and functions: Organizing the Faculty\u2019s human resources management plan and ensuring its implementation. \u00a0Managing the career path for the Faculty\u2019s users. Maintaining effective records, archives and administration of the Faculty \u00a0Preparing the Faculty\u2019s budget project and ensure its implementation. \u00a0Promoting scientific, cultural and sports activities [&hellip;]<\/p>\n","protected":false},"author":1,"featured_media":0,"parent":0,"menu_order":0,"comment_status":"closed","ping_status":"closed","template":"elementor_header_footer","meta":{"_exactmetrics_skip_tracking":false,"_exactmetrics_sitenote_active":false,"_exactmetrics_sitenote_note":"","_exactmetrics_sitenote_category":0,"footnotes":""},"coauthors":[217,529],"class_list":["post-7564","page","type-page","status-publish","hentry"],"_links":{"self":[{"href":"http:\/\/lagh-univ.dz\/en\/wp-json\/wp\/v2\/pages\/7564","targetHints":{"allow":["GET"]}}],"collection":[{"href":"http:\/\/lagh-univ.dz\/en\/wp-json\/wp\/v2\/pages"}],"about":[{"href":"http:\/\/lagh-univ.dz\/en\/wp-json\/wp\/v2\/types\/page"}],"author":[{"embeddable":true,"href":"http:\/\/lagh-univ.dz\/en\/wp-json\/wp\/v2\/users\/1"}],"replies":[{"embeddable":true,"href":"http:\/\/lagh-univ.dz\/en\/wp-json\/wp\/v2\/comments?post=7564"}],"version-history":[{"count":18,"href":"http:\/\/lagh-univ.dz\/en\/wp-json\/wp\/v2\/pages\/7564\/revisions"}],"predecessor-version":[{"id":68533,"href":"http:\/\/lagh-univ.dz\/en\/wp-json\/wp\/v2\/pages\/7564\/revisions\/68533"}],"wp:attachment":[{"href":"http:\/\/lagh-univ.dz\/en\/wp-json\/wp\/v2\/media?parent=7564"}],"wp:term":[{"taxonomy":"author","embeddable":true,"href":"http:\/\/lagh-univ.dz\/en\/wp-json\/wp\/v2\/coauthors?post=7564"}],"curies":[{"name":"wp","href":"https:\/\/api.w.org\/{rel}","templated":true}]}}