{"id":7867,"date":"2018-07-18T18:59:12","date_gmt":"2018-07-18T20:59:12","guid":{"rendered":"http:\/\/lagh-univ.dz\/economie-faculte-secretaire-generale\/"},"modified":"2020-02-10T08:33:17","modified_gmt":"2020-02-10T10:33:17","slug":"economie-faculte-secretaire-generale","status":"publish","type":"page","link":"http:\/\/lagh-univ.dz\/en\/economie-faculte-secretaire-generale\/","title":{"rendered":"Economie-Facult\u00e9-Secr\u00e9taire g\u00e9n\u00e9rale"},"content":{"rendered":"<p>&nbsp;<\/p>\n<p><span style=\"color: #ff0000\"><strong><u><span style=\"font-family: arabic-kufi\">\u0627\u0644\u0623\u0645\u0640\u0640\u0640\u0640\u0640\u0640\u0640\u0640\u0640\u0640\u0627\u0646\u0629 \u0627\u0644\u0639\u0627\u0645\u0640\u0640\u0640\u0640\u0640\u0640\u0640\u0640\u0640\u0629 \u0644\u0644\u0643\u0640\u0640\u0640\u0640\u0640\u0640\u0640\u0640\u0640\u0640\u0644\u064a\u0629<\/span><\/u><\/strong><\/span><\/p>\n<p><span style=\"color: #000000;font-family: arabic-kufi\"><strong><u><span style=\"color: #000080\">\u0627\u0644\u0623\u0645\u064a\u0646 \u0627\u0644\u0639\u0627\u0645<\/span><img decoding=\"async\" class=\" wp-image-24678 alignleft\" src=\"http:\/\/lagh-univ.dz\/wp-content\/uploads\/2020\/02\/\u0639\u064a\u0633\u0649-\u0628\u0648\u062e\u0644\u062e\u0627\u0644.jpg\" alt=\"\" width=\"132\" height=\"139\" \/><\/u><\/strong><\/span><\/p>\n<p><span style=\"color: #000000;font-family: arabic-kufi\"><strong>\u0627\u0644\u0633\u064a\u062f<\/strong><strong> :\u00a0<\/strong><strong>\u0628\u0648\u062e\u0644\u062e\u0627\u0644 \u0639\u064a\u0633\u0649<\/strong><\/span><\/p>\n<p><span style=\"color: #000000;font-family: arabic-kufi\"><strong><u>\u0644\u0644\u0627\u062a\u0635\u0627\u0644 \u0648\u0627\u0644\u0625\u0639\u0644\u0627\u0645<\/u><\/strong><strong> : \u0628\u0627\u0644\u0633\u064a\u062f \u0627\u0644\u0623\u0645\u064a\u0646 \u0627\u0644\u0639\u0627\u0645 <\/strong><\/span><\/p>\n<p><span style=\"color: #000000;font-family: arabic-kufi\"><strong><u>\u0631\u0642\u0645 \u0627\u0644\u0647\u0627\u062a\u0641<\/u><\/strong><strong> :029.10.74.29<\/strong><\/span><\/p>\n<p><span style=\"color: #000000;font-family: arabic-kufi\"><strong><u>\u0627\u0644\u0625\u064a\u0645\u0640\u0640\u0640\u0640\u0640\u064a\u0644<\/u><\/strong><strong> : <\/strong><strong>a.boukhalkhal1960@gmail.com<\/strong><\/span><\/p>\n<p><span style=\"color: #000000;font-family: arabic-kufi\">\u062a\u0633\u0627\u0647\u0645 \u00a0\u0627\u0644\u0623\u0645\u0627\u0646\u0629 \u0627\u0644\u0639\u0627\u0645\u0629 \u0648\u0628\u0634\u0643\u0644 \u0641\u0639\u0627\u0644 \u0648\u0645\u0646\u0638\u0628\u0637 \u00a0\u0641\u064a \u0627\u0633\u062a\u0645\u0631\u0627\u0631\u064a\u0629 \u0627\u0644\u062a\u0646\u0645\u064a\u0629 \u0639\u0644\u0649 \u0645\u0633\u062a\u0648\u0649 \u0627\u0644\u0643\u0644\u064a\u0629\u060c \u0643\u0645\u0627 \u064a\u0633\u0647\u0631 \u0639\u0644\u0649 \u0627\u0644\u0645\u062a\u0627\u0628\u0639\u0629 \u0627\u0644\u062f\u0648\u0631\u064a\u0629 \u0641\u064a \u062a\u0631\u0642\u064a\u0629 \u0627\u0644\u0645\u062c\u0627\u0644\u0627\u062a \u0627\u0644\u0625\u062f\u0627\u0631\u064a\u0629\u00a0 \u0641\u064a \u0638\u0644 \u0627\u062d\u062a\u0631\u0627\u0645 \u0627\u0644\u0642\u0648\u0627\u0646\u064a\u0646 \u0627\u0644\u0645\u0639\u0645\u0648\u0644 \u0628\u0647\u0627 .<\/span><\/p>\n<p><span style=\"color: #000000;font-family: arabic-kufi\"><strong>\u062a\u062a\u0645\u062b\u0644 \u0645\u0647\u0627\u0645 \u0627\u0644\u0623\u0645\u0627\u0646\u0629 \u0627\u0644\u0639\u0627\u0645\u0629\u00a0 <\/strong><strong>: <\/strong><\/span><\/p>\n<ul>\n<li><span style=\"color: #000000;font-family: arabic-kufi\">\u062a\u062d\u0636\u064a\u0631 \u0645\u0634\u0631\u0648\u0639 \u0645\u062e\u0637\u0637 \u062a\u0633\u064a\u064a\u0631 \u0627\u0644\u0645\u0648\u0627\u0631\u062f \u0627\u0644\u0628\u0634\u0631\u064a\u0629 \u0644\u0644\u0643\u0644\u064a\u0629 \u0648\u0636\u0645\u0627\u0646 \u062a\u0646\u0641\u064a\u0630\u0647.<\/span><\/li>\n<li><span style=\"color: #000000;font-family: arabic-kufi\">\u062a\u0633\u064a\u064a\u0631 \u0627\u0644\u0645\u0633\u0627\u0631 \u0627\u0644\u0645\u0647\u0646\u064a \u0644\u0645\u0633\u062a\u062e\u062f\u0645\u064a \u0627\u0644\u0643\u0644\u064a\u0629.<\/span><\/li>\n<li><span style=\"color: #000000;font-family: arabic-kufi\">\u0636\u0645\u0627\u0646 \u062a\u0633\u064a\u064a\u0631 \u0627\u0644\u0623\u0631\u0634\u064a\u0641 \u0648\u062a\u0648\u062b\u064a\u0642 \u0627\u0644\u0643\u0644\u064a\u0629 \u0648\u0627\u0644\u0645\u062d\u0627\u0641\u0638\u0629 \u0639\u0644\u064a\u0647\u0645\u0627.<\/span><\/li>\n<li><span style=\"color: #000000;font-family: arabic-kufi\">\u062a\u062d\u0636\u064a\u0631 \u0645\u0634\u0631\u0648\u0639 \u0645\u064a\u0632\u0627\u0646\u064a\u0629 \u0627\u0644\u0643\u0644\u064a\u0629 \u0648\u0636\u0645\u0627\u0646 \u062a\u0646\u0641\u064a\u0630\u0647.<\/span><\/li>\n<li><span style=\"color: #000000;font-family: arabic-kufi\">\u062a\u0631\u0642\u064a\u0629 \u0627\u0644\u0623\u0646\u0634\u0637\u0629 \u0627\u0644\u0639\u0644\u0645\u064a\u0629 \u0648\u0627\u0644\u062b\u0642\u0627\u0641\u064a\u0629 \u0644\u0641\u0627\u0626\u062f\u0629 \u0627\u0644\u0637\u0644\u0628\u0629 \u0628\u0627\u0644\u062a\u0646\u0633\u064a\u0642 \u0645\u0639 \u0627\u0644\u0647\u064a\u0626\u0627\u062a \u0627\u0644\u0645\u0639\u0646\u064a\u0629 \u0644\u0645\u062f\u064a\u0631\u064a\u0629 \u0627\u0644\u062c\u0627\u0645\u0639\u0629.<\/span><\/li>\n<\/ul>\n<p><span style=\"color: #ff0000;font-family: arabic-kufi\"><strong><u>\u062a\u062a\u0645\u062b\u0644 \u0645\u0635\u0627\u0644\u062d \u0627\u0644\u0623\u0645\u0627\u0646\u0629 \u0627\u0644\u0639\u0627\u0645\u0629 :<\/u><\/strong><\/span><\/p>\n<ul>\n<li><span style=\"color: #000000;font-family: arabic-kufi\">\u0645\u0635\u0644\u062d\u0629 \u0627\u0644\u0645\u0633\u062a\u062e\u062f\u0645\u064a\u0646<\/span><\/li>\n<li><span style=\"color: #000000;font-family: arabic-kufi\">\u0645\u0635\u0644\u062d\u0629 \u0627\u0644\u0648\u0633\u0627\u0626\u0644 \u0627\u0644\u0639\u0627\u0645\u0629.<\/span><\/li>\n<li><span style=\"color: #000000;font-family: arabic-kufi\">\u0645\u0635\u0644\u062d\u0629 \u0627\u0644\u0645\u062d\u0627\u0633\u0628\u0629 \u0648 \u0627\u0644\u0645\u0627\u0644\u064a\u0629.<\/span><\/li>\n<li><span style=\"color: #000000;font-family: arabic-kufi\">\u0645\u0635\u0644\u062d\u0629 \u0627\u0644\u0623\u0646\u0634\u0637\u0629 \u0627\u0644\u0639\u0644\u0645\u064a\u0629 \u0648 \u0627\u0644\u062b\u0642\u0627\u0641\u064a\u0629 \u0648 \u0627\u0644\u0631\u064a\u0627\u0636\u064a\u0629<\/span><\/li>\n<\/ul>\n<p><span style=\"color: #ff0000;font-family: arabic-kufi\"><u>1<strong>&#8211; \u0645\u0635\u0644\u062d\u0629 \u0627\u0644\u0645\u0633\u062a\u062e\u062f\u0645\u064a\u0646<\/strong><\/u><\/span><\/p>\n<p><span style=\"color: #000000;font-family: arabic-kufi\">\u0631\u0626\u064a\u0633 \u0627\u0644\u0645\u0635\u0644\u062d\u0629 :\u00a0<strong>\u0628\u0646 \u062b\u0627\u0628\u062a \u0639\u0628\u062f \u0627\u0644\u062d\u0645\u064a\u062f <\/strong><\/span><\/p>\n<p><span style=\"color: #000000;font-family: arabic-kufi\">\u064a\u0634\u0631\u0641 \u0639\u0644\u0649 \u0641\u0631\u0639\u064a\u0646 \u0647\u0645\u0627 :<\/span><\/p>\n<ul>\n<li><span style=\"color: #000000;font-family: arabic-kufi\">\u0641\u0631\u0639 \u0627\u0644\u0627\u062f\u0627\u0631\u064a\u064a\u0646 \u0645\u0643\u0644\u0641 \u0628\u0645\u062a\u0627\u0628\u0639\u0629 \u0627\u0644\u0645\u0633\u0627\u0631 \u0627\u0644\u0645\u0647\u0646\u064a \u0644\u0645\u0648\u0638\u0641\u064a \u0627\u0644\u0643\u0644\u064a\u0629 \u0627\u0644\u062f\u0627\u0626\u0645\u064a\u0646 \u0648 \u0627\u0644\u0645\u0624\u0642\u062a\u064a\u0646 .<\/span><\/li>\n<li><span style=\"color: #000000;font-family: arabic-kufi\">\u0641\u0631\u0639 \u0627\u0644\u0627\u0633\u0627\u062a\u0630\u0629 \u0645\u0643\u0644\u0641 \u0628\u0645\u062a\u0627\u0628\u0639\u0629 \u0627\u0644\u0645\u0633\u0627\u0631 \u0627\u0644\u0645\u0647\u0646\u064a \u0644\u0623\u0633\u0627\u062a\u0630\u0629 \u0627\u0644\u0643\u0644\u064a\u0629 \u0628\u0645\u0627 \u0641\u064a\u0647\u0627 \u0627\u0644\u0645\u0624\u0642\u062a\u064a\u0646 \u0648 \u0627\u0644\u0645\u0634\u0627\u0631\u0643\u064a\u0646<\/span><\/li>\n<\/ul>\n<p><span style=\"color: #000000;font-family: arabic-kufi\">\u062a\u0639\u0645\u0644 \u0645\u0635\u0644\u062d\u0629 \u0627\u0644\u0645\u0633\u062a\u062e\u062f\u0645\u064a\u0646 \u0639\u0644\u0649 :<\/span><\/p>\n<ul>\n<li><span style=\"color: #000000;font-family: arabic-kufi\">\u0636\u0645\u0646 \u062e\u062f\u0645\u0629 \u0634\u062e\u0635\u064a\u0629 \u0645\u062a\u0627\u0628\u0639\u0629 \u0645\u0633\u0627\u0631 \u0627\u0644\u0645\u0648\u0638\u0641 \u0645\u0646 \u0627\u0644\u064a\u0648\u0645 \u062a\u0639\u064a\u0646\u0647 \u062d\u062a\u0649 \u00a0\u0625\u062d\u0627\u0644\u062a\u0647 \u0639\u0644\u0649 \u0627\u0644\u062a\u0642\u0627\u0639\u062f.<\/span><\/li>\n<li><span style=\"color: #000000;font-family: arabic-kufi\">\u062a\u062a\u0636\u0645\u0646 \u0627\u0644\u062d\u0627\u0644\u0627\u062a \u0627\u0644\u062e\u0627\u0635\u0629 \u0648\u0627\u0644\u0625\u0633\u062a\u062b\u0646\u0627\u0626\u064a\u0629 \u0644\u0645\u0633\u0627\u0631 \u0627\u0644\u0645\u0648\u0638\u0641 \u0648\u0627\u0644\u0623\u0633\u062a\u0627\u0630 \u0645\u0627\u062f\u0627\u0645 \u0642\u064a\u062f \u0627\u0644\u062e\u062f\u0645\u0629 .<\/span><\/li>\n<\/ul>\n<p><span style=\"color: #ff0000;font-family: arabic-kufi\"><strong><u>2-\u0627\u0644\u0645\u0627\u0644\u064a\u0629 \u0648 \u0627\u0644\u0645\u062d\u0627\u0633\u0628\u0629<\/u><\/strong><\/span><\/p>\n<p><span style=\"color: #000000;font-family: arabic-kufi\">\u0631\u0626\u064a\u0633 \u0627\u0644\u0645\u0635\u0644\u062d\u0629 :\u00a0<strong>\u0628\u0646 \u0639\u0637\u064a\u0629 \u0645\u0635\u0637\u0641\u0649 <\/strong><\/span><\/p>\n<p><span style=\"color: #000000;font-family: arabic-kufi\">\u064a\u0634\u0631\u0641 \u0639\u0644\u0649 \u0641\u0631\u0639\u064a\u0646 \u0648 \u0647\u0645\u0627 :<\/span><\/p>\n<ul>\n<li><span style=\"color: #000000;font-family: arabic-kufi\">\u0641\u0631\u0639 \u0627\u0644\u0645\u062d\u0627\u0633\u0628\u0629 .<\/span><\/li>\n<li><span style=\"color: #000000;font-family: arabic-kufi\">\u0641\u0631\u0639 \u0627\u0644\u0645\u0627\u0644\u064a\u0629<\/span><\/li>\n<\/ul>\n<p><span style=\"color: #ff0000;font-family: arabic-kufi\"><strong><u>3- \u0627\u0644\u0648\u0633\u0627\u0626\u0644 \u0648 \u0627\u0644\u0635\u064a\u0627\u0646\u0629<\/u><\/strong><\/span><\/p>\n<p><span style=\"color: #000000;font-family: arabic-kufi\">\u0631\u0626\u064a\u0633 \u0627\u0644\u0645\u0635\u0644\u062d\u0629 :<strong>\u0645\u0634\u0631\u0627\u0648\u064a \u0635\u0644\u064a\u062d\u0629 <\/strong><\/span><\/p>\n<p><span style=\"color: #000000;font-family: arabic-kufi\">\u064a\u0634\u0631\u0641 \u0639\u0644\u0649 \u0641\u0631\u0639\u064a\u0646 \u0648 \u0647\u0645\u0627 :<\/span><\/p>\n<ul>\n<li><span style=\"color: #000000;font-family: arabic-kufi\">\u0641\u0631\u0639 \u0627\u0644\u0648\u0633\u0627\u0626\u0644 .<\/span><\/li>\n<li><span style=\"color: #000000;font-family: arabic-kufi\">\u0641\u0631\u0639 \u0627\u0644\u0635\u064a\u0627\u0646\u0629 \u00a0<\/span><\/li>\n<\/ul>\n<p><span style=\"color: #ff0000;font-family: arabic-kufi\"><strong><u>4- \u0645\u0635\u0644\u062d\u0629 \u0627\u0644\u0627\u0646\u0634\u0637\u0629 \u0627\u0644\u0639\u0644\u0645\u064a\u0629 \u0648 \u0627\u0644\u062b\u0642\u0627\u0641\u064a\u0629 \u0648 \u0627\u0644\u0631\u064a\u0627\u0636\u064a\u0629<\/u><\/strong><\/span><\/p>\n","protected":false},"excerpt":{"rendered":"<p>&nbsp; \u0627\u0644\u0623\u0645\u0640\u0640\u0640\u0640\u0640\u0640\u0640\u0640\u0640\u0640\u0627\u0646\u0629 \u0627\u0644\u0639\u0627\u0645\u0640\u0640\u0640\u0640\u0640\u0640\u0640\u0640\u0640\u0629 \u0644\u0644\u0643\u0640\u0640\u0640\u0640\u0640\u0640\u0640\u0640\u0640\u0640\u0644\u064a\u0629 \u0627\u0644\u0623\u0645\u064a\u0646 \u0627\u0644\u0639\u0627\u0645 \u0627\u0644\u0633\u064a\u062f :\u00a0\u0628\u0648\u062e\u0644\u062e\u0627\u0644 \u0639\u064a\u0633\u0649 \u0644\u0644\u0627\u062a\u0635\u0627\u0644 \u0648\u0627\u0644\u0625\u0639\u0644\u0627\u0645 : \u0628\u0627\u0644\u0633\u064a\u062f \u0627\u0644\u0623\u0645\u064a\u0646 \u0627\u0644\u0639\u0627\u0645 \u0631\u0642\u0645 \u0627\u0644\u0647\u0627\u062a\u0641 :029.10.74.29 \u0627\u0644\u0625\u064a\u0645\u0640\u0640\u0640\u0640\u0640\u064a\u0644 : a.boukhalkhal1960@gmail.com \u062a\u0633\u0627\u0647\u0645 \u00a0\u0627\u0644\u0623\u0645\u0627\u0646\u0629 \u0627\u0644\u0639\u0627\u0645\u0629 \u0648\u0628\u0634\u0643\u0644 \u0641\u0639\u0627\u0644 \u0648\u0645\u0646\u0638\u0628\u0637 \u00a0\u0641\u064a \u0627\u0633\u062a\u0645\u0631\u0627\u0631\u064a\u0629 \u0627\u0644\u062a\u0646\u0645\u064a\u0629 \u0639\u0644\u0649 \u0645\u0633\u062a\u0648\u0649 \u0627\u0644\u0643\u0644\u064a\u0629\u060c \u0643\u0645\u0627 \u064a\u0633\u0647\u0631 \u0639\u0644\u0649 \u0627\u0644\u0645\u062a\u0627\u0628\u0639\u0629 \u0627\u0644\u062f\u0648\u0631\u064a\u0629 \u0641\u064a \u062a\u0631\u0642\u064a\u0629 \u0627\u0644\u0645\u062c\u0627\u0644\u0627\u062a \u0627\u0644\u0625\u062f\u0627\u0631\u064a\u0629\u00a0 \u0641\u064a \u0638\u0644 \u0627\u062d\u062a\u0631\u0627\u0645 \u0627\u0644\u0642\u0648\u0627\u0646\u064a\u0646 \u0627\u0644\u0645\u0639\u0645\u0648\u0644 \u0628\u0647\u0627 . \u062a\u062a\u0645\u062b\u0644 \u0645\u0647\u0627\u0645 \u0627\u0644\u0623\u0645\u0627\u0646\u0629 \u0627\u0644\u0639\u0627\u0645\u0629\u00a0 : \u062a\u062d\u0636\u064a\u0631 [&hellip;]<\/p>\n","protected":false},"author":8,"featured_media":0,"parent":0,"menu_order":0,"comment_status":"closed","ping_status":"closed","template":"elementor_header_footer","meta":{"_exactmetrics_skip_tracking":false,"_exactmetrics_sitenote_active":false,"_exactmetrics_sitenote_note":"","_exactmetrics_sitenote_category":0,"footnotes":""},"coauthors":[526],"class_list":["post-7867","page","type-page","status-publish","hentry"],"_links":{"self":[{"href":"http:\/\/lagh-univ.dz\/en\/wp-json\/wp\/v2\/pages\/7867","targetHints":{"allow":["GET"]}}],"collection":[{"href":"http:\/\/lagh-univ.dz\/en\/wp-json\/wp\/v2\/pages"}],"about":[{"href":"http:\/\/lagh-univ.dz\/en\/wp-json\/wp\/v2\/types\/page"}],"author":[{"embeddable":true,"href":"http:\/\/lagh-univ.dz\/en\/wp-json\/wp\/v2\/users\/8"}],"replies":[{"embeddable":true,"href":"http:\/\/lagh-univ.dz\/en\/wp-json\/wp\/v2\/comments?post=7867"}],"version-history":[{"count":2,"href":"http:\/\/lagh-univ.dz\/en\/wp-json\/wp\/v2\/pages\/7867\/revisions"}],"predecessor-version":[{"id":24686,"href":"http:\/\/lagh-univ.dz\/en\/wp-json\/wp\/v2\/pages\/7867\/revisions\/24686"}],"wp:attachment":[{"href":"http:\/\/lagh-univ.dz\/en\/wp-json\/wp\/v2\/media?parent=7867"}],"wp:term":[{"taxonomy":"author","embeddable":true,"href":"http:\/\/lagh-univ.dz\/en\/wp-json\/wp\/v2\/coauthors?post=7867"}],"curies":[{"name":"wp","href":"https:\/\/api.w.org\/{rel}","templated":true}]}}