{"id":8445,"date":"2018-07-12T21:55:34","date_gmt":"2018-07-12T21:55:34","guid":{"rendered":"http:\/\/lagh-univ.dz\/vr-grad-decrets-executives\/"},"modified":"2024-11-20T10:39:51","modified_gmt":"2024-11-20T09:39:51","slug":"vr-grad-decrets-executives","status":"publish","type":"page","link":"http:\/\/lagh-univ.dz\/en\/vr-grad-vice-rectorat\/vr-grad-decrets-executives\/","title":{"rendered":"VR grad-D\u00e9crets executifs"},"content":{"rendered":"<div class='w3eden'><!-- WPDM Link Template: Default Template ( Old ) -->\n\n\n<div class=\"wpdm-link-template link-template-default\" >\n\n    <div class=\"media\">\n        <div class=\"mr-3\"><img decoding=\"async\" class=\"wpdm_icon\" alt=\"Icon\"   src=\"http:\/\/lagh-univ.dz\/wp-content\/plugins\/download-manager\/assets\/file-type-icons\/pdf.svg\" \/><\/div>\n        <div class=\"media-body\">\n            <div>\n                <strong class=\"package-title\">\u0627\u0644\u0645\u0631\u0633\u0648\u0645 \u0627\u0644\u062a\u0646\u0641\u064a\u0630\u064a \u0631\u0642\u0645 08-265: \u0646\u0638\u0627\u0645 \u0627\u0644\u062f\u0631\u0627\u0633\u0627\u062a \u0644.\u0645.\u062f<\/strong> | 361.65 KB\n            <\/div>\n            <a class='wpdm-download-link download-on-click btn btn-primary btn-xs' rel='nofollow' href='#' data-downloadurl=\"http:\/\/lagh-univ.dz\/download\/%d8%a7%d9%84%d9%85%d8%b1%d8%b3%d9%88%d9%85-%d8%a7%d9%84%d8%aa%d9%86%d9%81%d9%8a%d8%b0%d9%8a-%d8%b1%d9%82%d9%85-08-265-%d9%86%d8%b8%d8%a7%d9%85-%d8%a7%d9%84%d8%af%d8%b1%d8%a7%d8%b3%d8%a7%d8%aa-%d9%84\/?wpdmdl=16012&refresh=69e55a2c43bf71776638508\">Download<\/a>\n        <\/div>\n\n    <\/div>\n    <div style=\"clear: both\"><\/div>\n<\/div>\n<div style=\"clear: both\"><\/div>\n\n<\/div>\n<div class='w3eden'><!-- WPDM Link Template: Default Template ( Old ) -->\n\n\n<div class=\"wpdm-link-template link-template-default\" >\n\n    <div class=\"media\">\n        <div class=\"mr-3\"><img decoding=\"async\" class=\"wpdm_icon\" alt=\"Icon\"   src=\"http:\/\/lagh-univ.dz\/wp-content\/plugins\/download-manager\/assets\/file-type-icons\/pdf.svg\" \/><\/div>\n        <div class=\"media-body\">\n            <div>\n                <strong class=\"package-title\">\u0627\u0644\u0645\u0631\u0633\u0648\u0645 \u0627\u0644\u062a\u0646\u0641\u064a\u0630\u064a 13-306 \u0645\u0624\u0631\u062e \u0641\u064a 31\/08\/2013 : \u062a\u0631\u0628\u0635\u0627\u062a \u0627\u0644\u0637\u0644\u0628\u0629<\/strong> | 420.55 KB\n            <\/div>\n            <a class='wpdm-download-link download-on-click btn btn-primary btn-xs' rel='nofollow' href='#' data-downloadurl=\"http:\/\/lagh-univ.dz\/download\/%d8%a7%d9%84%d9%85%d8%b1%d8%b3%d9%88%d9%85-%d8%a7%d9%84%d8%aa%d9%86%d9%81%d9%8a%d8%b0%d9%8a-13-306-%d9%85%d8%a4%d8%b1%d8%ae-%d9%81%d9%8a-31-08-2013-%d8%aa%d8%b1%d8%a8%d8%b5%d8%a7%d8%aa-%d8%a7%d9%84\/?wpdmdl=16018&refresh=69e55a2c4a40b1776638508\">Download<\/a>\n        <\/div>\n\n    <\/div>\n    <div style=\"clear: both\"><\/div>\n<\/div>\n<div style=\"clear: both\"><\/div>\n\n<\/div>\n<div class='w3eden'><!-- WPDM Link Template: Default Template ( Old ) -->\n\n\n<div class=\"wpdm-link-template link-template-default\" >\n\n    <div class=\"media\">\n        <div class=\"mr-3\"><img decoding=\"async\" class=\"wpdm_icon\" alt=\"Icon\"   src=\"http:\/\/lagh-univ.dz\/wp-content\/plugins\/download-manager\/assets\/file-type-icons\/pdf.svg\" \/><\/div>\n        <div class=\"media-body\">\n            <div>\n                <strong class=\"package-title\">\u0627\u0644\u0645\u0631\u0633\u0648\u0645 \u0627\u0644\u062a\u0646\u0641\u064a\u0630\u064a \u0631\u0642\u0645 03-279: \u0645\u0647\u0627\u0645 \u0627\u0644\u062c\u0627\u0645\u0639\u0629\u060c \u062a\u0646\u0638\u064a\u0645\u0647\u0627 \u0648 \u0633\u064a\u0631\u0647\u0627<\/strong> | 235.09 KB\n            <\/div>\n            <a class='wpdm-download-link download-on-click btn btn-primary btn-xs' rel='nofollow' href='#' data-downloadurl=\"http:\/\/lagh-univ.dz\/download\/%d8%a7%d9%84%d9%85%d8%b1%d8%b3%d9%88%d9%85-%d8%a7%d9%84%d8%aa%d9%86%d9%81%d9%8a%d8%b0%d9%8a-%d8%b1%d9%82%d9%85-03-279-%d9%85%d9%87%d8%a7%d9%85-%d8%a7%d9%84%d8%ac%d8%a7%d9%85%d8%b9%d8%a9%d8%8c-%d8%aa\/?wpdmdl=16023&refresh=69e55a2c50f2e1776638508\">Download<\/a>\n        <\/div>\n\n    <\/div>\n    <div style=\"clear: both\"><\/div>\n<\/div>\n<div style=\"clear: both\"><\/div>\n\n<\/div>\n<div class='w3eden'><!-- WPDM Link Template: Default Template ( Old ) -->\n\n\n<div class=\"wpdm-link-template link-template-default\" >\n\n    <div class=\"media\">\n        <div class=\"mr-3\"><img decoding=\"async\" class=\"wpdm_icon\" alt=\"Icon\"   src=\"http:\/\/lagh-univ.dz\/wp-content\/plugins\/download-manager\/assets\/file-type-icons\/pdf.svg\" \/><\/div>\n        <div class=\"media-body\">\n            <div>\n                <strong class=\"package-title\">\u0627\u0644\u0645\u0631\u0633\u0648\u0645 \u0627\u0644\u062a\u0646\u0641\u064a\u0630\u064a \u0631\u0642\u0645 08-130 \u0645\u0624\u0631\u062e \u0641\u064a 03\/05\/2008:\u0627\u0644\u0642\u0627\u0646\u0648\u0646 \u0627\u0644\u062e\u0627\u0635 \u0628\u0627\u0644\u0623\u0633\u062a\u0627\u0630 \u0627\u0644\u0628\u0627\u062d\u062b<\/strong> | 468.77 KB\n            <\/div>\n            <a class='wpdm-download-link download-on-click btn btn-primary btn-xs' rel='nofollow' href='#' data-downloadurl=\"http:\/\/lagh-univ.dz\/download\/%d8%a7%d9%84%d9%85%d8%b1%d8%b3%d9%88%d9%85-%d8%a7%d9%84%d8%aa%d9%86%d9%81%d9%8a%d8%b0%d9%8a-%d8%b1%d9%82%d9%85-08-130-%d9%85%d8%a4%d8%b1%d8%ae-%d9%81%d9%8a-03-05-2008%d8%a7%d9%84%d9%82%d8%a7%d9%86\/?wpdmdl=16028&refresh=69e55a2c57e601776638508\">Download<\/a>\n        <\/div>\n\n    <\/div>\n    <div style=\"clear: both\"><\/div>\n<\/div>\n<div style=\"clear: both\"><\/div>\n\n<\/div>\n<a href=\"http:\/\/lagh-univ.dz\/wp-content\/uploads\/2024\/05\/Decret-Regime-des-etudes-ES-2022-Ar.pdf\" class=\"pdfemb-viewer\" style=\"\" data-width=\"max\" data-height=\"max\" data-mobile-width=\"500\"  data-scrollbar=\"vertical\" data-download=\"on\" data-tracking=\"on\" data-newwindow=\"on\" data-pagetextbox=\"off\" data-scrolltotop=\"off\" data-startzoom=\"100\" data-startfpzoom=\"100\" data-toolbar=\"both\" data-toolbar-fixed=\"on\">D\u00e9cret R\u00e9gime des \u00e9tudes ES-2022-Ar<br\/><\/a>\n","protected":false},"excerpt":{"rendered":"","protected":false},"author":20,"featured_media":0,"parent":8419,"menu_order":0,"comment_status":"closed","ping_status":"closed","template":"elementor_header_footer","meta":{"_exactmetrics_skip_tracking":false,"_exactmetrics_sitenote_active":false,"_exactmetrics_sitenote_note":"","_exactmetrics_sitenote_category":0,"footnotes":""},"coauthors":[535],"class_list":["post-8445","page","type-page","status-publish","hentry"],"_links":{"self":[{"href":"http:\/\/lagh-univ.dz\/en\/wp-json\/wp\/v2\/pages\/8445","targetHints":{"allow":["GET"]}}],"collection":[{"href":"http:\/\/lagh-univ.dz\/en\/wp-json\/wp\/v2\/pages"}],"about":[{"href":"http:\/\/lagh-univ.dz\/en\/wp-json\/wp\/v2\/types\/page"}],"author":[{"embeddable":true,"href":"http:\/\/lagh-univ.dz\/en\/wp-json\/wp\/v2\/users\/20"}],"replies":[{"embeddable":true,"href":"http:\/\/lagh-univ.dz\/en\/wp-json\/wp\/v2\/comments?post=8445"}],"version-history":[{"count":9,"href":"http:\/\/lagh-univ.dz\/en\/wp-json\/wp\/v2\/pages\/8445\/revisions"}],"predecessor-version":[{"id":59096,"href":"http:\/\/lagh-univ.dz\/en\/wp-json\/wp\/v2\/pages\/8445\/revisions\/59096"}],"up":[{"embeddable":true,"href":"http:\/\/lagh-univ.dz\/en\/wp-json\/wp\/v2\/pages\/8419"}],"wp:attachment":[{"href":"http:\/\/lagh-univ.dz\/en\/wp-json\/wp\/v2\/media?parent=8445"}],"wp:term":[{"taxonomy":"author","embeddable":true,"href":"http:\/\/lagh-univ.dz\/en\/wp-json\/wp\/v2\/coauthors?post=8445"}],"curies":[{"name":"wp","href":"https:\/\/api.w.org\/{rel}","templated":true}]}}