{"id":8568,"date":"2018-07-21T18:20:01","date_gmt":"2018-07-21T20:20:01","guid":{"rendered":"http:\/\/lagh-univ.dz\/bibliotheque-bibliotheque-centrales-inscription-a-la-bibliotheque\/"},"modified":"2024-11-20T10:14:58","modified_gmt":"2024-11-20T09:14:58","slug":"bibliotheque-bibliotheque-centrales-inscription-a-la-bibliotheque","status":"publish","type":"page","link":"http:\/\/lagh-univ.dz\/en\/bibliotheque-bibliotheque-centrales-inscription-a-la-bibliotheque\/","title":{"rendered":"Biblioth\u00e8que &#8211; Biblioth\u00e8que centrales- Inscription \u00e0 la biblioth\u00e8que"},"content":{"rendered":"<div id=\"s5_middle_top_wrap\">\n<div id=\"s5_middle_top\">\n<div id=\"s5_middle_top_inner\">\n<div id=\"s5_pos_middle_top_1\" class=\"s5_float_left\">\n<div class=\"module_round_box_outer\">\n<div class=\"module_round_box-none \">\n<div class=\"s5_module_box_1\">\n<div class=\"s5_module_box_2\">\n<div class=\"custom-none \">\n<div class=\"textwidget\"><\/div>\n<\/div>\n<div class=\"s5_clear_float\"><strong style=\"font-size: 18pt\"><span style=\"font-family: arabic-kufi;color: #000000\"><a class=\"contentpagetitle\" style=\"color: #000000\" title=\"Permalink to: \u0627\u0644\u062a\u0633\u062c\u0640\u064a\u0644 \u0628\u0627\u0644\u0645\u0643\u062a\u0628\u0640\u0640\u0629\" href=\"\/?page_id=4200\"><span style=\"background-color: #ffff00\">\u0627\u0644\u062a\u0633\u062c\u0640\u064a\u0644 \u0628\u0627\u0644\u0645\u0643\u062a\u0628\u0640\u0640\u0629<\/span><\/a><\/span><\/strong><\/p>\n<\/div>\n<\/div>\n<\/div>\n<\/div>\n<\/div>\n<\/div>\n<\/div>\n<\/div>\n<\/div>\n<div id=\"s5_component_wrap\">\n<div id=\"s5_component_wrap_inner\">\n<div class=\"blog-featured\">\n<div class=\"article_column\">\n<div class=\"item\">\n<div id=\"post-4200\" class=\"post-4200 page type-page status-publish hentry\">\n<div class=\"contentpaneopen_heading\">\n<div><\/div>\n<\/div>\n<div><\/div>\n<div class=\"s5_contentwrapper\">\n<p dir=\"RTL\" align=\"center\"><span style=\"font-family: arabic-kufi;font-size: 14pt;color: #000000\"><b>\u0634\u0631\u0648\u0637 \u0627\u0644\u062a\u0633\u062c\u064a\u0644<\/b><b><\/b><\/span><\/p>\n<div align=\"center\">\n<table border=\"1\" width=\"623\" cellspacing=\"0\" cellpadding=\"0\">\n<tbody>\n<tr>\n<td valign=\"top\" width=\"113\">\n<p dir=\"RTL\" align=\"center\"><span style=\"font-family: arabic-kufi;font-size: 14pt;color: #000000\"><b>\u0627\u0644\u0641\u0626\u0629<\/b><\/span><\/p>\n<\/td>\n<td valign=\"top\" width=\"161\">\n<p dir=\"RTL\" align=\"center\"><span style=\"font-family: arabic-kufi;font-size: 14pt;color: #000000\"><b>\u0627\u0644\u062a\u0633\u062c\u064a\u0644<\/b><b><\/b><\/span><\/p>\n<\/td>\n<td valign=\"top\" width=\"217\">\n<p dir=\"RTL\" align=\"center\"><span style=\"font-family: arabic-kufi;font-size: 14pt;color: #000000\"><b>\u0625\u0639\u0627\u062f\u0629 \u0627\u0644\u062a\u0633\u062c\u064a\u0644<\/b><b><\/b><\/span><\/p>\n<\/td>\n<td valign=\"top\" width=\"132\">\n<p dir=\"RTL\" align=\"center\"><span style=\"font-family: arabic-kufi;font-size: 14pt;color: #000000\"><b>\u0627\u0644\u0645\u0648\u0642\u0639 (\u0627\u0644\u0645\u0643\u0627\u0646)<\/b><b><\/b><\/span><\/p>\n<\/td>\n<\/tr>\n<tr>\n<td valign=\"top\" width=\"113\">\n<p dir=\"RTL\" align=\"center\"><span style=\"font-family: arabic-kufi;font-size: 14pt;color: #000000\"><b>\u00a0<\/b><\/span><\/p>\n<p dir=\"RTL\" align=\"center\"><span style=\"font-family: arabic-kufi;font-size: 14pt;color: #000000\"><b>\u0627\u0644\u0623\u0633\u0627\u062a\u0630\u0629 \u0627\u0644\u062f\u0627\u0626\u0645\u0648\u0646<\/b><b><\/b><\/span><\/p>\n<\/td>\n<td valign=\"top\" width=\"161\">\n<p dir=\"RTL\"><span style=\"font-family: arabic-kufi;font-size: 14pt;color: #000000\"><b>&#8211; 02 \u0635\u0648\u0631\u0629 \u0634\u0645\u0633\u064a\u0629<\/b><\/span><\/p>\n<p dir=\"RTL\"><span style=\"font-family: arabic-kufi;font-size: 14pt;color: #000000\"><b>&#8211; \u0634\u0647\u0627\u062f\u0629 \u0639\u0645\u0644 \u0644\u0644\u0633\u0646\u0629 \u0627\u0644\u062d\u0627\u0644\u064a\u0629.<\/b><b><\/b><\/span><\/p>\n<\/td>\n<td valign=\"top\" width=\"217\">\n<p dir=\"RTL\"><span style=\"font-family: arabic-kufi;font-size: 14pt;color: #000000\"><b>&#8211; \u0628\u0637\u0627\u0642\u0629 \u0627\u0644\u0642\u0627\u0631\u064a\u0621<\/b><\/span><\/p>\n<p dir=\"RTL\"><span style=\"font-family: arabic-kufi;font-size: 14pt;color: #000000\"><b>&#8211; \u0634\u0647\u0627\u062f\u0629 \u0639\u0645\u0644 \u0644\u0644\u0633\u0646\u0629 \u0627\u0644\u062c\u0627\u0631\u064a\u0629.<\/b><b><\/b><\/span><\/p>\n<\/td>\n<td valign=\"top\" width=\"132\">\n<p dir=\"RTL\" align=\"center\"><span style=\"font-family: arabic-kufi;font-size: 14pt;color: #000000\"><b>\u0634\u0628\u0627\u0643 \u0627\u0644\u0625\u0639\u0627\u0631\u0629<\/b><\/span><\/p>\n<p dir=\"RTL\" align=\"center\"><span style=\"font-family: arabic-kufi;font-size: 14pt;color: #000000\"><b>\u0631\u0642\u0645( 1)<\/b><b><\/b><\/span><\/p>\n<\/td>\n<\/tr>\n<tr>\n<td valign=\"top\" width=\"113\">\n<p dir=\"RTL\" align=\"center\"><span style=\"font-family: arabic-kufi;font-size: 14pt;color: #000000\"><b>\u00a0<\/b><\/span><\/p>\n<p dir=\"RTL\" align=\"center\"><span style=\"font-family: arabic-kufi;font-size: 14pt;color: #000000\"><b>\u0627\u0644\u0623\u0633\u0627\u062a\u0630\u0629 \u0627\u0644\u0645\u0624\u0642\u062a\u0648\u0646<\/b><b><\/b><\/span><\/p>\n<\/td>\n<td valign=\"top\" width=\"161\">\n<p dir=\"RTL\"><span style=\"font-family: arabic-kufi;font-size: 14pt;color: #000000\"><b>&#8211; 02 \u0635\u0648\u0631 \u0634\u0645\u0633\u064a\u0629<\/b><\/span><\/p>\n<p dir=\"RTL\"><span style=\"font-family: arabic-kufi;font-size: 14pt;color: #000000\"><b>-\u0634\u0647\u0627\u062f\u0629 \u0639\u0645\u0644 \u0644\u0644\u0633\u0646\u0629 \u0627\u0644\u062d\u0627\u0644\u064a\u0629.<\/b><b><\/b><\/span><\/p>\n<\/td>\n<td valign=\"top\" width=\"217\">\n<p dir=\"RTL\"><span style=\"font-family: arabic-kufi;font-size: 14pt;color: #000000\"><b>&#8211; \u0628\u0637\u0627\u0642\u0629 \u0627\u0644\u0642\u0627\u0631\u064a\u0621<\/b><\/span><\/p>\n<p dir=\"RTL\"><span style=\"font-family: arabic-kufi;font-size: 14pt;color: #000000\"><b>\u00a0\u0634\u0647\u0627\u062f\u0629 \u0639\u0645\u0644 \u0644\u0644\u0633\u0646\u0629 \u0627\u0644\u062d\u0627\u0644\u064a\u0629.<\/b><b><\/b><\/span><\/p>\n<\/td>\n<td valign=\"top\" width=\"132\">\n<p dir=\"RTL\" align=\"center\"><span style=\"font-family: arabic-kufi;font-size: 14pt;color: #000000\"><b>\u0634\u0628\u0627\u0643 \u0627\u0644\u0625\u0639\u0627\u0631\u0629<\/b><\/span><\/p>\n<p dir=\"RTL\" align=\"center\"><span style=\"font-family: arabic-kufi;font-size: 14pt;color: #000000\"><b>\u0631\u0642\u0645 (1)<\/b><b><\/b><\/span><\/p>\n<\/td>\n<\/tr>\n<tr>\n<td valign=\"top\" width=\"113\">\n<p dir=\"RTL\" align=\"center\"><span style=\"font-family: arabic-kufi;font-size: 14pt;color: #000000\"><b>\u00a0<\/b><\/span><\/p>\n<p dir=\"RTL\" align=\"center\"><span style=\"font-family: arabic-kufi;font-size: 14pt;color: #000000\"><b>\u0637\u0644\u0627\u0628 \u0645\u0627 \u0628\u0639\u062f \u0627\u0644\u062a\u062e\u0631\u062c<\/b><b><\/b><\/span><\/p>\n<\/td>\n<td valign=\"top\" width=\"161\">\n<p dir=\"RTL\"><span style=\"font-family: arabic-kufi;font-size: 14pt;color: #000000\"><b>&#8211; 02 \u0635\u0648\u0631 \u0634\u0645\u0633\u064a\u0629<\/b><\/span><\/p>\n<p dir=\"RTL\"><span style=\"font-family: arabic-kufi;font-size: 14pt;color: #000000\"><b>&#8211; \u0634\u0647\u0627\u062f\u0629 \u0627\u0644\u062a\u0633\u062c\u064a\u0644 \u0644\u0644\u0633\u0646\u0629 \u0627\u0644\u062d\u0627\u0644\u064a\u0629 \u0623\u0648 \u0634\u0647\u0627\u062f\u0629 \u0645\u062f\u0631\u0633\u064a\u0629.<\/b><b><\/b><\/span><\/p>\n<\/td>\n<td valign=\"top\" width=\"217\">\n<p dir=\"RTL\"><span style=\"font-family: arabic-kufi;font-size: 14pt;color: #000000\"><b>-02 \u0635\u0648\u0631 \u0634\u0645\u0633\u064a\u0629<\/b><\/span><\/p>\n<p dir=\"RTL\"><span style=\"font-family: arabic-kufi;font-size: 14pt;color: #000000\"><b>&#8211; \u0634\u0647\u0627\u062f\u0629 \u0627\u0644\u062a\u0633\u062c\u064a\u0644 \u0644\u0644\u0633\u0646\u0629 \u0627\u0644\u062d\u0627\u0644\u064a\u0629<\/b><\/span><\/p>\n<p dir=\"RTL\"><span style=\"font-family: arabic-kufi;font-size: 14pt;color: #000000\"><b>&#8211; \u0628\u0637\u0627\u0642\u0629 \u0627\u0644\u0637\u0627\u0644\u0628.<\/b><b><\/b><\/span><\/p>\n<\/td>\n<td valign=\"top\" width=\"132\">\n<p dir=\"RTL\" align=\"center\"><span style=\"font-family: arabic-kufi;font-size: 14pt;color: #000000\"><b>\u0634\u0628\u0627\u0643 \u0627\u0644\u0625\u0639\u0627\u0631\u0629<\/b><\/span><\/p>\n<p dir=\"RTL\" align=\"center\"><span style=\"font-family: arabic-kufi;font-size: 14pt;color: #000000\"><b>\u0631\u0642\u0645 (1)<\/b><b><\/b><\/span><\/p>\n<\/td>\n<\/tr>\n<tr>\n<td valign=\"top\" width=\"113\">\n<p dir=\"RTL\" align=\"center\"><span style=\"font-family: arabic-kufi;font-size: 14pt;color: #000000\"><b>\u00a0<\/b><\/span><\/p>\n<p dir=\"RTL\" align=\"center\"><span style=\"font-family: arabic-kufi;font-size: 14pt;color: #000000\"><b>\u0637\u0644\u0627\u0628 \u0645\u0627 \u0628\u0639\u062f \u0627\u0644\u062a\u062e\u0631\u062c<\/b><b>\u00a0\u0627\u0644\u062e\u0627\u0631\u062c\u064a\u0648\u0646<\/b><b><\/b><\/span><\/p>\n<\/td>\n<td valign=\"top\" width=\"161\">\n<p dir=\"RTL\"><span style=\"font-family: arabic-kufi;font-size: 14pt;color: #000000\"><b>&#8211; 02 \u0635\u0648\u0631 \u0634\u0645\u0633\u064a\u0629<\/b><\/span><\/p>\n<p dir=\"RTL\"><span style=\"font-family: arabic-kufi;font-size: 14pt;color: #000000\"><b>&#8211; \u0637\u0644\u0628 \u062e\u0637\u064a<\/b><\/span><\/p>\n<p dir=\"RTL\"><span style=\"font-family: arabic-kufi;font-size: 14pt;color: #000000\"><b>&#8211; \u0634\u0647\u0627\u062f\u0629 \u0645\u062f\u0631\u0633\u064a\u0629 \u0623\u0648 \u062a\u0635\u0631\u064a\u062d \u0628\u0627\u0644\u0642\u0628\u0648\u0644 \u0645\u0646 \u0637\u0631\u0641 \u0627\u0644\u0645\u0624\u0633\u0633\u0629 \u0627\u0644\u0623\u0635\u0644\u064a\u0629<\/b><b><\/b><\/span><\/p>\n<\/td>\n<td valign=\"top\" width=\"217\">\n<p dir=\"RTL\"><span style=\"font-family: arabic-kufi;font-size: 14pt;color: #000000\"><b>&#8211; \u0634\u0647\u0627\u062f\u0629 \u0645\u062f\u0631\u0633\u064a\u0629 \u0623\u0648 \u062a\u0635\u0631\u064a\u062d \u0628\u0627\u0644\u062f\u062e\u0648\u0644 \u0645\u0645\u0636\u064a \u0645\u0646 \u0637\u0631\u0641 \u0627\u0644\u0645\u0624\u0633\u0633\u0629 \u0627\u0644\u0623\u0635\u0644\u064a\u0629<\/b><\/span><\/p>\n<p dir=\"RTL\"><span style=\"font-family: arabic-kufi;font-size: 14pt;color: #000000\"><b>&#8211; \u0628\u0637\u0627\u0642\u0629 \u0627\u0644\u0642\u0627\u0631\u064a\u0621<\/b><b><\/b><\/span><\/p>\n<\/td>\n<td valign=\"top\" width=\"132\">\n<p dir=\"RTL\" align=\"center\"><span style=\"font-family: arabic-kufi;font-size: 14pt;color: #000000\"><b>\u0634\u0628\u0627\u0643 \u0627\u0644\u0625\u0639\u0627\u0631\u0629<\/b><\/span><\/p>\n<p dir=\"RTL\" align=\"center\"><span style=\"font-family: arabic-kufi;font-size: 14pt;color: #000000\"><b>\u0631\u0642\u0645 (1)<\/b><b><\/b><\/span><\/p>\n<\/td>\n<\/tr>\n<tr>\n<td valign=\"top\" width=\"113\">\n<p dir=\"RTL\" align=\"center\"><span style=\"font-family: arabic-kufi;font-size: 14pt;color: #000000\"><b>\u00a0<\/b><\/span><\/p>\n<p dir=\"RTL\" align=\"center\"><span style=\"font-family: arabic-kufi;font-size: 14pt;color: #000000\"><b>\u0639\u0645\u0627\u0644<\/b><b><\/b><\/span><\/p>\n<\/td>\n<td valign=\"top\" width=\"161\">\n<p dir=\"RTL\"><span style=\"font-family: arabic-kufi;font-size: 14pt;color: #000000\"><b>&#8211; 02 \u0635\u0648\u0631 \u0634\u0645\u0633\u064a\u0629<\/b><\/span><\/p>\n<p dir=\"RTL\"><span style=\"font-family: arabic-kufi;font-size: 14pt;color: #000000\"><b>&#8211; \u0637\u0644\u0628 \u062e\u0637\u064a<\/b><\/span><\/p>\n<p dir=\"RTL\"><span style=\"font-family: arabic-kufi;font-size: 14pt;color: #000000\"><b>&#8211; \u0646\u0633\u062e\u0629 \u0639\u0646 \u0628\u0637\u0627\u0642\u0629 \u0627\u0644\u062a\u0639\u0631\u064a\u0641 \u0627\u0644\u0648\u0637\u0646\u064a\u0629<\/b><\/span><\/p>\n<p dir=\"RTL\"><span style=\"font-family: arabic-kufi;font-size: 14pt;color: #000000\"><b>&#8211; \u0634\u0647\u0627\u062f\u0629 \u0639\u0645\u0644 \u0644\u0644\u0633\u0646\u0629 \u0627\u0644\u062d\u0627\u0644\u064a\u0629.<\/b><b><\/b><\/span><\/p>\n<\/td>\n<td valign=\"top\" width=\"217\">\n<p dir=\"RTL\"><span style=\"font-family: arabic-kufi;font-size: 14pt;color: #000000\"><b>&#8211; \u0634\u0647\u0627\u062f\u0629 \u0639\u0645\u0644 \u0644\u0644\u0633\u0646\u0629 \u0627\u0644\u062d\u0627\u0644\u064a\u0629<\/b><\/span><\/p>\n<p dir=\"RTL\"><span style=\"font-family: arabic-kufi;font-size: 14pt;color: #000000\"><b>&#8211; \u0628\u0637\u0627\u0642\u0629 \u0627\u0644\u0642\u0627\u0631\u064a\u0621<\/b><b><\/b><\/span><\/p>\n<\/td>\n<td valign=\"top\" width=\"132\">\n<p dir=\"RTL\" align=\"center\"><span style=\"font-family: arabic-kufi;font-size: 14pt;color: #000000\"><b>\u0634\u0628\u0627\u0643 \u0627\u0644\u0625\u0639\u0627\u0631\u0629<\/b><\/span><\/p>\n<p dir=\"RTL\" align=\"center\"><span style=\"font-family: arabic-kufi;font-size: 14pt;color: #000000\"><b>\u0631\u0642\u0645 (1)<\/b><b><\/b><\/span><\/p>\n<\/td>\n<\/tr>\n<\/tbody>\n<\/table>\n<\/div>\n<p dir=\"RTL\"><span style=\"font-family: arabic-kufi;font-size: 14pt;color: #000000\"><strong>\u0645\u0644\u0627\u062d\u0638\u0629<\/strong>\u00a0:\u062a\u0642\u062f\u064a\u0645 \u0628\u0637\u0627\u0641\u0629 \u0627\u0644\u0637\u0627\u0644\u0628 \u0627\u0644\u0645\u063a\u0646\u0627\u0637\u064a\u0633\u064a\u0629 \u0628\u0627\u0644\u0646\u0633\u0628\u0629 \u0644\u0637\u0644\u0628\u0629 \u0627\u0644\u062a\u062f\u0631\u062c \u0644\u0644\u0625\u0633\u062a\u0641\u0627\u062f\u0629 \u0645\u0646 \u062e\u062f\u0645\u0627\u062a \u0627\u0644\u0645\u0643\u062a\u0628\u0629 .<\/span><\/p>\n<p dir=\"RTL\" align=\"center\"><span style=\"font-family: arabic-kufi;font-size: 14pt;color: #000000\"><b>\u0627\u0644\u0625\u0639\u0640\u0640\u0627\u0631\u0629<\/b><\/span><\/p>\n<div align=\"center\">\n<table border=\"1\" width=\"563\" cellspacing=\"0\" cellpadding=\"0\">\n<tbody>\n<tr>\n<td valign=\"top\" width=\"141\">\n<p align=\"center\"><span style=\"font-family: arabic-kufi;font-size: 14pt;color: #000000\"><b>\u0627\u0644\u0641\u0626\u0629<\/b><b><\/b><\/span><\/p>\n<\/td>\n<td valign=\"top\" width=\"141\">\n<p align=\"center\"><span style=\"font-family: arabic-kufi;font-size: 14pt;color: #000000\"><b>\u0639\u062f\u062f \u0627\u0644\u0648\u062b\u0627\u0626\u0642<\/b><b><\/b><\/span><\/p>\n<\/td>\n<td valign=\"top\" width=\"141\">\n<p align=\"center\"><span style=\"font-family: arabic-kufi;font-size: 14pt;color: #000000\"><b>\u0645\u062f\u0629 \u0627\u0644\u0625\u0639\u0627\u0631\u0629<\/b><b><\/b><\/span><\/p>\n<\/td>\n<td valign=\"top\" width=\"141\">\n<p align=\"center\"><span style=\"font-family: arabic-kufi;font-size: 14pt;color: #000000\"><b>\u062a\u0645\u062f\u064a\u062f \u0627\u0644\u0645\u062f\u0629<\/b><b><\/b><\/span><\/p>\n<\/td>\n<\/tr>\n<tr>\n<td valign=\"top\" width=\"141\">\n<p align=\"center\"><span style=\"font-family: arabic-kufi;font-size: 14pt;color: #000000\"><b>\u0623\u0633\u0627\u062a\u0630\u0629<\/b><b><\/b><\/span><\/p>\n<\/td>\n<td valign=\"top\" width=\"141\">\n<p align=\"center\"><span style=\"font-family: arabic-kufi;font-size: 14pt;color: #000000\"><b>03<\/b><b><\/b><\/span><\/p>\n<\/td>\n<td valign=\"top\" width=\"141\">\n<p align=\"center\"><span style=\"font-family: arabic-kufi;font-size: 14pt;color: #000000\"><b>07 \u0623\u064a\u0627\u0645<\/b><b><\/b><\/span><\/p>\n<\/td>\n<td valign=\"top\" width=\"141\">\n<p dir=\"RTL\" align=\"center\"><span style=\"font-family: arabic-kufi;font-size: 14pt;color: #000000\"><b>07<\/b><b>\u00a0<\/b><b>\u0623\u064a\u0627\u0645<\/b><b><\/b><\/span><\/p>\n<\/td>\n<\/tr>\n<tr>\n<td valign=\"top\" width=\"141\">\n<p align=\"center\"><span style=\"font-family: arabic-kufi;font-size: 14pt;color: #000000\"><b>\u0645\u0627\u062c\u0633\u062a\u064a\u0631<\/b><b><\/b><\/span><\/p>\n<\/td>\n<td valign=\"top\" width=\"141\">\n<p align=\"center\"><span style=\"font-family: arabic-kufi;font-size: 14pt;color: #000000\"><b>0<\/b><b>2<\/b><\/span><\/p>\n<\/td>\n<td valign=\"top\" width=\"141\">\n<p align=\"center\"><span style=\"font-family: arabic-kufi;font-size: 14pt;color: #000000\"><b>0<\/b><b>7<\/b><\/span><\/p>\n<\/td>\n<td valign=\"top\" width=\"141\">\n<p align=\"center\"><span style=\"font-family: arabic-kufi;font-size: 14pt;color: #000000\"><b>07<\/b><b><\/b><\/span><\/p>\n<\/td>\n<\/tr>\n<tr>\n<td valign=\"top\" width=\"141\">\n<p align=\"center\"><span style=\"font-family: arabic-kufi;font-size: 14pt;color: #000000\"><b>\u0645\u0627\u0633\u062a\u06312<\/b><b><\/b><\/span><\/p>\n<\/td>\n<td valign=\"top\" width=\"141\">\n<p align=\"center\"><span style=\"font-family: arabic-kufi;font-size: 14pt;color: #000000\"><b>02<\/b><b><\/b><\/span><\/p>\n<\/td>\n<td valign=\"top\" width=\"141\">\n<p align=\"center\"><span style=\"font-family: arabic-kufi;font-size: 14pt;color: #000000\"><b>02<\/b><b><\/b><\/span><\/p>\n<\/td>\n<td valign=\"top\" width=\"141\">\n<p align=\"center\"><span style=\"font-family: arabic-kufi;font-size: 14pt;color: #000000\"><b>02<\/b><b><\/b><\/span><\/p>\n<\/td>\n<\/tr>\n<tr>\n<td valign=\"top\" width=\"141\">\n<p align=\"center\"><span style=\"font-family: arabic-kufi;font-size: 14pt;color: #000000\"><b>\u0637\u0644\u0628\u0629 \u0627\u0644\u062a\u062e\u0631\u062c<\/b><b><\/b><\/span><\/p>\n<\/td>\n<td valign=\"top\" width=\"141\">\n<p align=\"center\"><span style=\"font-family: arabic-kufi;font-size: 14pt;color: #000000\"><b>02<\/b><\/span><\/p>\n<\/td>\n<td valign=\"top\" width=\"141\">\n<p align=\"center\"><span style=\"font-family: arabic-kufi;font-size: 14pt;color: #000000\"><b>02<\/b><\/span><\/p>\n<\/td>\n<td valign=\"top\" width=\"141\">\n<p align=\"center\"><span style=\"font-family: arabic-kufi;font-size: 14pt;color: #000000\"><b>00<\/b><\/span><\/p>\n<\/td>\n<\/tr>\n<tr>\n<td valign=\"top\" width=\"141\">\n<p align=\"center\"><span style=\"font-family: arabic-kufi;font-size: 14pt;color: #000000\"><b>\u0637\u0644\u0628\u0629 \u0627\u0644\u062a\u062f\u0631\u062c<\/b><\/span><\/p>\n<\/td>\n<td valign=\"top\" width=\"141\">\n<p align=\"center\"><span style=\"font-family: arabic-kufi;font-size: 14pt;color: #000000\"><b>02<\/b><b><\/b><\/span><\/p>\n<\/td>\n<td valign=\"top\" width=\"141\">\n<p align=\"center\"><span style=\"font-family: arabic-kufi;font-size: 14pt;color: #000000\"><b>01<\/b><b><\/b><\/span><\/p>\n<\/td>\n<td valign=\"top\" width=\"141\">\n<p align=\"center\"><span style=\"font-family: arabic-kufi;font-size: 14pt;color: #000000\"><b>00<\/b><b><\/b><\/span><\/p>\n<\/td>\n<\/tr>\n<tr>\n<td valign=\"top\" width=\"141\">\n<p align=\"center\"><span style=\"font-family: arabic-kufi;font-size: 14pt;color: #000000\"><b>\u0639\u0645\u0627\u0644<\/b><b><\/b><\/span><\/p>\n<\/td>\n<td valign=\"top\" width=\"141\">\n<p align=\"center\"><span style=\"font-family: arabic-kufi;font-size: 14pt;color: #000000\"><b>02<\/b><b><\/b><\/span><\/p>\n<\/td>\n<td valign=\"top\" width=\"141\">\n<p align=\"center\"><span style=\"font-family: arabic-kufi;font-size: 14pt;color: #000000\"><b>07<\/b><b><\/b><\/span><\/p>\n<\/td>\n<td valign=\"top\" width=\"141\">\n<p align=\"center\"><span style=\"font-family: arabic-kufi;font-size: 14pt;color: #000000\"><b>07<\/b><b><\/b><\/span><\/p>\n<\/td>\n<\/tr>\n<\/tbody>\n<\/table>\n<\/div>\n<div class=\"sharedaddy sd-sharing-enabled\">\n<div class=\"robots-nocontent sd-block sd-social sd-social-official sd-sharing\">\n<h3 class=\"sd-title\"><\/h3>\n<\/div>\n<\/div>\n<\/div>\n<\/div>\n<\/div>\n<\/div>\n<\/div>\n<\/div>\n<\/div>\n","protected":false},"excerpt":{"rendered":"<p>\u0627\u0644\u062a\u0633\u062c\u0640\u064a\u0644 \u0628\u0627\u0644\u0645\u0643\u062a\u0628\u0640\u0640\u0629 \u0634\u0631\u0648\u0637 \u0627\u0644\u062a\u0633\u062c\u064a\u0644 \u0627\u0644\u0641\u0626\u0629 \u0627\u0644\u062a\u0633\u062c\u064a\u0644 \u0625\u0639\u0627\u062f\u0629 \u0627\u0644\u062a\u0633\u062c\u064a\u0644 \u0627\u0644\u0645\u0648\u0642\u0639 (\u0627\u0644\u0645\u0643\u0627\u0646) \u00a0 \u0627\u0644\u0623\u0633\u0627\u062a\u0630\u0629 \u0627\u0644\u062f\u0627\u0626\u0645\u0648\u0646 &#8211; 02 \u0635\u0648\u0631\u0629 \u0634\u0645\u0633\u064a\u0629 &#8211; \u0634\u0647\u0627\u062f\u0629 \u0639\u0645\u0644 \u0644\u0644\u0633\u0646\u0629 \u0627\u0644\u062d\u0627\u0644\u064a\u0629. &#8211; \u0628\u0637\u0627\u0642\u0629 \u0627\u0644\u0642\u0627\u0631\u064a\u0621 &#8211; \u0634\u0647\u0627\u062f\u0629 \u0639\u0645\u0644 \u0644\u0644\u0633\u0646\u0629 \u0627\u0644\u062c\u0627\u0631\u064a\u0629. \u0634\u0628\u0627\u0643 \u0627\u0644\u0625\u0639\u0627\u0631\u0629 \u0631\u0642\u0645( 1) \u00a0 \u0627\u0644\u0623\u0633\u0627\u062a\u0630\u0629 \u0627\u0644\u0645\u0624\u0642\u062a\u0648\u0646 &#8211; 02 \u0635\u0648\u0631 \u0634\u0645\u0633\u064a\u0629 -\u0634\u0647\u0627\u062f\u0629 \u0639\u0645\u0644 \u0644\u0644\u0633\u0646\u0629 \u0627\u0644\u062d\u0627\u0644\u064a\u0629. &#8211; \u0628\u0637\u0627\u0642\u0629 \u0627\u0644\u0642\u0627\u0631\u064a\u0621 \u00a0\u0634\u0647\u0627\u062f\u0629 \u0639\u0645\u0644 \u0644\u0644\u0633\u0646\u0629 \u0627\u0644\u062d\u0627\u0644\u064a\u0629. \u0634\u0628\u0627\u0643 \u0627\u0644\u0625\u0639\u0627\u0631\u0629 \u0631\u0642\u0645 [&hellip;]<\/p>\n","protected":false},"author":5,"featured_media":0,"parent":0,"menu_order":0,"comment_status":"closed","ping_status":"closed","template":"elementor_header_footer","meta":{"_exactmetrics_skip_tracking":false,"_exactmetrics_sitenote_active":false,"_exactmetrics_sitenote_note":"","_exactmetrics_sitenote_category":0,"footnotes":""},"coauthors":[214,545],"class_list":["post-8568","page","type-page","status-publish","hentry"],"_links":{"self":[{"href":"http:\/\/lagh-univ.dz\/en\/wp-json\/wp\/v2\/pages\/8568","targetHints":{"allow":["GET"]}}],"collection":[{"href":"http:\/\/lagh-univ.dz\/en\/wp-json\/wp\/v2\/pages"}],"about":[{"href":"http:\/\/lagh-univ.dz\/en\/wp-json\/wp\/v2\/types\/page"}],"author":[{"embeddable":true,"href":"http:\/\/lagh-univ.dz\/en\/wp-json\/wp\/v2\/users\/5"}],"replies":[{"embeddable":true,"href":"http:\/\/lagh-univ.dz\/en\/wp-json\/wp\/v2\/comments?post=8568"}],"version-history":[{"count":6,"href":"http:\/\/lagh-univ.dz\/en\/wp-json\/wp\/v2\/pages\/8568\/revisions"}],"predecessor-version":[{"id":40004,"href":"http:\/\/lagh-univ.dz\/en\/wp-json\/wp\/v2\/pages\/8568\/revisions\/40004"}],"wp:attachment":[{"href":"http:\/\/lagh-univ.dz\/en\/wp-json\/wp\/v2\/media?parent=8568"}],"wp:term":[{"taxonomy":"author","embeddable":true,"href":"http:\/\/lagh-univ.dz\/en\/wp-json\/wp\/v2\/coauthors?post=8568"}],"curies":[{"name":"wp","href":"https:\/\/api.w.org\/{rel}","templated":true}]}}