{"id":8604,"date":"2019-01-27T08:22:01","date_gmt":"2019-01-27T10:22:01","guid":{"rendered":"http:\/\/lagh-univ.dz\/pgr-articles-scientifiques-informatique\/"},"modified":"2024-11-20T10:31:44","modified_gmt":"2024-11-20T09:31:44","slug":"pgr-articles-scientifiques-informatique","status":"publish","type":"page","link":"http:\/\/lagh-univ.dz\/en\/pgr-articles-scientifiques-informatique\/","title":{"rendered":"pgr-articles scientifiques-Informatique"},"content":{"rendered":"<p>[su_box title=&#8221;informatique&#8221; box_color=&#8221;#12b9b2&#8243; radius=&#8221;15&#8243;]<\/p>\n<p>[su_spoiler title=&#8221;2020&#8243; style=&#8221;fancy&#8221;]<\/p>\n<div class='w3eden'><!-- WPDM Link Template: Default Template ( Old ) -->\n\n\n<div class=\"wpdm-link-template link-template-default\" >\n\n    <div class=\"media\">\n        <div class=\"mr-3\"><img decoding=\"async\" class=\"wpdm_icon\" alt=\"Icon\"   src=\"http:\/\/lagh-univ.dz\/wp-content\/plugins\/download-manager\/assets\/file-type-icons\/doc.png\" \/><\/div>\n        <div class=\"media-body\">\n            <div>\n                <strong class=\"package-title\">Ouverture du concours National pour l'admissibilit\u00e9 au programme de la formation r\u00e9sidentielle \u00e0 l'\u00e9tranger au titre de l'ann\u00e9e 2019-2020.<\/strong> | 11.62 KB\n            <\/div>\n            <a class='wpdm-download-link download-on-click btn btn-primary btn-xs' rel='nofollow' href='#' data-downloadurl=\"http:\/\/lagh-univ.dz\/download\/ouverture-du-concours-national-pour-ladmissibilite-au-programme-de-la-formation-residentielle-a-letranger-au-titre-de-lannee-2019-2020\/?wpdmdl=5630&refresh=69d59359c73ef1775604569\">Open<\/a>\n        <\/div>\n\n    <\/div>\n    <div style=\"clear: both\"><\/div>\n<\/div>\n<div style=\"clear: both\"><\/div>\n\n<\/div>\n<p>[\/su_spoiler]<\/p>\n<p>&nbsp;<\/p>\n<p>&nbsp;<\/p>\n<p>[\/su_box]<\/p>\n<p>&nbsp;<\/p>\n","protected":false},"excerpt":{"rendered":"<p>[su_box title=&#8221;informatique&#8221; box_color=&#8221;#12b9b2&#8243; radius=&#8221;15&#8243;] [su_spoiler title=&#8221;2020&#8243; style=&#8221;fancy&#8221;] [\/su_spoiler] &nbsp; &nbsp; [\/su_box] &nbsp;<\/p>\n","protected":false},"author":1,"featured_media":0,"parent":0,"menu_order":0,"comment_status":"closed","ping_status":"closed","template":"elementor_header_footer","meta":{"_exactmetrics_skip_tracking":false,"_exactmetrics_sitenote_active":false,"_exactmetrics_sitenote_note":"","_exactmetrics_sitenote_category":0,"footnotes":""},"coauthors":[217,523],"class_list":["post-8604","page","type-page","status-publish","hentry"],"_links":{"self":[{"href":"http:\/\/lagh-univ.dz\/en\/wp-json\/wp\/v2\/pages\/8604","targetHints":{"allow":["GET"]}}],"collection":[{"href":"http:\/\/lagh-univ.dz\/en\/wp-json\/wp\/v2\/pages"}],"about":[{"href":"http:\/\/lagh-univ.dz\/en\/wp-json\/wp\/v2\/types\/page"}],"author":[{"embeddable":true,"href":"http:\/\/lagh-univ.dz\/en\/wp-json\/wp\/v2\/users\/1"}],"replies":[{"embeddable":true,"href":"http:\/\/lagh-univ.dz\/en\/wp-json\/wp\/v2\/comments?post=8604"}],"version-history":[{"count":3,"href":"http:\/\/lagh-univ.dz\/en\/wp-json\/wp\/v2\/pages\/8604\/revisions"}],"predecessor-version":[{"id":26108,"href":"http:\/\/lagh-univ.dz\/en\/wp-json\/wp\/v2\/pages\/8604\/revisions\/26108"}],"wp:attachment":[{"href":"http:\/\/lagh-univ.dz\/en\/wp-json\/wp\/v2\/media?parent=8604"}],"wp:term":[{"taxonomy":"author","embeddable":true,"href":"http:\/\/lagh-univ.dz\/en\/wp-json\/wp\/v2\/coauthors?post=8604"}],"curies":[{"name":"wp","href":"https:\/\/api.w.org\/{rel}","templated":true}]}}