{"id":8630,"date":"2019-01-27T08:27:08","date_gmt":"2019-01-27T10:27:08","guid":{"rendered":"http:\/\/lagh-univ.dz\/pgr-articles-scientifiques-sciences-islamiques\/"},"modified":"2024-11-20T10:31:53","modified_gmt":"2024-11-20T09:31:53","slug":"pgr-articles-scientifiques-sciences-islamiques","status":"publish","type":"page","link":"http:\/\/lagh-univ.dz\/en\/pgr-articles-scientifiques-sciences-islamiques\/","title":{"rendered":"pgr-articles scientifiques-Sciences islamiques"},"content":{"rendered":"<p>[su_box title=&#8221;sciences islamiques&#8221; box_color=&#8221;#12b9b2&#8243; radius=&#8221;15&#8243;]<\/p>\n<p>[su_spoiler title=&#8221;Ann\u00e9e 2019&#8243; style=&#8221;fancy&#8221;]<div class='w3eden'><!-- WPDM Link Template: Default Template -->\n\n<div class=\"link-template-default card mb-2\">\n    <div class=\"card-body\">\n        <div class=\"media\">\n            <div class=\"mr-3 img-48\"><img decoding=\"async\" class=\"wpdm_icon\" alt=\"Icon\"   src=\"http:\/\/lagh-univ.dz\/wp-content\/plugins\/download-manager\/assets\/file-type-icons\/pdf.png\" \/><\/div>\n            <div class=\"media-body\">\n                <h3 class=\"package-title\"><a href='http:\/\/lagh-univ.dz\/download\/%d9%85%d9%82%d8%a7%d9%84-%d9%84%d9%84%d8%a7%d8%b3%d8%aa%d8%a7%d8%b0%d8%a9-%d8%b9%d8%a7%d9%85%d8%b1-%d9%81%d8%a7%d8%b7%d9%85%d8%a9-%d9%84%d9%84%d8%aa%d8%a7%d9%87%d9%8a%d9%84\/'>\u0645\u0642\u0627\u0644 \u0644\u0644\u0627\u0633\u062a\u0627\u0630\u0629 \u0639\u0627\u0645\u0631 \u0641\u0627\u0637\u0645\u0629 \u0644\u0644\u062a\u0627\u0647\u064a\u0644<\/a><\/h3>\n                <div class=\"text-muted text-small\"><i class=\"fas fa-copy\"><\/i> 1 file(s) <i class=\"fas fa-hdd ml-3\"><\/i> 677.68 KB<\/div>\n            <\/div>\n            <div class=\"ml-3\">\n                <a class='wpdm-download-link download-on-click btn btn-primary btn-xs' rel='nofollow' href='#' data-downloadurl=\"http:\/\/lagh-univ.dz\/download\/%d9%85%d9%82%d8%a7%d9%84-%d9%84%d9%84%d8%a7%d8%b3%d8%aa%d8%a7%d8%b0%d8%a9-%d8%b9%d8%a7%d9%85%d8%b1-%d9%81%d8%a7%d8%b7%d9%85%d8%a9-%d9%84%d9%84%d8%aa%d8%a7%d9%87%d9%8a%d9%84\/?wpdmdl=20543&refresh=69e1b8af42fd11776400559\">\u062a\u062d\u0645\u064a\u0644<\/a>\n            <\/div>\n        <\/div>\n    <\/div>\n<\/div>\n\n<\/div><div class='w3eden'><!-- WPDM Link Template: Default Template ( Old ) -->\n\n\n<div class=\"wpdm-link-template link-template-default\" >\n\n    <div class=\"media\">\n        <div class=\"mr-3\"><img decoding=\"async\" class=\"wpdm_icon\" alt=\"Icon\"   src=\"http:\/\/lagh-univ.dz\/wp-content\/plugins\/download-manager\/assets\/file-type-icons\/pdf.png\" \/><\/div>\n        <div class=\"media-body\">\n            <div>\n                <strong class=\"package-title\">\u0645\u0642\u0627\u0644 \u0644\u062a\u0623\u0647\u064a\u0644 \u0627\u0644\u0627\u0633\u062a\u0627\u0630 \u0645\u0631\u0632\u0648\u0642 \u062e\u0627\u0644\u062f \u062a\u062e\u0635\u0635 \u0639\u0644\u0648\u0645 \u0625\u0633\u0644\u0627\u0645\u064a\u0629<\/strong> | 837.46 KB\n            <\/div>\n            <a class='wpdm-download-link download-on-click btn btn-primary btn-xs' rel='nofollow' href='#' data-downloadurl=\"http:\/\/lagh-univ.dz\/download\/%d9%85%d9%82%d8%a7%d9%84-%d9%84%d8%aa%d8%a3%d9%87%d9%8a%d9%84-%d8%a7%d9%84%d8%a7%d8%b3%d8%aa%d8%a7%d8%b0-%d9%85%d8%b1%d8%b2%d9%88%d9%82-%d8%ae%d8%a7%d9%84%d8%af-%d8%aa%d8%ae%d8%b5%d8%b5-%d8%b9%d9%84\/?wpdmdl=19754&refresh=69e1b8af495c51776400559\">\u062a\u062d\u0645\u064a\u0644<\/a>\n        <\/div>\n\n    <\/div>\n    <div style=\"clear: both\"><\/div>\n<\/div>\n<div style=\"clear: both\"><\/div>\n\n<\/div><div class='w3eden'><!-- WPDM Link Template: Default Template ( Old ) -->\n\n\n<div class=\"wpdm-link-template link-template-default\" >\n\n    <div class=\"media\">\n        <div class=\"mr-3\"><img decoding=\"async\" class=\"wpdm_icon\" alt=\"Icon\"   src=\"http:\/\/lagh-univ.dz\/wp-content\/plugins\/download-manager\/assets\/file-type-icons\/doc.png\" \/><\/div>\n        <div class=\"media-body\">\n            <div>\n                <strong class=\"package-title\">Ouverture du concours National pour l'admissibilit\u00e9 au programme de la formation r\u00e9sidentielle \u00e0 l'\u00e9tranger au titre de l'ann\u00e9e 2019-2020.<\/strong> | 11.62 KB\n            <\/div>\n            <a class='wpdm-download-link download-on-click btn btn-primary btn-xs' rel='nofollow' href='#' data-downloadurl=\"http:\/\/lagh-univ.dz\/download\/ouverture-du-concours-national-pour-ladmissibilite-au-programme-de-la-formation-residentielle-a-letranger-au-titre-de-lannee-2019-2020\/?wpdmdl=5630&refresh=69e1b8af4ffc91776400559\">Open<\/a>\n        <\/div>\n\n    <\/div>\n    <div style=\"clear: both\"><\/div>\n<\/div>\n<div style=\"clear: both\"><\/div>\n\n<\/div><div class='w3eden'><!-- WPDM Link Template: Default Template ( Old ) -->\n\n\n<div class=\"wpdm-link-template link-template-default\" >\n\n    <div class=\"media\">\n        <div class=\"mr-3\"><img decoding=\"async\" class=\"wpdm_icon\" alt=\"Icon\"   src=\"http:\/\/lagh-univ.dz\/wp-content\/plugins\/download-manager\/assets\/file-type-icons\/doc.png\" \/><\/div>\n        <div class=\"media-body\">\n            <div>\n                <strong class=\"package-title\">Ouverture du concours National pour l'admissibilit\u00e9 au programme de la formation r\u00e9sidentielle \u00e0 l'\u00e9tranger au titre de l'ann\u00e9e 2019-2020.<\/strong> | 11.62 KB\n            <\/div>\n            <a class='wpdm-download-link download-on-click btn btn-primary btn-xs' rel='nofollow' href='#' data-downloadurl=\"http:\/\/lagh-univ.dz\/download\/ouverture-du-concours-national-pour-ladmissibilite-au-programme-de-la-formation-residentielle-a-letranger-au-titre-de-lannee-2019-2020\/?wpdmdl=5630&refresh=69e1b8af55d101776400559\">Open<\/a>\n        <\/div>\n\n    <\/div>\n    <div style=\"clear: both\"><\/div>\n<\/div>\n<div style=\"clear: both\"><\/div>\n\n<\/div>[\/su_spoiler]<\/p>\n<p>[su_spoiler title=&#8221;Ann\u00e9e 2018&#8243; style=&#8221;fancy&#8221;]<div class='w3eden'><!-- WPDM Link Template: Default Template ( Old ) -->\n\n\n<div class=\"wpdm-link-template link-template-default\" >\n\n    <div class=\"media\">\n        <div class=\"mr-3\"><img decoding=\"async\" class=\"wpdm_icon\" alt=\"Icon\"   src=\"http:\/\/lagh-univ.dz\/wp-content\/plugins\/download-manager\/assets\/file-type-icons\/doc.png\" \/><\/div>\n        <div class=\"media-body\">\n            <div>\n                <strong class=\"package-title\">Ouverture du concours National pour l'admissibilit\u00e9 au programme de la formation r\u00e9sidentielle \u00e0 l'\u00e9tranger au titre de l'ann\u00e9e 2019-2020.<\/strong> | 11.62 KB\n            <\/div>\n            <a class='wpdm-download-link download-on-click btn btn-primary btn-xs' rel='nofollow' href='#' data-downloadurl=\"http:\/\/lagh-univ.dz\/download\/ouverture-du-concours-national-pour-ladmissibilite-au-programme-de-la-formation-residentielle-a-letranger-au-titre-de-lannee-2019-2020\/?wpdmdl=5630&refresh=69e1b8af583d61776400559\">Open<\/a>\n        <\/div>\n\n    <\/div>\n    <div style=\"clear: both\"><\/div>\n<\/div>\n<div style=\"clear: both\"><\/div>\n\n<\/div>[\/su_spoiler]<\/p>\n<p>[su_spoiler title=&#8221;Ann\u00e9e 2017&#8243; style=&#8221;fancy&#8221;]<div class='w3eden'><!-- WPDM Link Template: Default Template ( Old ) -->\n\n\n<div class=\"wpdm-link-template link-template-default\" >\n\n    <div class=\"media\">\n        <div class=\"mr-3\"><img decoding=\"async\" class=\"wpdm_icon\" alt=\"Icon\"   src=\"http:\/\/lagh-univ.dz\/wp-content\/plugins\/download-manager\/assets\/file-type-icons\/doc.png\" \/><\/div>\n        <div class=\"media-body\">\n            <div>\n                <strong class=\"package-title\">Ouverture du concours National pour l'admissibilit\u00e9 au programme de la formation r\u00e9sidentielle \u00e0 l'\u00e9tranger au titre de l'ann\u00e9e 2019-2020.<\/strong> | 11.62 KB\n            <\/div>\n            <a class='wpdm-download-link download-on-click btn btn-primary btn-xs' rel='nofollow' href='#' data-downloadurl=\"http:\/\/lagh-univ.dz\/download\/ouverture-du-concours-national-pour-ladmissibilite-au-programme-de-la-formation-residentielle-a-letranger-au-titre-de-lannee-2019-2020\/?wpdmdl=5630&refresh=69e1b8af5a3491776400559\">Open<\/a>\n        <\/div>\n\n    <\/div>\n    <div style=\"clear: both\"><\/div>\n<\/div>\n<div style=\"clear: both\"><\/div>\n\n<\/div>[\/su_spoiler]<\/p>\n<p>[\/su_box]<\/p>\n<p>&nbsp;<\/p>\n<p>[su_box title=&#8221;sciences islamiques&#8221; box_color=&#8221;#12b9b2&#8243; radius=&#8221;15&#8243;]<\/p>\n<p>[su_spoiler title=&#8221;Ann\u00e9e 2019&#8243; style=&#8221;fancy&#8221;]<div class='w3eden'><!-- WPDM Link Template: Default Template ( Old ) -->\n\n\n<div class=\"wpdm-link-template link-template-default\" >\n\n    <div class=\"media\">\n        <div class=\"mr-3\"><img decoding=\"async\" class=\"wpdm_icon\" alt=\"Icon\"   src=\"http:\/\/lagh-univ.dz\/wp-content\/plugins\/download-manager\/assets\/file-type-icons\/doc.png\" \/><\/div>\n        <div class=\"media-body\">\n            <div>\n                <strong class=\"package-title\">Ouverture du concours National pour l'admissibilit\u00e9 au programme de la formation r\u00e9sidentielle \u00e0 l'\u00e9tranger au titre de l'ann\u00e9e 2019-2020.<\/strong> | 11.62 KB\n            <\/div>\n            <a class='wpdm-download-link download-on-click btn btn-primary btn-xs' rel='nofollow' href='#' data-downloadurl=\"http:\/\/lagh-univ.dz\/download\/ouverture-du-concours-national-pour-ladmissibilite-au-programme-de-la-formation-residentielle-a-letranger-au-titre-de-lannee-2019-2020\/?wpdmdl=5630&refresh=69e1b8af5c1b41776400559\">Open<\/a>\n        <\/div>\n\n    <\/div>\n    <div style=\"clear: both\"><\/div>\n<\/div>\n<div style=\"clear: both\"><\/div>\n\n<\/div><div class='w3eden'><!-- WPDM Link Template: Default Template ( Old ) -->\n\n\n<div class=\"wpdm-link-template link-template-default\" >\n\n    <div class=\"media\">\n        <div class=\"mr-3\"><img decoding=\"async\" class=\"wpdm_icon\" alt=\"Icon\"   src=\"http:\/\/lagh-univ.dz\/wp-content\/plugins\/download-manager\/assets\/file-type-icons\/doc.png\" \/><\/div>\n        <div class=\"media-body\">\n            <div>\n                <strong class=\"package-title\">Ouverture du concours National pour l'admissibilit\u00e9 au programme de la formation r\u00e9sidentielle \u00e0 l'\u00e9tranger au titre de l'ann\u00e9e 2019-2020.<\/strong> | 11.62 KB\n            <\/div>\n            <a class='wpdm-download-link download-on-click btn btn-primary btn-xs' rel='nofollow' href='#' data-downloadurl=\"http:\/\/lagh-univ.dz\/download\/ouverture-du-concours-national-pour-ladmissibilite-au-programme-de-la-formation-residentielle-a-letranger-au-titre-de-lannee-2019-2020\/?wpdmdl=5630&refresh=69e1b8af5decc1776400559\">Open<\/a>\n        <\/div>\n\n    <\/div>\n    <div style=\"clear: both\"><\/div>\n<\/div>\n<div style=\"clear: both\"><\/div>\n\n<\/div>[\/su_spoiler]<\/p>\n<p>[su_spoiler title=&#8221;Ann\u00e9e 2018&#8243; style=&#8221;fancy&#8221;]<div class='w3eden'><!-- WPDM Link Template: Default Template ( Old ) -->\n\n\n<div class=\"wpdm-link-template link-template-default\" >\n\n    <div class=\"media\">\n        <div class=\"mr-3\"><img decoding=\"async\" class=\"wpdm_icon\" alt=\"Icon\"   src=\"http:\/\/lagh-univ.dz\/wp-content\/plugins\/download-manager\/assets\/file-type-icons\/doc.png\" \/><\/div>\n        <div class=\"media-body\">\n            <div>\n                <strong class=\"package-title\">Ouverture du concours National pour l'admissibilit\u00e9 au programme de la formation r\u00e9sidentielle \u00e0 l'\u00e9tranger au titre de l'ann\u00e9e 2019-2020.<\/strong> | 11.62 KB\n            <\/div>\n            <a class='wpdm-download-link download-on-click btn btn-primary btn-xs' rel='nofollow' href='#' data-downloadurl=\"http:\/\/lagh-univ.dz\/download\/ouverture-du-concours-national-pour-ladmissibilite-au-programme-de-la-formation-residentielle-a-letranger-au-titre-de-lannee-2019-2020\/?wpdmdl=5630&refresh=69e1b8af5fc551776400559\">Open<\/a>\n        <\/div>\n\n    <\/div>\n    <div style=\"clear: both\"><\/div>\n<\/div>\n<div style=\"clear: both\"><\/div>\n\n<\/div>[\/su_spoiler]<\/p>\n<p>[su_spoiler title=&#8221;Ann\u00e9e 2017&#8243; style=&#8221;fancy&#8221;]<div class='w3eden'><!-- WPDM Link Template: Default Template ( Old ) -->\n\n\n<div class=\"wpdm-link-template link-template-default\" >\n\n    <div class=\"media\">\n        <div class=\"mr-3\"><img decoding=\"async\" class=\"wpdm_icon\" alt=\"Icon\"   src=\"http:\/\/lagh-univ.dz\/wp-content\/plugins\/download-manager\/assets\/file-type-icons\/doc.png\" \/><\/div>\n        <div class=\"media-body\">\n            <div>\n                <strong class=\"package-title\">Ouverture du concours National pour l'admissibilit\u00e9 au programme de la formation r\u00e9sidentielle \u00e0 l'\u00e9tranger au titre de l'ann\u00e9e 2019-2020.<\/strong> | 11.62 KB\n            <\/div>\n            <a class='wpdm-download-link download-on-click btn btn-primary btn-xs' rel='nofollow' href='#' data-downloadurl=\"http:\/\/lagh-univ.dz\/download\/ouverture-du-concours-national-pour-ladmissibilite-au-programme-de-la-formation-residentielle-a-letranger-au-titre-de-lannee-2019-2020\/?wpdmdl=5630&refresh=69e1b8af6197c1776400559\">Open<\/a>\n        <\/div>\n\n    <\/div>\n    <div style=\"clear: both\"><\/div>\n<\/div>\n<div style=\"clear: both\"><\/div>\n\n<\/div>[\/su_spoiler]<\/p>\n<p>[\/su_box]<\/p>\n","protected":false},"excerpt":{"rendered":"<p>[su_box title=&#8221;sciences islamiques&#8221; box_color=&#8221;#12b9b2&#8243; radius=&#8221;15&#8243;] [su_spoiler title=&#8221;Ann\u00e9e 2019&#8243; style=&#8221;fancy&#8221;][\/su_spoiler] [su_spoiler title=&#8221;Ann\u00e9e 2018&#8243; style=&#8221;fancy&#8221;][\/su_spoiler] [su_spoiler title=&#8221;Ann\u00e9e 2017&#8243; style=&#8221;fancy&#8221;][\/su_spoiler] [\/su_box] &nbsp; [su_box title=&#8221;sciences islamiques&#8221; box_color=&#8221;#12b9b2&#8243; radius=&#8221;15&#8243;] [su_spoiler title=&#8221;Ann\u00e9e 2019&#8243; style=&#8221;fancy&#8221;][\/su_spoiler] [su_spoiler title=&#8221;Ann\u00e9e 2018&#8243; style=&#8221;fancy&#8221;][\/su_spoiler] [su_spoiler title=&#8221;Ann\u00e9e 2017&#8243; style=&#8221;fancy&#8221;][\/su_spoiler] [\/su_box]<\/p>\n","protected":false},"author":1,"featured_media":0,"parent":0,"menu_order":0,"comment_status":"closed","ping_status":"closed","template":"elementor_header_footer","meta":{"_exactmetrics_skip_tracking":false,"_exactmetrics_sitenote_active":false,"_exactmetrics_sitenote_note":"","_exactmetrics_sitenote_category":0,"footnotes":""},"coauthors":[217,523],"class_list":["post-8630","page","type-page","status-publish","hentry"],"_links":{"self":[{"href":"http:\/\/lagh-univ.dz\/en\/wp-json\/wp\/v2\/pages\/8630","targetHints":{"allow":["GET"]}}],"collection":[{"href":"http:\/\/lagh-univ.dz\/en\/wp-json\/wp\/v2\/pages"}],"about":[{"href":"http:\/\/lagh-univ.dz\/en\/wp-json\/wp\/v2\/types\/page"}],"author":[{"embeddable":true,"href":"http:\/\/lagh-univ.dz\/en\/wp-json\/wp\/v2\/users\/1"}],"replies":[{"embeddable":true,"href":"http:\/\/lagh-univ.dz\/en\/wp-json\/wp\/v2\/comments?post=8630"}],"version-history":[{"count":2,"href":"http:\/\/lagh-univ.dz\/en\/wp-json\/wp\/v2\/pages\/8630\/revisions"}],"predecessor-version":[{"id":28275,"href":"http:\/\/lagh-univ.dz\/en\/wp-json\/wp\/v2\/pages\/8630\/revisions\/28275"}],"wp:attachment":[{"href":"http:\/\/lagh-univ.dz\/en\/wp-json\/wp\/v2\/media?parent=8630"}],"wp:term":[{"taxonomy":"author","embeddable":true,"href":"http:\/\/lagh-univ.dz\/en\/wp-json\/wp\/v2\/coauthors?post=8630"}],"curies":[{"name":"wp","href":"https:\/\/api.w.org\/{rel}","templated":true}]}}