{"id":8680,"date":"2019-01-25T19:13:18","date_gmt":"2019-01-25T21:13:18","guid":{"rendered":"http:\/\/lagh-univ.dz\/revues-dirassat-economie\/"},"modified":"2019-03-02T16:16:10","modified_gmt":"2019-03-02T18:16:10","slug":"revues-dirassat-economie","status":"publish","type":"page","link":"http:\/\/lagh-univ.dz\/en\/revues-dirassat-economie\/","title":{"rendered":"Revues-dirassat \u00e9conomiques"},"content":{"rendered":"<div>\n<h1><span style=\"color: #ff0000;\"><em>Dirassat Journal -Economic Issue-<\/em><\/span><\/h1>\n<blockquote>\n<p style=\"text-align: justify;\"><span style=\"font-family: 'Book Antiqua', Palatino; font-size: 14pt; color: #000000;\">Dirassat Journal (Economic Issue) (DJEI; ISSN 1112-4652) is a double blind peer reviewed Bi-Annual Journal from Faculty of Economics, Commercial and Management Sciences, University of Laghouat, Algeria<\/span><\/p>\n<ul class=\"list-unstyled terms-list\">\n<li>Business<\/li>\n<li>Economics<\/li>\n<li>Accounting<\/li>\n<li>Marketing<\/li>\n<li>Finance<\/li>\n<\/ul>\n<\/blockquote>\n<div><a href=\"http:\/\/lagh-univ.dz\/revue-de-luniversite\/download-1-2\/\" rel=\"attachment wp-att-4762\"><img decoding=\"async\" class=\"wp-image-4770 alignleft\" src=\"http:\/\/lagh-univ.dz\/wp-content\/uploads\/2019\/01\/download-1.jpeg\" alt=\"\" width=\"174\" height=\"243\" \/><\/a><\/div>\n<div>\n<table style=\"height: 103px; width: 748px; border-color: #ffffff; background-color: #ffffff;\" width=\"748\">\n<tbody>\n<tr style=\"border-color: #ffffff;\">\n<td style=\"width: 370.95px; background-color: #ffffff; border-color: #ffffff;\">[su_button style=&#8221;soft&#8221; background=&#8221;#08387f&#8221;] EISSN : 2600-7010[\/su_button]<\/td>\n<td style=\"width: 361.05px; background-color: #ffffff; border-color: #ffffff;\">[su_button style=&#8221;soft&#8221; background=&#8221;#08387f&#8221;]Ann\u00e9e de cr\u00e9ation: 2003[\/su_button]<\/td>\n<\/tr>\n<tr style=\"border-color: #ffffff;\">\n<td style=\"width: 370.95px; background-color: #ffffff; border-color: #ffffff;\">[su_button style=&#8221;soft&#8221; background=&#8221;#08387f&#8221;]P\u00e9riodicit\u00e9: Bimestrielle[\/su_button]<\/td>\n<td style=\"width: 361.05px; background-color: #ffffff; border-color: #ffffff;\">[su_button style=&#8221;soft&#8221; background=&#8221;#08387f&#8221;]Pays: Alg\u00e9rie [\/su_button]<\/td>\n<\/tr>\n<tr style=\"border-color: #ffffff;\">\n<td style=\"width: 370.95px; background-color: #ffffff; border-color: #ffffff;\">[su_button style=&#8221;soft&#8221; background=&#8221;#08387f&#8221;]Taux d&#8217;acceptation: 63%[\/su_button]<\/td>\n<td style=\"width: 361.05px; background-color: #ffffff; border-color: #ffffff;\">[su_button style=&#8221;soft&#8221; background=&#8221;#08387f&#8221;]Institution: Universit\u00e9 Omar Telidji de Laghouat[\/su_button]<\/td>\n<\/tr>\n<tr style=\"border-color: #ffffff;\">\n<td style=\"width: 370.95px; background-color: #ffffff; border-color: #ffffff;\">[su_button style=&#8221;soft&#8221; background=&#8221;#08387f&#8221;]Temps moyen de r\u00e9ponse: 162Jours[\/su_button]<\/td>\n<td style=\"width: 361.05px; background-color: #ffffff; border-color: #ffffff;\">[su_button style=&#8221;soft&#8221; background=&#8221;#08387f&#8221;]Facteur d&#8217;impact ASJP:[\/su_button]<\/td>\n<\/tr>\n<tr style=\"border-color: #ffffff;\">\n<td style=\"width: 370.95px; background-color: #ffffff; border-color: #ffffff;\">[su_button style=&#8221;soft&#8221; background=&#8221;#08387f&#8221;]emps moyen de publication apr\u00e8s acceptation: 29 Jours[\/su_button]<\/td>\n<td style=\"width: 361.05px; background-color: #ffffff; border-color: #ffffff;\"><\/td>\n<\/tr>\n<tr style=\"border-color: #ffffff; background-color: #ffffff;\">\n<td style=\"width: 370.95px; border-color: #ffffff; background-color: #ffffff;\"><\/td>\n<td style=\"width: 361.05px; border-color: #ffffff; background-color: #ffffff;\"><\/td>\n<\/tr>\n<tr style=\"border-color: #ffffff; background-color: #ffffff;\">\n<td style=\"width: 370.95px; border-color: #ffffff; background-color: #ffffff;\"><\/td>\n<td style=\"width: 361.05px; border-color: #ffffff; background-color: #ffffff;\"><\/td>\n<\/tr>\n<\/tbody>\n<\/table>\n<\/div>\n<\/div>\n<div>\n<table style=\"height: 19px; width: 673px;\" width=\"610\">\n<tbody>\n<tr>\n<td style=\"width: 216.567px; text-align: left; border-color: #ffffff; background-color: #ffffff;\">\n<p style=\"text-align: left;\">[su_button url=&#8221;http:\/\/lagh-univ.dz\/?page_id=6366&amp;preview=true&#8221; background=&#8221;#19a387&#8243;]Guide pour auteur[\/su_button]<\/p>\n<\/td>\n<td style=\"width: 253.583px; text-align: left; border-color: #ffffff; background-color: #ffffff;\">[su_button url=&#8221;http:\/\/lagh-univ.dz\/?page_id=6366&amp;preview=true&#8221; background=&#8221;#19a387&#8243;]Instruction pour auteur[\/su_button]<\/td>\n<td style=\"width: 277.4px; text-align: left; border-color: #ffffff; background-color: #ffffff;\">[su_button url=&#8221;https:\/\/www.asjp.cerist.dz\/en\/submission\/301?page_id=6366&amp;preview=true&#8221; background=&#8221;#e21452&#8243;]Soummisioner un article [\/su_button]<\/td>\n<\/tr>\n<tr>\n<td style=\"width: 216.567px; text-align: left; border-color: #ffffff; background-color: #ffffff;\">\n<p style=\"text-align: left;\">\n<\/td>\n<td style=\"width: 253.583px; text-align: left; border-color: #ffffff; background-color: #ffffff;\"><\/td>\n<td style=\"width: 277.4px; text-align: left; border-color: #ffffff; background-color: #ffffff;\"><\/td>\n<\/tr>\n<\/tbody>\n<\/table>\n<\/div>\n<div><\/div>\n<div>[su_spacer size=&#8221;20&#8243;]<\/div>\n<div>\n<p dir=\"ltr\" style=\"text-align: left;\"><span style=\"color: #ff0000;\"><span style=\"color: #ff0000;\">\u00a0[su_spoiler title=&#8221;<strong>D\u00e9scription<\/strong>&#8221; style=&#8221;fancy&#8221;] <\/span><\/span>Dirassat Journal (Economic Issue) (DJEI; ISSN 1112-4652) is a double blind peer reviewed Bi-Annual Journal from Faculty of Economics, Commercial and Management Sciences, University of Laghouat, Algeria, with a strong Editorial Board and a tested rapid peer review system. DJEI intends to contribute to the development and propagation of knowledge on management, commerce, Accounting, Marketing &amp; Economics; thus feeding scholars, researchers and practitioners with valuable new insights from theory and practice. In the same line DJEI invites authors to submit: &#8211; empirical papers analyzing specific questions using qualitative or quantitative techniques &#8211; conceptual papers developing propositions and outlining further research In all above cases, DJEI encourages quality papers by reseresearchers. DJEI\u2019s this quest for quality is reflected in the structure of journal\u2019s editorial board as well as the strong network of reviewers, which allows the peer review process to be rigorous and constructive, helping to advance research work. DJEI publishes original scientific works of researchers in all of the above fields in any of the following languages: Arabic, English, or French. DJEI owns the copyright of each article it published; the author(s) has to get the approval of the EDITOR-IN-Chief for any other uses of the article. <span style=\"color: #ff0000;\">[\/su_spoiler]<\/span><\/p>\n<div class=\"full-width-media-text intitule_revue\">\n<p dir=\"ltr\" style=\"text-align: left;\"><span style=\"color: #ff0000;\">[su_spoiler title=&#8221;<strong>Indexing<\/strong>&#8221; style=&#8221;fancy&#8221;] <\/span>DirEI\u2019s this quest for quality is reflected in the structure of journal\u2019s editorial board as well as the strong network of reviewers, which allows the peer review process to\u00a0 <span style=\"color: #ff0000;\">[\/su_spoiler]<\/span><\/p>\n<\/div>\n<\/div>\n<div>\n<p>[su_spoiler title=&#8221;<strong>Comit\u00e9 Editorial<\/strong>&#8221; style=&#8221;fancy&#8221;]<\/p>\n<p><span style=\"font-size: 14pt; color: #000000; font-family: book antiqua, palatino, serif;\"><strong>\u00c9diteur-in-chief\u00a0\u00a0 :\u00a0<\/strong><\/span><\/p>\n<p class=\"list\"><span style=\"font-family: book antiqua, palatino, serif;\">Nom et pr\u00e9nom : <strong>Hamdi Abou El Kacem<\/strong><\/span><br \/>\n<span style=\"font-family: book antiqua, palatino, serif;\">E-mail : mngment5<strong>@gmail.com<\/strong><\/span><br \/>\n<span style=\"font-family: book antiqua, palatino, serif;\">Affiliation : <strong>Universit\u00e9 Amar Telidji de Laghouat; Algeria<\/strong><\/span><\/p>\n<p class=\"list\"><span style=\"color: #000000; font-family: book antiqua, palatino, serif; font-size: 14pt;\"><strong>Associated Editors:<\/strong><\/span><\/p>\n<p>Lala Ramdani<\/p>\n<p>l.ramdani@yahoo.fr<br \/>\nUniversity Omar Telidji de Laghouat; Algeria<\/p>\n<p>Hamza Taibi<br \/>\nthtaibi.hamza@yahoo.fr<br \/>\nUniversity Omar Telidji de Laghouat; Algeria<\/p>\n<p>Abdelhadi Messoudi<br \/>\nabdelhadi.messe@yahoo.fr<br \/>\nUniversity Omar Telidji de Laghouat; Algeria<\/p>\n<p>Ahmida Ferhat<br \/>\nferhatahmida7@gmail.com<br \/>\nUniversity Omar Telidji de Laghouat; Algeria<\/p>\n<p>Djelloul Benkachoua<br \/>\nkachou03@yahoo.fr<br \/>\nUniversity Omar Telidji de Laghouat; Algeria<\/p>\n<p>Kroubba Maamar<br \/>\nm.krobba@yahoo.com<br \/>\nUniversity Omar Telidji de Laghouat; Algeria<\/p>\n<p>Bouchra Esslimani<br \/>\nbesslimani@gmail.com<br \/>\nEcole Nationale de Commerce et de Gestion &#8211; University Cadi Ayyad de Marrakech; Morocco<\/p>\n<p>Sabah Almihiaoui<br \/>\nsa514960@gmail.com<br \/>\nUniversity Technique Moyenne, Baghdad; Iraq<\/p>\n<p>laadjal ADALA<br \/>\nadj.adala@gmail.com<br \/>\nUniversity Abdelhamid Ibn Badis de Mostaganem; Algeria<\/p>\n<p>Irki Houcine<br \/>\nprof.irki@gmail.com<br \/>\nUniversity Yahia Far\u00e8s de M\u00e9d\u00e9a; Algeria<\/p>\n<p>Youcef Al-abdallah Tarek Toufik<br \/>\ntariqtariq1984@gmail.com<br \/>\nUniversity of Basrah; Iraq<\/p>\n<p>Azmi Wasfi Aouad<br \/>\nazmiawad1@hotmail.com<br \/>\nUniversity Technique de Palestine; Palestine<\/p>\n<p>Mostapha Mahmoud Abdu-salam<br \/>\nmosmabd@yahoo.com<br \/>\nUniversity Oum Elkoura; Saudi Arabia<\/p>\n<p>Khaled Jamal J\u00c0ARAT<br \/>\nkhaledjaarat@yahoo.com<br \/>\nUniversity of Moyen Orient; Amman; Jordan<\/p>\n<p>Semlali Yahdhia<br \/>\ndr.semlali@yahoo.fr<br \/>\nUniversity of King Fay\u00e7al; Saudi Arabia<\/p>\n<p>Youcef Nasser<br \/>\nyoucef.nasser@gmail.com<\/p>\n<p>University World Islamic ; Malaisia<\/p>\n<p>Hassiba Djema<br \/>\ndjemaa_hassiba@yahoo.fr<br \/>\nEcole des hautes \u00e9tudes commerciales; Algeria<\/p>\n<p>Tarek Sadraoui<br \/>\ntarek.sadraoui@gmail.com<br \/>\nUniversity de Monastir; Tunisia<\/p>\n<p>Bassam Alromeedy<br \/>\nbassam.samir@fth.usc.edu.eg<br \/>\nUniversity of Sadat City &#8211; Egypt<\/p>\n<p>El-Youssefi Mohamed El Filali<br \/>\nMohamed.ElFilali@zu.ac.ae; United Arab Emirate<\/p>\n<p>Isam Abdu-alkhidr Saoud Al-abbas<br \/>\nasasanameas@yahoo.com<br \/>\nUniversity Almostansiria; Iraq<\/p>\n<p>horska Elena<br \/>\nelena.horska@gmail.com<\/p>\n<p>University of Nitra; Slovakia<\/p>\n<p>abdelhamid naidjate<br \/>\na.naidjat@gmail.com<br \/>\nUniversity Omar Telidji de Laghouat; Algeria<\/p>\n<p><strong style=\"font-family: 'book antiqua', palatino, serif;\"><span style=\"font-size: 14pt;\"><span style=\"color: #000000;\">S\u00e9cretariat<\/span> :<\/span><\/strong><\/p>\n<p>Hamza Taibi<br \/>\nthtaibi.hamza@yahoo.fr<br \/>\nUniversity Omar Telidji de Laghouat; Algeria<\/p>\n<p>merrad Rais<br \/>\nraismerrad80@gmail.com<br \/>\nUniversity Omar Telidji de Laghouat; Algeria<\/p>\n<p>Baadje Elhachemi<br \/>\nbaad03@yahoo.fr<br \/>\nUniversity Omar Telidji de Laghouat; Algeria<\/p>\n<p>&nbsp;<\/p>\n<table width=\"615\">\n<tbody>\n<tr>\n<td><span style=\"font-family: book antiqua, palatino, serif;\">Nom et Pr\u00e9nom<\/span><\/td>\n<td><span style=\"font-family: book antiqua, palatino, serif;\">Email<\/span><\/td>\n<td><span style=\"font-family: book antiqua, palatino, serif;\">Affiliation<\/span><\/td>\n<\/tr>\n<tr>\n<td><span style=\"font-family: book antiqua, palatino, serif;\">Naima BELHANECHE \u2013BENSEMRA<\/span><\/p>\n<p><span style=\"font-family: book antiqua, palatino, serif;\">kkkkkk<\/span><\/td>\n<td><span style=\"font-family: book antiqua, palatino, serif;\">k.remg\u00f9lerg<\/span><\/p>\n<p><span style=\"font-family: book antiqua, palatino, serif;\">L.ermlert<\/span><\/td>\n<td><span style=\"font-family: book antiqua, palatino, serif;\">Unuveriste de lagouat<\/span><\/p>\n<p><span style=\"font-family: book antiqua, palatino, serif;\">rmlferkgerlmgkmlk<\/span><\/td>\n<\/tr>\n<\/tbody>\n<\/table>\n<p>[\/su_spoiler]<\/p>\n<\/div>\n<div>\n<div><span style=\"font-size: 24pt;\">Issue<\/span><\/div>\n<\/div>\n<p>[su_column size=&#8221;1\/3&#8243;][su_spoiler title=&#8221;Tom02 Jan 2020&#8243; style=&#8221;fancy&#8221;][3d-flip-book mode=&#8221;thumbnail-lightbox&#8221; urlparam=&#8221;fb3d-page&#8221; id=&#8221;5624&#8243; title=&#8221;true&#8221; lightbox=&#8221;dark&#8221;]\u00a0 [\/su_spoiler][\/su_column]<\/p>\n<p>[su_column size=&#8221;1\/3&#8243;][su_spoiler title=&#8221;Tom01 Jan 2019&#8243; style=&#8221;fancy&#8221;][3d-flip-book mode=&#8221;thumbnail-lightbox&#8221; urlparam=&#8221;fb3d-page&#8221; id=&#8221;5624&#8243; title=&#8221;true&#8221; lightbox=&#8221;dark&#8221;]\u00a0 [\/su_spoiler][\/su_column]<\/p>\n<p>[su_column size=&#8221;1\/3&#8243;][su_spoiler title=&#8221;Tom01 Jan 2019&#8243; style=&#8221;fancy&#8221;][3d-flip-book mode=&#8221;thumbnail-lightbox&#8221; urlparam=&#8221;fb3d-page&#8221; id=&#8221;4588&#8243; title=&#8221;true&#8221; lightbox=&#8221;dark&#8221;]\u00a0 [\/su_spoiler][\/su_column]<\/p>\n<p>[su_column size=&#8221;1\/3&#8243;][su_spoiler title=&#8221;Tom01 Jan 2019&#8243; style=&#8221;fancy&#8221;][3d-flip-book mode=&#8221;thumbnail-lightbox&#8221; urlparam=&#8221;fb3d-page&#8221; id=&#8221;4588&#8243; title=&#8221;true&#8221; lightbox=&#8221;dark&#8221;]\u00a0 [\/su_spoiler][\/su_column]<\/p>\n<p>[su_column size=&#8221;1\/3&#8243;][su_spoiler title=&#8221;Tom01 Jan 2019&#8243; style=&#8221;fancy&#8221;][3d-flip-book mode=&#8221;thumbnail-lightbox&#8221; urlparam=&#8221;fb3d-page&#8221; id=&#8221;4588&#8243; title=&#8221;true&#8221; lightbox=&#8221;dark&#8221;]\u00a0 [\/su_spoiler][\/su_column]<\/p>\n<p>[su_column size=&#8221;1\/3&#8243;][su_spoiler title=&#8221;Tom01 Jan 2019&#8243; style=&#8221;fancy&#8221;][3d-flip-book mode=&#8221;thumbnail-lightbox&#8221; urlparam=&#8221;fb3d-page&#8221; id=&#8221;4588&#8243; title=&#8221;true&#8221; lightbox=&#8221;dark&#8221;]\u00a0 [\/su_spoiler][\/su_column]<\/p>\n<p>[su_column size=&#8221;1\/3&#8243;][su_spoiler title=&#8221;Tom01 Jan 2019&#8243; style=&#8221;fancy&#8221;][3d-flip-book mode=&#8221;thumbnail-lightbox&#8221; urlparam=&#8221;fb3d-page&#8221; id=&#8221;4588&#8243; title=&#8221;true&#8221; lightbox=&#8221;dark&#8221;]\u00a0 [\/su_spoiler][\/su_column]<\/p>\n<p>[su_column size=&#8221;1\/3&#8243;][su_spoiler title=&#8221;Tom01 Jan 2019&#8243; style=&#8221;fancy&#8221;][3d-flip-book mode=&#8221;thumbnail-lightbox&#8221; urlparam=&#8221;fb3d-page&#8221; id=&#8221;4588&#8243; title=&#8221;true&#8221; lightbox=&#8221;dark&#8221;]\u00a0 [\/su_spoiler][\/su_column]<\/p>\n<p>[su_column size=&#8221;1\/3&#8243;][su_spoiler title=&#8221;Tom01 Jan 2019&#8243; style=&#8221;fancy&#8221;][3d-flip-book mode=&#8221;thumbnail-lightbox&#8221; urlparam=&#8221;fb3d-page&#8221; id=&#8221;4588&#8243; title=&#8221;true&#8221; lightbox=&#8221;dark&#8221;]\u00a0 [\/su_spoiler][\/su_column]<\/p>\n<p>[su_column size=&#8221;1\/3&#8243;][su_spoiler title=&#8221;Tom01 Jan 2019&#8243; style=&#8221;fancy&#8221;][3d-flip-book mode=&#8221;thumbnail-lightbox&#8221; urlparam=&#8221;fb3d-page&#8221; id=&#8221;4588&#8243; title=&#8221;true&#8221; lightbox=&#8221;dark&#8221;]\u00a0 [\/su_spoiler][\/su_column]<\/p>\n<p>&nbsp;<\/p>\n","protected":false},"excerpt":{"rendered":"<p>Dirassat Journal -Economic Issue- Dirassat Journal (Economic Issue) (DJEI; ISSN 1112-4652) is a double blind peer reviewed Bi-Annual Journal from Faculty of Economics, Commercial and Management Sciences, University of Laghouat, Algeria Business Economics Accounting Marketing Finance [su_button style=&#8221;soft&#8221; background=&#8221;#08387f&#8221;] EISSN : 2600-7010[\/su_button] [su_button style=&#8221;soft&#8221; background=&#8221;#08387f&#8221;]Ann\u00e9e de cr\u00e9ation: 2003[\/su_button] [su_button style=&#8221;soft&#8221; background=&#8221;#08387f&#8221;]P\u00e9riodicit\u00e9: Bimestrielle[\/su_button] [su_button style=&#8221;soft&#8221; background=&#8221;#08387f&#8221;]Pays: [&hellip;]<\/p>\n","protected":false},"author":1,"featured_media":0,"parent":0,"menu_order":0,"comment_status":"closed","ping_status":"closed","template":"elementor_header_footer","meta":{"_exactmetrics_skip_tracking":false,"_exactmetrics_sitenote_active":false,"_exactmetrics_sitenote_note":"","_exactmetrics_sitenote_category":0,"footnotes":""},"coauthors":[217],"class_list":["post-8680","page","type-page","status-publish","hentry"],"_links":{"self":[{"href":"http:\/\/lagh-univ.dz\/en\/wp-json\/wp\/v2\/pages\/8680","targetHints":{"allow":["GET"]}}],"collection":[{"href":"http:\/\/lagh-univ.dz\/en\/wp-json\/wp\/v2\/pages"}],"about":[{"href":"http:\/\/lagh-univ.dz\/en\/wp-json\/wp\/v2\/types\/page"}],"author":[{"embeddable":true,"href":"http:\/\/lagh-univ.dz\/en\/wp-json\/wp\/v2\/users\/1"}],"replies":[{"embeddable":true,"href":"http:\/\/lagh-univ.dz\/en\/wp-json\/wp\/v2\/comments?post=8680"}],"version-history":[{"count":6,"href":"http:\/\/lagh-univ.dz\/en\/wp-json\/wp\/v2\/pages\/8680\/revisions"}],"predecessor-version":[{"id":14408,"href":"http:\/\/lagh-univ.dz\/en\/wp-json\/wp\/v2\/pages\/8680\/revisions\/14408"}],"wp:attachment":[{"href":"http:\/\/lagh-univ.dz\/en\/wp-json\/wp\/v2\/media?parent=8680"}],"wp:term":[{"taxonomy":"author","embeddable":true,"href":"http:\/\/lagh-univ.dz\/en\/wp-json\/wp\/v2\/coauthors?post=8680"}],"curies":[{"name":"wp","href":"https:\/\/api.w.org\/{rel}","templated":true}]}}