{"id":8732,"date":"2019-01-18T07:58:54","date_gmt":"2019-01-18T09:58:54","guid":{"rendered":"http:\/\/lagh-univ.dz\/laboratoires-des-recherches-ledmascd-production-scientifique-livres-et-ouvrages\/"},"modified":"2024-11-20T10:25:05","modified_gmt":"2024-11-20T09:25:05","slug":"laboratoires-des-recherches-ledmascd-production-scientifique-livres-et-ouvrages","status":"publish","type":"page","link":"http:\/\/lagh-univ.dz\/en\/laboratoires-des-recherches-ledmascd-production-scientifique-livres-et-ouvrages\/","title":{"rendered":"Laboratoires des recherches- LeDMaScD-Production scientifique-Livres et ouvrages"},"content":{"rendered":"<table style=\"width: 819px\">\n<tbody>\n<tr>\n<td style=\"width: 809px;text-align: left\"><strong>Tahar Seghier\u00a0 <em>\u201c <\/em><\/strong>Cours Electrotechnique fondamentale I\u00a0\u00bb, DOI:<a class=\"nova-e-link nova-e-link--color-inherit nova-e-link--theme-decorated\" href=\"https:\/\/www.researchgate.net\/deref\/http%3A%2F%2Fdx.doi.org%2F10.13140%2FRG.2.2.28251.52001?_sg%5B0%5D=ecwQC5-uvL_1qV02-noFiopCXYe0koVFKwjEsPTpD9SCQG2eZAm_Cu9f8qusbHnLgecsDkYqhBZaoQETaCpc8c0kqw.lA4xlTm7Or6QB4BgUp2NHqgNWGQLrgkGe8vF4VqG0VZJR6YvOBzxdRUOGqOZCEyrptZ_1NYZi3IXtBrrLf98MQ\">10.13140\/RG.2.2.28251.52001, 2019<\/a><\/td>\n<\/tr>\n<tr>\n<td style=\"width: 809px;text-align: left\"><strong>Abdellatif Seghiour\u00a0 <\/strong><em>\u201c <\/em>Diagnosis of the Induction Machine based on Finite Element Method: Broken Rotor Bar and Dynamic Eccentricity Identification\u2019\u2019 LAP LAMBERT Academic Publishing, 2017, ISBN 978-6202026345<\/td>\n<\/tr>\n<tr>\n<td style=\"width: 809px;text-align: left\"><strong>Boubakeur Zegnini<\/strong>, \u00ab\u00a0Caract\u00e9risation des isolants organiques sous contrainte \u00e9lectrique : Etude quantitative des d\u00e9formations m\u00e9caniques induites dans le PEN par un fort champ \u00e9lectrique\u00a0\u00bb, Editions Universitaires Europ\u00e9ennes ISBN-10: 613159547X \/ ISBN-13: 978-6131595479 (Livre Broch\u00e9 112 pages) 22 Septembre 2011<\/td>\n<\/tr>\n<tr>\n<td style=\"width: 809px;text-align: left\"><strong>Hamza LIDJICI <em>\u201c<\/em><\/strong> C\u00e9ramiques pi\u00e9zo\u00e9lectriques sans plomb\u00a0: \u00e9tude, \u00e9laboration et caract\u00e9risation\u2019\u2019 \u00c9DITIONS UNIVERSITAIRES EUROP\u00c9ENNES (Site web:www.editions-ue.com ), 89 pages<\/td>\n<\/tr>\n<\/tbody>\n<\/table>\n<table style=\"width: 1.93939%\" width=\"100%\">\n<tbody>\n<tr>\n<td style=\"width: 7.51515%\" width=\"47\"><\/td>\n<td style=\"width: 62.5%\" width=\"614\"><\/td>\n<\/tr>\n<\/tbody>\n<\/table>\n<table style=\"width: 1.93939%\" width=\"100%\">\n<tbody>\n<tr>\n<td style=\"width: 7.51515%\" width=\"47\"><\/td>\n<td style=\"width: 1.21212%\" width=\"614\"><\/td>\n<\/tr>\n<\/tbody>\n<\/table>\n<table style=\"width: 20px\">\n<tbody>\n<tr>\n<td style=\"width: 2px\"><\/td>\n<td style=\"width: 2px\"><\/td>\n<\/tr>\n<\/tbody>\n<\/table>\n<table style=\"width: 0px\">\n<tbody>\n<tr>\n<td style=\"width: 0px\"><\/td>\n<td style=\"width: 0px\"><\/td>\n<\/tr>\n<\/tbody>\n<\/table>\n","protected":false},"excerpt":{"rendered":"<p>Tahar Seghier\u00a0 \u201c Cours Electrotechnique fondamentale I\u00a0\u00bb, DOI:10.13140\/RG.2.2.28251.52001, 2019 Abdellatif Seghiour\u00a0 \u201c Diagnosis of the Induction Machine based on Finite Element Method: Broken Rotor Bar and Dynamic Eccentricity Identification\u2019\u2019 LAP LAMBERT Academic Publishing, 2017, ISBN 978-6202026345 Boubakeur Zegnini, \u00ab\u00a0Caract\u00e9risation des isolants organiques sous contrainte \u00e9lectrique : Etude quantitative des d\u00e9formations m\u00e9caniques induites dans le PEN [&hellip;]<\/p>\n","protected":false},"author":13,"featured_media":0,"parent":0,"menu_order":0,"comment_status":"closed","ping_status":"closed","template":"elementor_header_footer","meta":{"_exactmetrics_skip_tracking":false,"_exactmetrics_sitenote_active":false,"_exactmetrics_sitenote_note":"","_exactmetrics_sitenote_category":0,"footnotes":""},"coauthors":[533,554],"class_list":["post-8732","page","type-page","status-publish","hentry"],"_links":{"self":[{"href":"http:\/\/lagh-univ.dz\/en\/wp-json\/wp\/v2\/pages\/8732","targetHints":{"allow":["GET"]}}],"collection":[{"href":"http:\/\/lagh-univ.dz\/en\/wp-json\/wp\/v2\/pages"}],"about":[{"href":"http:\/\/lagh-univ.dz\/en\/wp-json\/wp\/v2\/types\/page"}],"author":[{"embeddable":true,"href":"http:\/\/lagh-univ.dz\/en\/wp-json\/wp\/v2\/users\/13"}],"replies":[{"embeddable":true,"href":"http:\/\/lagh-univ.dz\/en\/wp-json\/wp\/v2\/comments?post=8732"}],"version-history":[{"count":2,"href":"http:\/\/lagh-univ.dz\/en\/wp-json\/wp\/v2\/pages\/8732\/revisions"}],"predecessor-version":[{"id":29597,"href":"http:\/\/lagh-univ.dz\/en\/wp-json\/wp\/v2\/pages\/8732\/revisions\/29597"}],"wp:attachment":[{"href":"http:\/\/lagh-univ.dz\/en\/wp-json\/wp\/v2\/media?parent=8732"}],"wp:term":[{"taxonomy":"author","embeddable":true,"href":"http:\/\/lagh-univ.dz\/en\/wp-json\/wp\/v2\/coauthors?post=8732"}],"curies":[{"name":"wp","href":"https:\/\/api.w.org\/{rel}","templated":true}]}}