{"id":8734,"date":"2019-01-18T07:58:59","date_gmt":"2019-01-18T09:58:59","guid":{"rendered":"http:\/\/lagh-univ.dz\/laboratoires-des-recherches-ledmascd-production-scientifique-projets-de-recherche\/"},"modified":"2021-06-01T10:47:27","modified_gmt":"2021-06-01T09:47:27","slug":"laboratoires-des-recherches-ledmascd-production-scientifique-projets-de-recherche","status":"publish","type":"page","link":"http:\/\/lagh-univ.dz\/en\/laboratoires-des-recherches-ledmascd-production-scientifique-projets-de-recherche\/","title":{"rendered":"Laboratoires des recherches- LeDMaScD-Production scientifique-Projets de recherche"},"content":{"rendered":"<p>[su_spoiler title=&#8221;Projets de Recherche et de Formations Universitaire PRFU et CNEPRU&#8221; style=&#8221;fancy&#8221;]<\/p>\n<p>01\tIntitul\u00e9\tEtude th\u00e9orique et exp\u00e9rimentale des clathrates et des p\u00e9rovskites pour la conversion de l&#8217;\u00e9nergie : approche ab inition<br \/>\nCode\tA10N01UN030120210001\tAnn\u00e9e d\u2019agr\u00e9ment\t\u00a02021<br \/>\n02\tIntitul\u00e9\tSimulation\u00a0 des propri\u00e9t\u00e9s di\u00e9lectriques et thermiques\u00a0 dans le\u00a0 mat\u00e9riel \u00e9lectrique HT et MT<br \/>\nCode\tA01L07UN030120180002\tAnn\u00e9e d\u2019agr\u00e9ment\t2018<br \/>\n03\tIntitul\u00e9\tContribution \u00e0 l\u2019\u00e9tude par exp\u00e9rimentation et simulation des caract\u00e9ristiques physicochimique des isolants mixtes utilis\u00e9s dans les c\u00e2bles et les transformateurs de puissance\u00a0<br \/>\nCode\tA01L07 UN0301 2018 0001\tAnn\u00e9e d\u2019agr\u00e9ment\t2018<br \/>\n04\tIntitul\u00e9\tEtude\u00a0 des propri\u00e9t\u00e9s\u00a0 de mat\u00e9riaux ferro\u00e9lectriques sans plomb de type (Na0,5Bi0,5TiO3)-BaTiO3 \u00e0 partir de calculs de premiers principes<br \/>\nCode<br \/>\n\tAnn\u00e9e d\u2019agr\u00e9ment\t2018<br \/>\n05\tIntitul\u00e9\tLes Isolants Di\u00e9lectriques de l\u2019Appareillage Haute Tension : Comportement, Vieillissement et Mod\u00e9lisation<br \/>\nCode<br \/>\n\tAnn\u00e9e d\u2019agr\u00e9ment\t\u00a02015<br \/>\n06\tIntitul\u00e9\tD\u00e9veloppement d&#8217;un mod\u00e8le num\u00e9rique\u00a0 pour le calcul des charges d&#8217;espace dans les di\u00e9lectriques multi couches<br \/>\n\u00a0\u00a0\u00a0\u00a0\u00a0 Code<br \/>\n\tAnn\u00e9e d\u2019agr\u00e9ment\t2015<br \/>\n07\tIntitul\u00e9\tAdaptive Nonlinear Control and Observer Design Augmented by Artificial Intelligent Function Approximators for energy conversion applications\u00a0\u00a0\u00a0\u00a0\u00a0\u00a0\u00a0\u00a0\u00a0\u00a0<br \/>\nCode<br \/>\n\tAnn\u00e9e d\u2019agr\u00e9ment\t2014<br \/>\n08\tIntitul\u00e9\tEtude par simulation et exp\u00e9rimentation des propri\u00e9t\u00e9s di\u00e9lectriques des isolants solides utilis\u00e9s dans les \u00e9quipements de puissance.<br \/>\nCode\tA01L07UN030120130004\tAnn\u00e9e d\u2019agr\u00e9ment\t2013<br \/>\n09\tIntitul\u00e9\tContribution \u00e0 la mod\u00e9lisation de perturbations \u00e9lectromagn\u00e9tiques g\u00e9n\u00e9r\u00e9es par des lignes \u00e9lectrique haute tension sur un pipeline.<br \/>\n\u00a0\u00a0\u00a0\u00a0\u00a0 Code\tJ0200820130034\tAnn\u00e9e d\u2019agr\u00e9ment\t2013<br \/>\n10\tIntitul\u00e9\tEtude par simulation du transport \u00e9lectrique dans un poly\u00e9thyl\u00e8ne r\u00e9ticul\u00e9 chimiquement\u00a0 pour c\u00e2ble haute tension<br \/>\nCode<br \/>\n\tAnn\u00e9e d\u2019agr\u00e9ment\t2012<br \/>\n11\tIntitul\u00e9\tImplementation of different PWM techniques for power converter control<br \/>\nCode<br \/>\n\tAnn\u00e9e d\u2019agr\u00e9ment\t2012<br \/>\n12\tIntitul\u00e9\tSynth\u00e8se par voie solide et caract\u00e9risations de c\u00e9ramiques de type 0.935(Bi0.5 Na0.5 TiO3) \u20130.065BaTiO3.<br \/>\nCode<br \/>\n\tAnn\u00e9e d\u2019agr\u00e9ment\t2012<br \/>\n13\tIntitul\u00e9\tEtude de l\u2019impact environnemental d\u2019une station industrielle. Diagnostic et d\u00e9pollution par la haute tension<br \/>\nCode\tJ0200820110014\tAnn\u00e9e d\u2019agr\u00e9ment\t2011<br \/>\n14\tIntitul\u00e9\tEtude des conditions d\u2019apparition des d\u00e9charges partielles dans l\u2019isolation des c\u00e2bles haute tension &#8211; Approche par les courbes de Paschen<br \/>\nCode\tJ0200820110010\tAnn\u00e9e d\u2019agr\u00e9ment\t2011<br \/>\n15\tIntitul\u00e9\tExploration de diff\u00e9rentes techniques de l\u2019intelligence artificielle pour la pr\u00e9diction du contournement \u00e9lectrique des isolateurs haute tension dans leur environnement r\u00e9el<br \/>\nCode\tJ0200820090023\tAnn\u00e9e d\u2019agr\u00e9ment\t2010<br \/>\n16\tIntitul\u00e9\tQuantification des microd\u00e9formations m\u00e9caniques locales induites dans les polym\u00e8res sous contraintes \u00e9lectriques<br \/>\n\u00a0 Code\tJ0200820090001\tAnn\u00e9e d\u2019agr\u00e9ment\t2010<br \/>\n17\tIntitul\u00e9\tOptimisation d&#8217;une mod\u00e9lisation num\u00e9rique des ph\u00e9nom\u00e8nes de transport \u00e9lectrique dans l&#8217;isolant poly\u00e9thyl\u00e8ne sous contrainte \u00e9lectrique<br \/>\n\u00a0 Code\tJ0200820100006\tAnn\u00e9e d\u2019agr\u00e9ment\t2010<br \/>\n18\tIntitul\u00e9\tProposition d\u2019une nouvelle approche dynamique du contournement des isolateurs r\u00e9els<br \/>\nCode<br \/>\n\tAnn\u00e9e d\u2019agr\u00e9ment\t2008<\/p>\n<p>[\/su_spoiler]<\/p>\n<p>[su_spoiler title=&#8221;Projets de Recherche National PNR&#8221; style=&#8221;fancy&#8221;]<\/p>\n<p>01\tIntitul\u00e9\tContribution \u00e0 la d\u00e9tection de vieillissement des \u00e9quipements de moyenne et haute tension par mesure de l\u2019activit\u00e9 des d\u00e9charges partielles<br \/>\nAnn\u00e9e d\u2019agr\u00e9ment\t2011<br \/>\n02\tIntitul\u00e9\tContr\u00f4le et maintenance des transformateurs hautes et tr\u00e8s hautes tensions par le diagnostic de leurs isolants (huiles isolantes) (apport technique moderne)<br \/>\nAnn\u00e9e d\u2019agr\u00e9ment\t2011<br \/>\n03\tIntitul\u00e9\tConception et r\u00e9alisation d\u2019une station solaire intelligente pour l\u2019alimentation en \u00e9lectricit\u00e9 et l\u2019irrigation dans un site isol\u00e9 (r\u00e9gion de Laghouat).<br \/>\nAnn\u00e9e d\u2019agr\u00e9ment\t2011<br \/>\n04\tIntitul\u00e9\tVers une quantification du gisement solaire \u00e0 partir de donn\u00e9es multi sources, caract\u00e9risations du sud alg\u00e9rien.<br \/>\nAnn\u00e9e d\u2019agr\u00e9ment\t2011<br \/>\n05\tIntitul\u00e9\tD\u00e9veloppement et am\u00e9lioration des proc\u00e9d\u00e9s de distribution d\u2019\u00e9nergie \u00e9lectrique : c\u00e2ble souterrain \u00e0 haute tension<br \/>\nAnn\u00e9e d\u2019agr\u00e9ment\t2011<\/p>\n<p>[\/su_spoiler]<\/p>\n","protected":false},"excerpt":{"rendered":"<p>[su_spoiler title=&#8221;Projets de Recherche et de Formations Universitaire PRFU et CNEPRU&#8221; style=&#8221;fancy&#8221;] 01 Intitul\u00e9 Etude th\u00e9orique et exp\u00e9rimentale des clathrates et des p\u00e9rovskites pour la conversion de l&#8217;\u00e9nergie : approche ab inition Code A10N01UN030120210001 Ann\u00e9e d\u2019agr\u00e9ment \u00a02021 02 Intitul\u00e9 Simulation\u00a0 des propri\u00e9t\u00e9s di\u00e9lectriques et thermiques\u00a0 dans le\u00a0 mat\u00e9riel \u00e9lectrique HT et MT Code A01L07UN030120180002 Ann\u00e9e [&hellip;]<\/p>\n","protected":false},"author":13,"featured_media":0,"parent":0,"menu_order":0,"comment_status":"closed","ping_status":"closed","template":"elementor_header_footer","meta":{"_exactmetrics_skip_tracking":false,"_exactmetrics_sitenote_active":false,"_exactmetrics_sitenote_note":"","_exactmetrics_sitenote_category":0,"footnotes":""},"coauthors":[533,554],"class_list":["post-8734","page","type-page","status-publish","hentry"],"_links":{"self":[{"href":"http:\/\/lagh-univ.dz\/en\/wp-json\/wp\/v2\/pages\/8734","targetHints":{"allow":["GET"]}}],"collection":[{"href":"http:\/\/lagh-univ.dz\/en\/wp-json\/wp\/v2\/pages"}],"about":[{"href":"http:\/\/lagh-univ.dz\/en\/wp-json\/wp\/v2\/types\/page"}],"author":[{"embeddable":true,"href":"http:\/\/lagh-univ.dz\/en\/wp-json\/wp\/v2\/users\/13"}],"replies":[{"embeddable":true,"href":"http:\/\/lagh-univ.dz\/en\/wp-json\/wp\/v2\/comments?post=8734"}],"version-history":[{"count":2,"href":"http:\/\/lagh-univ.dz\/en\/wp-json\/wp\/v2\/pages\/8734\/revisions"}],"predecessor-version":[{"id":40098,"href":"http:\/\/lagh-univ.dz\/en\/wp-json\/wp\/v2\/pages\/8734\/revisions\/40098"}],"wp:attachment":[{"href":"http:\/\/lagh-univ.dz\/en\/wp-json\/wp\/v2\/media?parent=8734"}],"wp:term":[{"taxonomy":"author","embeddable":true,"href":"http:\/\/lagh-univ.dz\/en\/wp-json\/wp\/v2\/coauthors?post=8734"}],"curies":[{"name":"wp","href":"https:\/\/api.w.org\/{rel}","templated":true}]}}