{"id":8746,"date":"2019-01-18T08:14:01","date_gmt":"2019-01-18T10:14:01","guid":{"rendered":"http:\/\/lagh-univ.dz\/laboratoires-des-recherches-lrgc-equipes-de-recherche\/"},"modified":"2020-02-19T00:54:03","modified_gmt":"2020-02-19T02:54:03","slug":"laboratoires-des-recherches-lrgc-equipes-de-recherche","status":"publish","type":"page","link":"http:\/\/lagh-univ.dz\/en\/laboratoires-des-recherches-lrgc-equipes-de-recherche\/","title":{"rendered":"Laboratoires des recherches- LRGC-\u00c9quipes de recherche"},"content":{"rendered":"<p style=\"text-align: center\"><span style=\"font-size: 18pt\"><span style=\"color: #000000;font-family: Book Antiqua, Palatino\"><b>Team\u00a0 Of laboratory<\/b><\/span><\/span><\/p>\n<table>\n<tbody>\n<tr>\n<td width=\"196\"><\/td>\n<td width=\"38\"><span style=\"font-family: 'Book Antiqua', Palatino;font-size: 14pt;color: #000000\"><strong>Pr.<\/strong><\/span><\/td>\n<td width=\"44\"><span style=\"font-family: 'Book Antiqua', Palatino;font-size: 14pt;color: #000000\"><strong>MCA<\/strong><\/span><\/td>\n<td width=\"41\"><span style=\"font-family: 'Book Antiqua', Palatino;font-size: 14pt;color: #000000\"><strong>MCB<\/strong><\/span><\/td>\n<td width=\"47\"><span style=\"font-family: 'Book Antiqua', Palatino;font-size: 14pt;color: #000000\"><strong>MAA<\/strong><\/span><\/td>\n<td width=\"42\"><span style=\"font-family: 'Book Antiqua', Palatino;font-size: 14pt;color: #000000\"><strong>MAB<\/strong><\/span><\/td>\n<td width=\"70\"><span style=\"font-family: 'Book Antiqua', Palatino;font-size: 14pt;color: #000000\"><strong>Doctorant<\/strong><\/span><\/td>\n<\/tr>\n<tr>\n<td width=\"196\"><span style=\"font-family: 'Book Antiqua', Palatino;font-size: 14pt;color: #000000\"><strong>Nombre de chercheurs de l&#8217;\u00e9tablissement<\/strong><\/span><\/td>\n<td width=\"38\"><span style=\"font-family: 'Book Antiqua', Palatino;font-size: 14pt;color: #000000\">06<\/span><\/td>\n<td width=\"44\"><span style=\"font-family: 'Book Antiqua', Palatino;font-size: 14pt;color: #000000\">03<\/span><\/td>\n<td width=\"41\"><span style=\"font-family: 'Book Antiqua', Palatino;font-size: 14pt;color: #000000\">04<\/span><\/td>\n<td width=\"47\"><span style=\"font-family: 'Book Antiqua', Palatino;font-size: 14pt;color: #000000\">07<\/span><\/td>\n<td width=\"42\"><\/td>\n<td width=\"70\"><span style=\"font-family: 'Book Antiqua', Palatino;font-size: 14pt;color: #000000\">20<\/span><\/td>\n<\/tr>\n<tr>\n<td width=\"196\"><span style=\"font-family: 'Book Antiqua', Palatino;font-size: 14pt;color: #000000\"><strong>Nombre de chercheurs hors \u00e9tablissement<\/strong><\/span><\/td>\n<td width=\"38\"><\/td>\n<td width=\"44\"><\/td>\n<td width=\"41\"><\/td>\n<td width=\"47\"><span style=\"font-family: 'Book Antiqua', Palatino;font-size: 14pt;color: #000000\">01<\/span><\/td>\n<td width=\"42\"><\/td>\n<td width=\"70\"><\/td>\n<\/tr>\n<\/tbody>\n<\/table>\n<p><span style=\"font-family: 'Book Antiqua', Palatino;font-size: 14pt;color: #000000\"><strong>\u00a0<\/strong><\/span><\/p>\n<table>\n<tbody>\n<tr>\n<td width=\"75\"><span style=\"font-family: 'Book Antiqua', Palatino;font-size: 14pt;color: #000000\"><strong>Equipes<\/strong><\/span><\/td>\n<td width=\"189\"><span style=\"font-family: 'Book Antiqua', Palatino;font-size: 14pt;color: #000000\"><strong>Intitul\u00e9 de l&#8217;\u00e9quipe<\/strong><\/span><\/td>\n<td width=\"85\"><span style=\"font-family: 'Book Antiqua', Palatino;font-size: 14pt;color: #000000\"><strong>Acronyme de l&#8217;\u00e9quipe<\/strong><\/span><\/td>\n<td width=\"131\"><span style=\"font-family: 'Book Antiqua', Palatino;font-size: 14pt;color: #000000\"><strong>Chef d\u2019\u00e9quipe<\/strong><\/span><\/td>\n<\/tr>\n<tr>\n<td width=\"75\"><span style=\"font-family: 'Book Antiqua', Palatino;font-size: 14pt;color: #000000\">Equipe 01<\/span><\/td>\n<td width=\"189\"><span style=\"font-family: 'Book Antiqua', Palatino;font-size: 14pt;color: #000000\">G\u00e9omat\u00e9riaux<\/span><\/td>\n<td width=\"85\"><span style=\"font-family: 'Book Antiqua', Palatino;font-size: 14pt;color: #000000\">GEOMAT<\/span><\/td>\n<td width=\"131\"><span style=\"font-family: 'Book Antiqua', Palatino;font-size: 14pt;color: #000000\">Dr. BENCHAA Benabed<\/span><\/td>\n<\/tr>\n<tr>\n<td width=\"75\"><span style=\"font-family: 'Book Antiqua', Palatino;font-size: 14pt;color: #000000\">Equipe 02<\/span><\/td>\n<td width=\"189\"><span style=\"font-family: 'Book Antiqua', Palatino;font-size: 14pt;color: #000000\">D\u00e9veloppement des Mat\u00e9riaux Composites locaux\u00a0<\/span><\/td>\n<td width=\"85\"><span style=\"font-family: 'Book Antiqua', Palatino;font-size: 14pt;color: #000000\">DMCL<\/span><\/td>\n<td width=\"131\"><span style=\"font-family: 'Book Antiqua', Palatino;font-size: 14pt;color: #000000\">Pr. KHENFER Mohammed Mouldi<\/span><\/td>\n<\/tr>\n<tr>\n<td width=\"75\"><span style=\"font-family: 'Book Antiqua', Palatino;font-size: 14pt;color: #000000\">Equipe 03<\/span><\/td>\n<td width=\"189\"><span style=\"font-family: 'Book Antiqua', Palatino;font-size: 14pt;color: #000000\">Bioclimatique et ph\u00e9nom\u00e8ne de transfert<\/span><\/td>\n<td width=\"85\"><span style=\"font-family: 'Book Antiqua', Palatino;font-size: 14pt;color: #000000\">BIOCLI<\/span><\/td>\n<td width=\"131\"><span style=\"font-family: 'Book Antiqua', Palatino;font-size: 14pt;color: #000000\">Pr. BENCHEIKH Hmida<\/span><\/td>\n<\/tr>\n<tr>\n<td width=\"75\"><span style=\"font-family: 'Book Antiqua', Palatino;font-size: 14pt;color: #000000\">Equipe 04<\/span><\/td>\n<td width=\"189\"><span style=\"font-family: 'Book Antiqua', Palatino;font-size: 14pt;color: #000000\">Valorisation et d\u00e9veloppement des mat\u00e9riaux locaux<\/span><\/td>\n<td width=\"85\"><span style=\"font-family: 'Book Antiqua', Palatino;font-size: 14pt;color: #000000\">VDML<\/span><\/td>\n<td width=\"131\"><span style=\"font-family: 'Book Antiqua', Palatino;font-size: 14pt;color: #000000\">Pr. GOUAL Idriss<\/span><\/td>\n<\/tr>\n<tr>\n<td width=\"75\"><span style=\"font-family: 'Book Antiqua', Palatino;font-size: 14pt;color: #000000\">Equipe 05<\/span><\/td>\n<td width=\"189\"><span style=\"font-family: 'Book Antiqua', Palatino;font-size: 14pt;color: #000000\">G\u00e9otechnique et Environnement<\/span><\/td>\n<td width=\"85\"><span style=\"font-family: 'Book Antiqua', Palatino;font-size: 14pt;color: #000000\">GEOTEN<\/span><\/td>\n<td width=\"131\"><span style=\"font-family: 'Book Antiqua', Palatino;font-size: 14pt;color: #000000\">Pr. GUEDDOUDA Mohamed Kamal<\/span><\/td>\n<\/tr>\n<\/tbody>\n<\/table>\n","protected":false},"excerpt":{"rendered":"<p>Team\u00a0 Of laboratory Pr. MCA MCB MAA MAB Doctorant Nombre de chercheurs de l&#8217;\u00e9tablissement 06 03 04 07 20 Nombre de chercheurs hors \u00e9tablissement 01 \u00a0 Equipes Intitul\u00e9 de l&#8217;\u00e9quipe Acronyme de l&#8217;\u00e9quipe Chef d\u2019\u00e9quipe Equipe 01 G\u00e9omat\u00e9riaux GEOMAT Dr. BENCHAA Benabed Equipe 02 D\u00e9veloppement des Mat\u00e9riaux Composites locaux\u00a0 DMCL Pr. KHENFER Mohammed Mouldi Equipe [&hellip;]<\/p>\n","protected":false},"author":18,"featured_media":0,"parent":0,"menu_order":0,"comment_status":"closed","ping_status":"closed","template":"elementor_header_footer","meta":{"_exactmetrics_skip_tracking":false,"_exactmetrics_sitenote_active":false,"_exactmetrics_sitenote_note":"","_exactmetrics_sitenote_category":0,"footnotes":""},"coauthors":[527],"class_list":["post-8746","page","type-page","status-publish","hentry"],"_links":{"self":[{"href":"http:\/\/lagh-univ.dz\/en\/wp-json\/wp\/v2\/pages\/8746","targetHints":{"allow":["GET"]}}],"collection":[{"href":"http:\/\/lagh-univ.dz\/en\/wp-json\/wp\/v2\/pages"}],"about":[{"href":"http:\/\/lagh-univ.dz\/en\/wp-json\/wp\/v2\/types\/page"}],"author":[{"embeddable":true,"href":"http:\/\/lagh-univ.dz\/en\/wp-json\/wp\/v2\/users\/18"}],"replies":[{"embeddable":true,"href":"http:\/\/lagh-univ.dz\/en\/wp-json\/wp\/v2\/comments?post=8746"}],"version-history":[{"count":9,"href":"http:\/\/lagh-univ.dz\/en\/wp-json\/wp\/v2\/pages\/8746\/revisions"}],"predecessor-version":[{"id":29272,"href":"http:\/\/lagh-univ.dz\/en\/wp-json\/wp\/v2\/pages\/8746\/revisions\/29272"}],"wp:attachment":[{"href":"http:\/\/lagh-univ.dz\/en\/wp-json\/wp\/v2\/media?parent=8746"}],"wp:term":[{"taxonomy":"author","embeddable":true,"href":"http:\/\/lagh-univ.dz\/en\/wp-json\/wp\/v2\/coauthors?post=8746"}],"curies":[{"name":"wp","href":"https:\/\/api.w.org\/{rel}","templated":true}]}}