{"id":9210,"date":"2018-07-18T18:58:07","date_gmt":"2018-07-18T20:58:07","guid":{"rendered":"http:\/\/lagh-univ.dz\/technologie-faculte-secretaire-generale\/"},"modified":"2020-02-10T07:44:50","modified_gmt":"2020-02-10T09:44:50","slug":"technologie-faculte-secretaire-generale","status":"publish","type":"page","link":"http:\/\/lagh-univ.dz\/en\/faculte-de-technologie\/technologie-faculte-secretaire-generale\/","title":{"rendered":"Technologie-Facult\u00e9-Secr\u00e9taire g\u00e9n\u00e9rale"},"content":{"rendered":"<table style=\"height: 122px\" width=\"778\">\n<tbody>\n<tr style=\"height: 231px\">\n<td style=\"width: 594px;height: 231px\">\n<p dir=\"ltr\"><span style=\"font-family: Book Antiqua, Palatino;font-size: 14pt;color: #000000\"><span class=\"tlid-translation translation\" lang=\"en\"><span class=\"\" title=\"\">Miss<\/span><\/span>: Lebgaa Leila<\/span><\/p>\n<p dir=\"ltr\"><span style=\"font-family: Book Antiqua, Palatino;font-size: 14pt;color: #000000\">email: L.Lebgaa@lagh-univ.dz<\/span><\/p>\n<p dir=\"ltr\"><span style=\"font-family: Book Antiqua, Palatino;font-size: 14pt;color: #000000\">tel:0021329115258\/0021329115260<\/span><\/p>\n<p dir=\"ltr\" style=\"text-align: left\"><span style=\"font-family: Book Antiqua, Palatino;font-size: 14pt;color: #000000\">Office:311<\/span><\/p>\n<p dir=\"ltr\" style=\"text-align: left\"><span style=\"font-family: Book Antiqua, Palatino;font-size: 14pt;color: #000000\">fax:0021329115260<\/span><\/p>\n<\/td>\n<td style=\"width: 168px;height: 231px\"><img fetchpriority=\"high\" decoding=\"async\" class=\"alignnone size-medium wp-image-16111\" src=\"http:\/\/lagh-univ.dz\/wp-content\/uploads\/2019\/11\/scretaria-general-300x295.jpg\" alt=\"\" width=\"300\" height=\"295\" srcset=\"http:\/\/lagh-univ.dz\/wp-content\/uploads\/2019\/11\/scretaria-general-300x295.jpg 300w, http:\/\/lagh-univ.dz\/wp-content\/uploads\/2019\/11\/scretaria-general.jpg 511w\" sizes=\"(max-width: 300px) 100vw, 300px\" \/><\/td>\n<\/tr>\n<\/tbody>\n<\/table>\n<p dir=\"ltr\"><span style=\"color: #ff0000;font-family: 'Book Antiqua', Palatino;font-size: 14pt\">\u00a0<\/span><\/p>\n<p dir=\"ltr\" style=\"text-align: left\"><span class=\"tlid-translation translation\" lang=\"en\"><span style=\"color: #ff0000\" title=\"\"><span style=\"font-family: Book Antiqua, Palatino;font-size: 14pt\">The <span title=\"\">General<\/span> Secretary of the faculty<\/span><\/span><\/span><\/p>\n<p dir=\"ltr\" style=\"text-align: left\"><span class=\"tlid-translation translation\" lang=\"en\"><br \/>\n<span style=\"font-family: Book Antiqua, Palatino;font-size: 14pt;color: #000000\"><span title=\"\">\u00a0\u00a0 The structure of the general secretariat of the faculty is a body which ensures the proper functioning of the administration services of the faculty. The general secretariat of the faculty is placed under the responsibility of the Dean of the faculty who is responsible for administrative and financial management<\/span> <span title=\"\">of the faculty<\/span><\/span><br \/>\n<span style=\"font-family: Book Antiqua, Palatino;font-size: 14pt;color: #000000\" title=\"\">&#8211; ensuring the management of the faculty&#8217;s human resources careers.<\/span><br \/>\n<span style=\"font-family: Book Antiqua, Palatino;font-size: 14pt;color: #000000\" title=\"\">&#8211; ensure the management and conservation of the archives and documentation of the faculty,<\/span><br \/>\n<span class=\"\" style=\"font-family: Book Antiqua, Palatino;font-size: 14pt;color: #000000\" title=\"\">&#8211; <span title=\"\">ensuring<\/span>the management and monitoring of the means and maintenance.<\/span><\/span><\/p>\n<p dir=\"ltr\" style=\"text-align: left\"><span class=\"tlid-translation translation\" lang=\"en\" style=\"font-family: Book Antiqua, Palatino;font-size: 14pt\"><span class=\"\" title=\"\"><span style=\"color: #000000\">The general secretariat of the faculty includes three (03) services as indicated below<\/span>:<\/span><\/span><\/p>\n<p dir=\"ltr\" style=\"text-align: left\"><span class=\"tlid-translation translation\" lang=\"en\" style=\"font-family: Book Antiqua, Palatino;font-size: 14pt\"><span style=\"color: #ff0000\" title=\"\">\u00a0\u00a0\u00a0\u00a0\u00a0 -Service of\u00a0 Personnel and training<br \/>\n<\/span><\/span><\/p>\n<p dir=\"ltr\" style=\"text-align: left\"><span class=\"tlid-translation translation\" lang=\"en\" style=\"font-family: Book Antiqua, Palatino;font-size: 14pt;color: #000000\"><span title=\"\"><span style=\"font-size: 14pt;font-family: Book Antiqua, Palatino\">Who <\/span>ensures the management of the faculty&#8217;s human resources careers (Teachers &amp; employees).<\/span><\/span><\/p>\n<p dir=\"ltr\" style=\"text-align: left\"><span class=\"tlid-translation translation\" lang=\"en\" style=\"font-family: Book Antiqua, Palatino;font-size: 14pt;color: #000000\"><span title=\"\"><span class=\"tlid-translation translation\" lang=\"en\">&#8211; head of service:<\/span> Saleh chatti<\/span><br \/>\n<span class=\"\" title=\"\">&#8211; email: S.chatti@lagh-univ.dz<\/span><br \/>\n<span title=\"\">&#8211; tel:<\/span> <span class=\"\" title=\"\">029115260<\/span><\/span><\/p>\n<p dir=\"ltr\" style=\"text-align: left\"><span style=\"font-family: Book Antiqua, Palatino;font-size: 14pt\"><span style=\"color: #ff0000\">\u00a0 \u00a0 \u00a0 <span style=\"font-family: Book Antiqua, Palatino;font-size: 14pt\">&#8211;\u00a0 <span class=\"tlid-translation translation\" lang=\"en\"><span title=\"\">Service <\/span>of\u00a0 <span class=\"\" title=\"\">finance and accounting<\/span><\/span><\/span><\/span><\/span><br \/>\n<span class=\"tlid-translation translation\" lang=\"en\" style=\"font-family: Book Antiqua, Palatino;font-size: 14pt;color: #000000\"> W<span class=\"\" title=\"\">ho prepares the draft budget the faculty<\/span><\/span><br \/>\n<span style=\"font-family: Book Antiqua, Palatino;font-size: 14pt;color: #000000\">&#8211; <span class=\"tlid-translation translation\" lang=\"en\"><span title=\"\">head of service<\/span><\/span>: Guesmia taher<\/span><br \/>\n<span style=\"font-family: Book Antiqua, Palatino;font-size: 14pt;color: #000000\">&#8211; email:<\/span><br \/>\n<span style=\"font-family: Book Antiqua, Palatino;font-size: 14pt;color: #000000\">&#8211; tel:029115260<\/span><\/p>\n<p dir=\"ltr\" style=\"text-align: left\"><span class=\"tlid-translation translation\" lang=\"en\" style=\"font-family: Book Antiqua, Palatino;font-size: 14pt\"><span style=\"color: #ff0000\" title=\"\">\u00a0\u00a0\u00a0\u00a0\u00a0 &#8211; Means and maintenance service<\/span><\/span><\/p>\n<p dir=\"ltr\" style=\"text-align: left\"><span class=\"tlid-translation translation\" lang=\"en\" style=\"font-family: Book Antiqua, Palatino;font-size: 14pt\"><span style=\"color: #000000\" title=\"\">Who ensures management and monitoring of means and maintenance<\/span><br \/>\n<span style=\"color: #000000\" title=\"\">&#8211; <span class=\"tlid-translation translation\" lang=\"en\">head of service<\/span>: hamedi khaled<\/span><br \/>\n<span style=\"color: #000000\" title=\"\">&#8211; email: hamdikhaled03@gmail.com<\/span><br \/>\n<span class=\"\" style=\"color: #000000\" title=\"\">&#8211; tel: 029115260<\/span><\/span><\/p>\n<p>&nbsp;<\/p>\n<p>&nbsp;<\/p>\n<p>&nbsp;<\/p>\n<p>&nbsp;<\/p>\n<p>&nbsp;<\/p>\n","protected":false},"excerpt":{"rendered":"<p>Miss: Lebgaa Leila email: L.Lebgaa@lagh-univ.dz tel:0021329115258\/0021329115260 Office:311 fax:0021329115260 \u00a0 The General Secretary of the faculty \u00a0\u00a0 The structure of the general secretariat of the faculty is a body which ensures the proper functioning of the administration services of the faculty. The general secretariat of the faculty is placed under the responsibility of the Dean of [&hellip;]<\/p>\n","protected":false},"author":1,"featured_media":0,"parent":6783,"menu_order":0,"comment_status":"closed","ping_status":"closed","template":"elementor_header_footer","meta":{"_exactmetrics_skip_tracking":false,"_exactmetrics_sitenote_active":false,"_exactmetrics_sitenote_note":"","_exactmetrics_sitenote_category":0,"footnotes":""},"coauthors":[217,533],"class_list":["post-9210","page","type-page","status-publish","hentry"],"_links":{"self":[{"href":"http:\/\/lagh-univ.dz\/en\/wp-json\/wp\/v2\/pages\/9210","targetHints":{"allow":["GET"]}}],"collection":[{"href":"http:\/\/lagh-univ.dz\/en\/wp-json\/wp\/v2\/pages"}],"about":[{"href":"http:\/\/lagh-univ.dz\/en\/wp-json\/wp\/v2\/types\/page"}],"author":[{"embeddable":true,"href":"http:\/\/lagh-univ.dz\/en\/wp-json\/wp\/v2\/users\/1"}],"replies":[{"embeddable":true,"href":"http:\/\/lagh-univ.dz\/en\/wp-json\/wp\/v2\/comments?post=9210"}],"version-history":[{"count":7,"href":"http:\/\/lagh-univ.dz\/en\/wp-json\/wp\/v2\/pages\/9210\/revisions"}],"predecessor-version":[{"id":24652,"href":"http:\/\/lagh-univ.dz\/en\/wp-json\/wp\/v2\/pages\/9210\/revisions\/24652"}],"up":[{"embeddable":true,"href":"http:\/\/lagh-univ.dz\/en\/wp-json\/wp\/v2\/pages\/6783"}],"wp:attachment":[{"href":"http:\/\/lagh-univ.dz\/en\/wp-json\/wp\/v2\/media?parent=9210"}],"wp:term":[{"taxonomy":"author","embeddable":true,"href":"http:\/\/lagh-univ.dz\/en\/wp-json\/wp\/v2\/coauthors?post=9210"}],"curies":[{"name":"wp","href":"https:\/\/api.w.org\/{rel}","templated":true}]}}