{"id":9313,"date":"2018-07-21T11:19:06","date_gmt":"2018-07-21T11:19:06","guid":{"rendered":"http:\/\/lagh-univ.dz\/technologie-departement-electronique-formations-licence\/"},"modified":"2020-01-16T07:59:14","modified_gmt":"2020-01-16T09:59:14","slug":"technologie-departement-electronique-formations-licence","status":"publish","type":"page","link":"http:\/\/lagh-univ.dz\/en\/technologie-departement-electronique\/technologie-departement-electronique-formations-licence\/","title":{"rendered":"Technologie-Departement- Electronique- formations -licence"},"content":{"rendered":"<table class=\" alignleft\" style=\"height: 45px;width: 533px\" width=\"442\">\n<tbody>\n<tr style=\"height: 44px\">\n<td dir=\"rtl\" style=\"width: 523px;background-color: #f5bc11;border-color: #e88307;height: 44px;text-align: left\"><span style=\"font-family: 'Book Antiqua', Palatino;font-size: 14pt;color: #000000\"> The Sectors and Specialties of licence in <span class=\"tlid-translation translation\" lang=\"en\"><span class=\"\" title=\"\">Electronic<\/span><\/span> <u><br \/>\n<\/u><\/span><\/td>\n<\/tr>\n<\/tbody>\n<\/table>\n<p>&nbsp;<\/p>\n<p>&nbsp;<\/p>\n<table class=\" alignleft\" style=\"height: 239px\" width=\"463\">\n<tbody>\n<tr style=\"height: 56px\">\n<td dir=\"ltr\" style=\"height: 56px;width: 229.067px;background-color: #165cf2\"><span style=\"color: #ffffff;font-family: Book Antiqua, Palatino;font-size: 14pt\">Sectors<\/span><\/td>\n<td style=\"height: 56px;width: 217.933px;background-color: #165cf2\">\n<p dir=\"ltr\"><span style=\"color: #ffffff;font-family: Book Antiqua, Palatino;font-size: 14pt\">Specialties<\/span><\/p>\n<\/td>\n<\/tr>\n<tr style=\"height: 24px\">\n<td dir=\"ltr\" style=\"height: 80px;width: 229.067px\" rowspan=\"2\"><span class=\"tlid-translation translation\" lang=\"en\" style=\"font-family: Book Antiqua, Palatino;font-size: 14pt\"><span class=\"\" title=\"\">Electronic<\/span><\/span><\/td>\n<td dir=\"ltr\" style=\"height: 24px;width: 217.933px\"><span class=\"tlid-translation translation\" lang=\"en\" style=\"font-family: Book Antiqua, Palatino;font-size: 14pt\"><span class=\"\" title=\"\">Electronic<\/span><\/span><\/td>\n<\/tr>\n<tr style=\"height: 56px\">\n<td style=\"height: 56px;width: 217.933px\">\n<p dir=\"ltr\"><span class=\"tlid-translation translation\" lang=\"en\" style=\"font-family: Book Antiqua, Palatino;font-size: 14pt\"><span class=\"\" title=\"\">Industrial computing<\/span><\/span><\/p>\n<\/td>\n<\/tr>\n<tr style=\"height: 56px\">\n<td style=\"height: 56px;width: 229.067px\">\n<p dir=\"ltr\"><span style=\"font-family: Book Antiqua, Palatino;font-size: 14pt\">t\u00e9l\u00e9communications<\/span><\/p>\n<\/td>\n<td style=\"height: 56px;width: 217.933px\">\n<p dir=\"ltr\"><span style=\"font-family: Book Antiqua, Palatino;font-size: 14pt\">t\u00e9l\u00e9communications<\/span><\/p>\n<\/td>\n<\/tr>\n<\/tbody>\n<\/table>\n","protected":false},"excerpt":{"rendered":"<p>The Sectors and Specialties of licence in Electronic &nbsp; &nbsp; Sectors Specialties Electronic Electronic Industrial computing t\u00e9l\u00e9communications t\u00e9l\u00e9communications<\/p>\n","protected":false},"author":13,"featured_media":0,"parent":9222,"menu_order":0,"comment_status":"closed","ping_status":"closed","template":"elementor_header_footer","meta":{"_exactmetrics_skip_tracking":false,"_exactmetrics_sitenote_active":false,"_exactmetrics_sitenote_note":"","_exactmetrics_sitenote_category":0,"footnotes":""},"coauthors":[533],"class_list":["post-9313","page","type-page","status-publish","hentry"],"_links":{"self":[{"href":"http:\/\/lagh-univ.dz\/en\/wp-json\/wp\/v2\/pages\/9313","targetHints":{"allow":["GET"]}}],"collection":[{"href":"http:\/\/lagh-univ.dz\/en\/wp-json\/wp\/v2\/pages"}],"about":[{"href":"http:\/\/lagh-univ.dz\/en\/wp-json\/wp\/v2\/types\/page"}],"author":[{"embeddable":true,"href":"http:\/\/lagh-univ.dz\/en\/wp-json\/wp\/v2\/users\/13"}],"replies":[{"embeddable":true,"href":"http:\/\/lagh-univ.dz\/en\/wp-json\/wp\/v2\/comments?post=9313"}],"version-history":[{"count":6,"href":"http:\/\/lagh-univ.dz\/en\/wp-json\/wp\/v2\/pages\/9313\/revisions"}],"predecessor-version":[{"id":21568,"href":"http:\/\/lagh-univ.dz\/en\/wp-json\/wp\/v2\/pages\/9313\/revisions\/21568"}],"up":[{"embeddable":true,"href":"http:\/\/lagh-univ.dz\/en\/wp-json\/wp\/v2\/pages\/9222"}],"wp:attachment":[{"href":"http:\/\/lagh-univ.dz\/en\/wp-json\/wp\/v2\/media?parent=9313"}],"wp:term":[{"taxonomy":"author","embeddable":true,"href":"http:\/\/lagh-univ.dz\/en\/wp-json\/wp\/v2\/coauthors?post=9313"}],"curies":[{"name":"wp","href":"https:\/\/api.w.org\/{rel}","templated":true}]}}