{"id":9319,"date":"2018-07-21T11:16:21","date_gmt":"2018-07-21T11:16:21","guid":{"rendered":"http:\/\/lagh-univ.dz\/technologie-departement-genie-des-procedes-presentation\/"},"modified":"2020-02-14T14:16:29","modified_gmt":"2020-02-14T16:16:29","slug":"technologie-departement-genie-des-procedes-presentation","status":"publish","type":"page","link":"http:\/\/lagh-univ.dz\/en\/technologie-departement-genie-des-procedes\/technologie-departement-genie-des-procedes-presentation\/","title":{"rendered":"Technologie-Departement- g\u00e9nie des proc\u00e9d\u00e9s-presentation"},"content":{"rendered":"<p dir=\"ltr\" style=\"text-align: left\"><span style=\"font-family: 'Book Antiqua', Palatino;font-size: 14pt;color: #000000\">\u00a0 \u00a0 <img fetchpriority=\"high\" decoding=\"async\" class=\"size-full wp-image-26346 alignleft\" src=\"http:\/\/lagh-univ.dz\/wp-content\/uploads\/2020\/02\/images-1.jpg\" alt=\"\" width=\"275\" height=\"183\" \/><\/span><\/p>\n<p dir=\"ltr\" style=\"text-align: center\"><span style=\"font-family: 'Book Antiqua', Palatino;font-size: 24pt;color: #0000ff\"><span style=\"color: #0000ff;font-family: Book Antiqua, Palatino\"><span style=\"font-size: 32px\"><b>D\u00e9partement<\/b><\/span><\/span><strong style=\"color: #0000ff;font-family: 'Book Antiqua', Palatino;font-size: 24pt\">\u00a0of Process Engineering<\/strong><\/span><\/p>\n<hr \/>\n<p dir=\"ltr\" style=\"text-align: left\"><span style=\"font-family: 'Book Antiqua', Palatino;font-size: 14pt;color: #000000\">\u00a0 \u00a0 \u00a0 \u00a0 \u00a0 <\/span><\/p>\n<p dir=\"ltr\" style=\"text-align: left\"><span style=\"font-family: 'Book Antiqua', Palatino;font-size: 14pt;color: #000000\">\u00a0 <\/span><\/p>\n<p dir=\"ltr\" style=\"text-align: left\"><span style=\"font-family: 'Book Antiqua', Palatino;font-size: 14pt;color: #000000\">The department was launched under the name of &#8220;Industrial Chemistry&#8221; at the Faculty of Science and Engineering Sciences from 1996\/1997. The Department continued to train engineers and short-term training \/ Diploma in Applied University Studies (DEUA) in the following disciplines:<\/span><\/p>\n<ol style=\"text-align: left\">\n<li><strong><span style=\"font-family: 'Book Antiqua', Palatino;font-size: 14pt;color: #ff00ff\">&#8211; Engineers:<\/span><\/strong><\/li>\n<\/ol>\n<p dir=\"ltr\" style=\"text-align: left\"><span style=\"font-family: 'Book Antiqua', Palatino;font-size: 14pt;color: #000000\"><img decoding=\"async\" class=\"alignright\" style=\"font-size: 18.6667px\" src=\"http:\/\/old.lagh-univ.dz\/wp-content\/uploads\/2014\/06\/dep_BIO-300x287.jpg\" alt=\"dep_BIO\" width=\"218\" height=\"209\" \/>&#8211; chemical engineering<\/span><\/p>\n<p dir=\"ltr\" style=\"text-align: left\"><span style=\"font-family: 'Book Antiqua', Palatino;font-size: 14pt;color: #000000\">&#8211; Organic methods engineering<\/span><\/p>\n<p dir=\"ltr\" style=\"text-align: left\"><span style=\"font-family: 'Book Antiqua', Palatino;font-size: 14pt;color: #000000\">&#8211; Pharmaceutical methods engineering<\/span><\/p>\n<ol style=\"text-align: left\" start=\"2\">\n<li><strong><span style=\"font-family: 'Book Antiqua', Palatino;font-size: 14pt;color: #ff00ff\">-Short Term \/ Diploma of Applied University Studies (DEUA):<\/span><\/strong><\/li>\n<\/ol>\n<p dir=\"ltr\" style=\"text-align: left\"><span style=\"font-family: 'Book Antiqua', Palatino;font-size: 14pt;color: #000000\">&#8211; analysis<\/span><\/p>\n<p dir=\"ltr\" style=\"text-align: left\"><span style=\"font-family: 'Book Antiqua', Palatino;font-size: 14pt;color: #000000\">In accordance with the ministerial decision of September 30, 2010, the new designation of the department has been approved by the Process Engineering department.<\/span><\/p>\n<p dir=\"ltr\" style=\"text-align: left\"><span style=\"font-family: 'Book Antiqua', Palatino;font-size: 14pt;color: #000000\">After the creation of the Faculty of Technology in accordance with Executive Decree No. 10-198 of 15 Ramadan 1431 corresponding to August 25, 2010. After the adoption of the decision to divide the Faculty of Science and Engineering of July 2011 in two colleges: the Faculty of Science and the Faculty of Technology. The department has joined the Faculty of Technology.<\/span><\/p>\n<p dir=\"ltr\" style=\"text-align: left\"><span style=\"font-family: 'Book Antiqua', Palatino;font-size: 14pt;color: #000000\">As part of the reforms introduced by the Algerian university, the LMD system was adopted,<\/span><\/p>\n<p dir=\"ltr\" style=\"text-align: left\"><span style=\"font-family: 'Book Antiqua', Palatino;font-size: 14pt;color: #000000\">Bachelor- Master -Doctorate- Specialization in engineering methods in 2007\/2008.<\/span><\/p>\n<p dir=\"ltr\" style=\"text-align: left\"><span style=\"font-family: 'Book Antiqua', Palatino;font-size: 14pt;color: #000000\">The first Bachelor training was launched in parallel with classical training, then with the opening of other specializations, offering students new horizons to progress towards disciplines corresponding to future needs, whether in the field of scientific research or in that applied to the industrial sector.<\/span><\/p>\n<p dir=\"ltr\" style=\"text-align: left\">\n","protected":false},"excerpt":{"rendered":"<p>\u00a0 \u00a0 D\u00e9partement\u00a0of Process Engineering \u00a0 \u00a0 \u00a0 \u00a0 \u00a0 \u00a0 The department was launched under the name of &#8220;Industrial Chemistry&#8221; at the Faculty of Science and Engineering Sciences from 1996\/1997. The Department continued to train engineers and short-term training \/ Diploma in Applied University Studies (DEUA) in the following disciplines: &#8211; Engineers: &#8211; chemical [&hellip;]<\/p>\n","protected":false},"author":13,"featured_media":0,"parent":9224,"menu_order":0,"comment_status":"closed","ping_status":"closed","template":"elementor_header_footer","meta":{"_exactmetrics_skip_tracking":false,"_exactmetrics_sitenote_active":false,"_exactmetrics_sitenote_note":"","_exactmetrics_sitenote_category":0,"footnotes":""},"coauthors":[533],"class_list":["post-9319","page","type-page","status-publish","hentry"],"_links":{"self":[{"href":"http:\/\/lagh-univ.dz\/en\/wp-json\/wp\/v2\/pages\/9319","targetHints":{"allow":["GET"]}}],"collection":[{"href":"http:\/\/lagh-univ.dz\/en\/wp-json\/wp\/v2\/pages"}],"about":[{"href":"http:\/\/lagh-univ.dz\/en\/wp-json\/wp\/v2\/types\/page"}],"author":[{"embeddable":true,"href":"http:\/\/lagh-univ.dz\/en\/wp-json\/wp\/v2\/users\/13"}],"replies":[{"embeddable":true,"href":"http:\/\/lagh-univ.dz\/en\/wp-json\/wp\/v2\/comments?post=9319"}],"version-history":[{"count":2,"href":"http:\/\/lagh-univ.dz\/en\/wp-json\/wp\/v2\/pages\/9319\/revisions"}],"predecessor-version":[{"id":26353,"href":"http:\/\/lagh-univ.dz\/en\/wp-json\/wp\/v2\/pages\/9319\/revisions\/26353"}],"up":[{"embeddable":true,"href":"http:\/\/lagh-univ.dz\/en\/wp-json\/wp\/v2\/pages\/9224"}],"wp:attachment":[{"href":"http:\/\/lagh-univ.dz\/en\/wp-json\/wp\/v2\/media?parent=9319"}],"wp:term":[{"taxonomy":"author","embeddable":true,"href":"http:\/\/lagh-univ.dz\/en\/wp-json\/wp\/v2\/coauthors?post=9319"}],"curies":[{"name":"wp","href":"https:\/\/api.w.org\/{rel}","templated":true}]}}