{"id":9327,"date":"2018-07-21T11:20:24","date_gmt":"2018-07-21T11:20:24","guid":{"rendered":"http:\/\/lagh-univ.dz\/technologie-departement-genie-des-procedes-emploi-du-temps-master\/"},"modified":"2020-02-17T08:32:30","modified_gmt":"2020-02-17T10:32:30","slug":"technologie-departement-genie-des-procedes-emploi-du-temps-master","status":"publish","type":"page","link":"http:\/\/lagh-univ.dz\/en\/technologie-departement-genie-des-procedes\/technologie-departement-genie-des-procedes-emploi-du-temps-master\/","title":{"rendered":"Technologie-Departement- g\u00e9nie des proc\u00e9d\u00e9s- Emploi du temps -master"},"content":{"rendered":"<p dir=\"ltr\" style=\"text-align: left\"><img decoding=\"async\" class=\"wp-image-19603 alignnone\" src=\"http:\/\/lagh-univ.dz\/wp-content\/uploads\/2019\/11\/images-2.jpg\" alt=\"\" width=\"94\" height=\"94\" srcset=\"http:\/\/lagh-univ.dz\/wp-content\/uploads\/2019\/11\/images-2.jpg 225w, http:\/\/lagh-univ.dz\/wp-content\/uploads\/2019\/11\/images-2-150x150.jpg 150w\" sizes=\"(max-width: 94px) 100vw, 94px\" \/><\/p>\n<p dir=\"ltr\">\n<p dir=\"ltr\" style=\"text-align: left\"><span style=\"font-family: Book Antiqua, Palatino;font-size: 14pt;color: #000000\"><div class='w3eden'><!-- WPDM Link Template: Default Template -->\n\n<div class=\"link-template-default card mb-2\">\n    <div class=\"card-body\">\n        <div class=\"media\">\n            <div class=\"mr-3 img-48\"><img decoding=\"async\" class=\"wpdm_icon\" alt=\"Icon\"   src=\"http:\/\/lagh-univ.dz\/wp-content\/plugins\/download-manager\/assets\/file-type-icons\/pdf.svg\" \/><\/div>\n            <div class=\"media-body\">\n                <h3 class=\"package-title\"><a href='http:\/\/lagh-univ.dz\/en\/download\/time-scedules-master1-process-engineering\/'>Time scedules Master1-Process Engineering<\/a><\/h3>\n                <div class=\"text-muted text-small\"><i class=\"fas fa-copy\"><\/i> 1 file(s) <i class=\"fas fa-hdd ml-3\"><\/i> 563.97 KB<\/div>\n            <\/div>\n            <div class=\"ml-3\">\n                <a class='wpdm-download-link download-on-click btn btn-primary btn-xs' rel='nofollow' href='#' data-downloadurl=\"http:\/\/lagh-univ.dz\/en\/download\/time-scedules-master1-process-engineering\/?wpdmdl=20113&refresh=69d526ea06cb21775576810\">Download<\/a>\n            <\/div>\n        <\/div>\n    <\/div>\n<\/div>\n\n<\/div><\/span><\/p>\n<p dir=\"ltr\" style=\"text-align: left\"><span style=\"font-family: Book Antiqua, Palatino;font-size: 14pt;color: #000000\"><div class='w3eden'><!-- WPDM Link Template: Default Template -->\n\n<div class=\"link-template-default card mb-2\">\n    <div class=\"card-body\">\n        <div class=\"media\">\n            <div class=\"mr-3 img-48\"><img decoding=\"async\" class=\"wpdm_icon\" alt=\"Icon\"   src=\"http:\/\/lagh-univ.dz\/wp-content\/plugins\/download-manager\/assets\/file-type-icons\/pdf.svg\" \/><\/div>\n            <div class=\"media-body\">\n                <h3 class=\"package-title\"><a href='http:\/\/lagh-univ.dz\/en\/download\/time-scedules-master2-process-engineering\/'>Time scedules Master2-Process Engineering<\/a><\/h3>\n                <div class=\"text-muted text-small\"><i class=\"fas fa-copy\"><\/i> 1 file(s) <i class=\"fas fa-hdd ml-3\"><\/i> 367.74 KB<\/div>\n            <\/div>\n            <div class=\"ml-3\">\n                <a class='wpdm-download-link download-on-click btn btn-primary btn-xs' rel='nofollow' href='#' data-downloadurl=\"http:\/\/lagh-univ.dz\/en\/download\/time-scedules-master2-process-engineering\/?wpdmdl=20114&refresh=69d526ea0e8761775576810\">Download<\/a>\n            <\/div>\n        <\/div>\n    <\/div>\n<\/div>\n\n<\/div><\/span><\/p>\n<hr \/>\n<p dir=\"ltr\"><span style=\"font-family: Book Antiqua, Palatino;font-size: 14pt;color: #000000\"><div class='w3eden'><!-- WPDM Link Template: Default Template -->\n\n<div class=\"link-template-default card mb-2\">\n    <div class=\"card-body\">\n        <div class=\"media\">\n            <div class=\"mr-3 img-48\"><img decoding=\"async\" class=\"wpdm_icon\" alt=\"Icon\"   src=\"http:\/\/lagh-univ.dz\/wp-content\/plugins\/download-manager\/assets\/file-type-icons\/pdf.svg\" \/><\/div>\n            <div class=\"media-body\">\n                <h3 class=\"package-title\"><a href='http:\/\/lagh-univ.dz\/en\/download\/time-scedules-master-second-semestre-process-engineering\/'>Time scedules Master second semestre-Process Engineering<\/a><\/h3>\n                <div class=\"text-muted text-small\"><i class=\"fas fa-copy\"><\/i> 1 file(s) <i class=\"fas fa-hdd ml-3\"><\/i> 501.61 KB<\/div>\n            <\/div>\n            <div class=\"ml-3\">\n                <a class='wpdm-download-link download-on-click btn btn-primary btn-xs' rel='nofollow' href='#' data-downloadurl=\"http:\/\/lagh-univ.dz\/en\/download\/time-scedules-master-second-semestre-process-engineering\/?wpdmdl=27765&refresh=69d526ea1683a1775576810\">Download<\/a>\n            <\/div>\n        <\/div>\n    <\/div>\n<\/div>\n\n<\/div><\/span><\/p>\n","protected":false},"excerpt":{"rendered":"","protected":false},"author":13,"featured_media":0,"parent":9224,"menu_order":0,"comment_status":"closed","ping_status":"closed","template":"elementor_header_footer","meta":{"_exactmetrics_skip_tracking":false,"_exactmetrics_sitenote_active":false,"_exactmetrics_sitenote_note":"","_exactmetrics_sitenote_category":0,"footnotes":""},"coauthors":[533],"class_list":["post-9327","page","type-page","status-publish","hentry"],"_links":{"self":[{"href":"http:\/\/lagh-univ.dz\/en\/wp-json\/wp\/v2\/pages\/9327","targetHints":{"allow":["GET"]}}],"collection":[{"href":"http:\/\/lagh-univ.dz\/en\/wp-json\/wp\/v2\/pages"}],"about":[{"href":"http:\/\/lagh-univ.dz\/en\/wp-json\/wp\/v2\/types\/page"}],"author":[{"embeddable":true,"href":"http:\/\/lagh-univ.dz\/en\/wp-json\/wp\/v2\/users\/13"}],"replies":[{"embeddable":true,"href":"http:\/\/lagh-univ.dz\/en\/wp-json\/wp\/v2\/comments?post=9327"}],"version-history":[{"count":6,"href":"http:\/\/lagh-univ.dz\/en\/wp-json\/wp\/v2\/pages\/9327\/revisions"}],"predecessor-version":[{"id":27787,"href":"http:\/\/lagh-univ.dz\/en\/wp-json\/wp\/v2\/pages\/9327\/revisions\/27787"}],"up":[{"embeddable":true,"href":"http:\/\/lagh-univ.dz\/en\/wp-json\/wp\/v2\/pages\/9224"}],"wp:attachment":[{"href":"http:\/\/lagh-univ.dz\/en\/wp-json\/wp\/v2\/media?parent=9327"}],"wp:term":[{"taxonomy":"author","embeddable":true,"href":"http:\/\/lagh-univ.dz\/en\/wp-json\/wp\/v2\/coauthors?post=9327"}],"curies":[{"name":"wp","href":"https:\/\/api.w.org\/{rel}","templated":true}]}}