{"id":9518,"date":"2018-07-18T18:58:28","date_gmt":"2018-07-18T18:58:28","guid":{"rendered":"http:\/\/lagh-univ.dz\/medcine-faculte-secretaire-generale\/"},"modified":"2026-01-22T09:57:04","modified_gmt":"2026-01-22T08:57:04","slug":"medcine-faculte-secretaire-generale","status":"publish","type":"page","link":"http:\/\/lagh-univ.dz\/en\/medcine-faculte\/medcine-faculte-secretaire-generale\/","title":{"rendered":"Medcine-Facult\u00e9-Secr\u00e9taire g\u00e9n\u00e9rale"},"content":{"rendered":"<p dir=\"ltr\" style=\"text-align: center\"><span style=\"font-size: 18pt;font-family: Book Antiqua, Palatino;color: #000080\"><strong>General Secretariat<\/strong><\/span><\/p>\n<p dir=\"ltr\"><span style=\"font-size: 14pt;color: #000000\"><span style=\"font-family: Book Antiqua, Palatino\"><span style=\"font-size: 18pt\"><strong>Secretary General : OTMANI\u00a0 FADILA<\/strong><\/span><\/span><\/span><\/p>\n<p dir=\"ltr\"><span style=\"font-size: 14pt;font-family: Book Antiqua, Palatino;color: #000000\"><strong>Administrator Advisor<\/strong><\/span><\/p>\n<p dir=\"ltr\"><span style=\"font-size: 14pt;font-family: Book Antiqua, Palatino\"><strong><span style=\"color: #000000\">E-mail: f.otmani@lagh-univ.dz<\/span><\/strong><\/span><span style=\"font-size: 14pt;font-family: Book Antiqua, Palatino\">\u00a0 \u00a0 \u00a0 \u00a0 \u00a0 \u00a0 \u00a0 \u00a0 \u00a0 \u00a0 \u00a0 \u00a0 \u00a0 \u00a0 \u00a0 \u00a0 \u00a0 \u00a0 \u00a0 \u00a0 \u00a0 \u00a0 \u00a0 \u00a0 \u00a0 \u00a0 \u00a0 \u00a0 \u00a0<\/span><\/p>\n<p dir=\"ltr\"><span style=\"font-size: 14pt;font-family: Book Antiqua, Palatino;color: #000000\">The Faculty of Medicine of Amar TELIDJI University in Laghouat today begins its sixth year since its creation Proud of our faculty and its teachers with great energy and serenity.<\/span><\/p>\n<p dir=\"ltr\"><span style=\"font-size: 14pt;font-family: Book Antiqua, Palatino;color: #000000\">I thank our teachers for all the efforts made to meet the challenge of the young faculty which also received more than 100 hospitalo-university teachers invited since its inauguration to participate in this effort of medical training.<\/span><\/p>\n<p dir=\"ltr\"><span style=\"font-size: 14pt;font-family: Book Antiqua, Palatino;color: #000000\">If you plan to enroll in the faculty of Laghouat, the best welcome will be reserved for you: a quality coaching, equipped TP structures, a pleasant environment.<\/span><\/p>\n<p dir=\"ltr\"><span style=\"font-size: 14pt;font-family: Book Antiqua, Palatino;color: #000000\">Prerogatives of the Secretary General of the faculty<\/span><\/p>\n<p dir=\"ltr\"><span style=\"font-size: 14pt;font-family: Book Antiqua, Palatino;color: #000000\">&#8211; Prepare and implement the faculty\u2019s draft human resources management plan<\/span><\/p>\n<p dir=\"ltr\"><span style=\"font-size: 14pt;font-family: Book Antiqua, Palatino;color: #000000\">&#8211; Managing the career of faculty employees<\/span><\/p>\n<p dir=\"ltr\"><span style=\"font-size: 14pt;font-family: Book Antiqua, Palatino;color: #000000\">&#8211; Ensure and preserve the archives and documentation of the faculty.<\/span><\/p>\n<p dir=\"ltr\"><span style=\"font-size: 14pt;font-family: Book Antiqua, Palatino;color: #000000\">&#8211; Prepare the faculty\u2019s draft budget and ensure its implementation.<\/span><\/p>\n<p dir=\"ltr\"><span style=\"font-size: 14pt;font-family: Book Antiqua, Palatino;color: #000000\">&#8211; Promote the scientific, cultural and sporting activities of students.- G\u00e9rer les moyens mobiliers et immobiliers de la facult\u00e9 et veiller \u00e0 leur entretien.<\/span><\/p>\n<p dir=\"ltr\"><span style=\"font-size: 14pt;font-family: Book Antiqua, Palatino;color: #000000\">&#8211; Ensure implementation of the faculty\u2019s internal security plan<\/span><\/p>\n<p dir=\"ltr\"><span style=\"font-size: 14pt;font-family: Book Antiqua, Palatino;color: #000000\">The administrative departments of the General Secretariat<\/span><\/p>\n<p dir=\"ltr\"><span style=\"font-size: 14pt;font-family: Book Antiqua, Palatino;color: #000000\">1-Personnel Services<\/span><\/p>\n<p dir=\"ltr\"><span style=\"font-size: 14pt;font-family: Book Antiqua, Palatino;color: #000000\">2-Budget and Accounting Department<\/span><\/p>\n<p dir=\"ltr\"><span style=\"font-size: 14pt;font-family: Book Antiqua, Palatino;color: #000000\">3-Service of Means and Maintenance<\/span><\/p>\n<p dir=\"ltr\"><span style=\"font-size: 14pt;font-family: Book Antiqua, Palatino;color: #000000\">4-Service of scientific, cultural and sporting activities<\/span><\/p>\n<p dir=\"ltr\"><span style=\"color: #000000;font-size: 14pt;font-family: Book Antiqua, Palatino\">5- N.BENFERHAT <\/span><span style=\"color: #000000;font-size: 14pt;font-family: Book Antiqua, Palatino\">Engineer d\u2019Etat en informatique<\/span><\/p>\n<p dir=\"ltr\"><span style=\"color: #000000;font-size: 14pt;font-family: Book Antiqua, Palatino\">Responsible<\/span><\/p>\n<p dir=\"ltr\"><span style=\"color: #000000;font-size: 14pt;font-family: Book Antiqua, Palatino\">The Website and Digitization Unit of the Faculty of Medicine is responsible for:<\/span><\/p>\n<ul>\n<li><span style=\"color: #000000;font-size: 14pt;font-family: Book Antiqua, Palatino\">monitor the digitization of the faculty administration<\/span><\/li>\n<li><span style=\"color: #000000;font-size: 14pt;font-family: Book Antiqua, Palatino\">Monitor and maintain the faculty human resources database<\/span><\/li>\n<li><span style=\"color: #000000;font-size: 14pt;font-family: Book Antiqua, Palatino\">monitor and maintain the faculty website<\/span><\/li>\n<li><span style=\"color: #000000;font-size: 14pt;font-family: Book Antiqua, Palatino\">Schedule and deliver video conferencing courses<\/span><\/li>\n<\/ul>\n","protected":false},"excerpt":{"rendered":"<p>General Secretariat Secretary General : OTMANI\u00a0 FADILA Administrator Advisor E-mail: f.otmani@lagh-univ.dz\u00a0 \u00a0 \u00a0 \u00a0 \u00a0 \u00a0 \u00a0 \u00a0 \u00a0 \u00a0 \u00a0 \u00a0 \u00a0 \u00a0 \u00a0 \u00a0 \u00a0 \u00a0 \u00a0 \u00a0 \u00a0 \u00a0 \u00a0 \u00a0 \u00a0 \u00a0 \u00a0 \u00a0 \u00a0 The Faculty of Medicine of Amar TELIDJI University in Laghouat today begins its sixth year since [&hellip;]<\/p>\n","protected":false},"author":10,"featured_media":0,"parent":9510,"menu_order":0,"comment_status":"closed","ping_status":"closed","template":"elementor_header_footer","meta":{"_exactmetrics_skip_tracking":false,"_exactmetrics_sitenote_active":false,"_exactmetrics_sitenote_note":"","_exactmetrics_sitenote_category":0,"footnotes":""},"coauthors":[528],"class_list":["post-9518","page","type-page","status-publish","hentry"],"_links":{"self":[{"href":"http:\/\/lagh-univ.dz\/en\/wp-json\/wp\/v2\/pages\/9518","targetHints":{"allow":["GET"]}}],"collection":[{"href":"http:\/\/lagh-univ.dz\/en\/wp-json\/wp\/v2\/pages"}],"about":[{"href":"http:\/\/lagh-univ.dz\/en\/wp-json\/wp\/v2\/types\/page"}],"author":[{"embeddable":true,"href":"http:\/\/lagh-univ.dz\/en\/wp-json\/wp\/v2\/users\/10"}],"replies":[{"embeddable":true,"href":"http:\/\/lagh-univ.dz\/en\/wp-json\/wp\/v2\/comments?post=9518"}],"version-history":[{"count":7,"href":"http:\/\/lagh-univ.dz\/en\/wp-json\/wp\/v2\/pages\/9518\/revisions"}],"predecessor-version":[{"id":72277,"href":"http:\/\/lagh-univ.dz\/en\/wp-json\/wp\/v2\/pages\/9518\/revisions\/72277"}],"up":[{"embeddable":true,"href":"http:\/\/lagh-univ.dz\/en\/wp-json\/wp\/v2\/pages\/9510"}],"wp:attachment":[{"href":"http:\/\/lagh-univ.dz\/en\/wp-json\/wp\/v2\/media?parent=9518"}],"wp:term":[{"taxonomy":"author","embeddable":true,"href":"http:\/\/lagh-univ.dz\/en\/wp-json\/wp\/v2\/coauthors?post=9518"}],"curies":[{"name":"wp","href":"https:\/\/api.w.org\/{rel}","templated":true}]}}