{"id":9582,"date":"2018-07-21T11:48:25","date_gmt":"2018-07-21T11:48:25","guid":{"rendered":"http:\/\/lagh-univ.dz\/genie-civil-faculte-secretaire-generale\/"},"modified":"2022-11-07T10:15:22","modified_gmt":"2022-11-07T09:15:22","slug":"genie-civil-faculte-secretaire-generale","status":"publish","type":"page","link":"http:\/\/lagh-univ.dz\/en\/faculte-de-genie-civil-et-architecture\/genie-civil-faculte-secretaire-generale\/","title":{"rendered":"Genie civil-Facult\u00e9-Secr\u00e9taire g\u00e9n\u00e9rale"},"content":{"rendered":"<p style=\"text-align: center\"><span style=\"text-decoration: underline\"><span style=\"font-family: 'Book Antiqua',Palatino;color: #ff0000;font-size: 18pt;text-decoration: underline\"><strong>The general secretariat<\/strong><\/span><\/span><\/p>\n<p><img decoding=\"async\" class=\"wp-image-38184 aligncenter\" src=\"http:\/\/lagh-univ.dz\/wp-content\/uploads\/2020\/12\/56899235.png\" alt=\"\" width=\"130\" height=\"135\" \/><\/p>\n<p style=\"text-align: center\"><span style=\"font-family: 'Book Antiqua',Palatino;color: #000000;font-size: 14pt\">Mr AbdelHakem Rabeh<\/span><\/p>\n<p style=\"text-align: center\"><span style=\"font-family: 'Book Antiqua',Palatino;color: #000000;font-size: 14pt\">Email :\u00a0<a style=\"color: #000000\" href=\"mailto:m.benatia@lagh-univ.dz\">r.abdelhakem@lagh-univ.dz<\/a><\/span><\/p>\n<p><span style=\"font-family: 'Book Antiqua',Palatino;color: #000000;font-size: 14pt\">The General Secretariat of the Faculty of Civil Engineering and Architecture is placed under the responsibility of the General Secretary<\/span><\/p>\n<p><span style=\"font-family: 'Book Antiqua',Palatino;color: #000000;font-size: 14pt\">The general secretary of the faculty is responsible:<\/span><\/p>\n<ul>\n<li><span style=\"font-family: 'Book Antiqua',Palatino;color: #000000;font-size: 14pt\">Managing the careers of faculty staff<\/span><\/li>\n<li><span style=\"font-family: 'Book Antiqua',Palatino;color: #000000;font-size: 14pt\">Preparing and executing the human resources management plan in the faculty<\/span><\/li>\n<li><span style=\"font-family: 'Book Antiqua',Palatino;color: #000000;font-size: 14pt\">Managing and preserving the archives and documentation of the faculty<\/span><\/li>\n<li><span style=\"font-family: 'Book Antiqua',Palatino;color: #000000;font-size: 14pt\">Preparing and executing the faculty budget<\/span><\/li>\n<li><span style=\"font-family: 'Book Antiqua',Palatino;color: #000000;font-size: 14pt\">Promoting the scientific, cultural and sports activities for the benefit of students<\/span><\/li>\n<li><span style=\"font-family: 'Book Antiqua',Palatino;color: #000000;font-size: 14pt\">Managing the movable and immovable resources of the faculty and ensuring their maintenance<\/span><\/li>\n<\/ul>\n<p><span style=\"font-size: 14pt;color: #000000\"><strong><span style=\"font-family: 'Book Antiqua',Palatino\">The General Secretariat of the faculty includes four (04) bodies:<\/span><\/strong><\/span><\/p>\n<ul>\n<li><span style=\"font-family: 'Book Antiqua',Palatino;color: #000000;font-size: 14pt\">Staff office<\/span><\/li>\n<li><span style=\"font-family: 'Book Antiqua',Palatino;color: #000000;font-size: 14pt\">Budget and Accounting office<\/span><\/li>\n<li><span style=\"font-family: 'Book Antiqua',Palatino;color: #000000;font-size: 14pt\">Means and Maintenance office<\/span><\/li>\n<li><span style=\"font-family: 'Book Antiqua',Palatino;color: #000000;font-size: 14pt\">Office of scientific cultural and sports activities<\/span><\/li>\n<li><span style=\"font-family: 'Book Antiqua',Palatino;color: #000000;font-size: 14pt\"><strong>Staff office<\/strong>: responsible: Abdelhakem Rabeh<\/span><\/li>\n<\/ul>\n<p><span style=\"font-family: 'Book Antiqua',Palatino;color: #000000;font-size: 14pt\">Ensuring the continuation of the employee&#8217;s career from the day of installation until retirement.<\/span><\/p>\n<p><span style=\"font-family: 'Book Antiqua',Palatino;color: #000000;font-size: 14pt\">Staff office contains two sections: teacher section and staff section.<\/span><\/p>\n<ul>\n<li><span style=\"font-family: 'Book Antiqua',Palatino;color: #000000;font-size: 14pt\"><strong>Budget and Accounting office<\/strong>: responsible: Bouderbala fatima<\/span><\/li>\n<\/ul>\n<p><span style=\"font-family: 'Book Antiqua',Palatino;color: #000000;font-size: 14pt\">The office includes two sections: The budget section, The Accounting section.<\/span><\/p>\n<ul>\n<li><span style=\"font-family: 'Book Antiqua',Palatino;color: #000000;font-size: 14pt\"><strong>Means and Maintenance office <\/strong><\/span><\/li>\n<\/ul>\n<p><span style=\"font-family: 'Book Antiqua',Palatino;color: #000000;font-size: 14pt\">Providing maintenance in the faculty<\/span><\/p>\n<p><span style=\"font-family: 'Book Antiqua',Palatino;color: #000000;font-size: 14pt\">Ensuring inventory management<\/span><\/p>\n<p><span style=\"font-family: 'Book Antiqua',Palatino;color: #000000;font-size: 14pt\">Management of the faculty vehicle fleet<\/span><\/p>\n<p><span style=\"font-family: 'Book Antiqua',Palatino;color: #000000;font-size: 14pt\">Delivering of purchase orders and receipts<\/span><\/p>\n<ul>\n<li><span style=\"font-family: 'Book Antiqua',Palatino;color: #000000;font-size: 14pt\"><strong>Office of scientific cultural and sports activities<\/strong><\/span><\/li>\n<\/ul>\n<p><span style=\"font-family: 'Book Antiqua',Palatino;color: #000000;font-size: 14pt\">Create an atmosphere of deliberate and creative competition of students in the scientific and cultural field by organizing cultural competitions between students and highlighting the scientific and cultural talents of students.<\/span><\/p>\n<p><span style=\"font-family: 'Book Antiqua',Palatino;color: #000000;font-size: 14pt\">Organizing sports competitions and internships and other intellectual games and exploratory trips, and helping to improve their tastes, and deepen their education.<\/span><\/p>\n<p>&nbsp;<\/p>\n","protected":false},"excerpt":{"rendered":"<p>The general secretariat Mr AbdelHakem Rabeh Email :\u00a0r.abdelhakem@lagh-univ.dz The General Secretariat of the Faculty of Civil Engineering and Architecture is placed under the responsibility of the General Secretary The general secretary of the faculty is responsible: Managing the careers of faculty staff Preparing and executing the human resources management plan in the faculty Managing and [&hellip;]<\/p>\n","protected":false},"author":18,"featured_media":0,"parent":6791,"menu_order":0,"comment_status":"closed","ping_status":"closed","template":"elementor_header_footer","meta":{"_exactmetrics_skip_tracking":false,"_exactmetrics_sitenote_active":false,"_exactmetrics_sitenote_note":"","_exactmetrics_sitenote_category":0,"footnotes":""},"coauthors":[527],"class_list":["post-9582","page","type-page","status-publish","hentry"],"_links":{"self":[{"href":"http:\/\/lagh-univ.dz\/en\/wp-json\/wp\/v2\/pages\/9582","targetHints":{"allow":["GET"]}}],"collection":[{"href":"http:\/\/lagh-univ.dz\/en\/wp-json\/wp\/v2\/pages"}],"about":[{"href":"http:\/\/lagh-univ.dz\/en\/wp-json\/wp\/v2\/types\/page"}],"author":[{"embeddable":true,"href":"http:\/\/lagh-univ.dz\/en\/wp-json\/wp\/v2\/users\/18"}],"replies":[{"embeddable":true,"href":"http:\/\/lagh-univ.dz\/en\/wp-json\/wp\/v2\/comments?post=9582"}],"version-history":[{"count":13,"href":"http:\/\/lagh-univ.dz\/en\/wp-json\/wp\/v2\/pages\/9582\/revisions"}],"predecessor-version":[{"id":27034,"href":"http:\/\/lagh-univ.dz\/en\/wp-json\/wp\/v2\/pages\/9582\/revisions\/27034"}],"up":[{"embeddable":true,"href":"http:\/\/lagh-univ.dz\/en\/wp-json\/wp\/v2\/pages\/6791"}],"wp:attachment":[{"href":"http:\/\/lagh-univ.dz\/en\/wp-json\/wp\/v2\/media?parent=9582"}],"wp:term":[{"taxonomy":"author","embeddable":true,"href":"http:\/\/lagh-univ.dz\/en\/wp-json\/wp\/v2\/coauthors?post=9582"}],"curies":[{"name":"wp","href":"https:\/\/api.w.org\/{rel}","templated":true}]}}