{"id":10212,"date":"2018-07-18T20:00:03","date_gmt":"2018-07-18T20:00:03","guid":{"rendered":"http:\/\/lagh-univ.dz\/sport-recherche-laboratoires-des-recherches\/"},"modified":"2022-03-18T14:29:03","modified_gmt":"2022-03-18T13:29:03","slug":"sport-recherche-laboratoires-des-recherches","status":"publish","type":"page","link":"http:\/\/lagh-univ.dz\/fr\/sport-formation\/sport-recherche-laboratoires-des-recherches\/","title":{"rendered":"Sport- recherche-laboratoires des recherches"},"content":{"rendered":"<p dir=\"ltr\" style=\"text-align: center\"><span style=\"text-decoration: underline;color: #0000ff\"><strong><span style=\"font-family: 'Times New Roman', Times;font-size: 14pt\">Laboratoire de l\u2019institut \u00a0STAPS \u00a0intitule \u00a0Les approches pluridisciplinaires des sciences de l\u2019entrainement sportif.<\/span><\/strong><\/span><\/p>\n<p dir=\"ltr\" style=\"text-align: justify\"><span style=\"font-family: 'Times New Roman', Times;font-size: 14pt;color: #000000\">La recherche est un \u00e9l\u00e9ment essentiel du dispositif universitaire. A l\u2019universit\u00e9 de Laghouat ISTAPS, les formations universitaires sont adoss\u00e9es \u00e0 l\u2019activit\u00e9 de recherche des laboratoires. Ceci ne veut pas dire que l\u2019on enseigne \u00e0 l\u2019universit\u00e9 que ce que les laboratoires produisent. Cela signifie surtout que l\u2019enseignement est r\u00e9alis\u00e9 par des chercheurs actifs, produisants, int\u00e9gr\u00e9s dans des laboratoires de qualit\u00e9.<\/span><\/p>\n<p dir=\"ltr\" style=\"text-align: justify\"><span style=\"font-family: 'Times New Roman', Times;font-size: 14pt;color: #000000\">Les enseignants de\u00a0 STAPS de Laghouat\u00a0 exercent leur activit\u00e9 de recherche dans un laboratoire, balayant des domaines scientifiques vari\u00e9s intitule<strong> Les approches pluridisciplinaires des sciences de l\u2019entrainement sportif. <\/strong>Ce laboratoire est reconnu comme approche de recherches pluridisciplinaires de pointe dans les domaines aussi divers que le mouvement humain, la sant\u00e9, l\u2019entrainement sportif \u00a0et psychologie l\u2019\u00e9ducation ainsi que d\u2019autres domaines de recherches.<\/span><\/p>\n<p dir=\"ltr\" style=\"text-align: justify\"><span style=\"font-family: 'Times New Roman', Times;font-size: 14pt;color: #000000\">Le STAPS de Laghouat \u00a0int\u00e8gre \u00e9galement des groupes de recherche \u00a0et de d\u00e9veloppement humain et biologique \u00a0dans le domaine des sciences et \u00a0du mouvement humain et educatif. Ce p\u00f4le d\u2019innovation regroupe une plateforme technologique et de mat\u00e9riels, ainsi que des espaces d\u2019accueil pour des organismes de recherche, des conf\u00e9rences et des s\u00e9minaires et des journ\u00e9es d\u2019\u00e9tudes. Il abrite ainsi le laboratoire.<\/span><\/p>\n<p dir=\"ltr\" style=\"text-align: justify\"><span style=\"font-family: 'Times New Roman', Times;font-size: 14pt;color: #ff0000\"><strong><span style=\"text-decoration: underline\">\u00c9quipes\u00a0de recherche\u00a0:<\/span> <\/strong><\/span><\/p>\n<p dir=\"ltr\" style=\"text-align: justify\"><span style=\"font-family: 'Times New Roman', Times;font-size: 14pt;color: #000000\">L&rsquo;objet sur lequel se portent les travaux des groupes de recherche est centr\u00e9 sur quatre axes\u00a0principaux<\/span><\/p>\n<p dir=\"ltr\" style=\"text-align: justify\"><span style=\"font-family: 'Times New Roman', Times;font-size: 14pt;color: #000000\"><strong>1\/ D\u00e9tection et orientation des athl\u00e8tes de haut niveau\u00a0: Code<\/strong><strong> C1172601 <\/strong>\u00a0Tous les facteurs qui font le succ\u00e8s d\u2019une carri\u00e8re sportive ne sont pas faciles \u00e0 observer et \u00e0 mesurer, sans parler de les analyser et d\u2019en tirer les bonnes conclusions.<\/span><\/p>\n<ul style=\"text-align: justify\">\n<li style=\"text-align: left\"><span style=\"font-family: 'Times New Roman', Times;font-size: 14pt;color: #000000\">Rep\u00e9rer les plus \u00ab prometteurs \u00bb est tout sauf ais\u00e9.<\/span><\/li>\n<li style=\"text-align: left\"><span style=\"font-family: 'Times New Roman', Times;font-size: 14pt;color: #000000\">Il est difficile d\u2019avancer des pronostics tr\u00e8s pr\u00e9coces concernant le potentiel de d\u00e9veloppement d\u2019un athl\u00e8te.<\/span><\/li>\n<li style=\"text-align: left\"><span style=\"font-family: 'Times New Roman', Times;font-size: 14pt;color: #000000\">Une d\u00e9tection bien men\u00e9e a pour vocation d\u2019accro\u00eetre la bonne performance<\/span><\/li>\n<li style=\"text-align: left\"><span style=\"font-family: 'Times New Roman', Times;font-size: 14pt;color: #000000\">probabilit\u00e9 de rep\u00e9rer les \u00e9l\u00e9ments les plus prometteurs<\/span><\/li>\n<\/ul>\n<p dir=\"ltr\" style=\"text-align: justify\"><span style=\"font-family: 'Times New Roman', Times;font-size: 14pt;color: #000000\"><strong>2\/Qualit\u00e9 de formation et d\u2019apprentissage au niveau des STAPS\u00a0: Code <\/strong><strong>C1172602 <\/strong>Le profil des \u00e9tudiants doit \u00eatre \u00e9quilibr\u00e9 (entre pratique et th\u00e9orique, entre mati\u00e8res litt\u00e9raires et scientifiques, etc). Un profil polyvalent et une forte implication personnelle sont\u00a0<strong>requis<\/strong>.<\/span><\/p>\n<p dir=\"ltr\" style=\"text-align: justify\"><span style=\"font-family: 'Times New Roman', Times;font-size: 14pt;color: #000000\"><strong>3\/Activit\u00e9s \u00a0physiques chez l\u2019enfant\u00a0:<\/strong> <strong>Code<\/strong><strong> C1172603<\/strong> L&rsquo;activit\u00e9 physique\u00a0engendre de nombreuses cons\u00e9quences positives sur le corps. Elle favorise notamment une croissance et un d\u00e9veloppement sains puisqu&rsquo;en bougeant et en faisant de l&rsquo;exercice, un\u00a0<strong>enfant<\/strong>\u00a0fait travailler ses muscles, am\u00e9liore sa motricit\u00e9, son endurance et sa force.<\/span><\/p>\n<p dir=\"ltr\" style=\"text-align: justify\"><span style=\"font-family: 'Times New Roman', Times;font-size: 14pt;color: #000000\">\u00a0\u00a0\u00a0\u00a0\u00a0\u00a0 l\u2019activit\u00e9 physique chez les jeunes est donc essentiel. Bouger n\u2019est d\u2019ailleurs pas seulement b\u00e9n\u00e9fique pour la sant\u00e9 physique. En effet, les enfants actifs sont \u00e9galement mieux dans leur peau.<\/span><\/p>\n<p dir=\"ltr\" style=\"text-align: justify\"><span style=\"font-family: 'Times New Roman', Times;font-size: 14pt;color: #000000\"><strong>4\/L\u2019entrainement sportif de haut niveau\u00a0: Code<\/strong><strong> C1172604<\/strong> Chaque sport demande des aptitudes diff\u00e9rentes mais pour arriver \u00e0 un niveau \u00e9lev\u00e9 \u00e0 l&rsquo;heure actuelle, une bonne condition physique est indispensable. C&rsquo;est assez flagrant dans des sports tels que le football et le handball\u00a0 ou en athl\u00e9tisme, mais c&rsquo;est aussi valable dans les sports de combat\u00a0 ou m\u00eame en conditions extr\u00eames comme les zones arides comme Laghouat.<\/span><\/p>\n<p dir=\"ltr\" style=\"text-align: justify\"><span style=\"font-family: 'Times New Roman', Times;font-size: 14pt;color: #000000\">Les performances demand\u00e9es pour arriver \u00e0 un haut niveau de comp\u00e9tition sont devenues tellement \u00e9lev\u00e9es que pour pouvoir jouer dans la cour des grands, il faut mettre tous les atouts de son c\u00f4t\u00e9.<\/span><\/p>\n<p dir=\"ltr\" style=\"text-align: justify\"><span style=\"font-family: 'Times New Roman', Times;font-size: 14pt;color: #000000\">Si auparavant, on pouvait juste \u00eatre dou\u00e9 ou juste s&rsquo;entra\u00eener dur pour y arriver, aujourd\u2019hui, il faut non seulement un potentiel g\u00e9n\u00e9tique, il faut s&rsquo;entra\u00eener dur dans sa discipline, mais souvent il faut aussi un entra\u00eenement auxiliaire de musculation, de condition physique de base ou m\u00eame de relaxation.<\/span><\/p>\n<p dir=\"ltr\" style=\"text-align: justify\"><span style=\"font-family: 'Times New Roman', Times;font-size: 14pt;color: #000000\"><strong>Laboratoire de STAPS \u00a0regroupe 5 th\u00e9matiques Projets de Recherche Formation Universitaire PRFU <\/strong>\u00a0avec l\u2019objectif commun de comprendre et de former les etudiants doctorants\u00a0et d\u2019enrichir la recherche scientifique au sein de notre institut STAPS de Laghouat\u00a0 \u00a0<\/span><span style=\"font-family: 'Times New Roman', Times;font-size: 14pt;color: #000000\"><strong>La th\u00e9matique 1<\/strong>\u00a0 <strong>Gouvernance des organisations sportive\u00a0: <\/strong>Au lendemain de l\u2019obtention des un grand chantier sur la gouvernance du sport et la performance sportive a \u00e9t\u00e9 engag\u00e9\u00a0 en Alg\u00e9rie pour rassembler les forces vives du pays autour d\u2019une ambition commune. Comment le monde \u00e9conomique peut-il efficacement s\u2019impliquer et assumer un r\u00f4le actif dans la gouvernance sportive ?<\/span><\/p>\n<p dir=\"ltr\" style=\"text-align: justify\"><span style=\"font-family: 'Times New Roman', Times;font-size: 14pt;color: #000000\"><strong>Aller plus loin<\/strong><\/span><\/p>\n<p dir=\"ltr\" style=\"text-align: justify\"><span style=\"font-family: 'Times New Roman', Times;font-size: 14pt;color: #000000\">Le sport est un secteur \u00e9conomique dynamique, qui repr\u00e9sente en Alg\u00e9rie \u00a0des \u00a0milliards de dinars . Bien qu\u2019il existe d\u00e9j\u00e0 de nombreuses interactions entre le monde \u00e9conomique et le monde du sport, celles-ci se limitent trop souvent \u00e0 une simple transaction financi\u00e8re, o\u00f9 les entreprises ne sont que des bailleurs de fonds des manifestations sportives et de leurs acteurs.<\/span><\/p>\n<p dir=\"ltr\" style=\"text-align: justify\"><span style=\"font-family: 'Times New Roman', Times;font-size: 14pt;color: #000000\">Le monde \u00e9conomique souhaite aller au-del\u00e0 de ce simple r\u00f4le de financeur et s\u2019engager comme un r\u00e9el partenaire accompagnant l\u2019\u00e9volution n\u00e9cessaire du monde sportif. Tel que l\u2019encourage, il s\u2019agit de cr\u00e9er des passerelles pour galvaniser l\u2019enrichissement mutuel des parties prenantes.<\/span><\/p>\n<p dir=\"ltr\" style=\"text-align: justify\"><span style=\"font-family: 'Times New Roman', Times;font-size: 14pt;color: #000000\">Dans le m\u00eame temps, le mouvement sportif n\u2019a pas toujours vu ce sujet d\u2019un bon \u0153il. Or les enjeux actuels poussent \u00e0 une collaboration des deux parties qui pourrait aider \u00e0 pr\u00e9venir d\u2019\u00e9ventuels scandales qui salissent les valeurs du sport et les marques associ\u00e9es. Il est temps d\u2019impliquer de fa\u00e7on responsable le monde \u00e9conomique dans la gouvernance du sport, afin d\u2019apporter une expertise nouvelle et des comp\u00e9tences pr\u00e9cieuses en mati\u00e8re de strat\u00e9gie et de management.<\/span><\/p>\n<p dir=\"ltr\" style=\"text-align: justify\"><span style=\"font-family: 'Times New Roman', Times;font-size: 14pt;color: #000000\"><strong>La th\u00e9matique 2 S<\/strong><a style=\"color: #000000\" href=\"https:\/\/libm.univ-st-etienne.fr\/fr\/thematiques\/deconditionnement-et-reconditionnement-musculaire.html\"><strong>port<\/strong><\/a><strong> et sante\u00a0: <\/strong>Les bienfaits de l&rsquo;activit\u00e9\u00a0<strong>sportive<\/strong>\u00a0sur la\u00a0<strong>sant\u00e9<\/strong>\u00a0physique. Au-del\u00e0 des am\u00e9liorations \u00e9videntes de la performance\u00a0<strong>sportive<\/strong>\u00a0et de la condition physique, la pratique r\u00e9guli\u00e8re du\u00a0<strong>sport<\/strong>\u00a0est incroyablement efficace pour la pr\u00e9vention de nombreuses maladies chroniques, cardio-vasculaires, ou encore d\u00e9g\u00e9n\u00e9ratives.<strong><br \/>\nLa th\u00e9matique 3 D<\/strong><strong>opage dans le\u00a0 milieu sportif\u00a0:<\/strong><\/span><\/p>\n<p dir=\"ltr\" style=\"text-align: justify\"><span style=\"font-family: 'Times New Roman', Times;font-size: 14pt;color: #000000\"><strong>\u00a0\u00a0\u00a0\u00a0 \u00a0<\/strong>Le dopage est un probl\u00e8me complexe et tr\u00e8s controvers\u00e9. L&rsquo;enjeu \u00e9conomique et politique est \u00e9norme, car depuis une quinzaine d&rsquo;ann\u00e9es, des capitaux importants sont investis dans le sport.\u00a0Dans notre groupe de recherche nous \u00e9tudions que les implications m\u00e9dicales et psychologiques ainsi que sportif du dopage, les implications politiques et \u00e9conomiques ayant donn\u00e9 lieu \u00e0 d\u2019autres domaines de recherches.<\/span><\/p>\n<p dir=\"ltr\" style=\"text-align: justify\"><span style=\"font-family: 'Times New Roman', Times;font-size: 14pt;color: #000000\">D&rsquo;apr\u00e8s le Comit\u00e9 International Olympique:\u00a0\u00bble dopage consiste \u00e0 administrer des substances appartenant \u00e0 des classes interdites d&rsquo;agents pharmacologiques et\/ou utiliser diverses m\u00e9thodes interdites.\u00a0\u00bb<\/span><\/p>\n<p dir=\"ltr\" style=\"text-align: justify\"><span style=\"font-family: 'Times New Roman', Times;font-size: 14pt;color: #000000\"><strong>La th\u00e9matique 4 R\u00e9\u00e9ducation sportive \u00a0dans le milieu scolaire\u00a0: <\/strong><\/span><\/p>\n<p dir=\"ltr\" style=\"text-align: justify\"><span style=\"font-family: 'Times New Roman', Times;font-size: 14pt;color: #000000\"><strong>\u00a0\u00a0\u00a0\u00a0\u00a0 <\/strong>Toute pratique physique et sportive\u00a0comporte une part de risques.\u00a0Les\u00a0<strong>traumatismes et\u00a0blessures<\/strong>\u00a0sont fr\u00e9quents,\u00a0mais une bonne prise en charge\u00a0m\u00e9dicale initiale limite\u00a0les cons\u00e9quences, et\u00a0vous permet de reprendre le\u00a0sport dans de bonnes conditions.\u00a0Le\u00a0<strong>kin\u00e9sith\u00e9rapeute<\/strong>\u00a0est un professionnel de sant\u00e9\u00a0important dans cette probl\u00e9matique.<\/span><\/p>\n<p dir=\"ltr\" style=\"text-align: justify\"><span style=\"font-family: 'Times New Roman', Times;font-size: 14pt;color: #000000\"><strong>Le traumatisme,\u00a0la blessure<\/strong><\/span><\/p>\n<p dir=\"ltr\" style=\"text-align: justify\"><span style=\"font-family: 'Times New Roman', Times;font-size: 14pt;color: #000000\">La prise en charge d\u2019une\u00a0blessure ou d\u2019un bless\u00e9\u00a0sur le terrain est primordiale\u00a0pour limiter l\u2019aggravation\u00a0de la blessure et ses complications.\u00a0Il est n\u00e9cessaire d\u2019arr\u00eater\u00a0imm\u00e9diatement le sport,\u00a0avec l\u2019application du\u00a0principe d\u2019une bonne prise\u00a0en charge. Il s\u2019agit d\u2019arr\u00eater\u00a0imm\u00e9diatement le sport,\u00a0associ\u00e9 \u00e0 l\u2019application\u00a0de glace, et immobiliser si\u00a0possible la partie du\u00a0<strong>corps\u00a0bless\u00e9<\/strong>.\u00a0Le sportif demandera l\u2019<strong>avis\u00a0m\u00e9dical<\/strong>\u00a0dans\u00a0les meilleurs d\u00e9lais,\u00a0le kin\u00e9sith\u00e9rapeute\u00a0apr\u00e8s un bilan sommaire,\u00a0demandera avis et conseil m\u00e9dical,\u00a0afin de r\u00e9aliser dans\u00a0les meilleurs d\u00e9lais\u00a0des bilans et une imagerie sp\u00e9cialis\u00e9s.<\/span><span style=\"font-family: 'Times New Roman', Times;font-size: 14pt;color: #000000\"><strong>\u00a0La th\u00e9matique 5 l\u2019intelligence motrice chez l\u2019enfant dans le milieu scolaire\u00a0: <\/strong><\/span><\/p>\n<p dir=\"ltr\" style=\"text-align: justify\"><span style=\"font-family: 'Times New Roman', Times;font-size: 14pt;color: #000000\"><strong>\u00a0\u00a0\u00a0\u00a0 <\/strong>l\u2019enfant est un instrument fondamental pour conqu\u00e9rir son univers. Cet instrument on ne peut pas l\u2019\u00e9tudier seulement d\u2019un point de vue physiologique. Il doit \u00eatre rattach\u00e9 \u00e0 la\u00a0<em>vie psychique<\/em>\u00a0de l\u2019enfant. Donc\u00a0:<\/span><\/p>\n<table dir=\"ltr\" width=\"76%\">\n<tbody>\n<tr>\n<td>\n<table width=\"100%\">\n<tbody>\n<tr>\n<td width=\"100%\">\n<p style=\"text-align: center\"><span style=\"font-family: 'Times New Roman', Times;font-size: 14pt;color: #000000\"><strong>Interactions complexes entre le moteur et le psychique<\/strong><\/span><\/p>\n<\/td>\n<\/tr>\n<\/tbody>\n<\/table>\n<\/td>\n<\/tr>\n<\/tbody>\n<\/table>\n<p dir=\"ltr\" style=\"text-align: justify\"><span style=\"font-family: 'Times New Roman', Times;font-size: 14pt;color: #000000\">Un d\u00e9veloppement moteur normal sous-entend un psychisme d\u2019une certaine qualit\u00e9. L\u2019activit\u00e9 motrice, dans la mesure o\u00f9 elle est intentionnelle, cette activit\u00e9 motrice ne peut pas \u00eatre s\u00e9par\u00e9e de l\u2019intelligence, de la connaissance.<\/span><\/p>\n<table dir=\"ltr\" width=\"76%\">\n<tbody>\n<tr>\n<td>\n<table width=\"100%\">\n<tbody>\n<tr>\n<td width=\"100%\">\n<p style=\"text-align: center\"><span style=\"font-family: 'Times New Roman', Times;font-size: 14pt;color: #000000\"><strong>C\u2019est l\u2019action qui aide l\u2019intelligence \u00e0 se construire<\/strong><\/span><\/p>\n<\/td>\n<\/tr>\n<\/tbody>\n<\/table>\n<\/td>\n<\/tr>\n<\/tbody>\n<\/table>\n<p dir=\"ltr\" style=\"text-align: justify\"><span style=\"font-family: 'Times New Roman', Times;font-size: 14pt;color: #000000\">L\u2019enfant tout petit agit, et c\u2019est progressivement qu\u2019il sera capable de se repr\u00e9senter dans la t\u00eate ce qu\u2019il a agit. L\u2019action de l\u2019imm\u00e9diat et du concret passera \u00e0 des conduites plus \u00e9labor\u00e9es\u00a0: l\u2019une nourrit l\u2019autre. Le moteur aide l\u2019intelligence \u00e0 se construire et inversement.<\/span><\/p>\n<p dir=\"ltr\" style=\"text-align: justify\"><span style=\"font-family: 'Times New Roman', Times;font-size: 14pt;color: #000000\">Dans le psychisme, il n\u2019y a pas que l\u2019intelligence, la notion d\u2019\u00e9motion est importance. Il existe une interaction entre\u00a0<em>le moteur et l\u2019\u00e9motionnel<\/em>. WALLON a montr\u00e9 le retentissement du tonus musculaire sur l\u2019\u00e9tat \u00e9motionnel\u00a0:<\/span><\/p>\n<table dir=\"ltr\" width=\"76%\">\n<tbody>\n<tr>\n<td>\n<table width=\"100%\">\n<tbody>\n<tr>\n<td width=\"100%\">\n<p style=\"text-align: center\"><span style=\"font-family: 'Times New Roman', Times;font-size: 14pt;color: #000000\"><strong>Le dialogue tonique pr\u00e9c\u00e8de le dialogue verbal<\/strong><\/span><\/p>\n<\/td>\n<\/tr>\n<\/tbody>\n<\/table>\n<\/td>\n<\/tr>\n<\/tbody>\n<\/table>\n<p dir=\"ltr\" style=\"text-align: justify\"><span style=\"font-family: 'Times New Roman', Times;font-size: 14pt;color: #000000\">L\u2019activit\u00e9 motrice sera fonction de la qualit\u00e9 des \u00e9changes \u00e9motionnels entre la m\u00e8re et l\u2019enfant. Pour que le d\u00e9veloppement psychomoteur de l\u2019enfant soit harmonieux, il est n\u00e9cessaire que l\u2019enfant se sente bien et qu\u2019il \u00e9prouve du plaisir.<\/span><\/p>\n<p dir=\"ltr\" style=\"text-align: center\"><span style=\"font-family: 'Times New Roman', Times;font-size: 14pt;color: #ff0000\"><strong> <span style=\"text-decoration: underline\"><span style=\"font-family: 'Times New Roman', Times;font-size: 14pt\"> <a style=\"color: #ff0000;text-decoration: underline\" href=\"mailto:labo.staps.lagh@gmail.com\">labo.staps.lagh@gmail.com<\/a> Code\u00a0 C1172600<\/span><\/span><\/strong><\/span><\/p>\n<p dir=\"ltr\"><img fetchpriority=\"high\" decoding=\"async\" class=\"size-medium wp-image-29205 aligncenter\" src=\"http:\/\/lagh-univ.dz\/wp-content\/uploads\/2020\/02\/azz-285x300.png\" alt=\"\" width=\"285\" height=\"300\" srcset=\"http:\/\/lagh-univ.dz\/wp-content\/uploads\/2020\/02\/azz-285x300.png 285w, http:\/\/lagh-univ.dz\/wp-content\/uploads\/2020\/02\/azz.png 573w\" sizes=\"(max-width: 285px) 100vw, 285px\" \/><\/p>\n<div class=\"adL\" dir=\"ltr\" style=\"text-align: left\"><span style=\"color: #0000ff\"><a style=\"color: #0000ff\" href=\"http:\/\/lagh-univ.dz\/wp-content\/uploads\/2020\/02\/\u0645\u062e\u0628\u0631-\u0627\u0644\u0631\u064a\u0627\u0636\u0629.docx\">\u00c9quipements et appareils de laboratoire<\/a><\/span><\/div>\n","protected":false},"excerpt":{"rendered":"<p>Laboratoire de l\u2019institut \u00a0STAPS \u00a0intitule \u00a0Les approches pluridisciplinaires des sciences de l\u2019entrainement sportif. La recherche est un \u00e9l\u00e9ment essentiel du dispositif universitaire. A l\u2019universit\u00e9 de Laghouat ISTAPS, les formations universitaires sont adoss\u00e9es \u00e0 l\u2019activit\u00e9 de recherche des laboratoires. Ceci ne veut pas dire que l\u2019on enseigne \u00e0 l\u2019universit\u00e9 que ce que les laboratoires produisent. Cela [&hellip;]<\/p>\n","protected":false},"author":15,"featured_media":0,"parent":9945,"menu_order":0,"comment_status":"closed","ping_status":"closed","template":"elementor_header_footer","meta":{"_exactmetrics_skip_tracking":false,"_exactmetrics_sitenote_active":false,"_exactmetrics_sitenote_note":"","_exactmetrics_sitenote_category":0,"footnotes":""},"coauthors":[534],"class_list":["post-10212","page","type-page","status-publish","hentry"],"_links":{"self":[{"href":"http:\/\/lagh-univ.dz\/fr\/wp-json\/wp\/v2\/pages\/10212","targetHints":{"allow":["GET"]}}],"collection":[{"href":"http:\/\/lagh-univ.dz\/fr\/wp-json\/wp\/v2\/pages"}],"about":[{"href":"http:\/\/lagh-univ.dz\/fr\/wp-json\/wp\/v2\/types\/page"}],"author":[{"embeddable":true,"href":"http:\/\/lagh-univ.dz\/fr\/wp-json\/wp\/v2\/users\/15"}],"replies":[{"embeddable":true,"href":"http:\/\/lagh-univ.dz\/fr\/wp-json\/wp\/v2\/comments?post=10212"}],"version-history":[{"count":14,"href":"http:\/\/lagh-univ.dz\/fr\/wp-json\/wp\/v2\/pages\/10212\/revisions"}],"predecessor-version":[{"id":29786,"href":"http:\/\/lagh-univ.dz\/fr\/wp-json\/wp\/v2\/pages\/10212\/revisions\/29786"}],"up":[{"embeddable":true,"href":"http:\/\/lagh-univ.dz\/fr\/wp-json\/wp\/v2\/pages\/9945"}],"wp:attachment":[{"href":"http:\/\/lagh-univ.dz\/fr\/wp-json\/wp\/v2\/media?parent=10212"}],"wp:term":[{"taxonomy":"author","embeddable":true,"href":"http:\/\/lagh-univ.dz\/fr\/wp-json\/wp\/v2\/coauthors?post=10212"}],"curies":[{"name":"wp","href":"https:\/\/api.w.org\/{rel}","templated":true}]}}