{"id":10216,"date":"2018-07-23T18:50:36","date_gmt":"2018-07-23T18:50:36","guid":{"rendered":"http:\/\/lagh-univ.dz\/genie-civil-graduation-2\/"},"modified":"2019-11-26T08:29:44","modified_gmt":"2019-11-26T10:29:44","slug":"genie-civil-graduation-2","status":"publish","type":"page","link":"http:\/\/lagh-univ.dz\/fr\/faculte-de-genie-civil-et-architecture\/genie-civil-graduation-2\/","title":{"rendered":"G\u00e9nie Civil -Graduation"},"content":{"rendered":"<p style=\"text-align: center\"><span style=\"font-family: 'Book Antiqua', Palatino\"><strong><span style=\"font-size: 14pt;color: #000000\">Graduation\u00a0<\/span><\/strong><\/span><\/p>\n<p style=\"text-align: left\"><span style=\"font-size: 14pt;font-family: 'Book Antiqua', Palatino;color: #000000\">Chers \u00e9tudiants et chers visiteurs soyez la bienvenue dans l\u2019espace de la facult\u00e9 de g\u00e9nie civil\u00a0 et\u00a0<\/span><\/p>\n<p style=\"text-align: left\"><span style=\"font-size: 14pt;font-family: 'Book Antiqua', Palatino;color: #000000\">\u00a0d\u2019architecture .Nous sommes heureux de vous joindre \u00e0 travers le site Web de la facult\u00e9. Nous esp\u00e9rons qu\u2019\u00e0 travers cet espace vous trouverez les informations que vous souhaitez.Nous ferons de notre mieux pour vous satisfaire en essayant de cr\u00e9er un milieu de travail attrayant et stimulant. Notre objectif primordial est d\u2019am\u00e9liorer la qualit\u00e9 de la formation. Nous devons \u00eatre au service de la communaut\u00e9\u00a0\u00a0 estudiantine. Cela signifie soutenir les \u00e9tudiants, en leur offrant les meilleures conditions, cadres possible et des plans de carri\u00e8re ; favoriser les projets \u00e0 l\u2019intersection d\u2019autres disciplines telles que les sciences fondamentales.<\/span><\/p>\n<p style=\"text-align: left\"><span style=\"font-family: 'Book Antiqua', Palatino;font-size: 14pt;color: #000000\">\u00a0\u00a0\u00a0 Pour ce faire, notre facult\u00e9 mobilise tous les moyens humains et mat\u00e9riels pour aboutir \u00e0 des r\u00e9sultats optimaux.\u00a0 Les sp\u00e9cialit\u00e9s disponibles au niveau des licences et masters vous donneront la curiosit\u00e9 du savoir et la possibilit\u00e9 de tirer profit de notre encadrement assur\u00e9 par plus de 70 enseignants chercheurs, qui ont pour seul souci votre r\u00e9ussite. Nos enseignants veillent, donc, au bon d\u00e9roulement de votre formation et \u00e0 vous transmettre leur savoir et \u00e0 vous faire profiter de leur exp\u00e9rience. Les diff\u00e9rentes sp\u00e9cialit\u00e9s offertes au niveau de la facult\u00e9 de g\u00e9nie civil et d\u2019architecture de l\u2019Universit\u00e9 Amar TELIDJI de Laghouat sont actuellement des formations disponibles \u00e0 l\u2019\u00e9chelle r\u00e9gionale, qui au fil du temps deviennent pr\u00e9pond\u00e9rantes conduisant aux m\u00e9tiers d\u2019ing\u00e9nieurs en g\u00e9nie civil, hydraulicien, architecte, etc. Les d\u00e9bouch\u00e9s offerts aux jeunes dipl\u00f4m\u00e9s sont multiples et vari\u00e9s, les potentialit\u00e9s r\u00e9gionale et nationale d&#8217;employabilit\u00e9 sont donc diversifi\u00e9es et multiples.<\/span><\/p>\n<p style=\"text-align: left\"><span style=\"font-family: 'Book Antiqua', Palatino;font-size: 14pt;color: #000000\">\u00a0\u00a0\u00a0\u00a0\u00a0 L\u2019objectif de la formation n\u2019est pas seulement d\u2019obtenir un dipl\u00f4me \u00e0 la fin du cursus universitaire, mais les \u00e9tudiants doivent \u00eatre conscients de l\u2019affluence scientifique actuelle afin d\u2019assurer le d\u00e9veloppement qualitatif du secteur socio-\u00e9conomique du pays, pour pouvoir suivre le rythme du d\u00e9veloppement mondial et faire face aux d\u00e9fis de la mondialisation.<\/span><\/p>\n<p style=\"text-align: left\"><span style=\"font-size: 14pt;font-family: 'Book Antiqua', Palatino;color: #000000\">Nous vous souhaitons bonne chance et plein succ\u00e8s dans vos futures carri\u00e8res et initiatives. Nous en profitons, en fin, pour vous inviter \u00e0 visiter le site Web de la facult\u00e9 de G\u00e9nie Civil et d\u2019Architecture ainsi que nos locau<\/span><\/p>\n","protected":false},"excerpt":{"rendered":"<p>Graduation\u00a0 Chers \u00e9tudiants et chers visiteurs soyez la bienvenue dans l\u2019espace de la facult\u00e9 de g\u00e9nie civil\u00a0 et\u00a0 \u00a0d\u2019architecture .Nous sommes heureux de vous joindre \u00e0 travers le site Web de la facult\u00e9. Nous esp\u00e9rons qu\u2019\u00e0 travers cet espace vous trouverez les informations que vous souhaitez.Nous ferons de notre mieux pour vous satisfaire en essayant [&hellip;]<\/p>\n","protected":false},"author":18,"featured_media":0,"parent":6792,"menu_order":0,"comment_status":"closed","ping_status":"closed","template":"elementor_header_footer","meta":{"_exactmetrics_skip_tracking":false,"_exactmetrics_sitenote_active":false,"_exactmetrics_sitenote_note":"","_exactmetrics_sitenote_category":0,"footnotes":""},"coauthors":[527],"class_list":["post-10216","page","type-page","status-publish","hentry"],"_links":{"self":[{"href":"http:\/\/lagh-univ.dz\/fr\/wp-json\/wp\/v2\/pages\/10216","targetHints":{"allow":["GET"]}}],"collection":[{"href":"http:\/\/lagh-univ.dz\/fr\/wp-json\/wp\/v2\/pages"}],"about":[{"href":"http:\/\/lagh-univ.dz\/fr\/wp-json\/wp\/v2\/types\/page"}],"author":[{"embeddable":true,"href":"http:\/\/lagh-univ.dz\/fr\/wp-json\/wp\/v2\/users\/18"}],"replies":[{"embeddable":true,"href":"http:\/\/lagh-univ.dz\/fr\/wp-json\/wp\/v2\/comments?post=10216"}],"version-history":[{"count":6,"href":"http:\/\/lagh-univ.dz\/fr\/wp-json\/wp\/v2\/pages\/10216\/revisions"}],"predecessor-version":[{"id":19714,"href":"http:\/\/lagh-univ.dz\/fr\/wp-json\/wp\/v2\/pages\/10216\/revisions\/19714"}],"up":[{"embeddable":true,"href":"http:\/\/lagh-univ.dz\/fr\/wp-json\/wp\/v2\/pages\/6792"}],"wp:attachment":[{"href":"http:\/\/lagh-univ.dz\/fr\/wp-json\/wp\/v2\/media?parent=10216"}],"wp:term":[{"taxonomy":"author","embeddable":true,"href":"http:\/\/lagh-univ.dz\/fr\/wp-json\/wp\/v2\/coauthors?post=10216"}],"curies":[{"name":"wp","href":"https:\/\/api.w.org\/{rel}","templated":true}]}}