{"id":10222,"date":"2019-01-20T09:01:36","date_gmt":"2019-01-20T11:01:36","guid":{"rendered":"http:\/\/lagh-univ.dz\/sociale-departement-psycho-et-ortophonie-administration\/"},"modified":"2020-02-19T09:23:48","modified_gmt":"2020-02-19T11:23:48","slug":"sociale-departement-psycho-et-ortophonie-administration","status":"publish","type":"page","link":"http:\/\/lagh-univ.dz\/fr\/sociale-departement-psycho-et-ortophonie\/sociale-departement-psycho-et-ortophonie-administration\/","title":{"rendered":"Sociale-Departement- Psycho et ortophonie-administration"},"content":{"rendered":"<p dir=\"ltr\" style=\"text-align: justify\"><span style=\"color: #000000;font-size: 14pt;font-family: 'Book Antiqua', Palatino\"><strong>Comit\u00e9 scientifique\u00a0:<\/strong><\/span><\/p>\n<p dir=\"ltr\" style=\"text-align: justify\"><span style=\"color: #000000;font-size: 14pt;font-family: 'Book Antiqua', Palatino\">Conform\u00e9ment \u00e0 l&rsquo;article 49 du d\u00e9cret ex\u00e9cutif n \u00b0 03-279 du 23 ao\u00fbt 2003, le comit\u00e9 scientifique du d\u00e9partement est charg\u00e9:<\/span><\/p>\n<ol style=\"text-align: justify\">\n<li><span style=\"color: #000000;font-size: 14pt;font-family: 'Book Antiqua', Palatino\">Des propositions d&rsquo;organisation des apprentissages et de leurs contenus,<\/span><\/li>\n<li><span style=\"color: #000000;font-size: 14pt;font-family: 'Book Antiqua', Palatino\">Exprime son avis sur la r\u00e9partition des t\u00e2ches p\u00e9dagogiques,<\/span><\/li>\n<li><span style=\"color: #000000;font-size: 14pt;font-family: 'Book Antiqua', Palatino\">Exprime son avis sur les r\u00e9sultats des travaux p\u00e9dagogiques et scientifiques.<\/span><\/li>\n<li><span style=\"color: #000000;font-size: 14pt;font-family: 'Book Antiqua', Palatino\">Propose des programmes de recherche.<\/span><\/li>\n<li><span style=\"color: #000000;font-size: 14pt;font-family: 'Book Antiqua', Palatino\">Propose l&rsquo;ouverture, l&rsquo;extension et \/ ou la fermeture d&rsquo;une sp\u00e9cialit\u00e9 sur le terrain<\/span><\/li>\n<li><span style=\"color: #000000;font-size: 14pt;font-family: 'Book Antiqua', Palatino\">Exprime son opinion sur les sujets de recherche pour les \u00e9tudiants de troisi\u00e8me cycle.<\/span><\/li>\n<\/ol>\n<p dir=\"ltr\" style=\"text-align: left\"><span style=\"color: #000000;font-size: 14pt;font-family: 'Book Antiqua', Palatino\">Liste des membres du comit\u00e9 scientifique du d\u00e9partement de psychologie<\/span><\/p>\n<table class=\" alignleft\" dir=\"ltr\" width=\"640\">\n<tbody>\n<tr>\n<td style=\"text-align: center\" width=\"28\"><strong><span style=\"color: #000000;font-size: 14pt;font-family: 'Book Antiqua', Palatino\">N<\/span><\/strong><\/td>\n<td style=\"text-align: center\" width=\"178\"><strong><span style=\"color: #000000;font-size: 14pt;font-family: 'Book Antiqua', Palatino\">Noms et Pr\u00e9noms<\/span><\/strong><\/td>\n<td style=\"text-align: center\" width=\"85\"><strong><span style=\"color: #000000;font-size: 14pt;font-family: 'Book Antiqua', Palatino\">Grades<\/span><\/strong><\/td>\n<td style=\"text-align: center\" width=\"350\">&nbsp;<\/td>\n<\/tr>\n<tr>\n<td style=\"text-align: center\" width=\"28\"><span style=\"color: #000000;font-size: 14pt;font-family: 'Book Antiqua', Palatino\">1<\/span><\/td>\n<td style=\"text-align: center\" width=\"178\"><span style=\"color: #000000;font-size: 14pt;font-family: 'Book Antiqua', Palatino\">AmoumenRamdhan<\/span><\/td>\n<td style=\"text-align: center\" width=\"85\"><span style=\"color: #000000;font-size: 14pt;font-family: 'Book Antiqua', Palatino\">MCA<\/span><\/td>\n<td style=\"text-align: center\" width=\"350\"><span style=\"color: #000000;font-size: 14pt;font-family: 'Book Antiqua', Palatino\">Pr\u00e9sident du CS<\/span><\/td>\n<\/tr>\n<tr>\n<td style=\"text-align: center\" width=\"28\"><span style=\"color: #000000;font-size: 14pt;font-family: 'Book Antiqua', Palatino\">2<\/span><\/td>\n<td style=\"text-align: center\" width=\"178\"><span style=\"color: #000000;font-size: 14pt;font-family: 'Book Antiqua', Palatino\">Charef Saadia<\/span><\/td>\n<td style=\"text-align: center\" width=\"85\"><span style=\"color: #000000;font-size: 14pt;font-family: 'Book Antiqua', Palatino\">MAA<\/span><\/td>\n<td style=\"text-align: center\" width=\"350\"><span style=\"color: #000000;font-size: 14pt;font-family: 'Book Antiqua', Palatino\">Chef de d\u00e9partement<\/span><\/td>\n<\/tr>\n<tr>\n<td style=\"text-align: center\" width=\"28\"><span style=\"color: #000000;font-size: 14pt;font-family: 'Book Antiqua', Palatino\">3<\/span><\/td>\n<td style=\"text-align: center\" width=\"178\"><span style=\"color: #000000;font-size: 14pt;font-family: 'Book Antiqua', Palatino\">Boudaoud Hocine<\/span><\/td>\n<td style=\"text-align: center\" width=\"85\"><span style=\"color: #000000;font-size: 14pt;font-family: 'Book Antiqua', Palatino\">Pr.<\/span><\/td>\n<td style=\"text-align: center\" width=\"350\"><span style=\"color: #000000;font-size: 14pt;font-family: 'Book Antiqua', Palatino\">Repr\u00e9sentant des professeurs<\/span><\/td>\n<\/tr>\n<tr>\n<td style=\"text-align: center\" width=\"28\"><span style=\"color: #000000;font-size: 14pt;font-family: 'Book Antiqua', Palatino\">4<\/span><\/td>\n<td style=\"text-align: center\" width=\"178\"><span style=\"color: #000000;font-size: 14pt;font-family: 'Book Antiqua', Palatino\">Aoun Ali<\/span><\/td>\n<td style=\"text-align: center\" width=\"85\"><span style=\"color: #000000;font-size: 14pt;font-family: 'Book Antiqua', Palatino\">MCA<\/span><\/td>\n<td style=\"text-align: center\" width=\"350\"><span style=\"color: #000000;font-size: 14pt;font-family: 'Book Antiqua', Palatino\">Repr\u00e9sentant des maitres de conf\u00e9rences<\/span><\/td>\n<\/tr>\n<tr>\n<td style=\"text-align: center\" width=\"28\"><span style=\"color: #000000;font-size: 14pt;font-family: 'Book Antiqua', Palatino\">5<\/span><\/td>\n<td style=\"text-align: center\" width=\"178\"><span style=\"color: #000000;font-size: 14pt;font-family: 'Book Antiqua', Palatino\">Sakheri Mohamed<\/span><\/td>\n<td style=\"text-align: center\" width=\"85\"><span style=\"color: #000000;font-size: 14pt;font-family: 'Book Antiqua', Palatino\">MCA<\/span><\/td>\n<td style=\"text-align: center\" width=\"350\"><span style=\"color: #000000;font-size: 14pt;font-family: 'Book Antiqua', Palatino\">Repr\u00e9sentant des maitres de conf\u00e9rences<\/span><\/td>\n<\/tr>\n<tr>\n<td style=\"text-align: center\" width=\"28\"><span style=\"color: #000000;font-size: 14pt;font-family: 'Book Antiqua', Palatino\">6<\/span><\/td>\n<td style=\"text-align: center\" width=\"178\"><span style=\"color: #000000;font-size: 14pt;font-family: 'Book Antiqua', Palatino\">Brahimi Souad<\/span><\/td>\n<td style=\"text-align: center\" width=\"85\"><span style=\"color: #000000;font-size: 14pt;font-family: 'Book Antiqua', Palatino\">MCA<\/span><\/td>\n<td style=\"text-align: center\" width=\"350\"><span style=\"color: #000000;font-size: 14pt;font-family: 'Book Antiqua', Palatino\">Repr\u00e9sentant des maitres de conf\u00e9rences<\/span><\/td>\n<\/tr>\n<tr>\n<td style=\"text-align: center\" width=\"28\"><span style=\"color: #000000;font-size: 14pt;font-family: 'Book Antiqua', Palatino\">7<\/span><\/td>\n<td style=\"text-align: center\" width=\"178\"><span style=\"color: #000000;font-size: 14pt;font-family: 'Book Antiqua', Palatino\">DjallaliNacer<\/span><\/td>\n<td style=\"text-align: center\" width=\"85\"><span style=\"color: #000000;font-size: 14pt;font-family: 'Book Antiqua', Palatino\">MCA<\/span><\/td>\n<td style=\"text-align: center\" width=\"350\"><span style=\"color: #000000;font-size: 14pt;font-family: 'Book Antiqua', Palatino\">Repr\u00e9sentant des maitres Assistants<\/span><\/td>\n<\/tr>\n<tr>\n<td style=\"text-align: center\" width=\"28\"><span style=\"color: #000000;font-size: 14pt;font-family: 'Book Antiqua', Palatino\">8<\/span><\/td>\n<td style=\"text-align: center\" width=\"178\"><span style=\"color: #000000;font-size: 14pt;font-family: 'Book Antiqua', Palatino\">Ayate Lamine<\/span><\/td>\n<td style=\"text-align: center\" width=\"85\"><span style=\"color: #000000;font-size: 14pt;font-family: 'Book Antiqua', Palatino\">MCB<\/span><\/td>\n<td style=\"text-align: center\" width=\"350\"><span style=\"color: #000000;font-size: 14pt;font-family: 'Book Antiqua', Palatino\">Repr\u00e9sentant des maitres Assistants<\/span><\/td>\n<\/tr>\n<\/tbody>\n<\/table>\n","protected":false},"excerpt":{"rendered":"<p>Comit\u00e9 scientifique\u00a0: Conform\u00e9ment \u00e0 l&rsquo;article 49 du d\u00e9cret ex\u00e9cutif n \u00b0 03-279 du 23 ao\u00fbt 2003, le comit\u00e9 scientifique du d\u00e9partement est charg\u00e9: Des propositions d&rsquo;organisation des apprentissages et de leurs contenus, Exprime son avis sur la r\u00e9partition des t\u00e2ches p\u00e9dagogiques, Exprime son avis sur les r\u00e9sultats des travaux p\u00e9dagogiques et scientifiques. Propose des programmes [&hellip;]<\/p>\n","protected":false},"author":16,"featured_media":0,"parent":9687,"menu_order":0,"comment_status":"closed","ping_status":"closed","template":"elementor_header_footer","meta":{"_exactmetrics_skip_tracking":false,"_exactmetrics_sitenote_active":false,"_exactmetrics_sitenote_note":"","_exactmetrics_sitenote_category":0,"footnotes":""},"coauthors":[532],"class_list":["post-10222","page","type-page","status-publish","hentry"],"_links":{"self":[{"href":"http:\/\/lagh-univ.dz\/fr\/wp-json\/wp\/v2\/pages\/10222","targetHints":{"allow":["GET"]}}],"collection":[{"href":"http:\/\/lagh-univ.dz\/fr\/wp-json\/wp\/v2\/pages"}],"about":[{"href":"http:\/\/lagh-univ.dz\/fr\/wp-json\/wp\/v2\/types\/page"}],"author":[{"embeddable":true,"href":"http:\/\/lagh-univ.dz\/fr\/wp-json\/wp\/v2\/users\/16"}],"replies":[{"embeddable":true,"href":"http:\/\/lagh-univ.dz\/fr\/wp-json\/wp\/v2\/comments?post=10222"}],"version-history":[{"count":7,"href":"http:\/\/lagh-univ.dz\/fr\/wp-json\/wp\/v2\/pages\/10222\/revisions"}],"predecessor-version":[{"id":29455,"href":"http:\/\/lagh-univ.dz\/fr\/wp-json\/wp\/v2\/pages\/10222\/revisions\/29455"}],"up":[{"embeddable":true,"href":"http:\/\/lagh-univ.dz\/fr\/wp-json\/wp\/v2\/pages\/9687"}],"wp:attachment":[{"href":"http:\/\/lagh-univ.dz\/fr\/wp-json\/wp\/v2\/media?parent=10222"}],"wp:term":[{"taxonomy":"author","embeddable":true,"href":"http:\/\/lagh-univ.dz\/fr\/wp-json\/wp\/v2\/coauthors?post=10222"}],"curies":[{"name":"wp","href":"https:\/\/api.w.org\/{rel}","templated":true}]}}