{"id":10255,"date":"2019-02-07T10:21:33","date_gmt":"2019-02-07T12:21:33","guid":{"rendered":"http:\/\/lagh-univ.dz\/langue-departement-arabe-emploi-du-temps-master\/"},"modified":"2020-02-05T08:56:33","modified_gmt":"2020-02-05T10:56:33","slug":"langue-departement-arabe-emploi-du-temps-master","status":"publish","type":"page","link":"http:\/\/lagh-univ.dz\/fr\/langue-departement-arabe\/langue-departement-arabe-emploi-du-temps-master\/","title":{"rendered":"Langue-Departement- arabe- emploi du temps-Master"},"content":{"rendered":"<p style=\"text-align: center\"><span style=\"font-family: arabic-kufi;font-size: 14pt;color: #000000\"><span style=\"text-decoration: underline\"><span style=\"color: #ff0000\"><strong><span style=\"font-family: Book Antiqua, Palatino;font-size: 18pt\">Les emploi du temps master semestre1<\/span><\/strong><\/span><\/span><\/span><\/p>\n<p style=\"text-align: center\"><span style=\"font-size: 14pt\"><strong><span style=\"font-family: Book Antiqua, Palatino\"><a href=\"http:\/\/lagh-univ.dz\/wp-content\/uploads\/2019\/11\/\u0633\u0646\u0629-\u0627\u0648\u0644\u0649-\u0645\u0627\u0633\u062a\u0631-\u0627\u062f\u0628-\u0642\u062f\u064a\u0645.pdf\">Premiere ann\u00e9e master litt\u00e9rature ancienne<\/a><\/span><\/strong><\/span><\/p>\n<p style=\"text-align: center\"><span style=\"font-size: 14pt\"><strong><span style=\"font-family: Book Antiqua, Palatino\"><a href=\"http:\/\/lagh-univ.dz\/wp-content\/uploads\/2019\/11\/\u0633\u0646\u0629-\u0627\u0648\u0644\u0649-\u0645\u0627\u0633\u062a\u0631-\u062a\u062e\u0635\u0635-\u0627\u062f\u0628-\u062d\u062f\u064a\u062b.pdf\">Premi\u00e9re ann\u00e9e master litt\u00e9rature moderne<\/a><\/span><\/strong><\/span><\/p>\n<p style=\"text-align: center\"><span style=\"font-size: 14pt\"><strong><span style=\"font-family: Book Antiqua, Palatino\"><a href=\"http:\/\/lagh-univ.dz\/wp-content\/uploads\/2019\/11\/\u0633\u0646\u0629-\u0627\u0648\u0644\u0649-\u0645\u0627\u0633\u062a\u0631-\u062a\u062e\u0635\u0635-\u062a\u0639\u0644\u064a\u0645\u064a\u0629.pdf\">Premi\u00e9re ann\u00e9e master didactique<\/a><\/span><\/strong><\/span><\/p>\n<p style=\"text-align: center\"><span style=\"font-size: 14pt\"><strong><span style=\"font-family: Book Antiqua, Palatino\"><a href=\"http:\/\/lagh-univ.dz\/wp-content\/uploads\/2019\/11\/\u0633\u0646\u0629-\u0627\u0648\u0644\u0649-\u0645\u0627\u0633\u062a\u0631-\u0644\u0633\u0627\u0646\u064a\u0627\u062a.pdf\">Premiere ann\u00e9e master linguistique<\/a><\/span><\/strong><\/span><\/p>\n<p style=\"text-align: center\"><span style=\"font-size: 14pt\"><strong><span style=\"font-family: Book Antiqua, Palatino\"><a href=\"http:\/\/lagh-univ.dz\/wp-content\/uploads\/2019\/11\/\u0633\u0646\u0629-\u062a\u0627\u0646\u064a\u0629-\u0645\u0627\u0633\u062a\u0631-\u0627\u062f\u0628-\u062d\u062f\u064a\u062b.pdf\">deuxieme ann\u00e9e master litt\u00e9rature moderne<\/a><\/span><\/strong><\/span><\/p>\n<p style=\"text-align: center\"><span style=\"font-size: 14pt\"><strong><span style=\"font-family: Book Antiqua, Palatino\"><a href=\"http:\/\/lagh-univ.dz\/wp-content\/uploads\/2019\/11\/\u0633\u0646\u0629-\u062b\u0627\u0646\u064a\u0629-\u0645\u0627\u0633\u062a\u0631-\u0627\u062f\u0628-\u0642\u062f\u064a\u0645.pdf\">deuxieme ann\u00e9e master litt\u00e9rature ancienne<\/a><\/span><\/strong><\/span><\/p>\n<p style=\"text-align: center\"><span style=\"font-size: 14pt\"><strong><span style=\"font-family: Book Antiqua, Palatino\"><a href=\"http:\/\/lagh-univ.dz\/wp-content\/uploads\/2019\/11\/\u0633\u0646\u0629-\u062b\u0627\u0646\u064a\u0629-\u0645\u0627\u0633\u062a\u0631-\u062a\u0639\u0644\u0645\u064a\u0629.pdf\">deuxieme ann\u00e9e master didactique<\/a><\/span><\/strong><\/span><\/p>\n<p style=\"text-align: center\"><span style=\"font-size: 14pt\"><strong><span style=\"font-family: Book Antiqua, Palatino\"><a href=\"http:\/\/lagh-univ.dz\/wp-content\/uploads\/2019\/11\/\u0633\u0646\u0629-\u062b\u0627\u0646\u064a\u0629-\u0645\u0627\u0633\u062a\u0631-\u0644\u0633\u0627\u0646\u064a\u0627\u062a.pdf\">deuxieme ann\u00e9e master linguistique<\/a><\/span><\/strong><\/span><\/p>\n<p style=\"text-align: center\"><span style=\"text-decoration: underline\"><span style=\"font-size: 18pt;font-family: Book Antiqua, Palatino;color: #ff0000\"><strong>Les emploi du temps master semestre1<\/strong><\/span><\/span><\/p>\n<p style=\"text-align: center\"><strong><span style=\"font-family: Book Antiqua, Palatino;font-size: 14pt\"><a href=\"http:\/\/lagh-univ.dz\/wp-content\/uploads\/2020\/02\/\u0627\u0644\u0633\u0646\u0629-\u0627\u0644\u0623\u0648\u0644\u0649-\u0645\u0627\u0633\u062a\u0631-\u0623\u062f\u0628-\u0639\u0631\u0628\u064a-\u062d\u062f\u064a\u062b-\u0648\u0645\u0639\u0627\u0635\u0631.pdf\">Premi\u00e9re ann\u00e9e master litt\u00e9rature moderne<\/a><\/span><\/strong><\/p>\n<p style=\"text-align: center\"><strong><span style=\"font-family: Book Antiqua, Palatino;font-size: 14pt\"><a href=\"http:\/\/lagh-univ.dz\/wp-content\/uploads\/2020\/02\/\u0627\u0644\u0633\u0646\u0629-\u0627\u0644\u0623\u0648\u0644\u0649-\u0645\u0627\u0633\u062a\u0631-\u062a\u0639\u0644\u064a\u0645\u064a\u0629-\u0627\u0644\u0644\u063a\u0627\u062a.pdf\">Premi\u00e9re ann\u00e9e master didactique<\/a><\/span><\/strong><\/p>\n<p style=\"text-align: center\"><strong><span style=\"font-family: Book Antiqua, Palatino;font-size: 14pt\"><a href=\"http:\/\/lagh-univ.dz\/wp-content\/uploads\/2020\/02\/\u0627\u0644\u0633\u0646\u0629-\u0627\u0644\u0623\u0648\u0644\u0649-\u0645\u0627\u0633\u062a\u0631-\u0644\u0633\u0627\u0646\u064a\u0627\u062a-\u0639\u0631\u0628\u064a\u0629.pdf\">Premiere ann\u00e9e master linguistique<\/a><\/span><\/strong><\/p>\n<p style=\"text-align: center\"><strong><span style=\"font-family: Book Antiqua, Palatino;font-size: 14pt\"><a href=\"http:\/\/lagh-univ.dz\/wp-content\/uploads\/2020\/02\/\u0627\u0644\u0633\u0646\u0629-\u0627\u0644\u0623\u0648\u0644\u0649-\u0645\u0627\u0633\u062a\u0631\u0627\u062f\u0628-\u0639\u0631\u0628\u064a-\u0642\u062f\u064a\u0645.pdf\">Premi\u00e9re ann\u00e9e master litt\u00e9rature ancienne<\/a><\/span><\/strong><\/p>\n","protected":false},"excerpt":{"rendered":"<p>Les emploi du temps master semestre1 Premiere ann\u00e9e master litt\u00e9rature ancienne Premi\u00e9re ann\u00e9e master litt\u00e9rature moderne Premi\u00e9re ann\u00e9e master didactique Premiere ann\u00e9e master linguistique deuxieme ann\u00e9e master litt\u00e9rature moderne deuxieme ann\u00e9e master litt\u00e9rature ancienne deuxieme ann\u00e9e master didactique deuxieme ann\u00e9e master linguistique Les emploi du temps master semestre1 Premi\u00e9re ann\u00e9e master litt\u00e9rature moderne Premi\u00e9re ann\u00e9e [&hellip;]<\/p>\n","protected":false},"author":1,"featured_media":20933,"parent":10235,"menu_order":0,"comment_status":"closed","ping_status":"closed","template":"elementor_header_footer","meta":{"_exactmetrics_skip_tracking":false,"_exactmetrics_sitenote_active":false,"_exactmetrics_sitenote_note":"","_exactmetrics_sitenote_category":0,"footnotes":""},"coauthors":[217,529],"class_list":["post-10255","page","type-page","status-publish","has-post-thumbnail","hentry"],"_links":{"self":[{"href":"http:\/\/lagh-univ.dz\/fr\/wp-json\/wp\/v2\/pages\/10255","targetHints":{"allow":["GET"]}}],"collection":[{"href":"http:\/\/lagh-univ.dz\/fr\/wp-json\/wp\/v2\/pages"}],"about":[{"href":"http:\/\/lagh-univ.dz\/fr\/wp-json\/wp\/v2\/types\/page"}],"author":[{"embeddable":true,"href":"http:\/\/lagh-univ.dz\/fr\/wp-json\/wp\/v2\/users\/1"}],"replies":[{"embeddable":true,"href":"http:\/\/lagh-univ.dz\/fr\/wp-json\/wp\/v2\/comments?post=10255"}],"version-history":[{"count":8,"href":"http:\/\/lagh-univ.dz\/fr\/wp-json\/wp\/v2\/pages\/10255\/revisions"}],"predecessor-version":[{"id":23418,"href":"http:\/\/lagh-univ.dz\/fr\/wp-json\/wp\/v2\/pages\/10255\/revisions\/23418"}],"up":[{"embeddable":true,"href":"http:\/\/lagh-univ.dz\/fr\/wp-json\/wp\/v2\/pages\/10235"}],"wp:featuredmedia":[{"embeddable":true,"href":"http:\/\/lagh-univ.dz\/fr\/wp-json\/wp\/v2\/media\/20933"}],"wp:attachment":[{"href":"http:\/\/lagh-univ.dz\/fr\/wp-json\/wp\/v2\/media?parent=10255"}],"wp:term":[{"taxonomy":"author","embeddable":true,"href":"http:\/\/lagh-univ.dz\/fr\/wp-json\/wp\/v2\/coauthors?post=10255"}],"curies":[{"name":"wp","href":"https:\/\/api.w.org\/{rel}","templated":true}]}}