{"id":10259,"date":"2019-02-07T10:22:06","date_gmt":"2019-02-07T12:22:06","guid":{"rendered":"http:\/\/lagh-univ.dz\/langue-departement-arabe-administration\/"},"modified":"2025-09-11T08:48:10","modified_gmt":"2025-09-11T07:48:10","slug":"langue-departement-arabe-administration","status":"publish","type":"page","link":"http:\/\/lagh-univ.dz\/fr\/langue-departement-arabe\/langue-departement-arabe-administration\/","title":{"rendered":"Langue-Departement- arabe- administration"},"content":{"rendered":"<div class=\"s5_contentwrapper\">\n<h2 style=\"text-align: left\"><strong><span style=\"font-family: Book Antiqua, Palatino;font-size: 18pt;color: #000000\">L\u2019administration du d\u00e9partement de langue et de lettres arabes<\/span><\/strong><\/h2>\n<p style=\"text-align: left\"><strong>:<span style=\"color: #000000\">chef de d\u00e9partement<\/span><\/strong><\/p>\n<p dir=\"ltr\"><span style=\"color: #000000\">M.LAKHDARI ALI<\/span><\/p>\n<p dir=\"ltr\"><span style=\"color: #000000\"><strong>Grade<\/strong>: Proffesseur<\/span><\/p>\n<p dir=\"ltr\"><span style=\"color: #000000\"><strong>Email<\/strong> :alilakhdari10@gmail.com<\/span><\/p>\n<p dir=\"ltr\"><strong><span style=\"font-family: Book Antiqua, Palatino;font-size: 14pt;color: #000000\">Adjoint-chef de d\u00e9partement charg\u00e9 de la p\u00e9dagogique : \/<\/span><\/strong><\/p>\n<p dir=\"ltr\"><span style=\"font-family: Book Antiqua, Palatino;font-size: 14pt\"><em><span style=\"color: #000000\">\u00a0<\/span><\/em><\/span><\/p>\n<p dir=\"RTL\"><strong><span style=\"font-family: arabic-kufi;font-size: 14pt;color: #000000\">\u00a0<\/span><\/strong><\/p>\n<\/div>\n","protected":false},"excerpt":{"rendered":"<p>L\u2019administration du d\u00e9partement de langue et de lettres arabes :chef de d\u00e9partement M.LAKHDARI ALI Grade: Proffesseur Email :alilakhdari10@gmail.com Adjoint-chef de d\u00e9partement charg\u00e9 de la p\u00e9dagogique : \/ \u00a0 \u00a0<\/p>\n","protected":false},"author":1,"featured_media":0,"parent":10235,"menu_order":0,"comment_status":"closed","ping_status":"closed","template":"elementor_header_footer","meta":{"_exactmetrics_skip_tracking":false,"_exactmetrics_sitenote_active":false,"_exactmetrics_sitenote_note":"","_exactmetrics_sitenote_category":0,"footnotes":""},"coauthors":[217,529],"class_list":["post-10259","page","type-page","status-publish","hentry"],"_links":{"self":[{"href":"http:\/\/lagh-univ.dz\/fr\/wp-json\/wp\/v2\/pages\/10259","targetHints":{"allow":["GET"]}}],"collection":[{"href":"http:\/\/lagh-univ.dz\/fr\/wp-json\/wp\/v2\/pages"}],"about":[{"href":"http:\/\/lagh-univ.dz\/fr\/wp-json\/wp\/v2\/types\/page"}],"author":[{"embeddable":true,"href":"http:\/\/lagh-univ.dz\/fr\/wp-json\/wp\/v2\/users\/1"}],"replies":[{"embeddable":true,"href":"http:\/\/lagh-univ.dz\/fr\/wp-json\/wp\/v2\/comments?post=10259"}],"version-history":[{"count":11,"href":"http:\/\/lagh-univ.dz\/fr\/wp-json\/wp\/v2\/pages\/10259\/revisions"}],"predecessor-version":[{"id":68494,"href":"http:\/\/lagh-univ.dz\/fr\/wp-json\/wp\/v2\/pages\/10259\/revisions\/68494"}],"up":[{"embeddable":true,"href":"http:\/\/lagh-univ.dz\/fr\/wp-json\/wp\/v2\/pages\/10235"}],"wp:attachment":[{"href":"http:\/\/lagh-univ.dz\/fr\/wp-json\/wp\/v2\/media?parent=10259"}],"wp:term":[{"taxonomy":"author","embeddable":true,"href":"http:\/\/lagh-univ.dz\/fr\/wp-json\/wp\/v2\/coauthors?post=10259"}],"curies":[{"name":"wp","href":"https:\/\/api.w.org\/{rel}","templated":true}]}}