{"id":10265,"date":"2019-02-07T10:22:42","date_gmt":"2019-02-07T12:22:42","guid":{"rendered":"http:\/\/lagh-univ.dz\/langue-departement-arabe-formatio-licence\/"},"modified":"2020-02-19T08:55:40","modified_gmt":"2020-02-19T10:55:40","slug":"langue-departement-arabe-formatio-licence","status":"publish","type":"page","link":"http:\/\/lagh-univ.dz\/fr\/langue-departement-arabe\/langue-departement-arabe-formatio-licence\/","title":{"rendered":"Langue-Departement- arabe- formatio-licence"},"content":{"rendered":"<p style=\"text-align: left\"><span style=\"text-decoration: underline\"><strong><span style=\"color: #000000;font-family: arabic-kufi;font-size: 18pt;text-decoration: underline\"><span style=\"font-family: Book Antiqua, Palatino\">Formation licence d\u00e9partement langue arab<\/span><\/span><span style=\"color: #000000;font-family: arabic-kufi;font-size: 14pt;text-decoration: underline\"><br \/>\n<\/span><\/strong><\/span><\/p>\n<div class=\"oSioSc\">\n<div id=\"tw-target\">\n<div id=\"kAz1tf\" class=\"g9WsWb\">\n<div id=\"tw-target-text-container\" class=\"tw-ta-container tw-nfl\">\n<pre id=\"tw-target-text\" class=\"tw-data-text tw-text-large tw-ta\" data-placeholder=\"Traduction\"><span lang=\"fr\" style=\"font-family: Book Antiqua, Palatino;font-size: 14pt;color: #000000\">Premi\u00e8re ann\u00e9e est un tronc commun<\/span><\/pre>\n<\/div>\n<\/div>\n<\/div>\n<\/div>\n<pre id=\"tw-target-text\" class=\"tw-data-text tw-text-large tw-ta\" data-placeholder=\"Traduction\"><span lang=\"fr\" style=\"font-family: Book Antiqua, Palatino;font-size: 14pt;color: #000000\">Deuxi\u00e8me ann\u00e9e: \u00e9tudes litt\u00e9raires - \u00e9tudes de langues<\/span><\/pre>\n<pre id=\"tw-target-text\" class=\"tw-data-text tw-text-large tw-ta\" data-placeholder=\"Traduction\"><span lang=\"fr\" style=\"font-family: Book Antiqua, Palatino;font-size: 14pt;color: #000000\">Troisi\u00e8me ann\u00e9e: \u00e9tudes litt\u00e9raires - linguistique g\u00e9n\u00e9rale<\/span><\/pre>\n<p><span style=\"font-family: arabic-kufi;font-size: 14pt;color: #000000\">\u00a0<\/span><\/p>\n","protected":false},"excerpt":{"rendered":"<p>Formation licence d\u00e9partement langue arab Premi\u00e8re ann\u00e9e est un tronc commun Deuxi\u00e8me ann\u00e9e: \u00e9tudes litt\u00e9raires &#8211; \u00e9tudes de langues Troisi\u00e8me ann\u00e9e: \u00e9tudes litt\u00e9raires &#8211; linguistique g\u00e9n\u00e9rale \u00a0<\/p>\n","protected":false},"author":1,"featured_media":0,"parent":10235,"menu_order":0,"comment_status":"closed","ping_status":"closed","template":"elementor_header_footer","meta":{"_exactmetrics_skip_tracking":false,"_exactmetrics_sitenote_active":false,"_exactmetrics_sitenote_note":"","_exactmetrics_sitenote_category":0,"footnotes":""},"coauthors":[217,529],"class_list":["post-10265","page","type-page","status-publish","hentry"],"_links":{"self":[{"href":"http:\/\/lagh-univ.dz\/fr\/wp-json\/wp\/v2\/pages\/10265","targetHints":{"allow":["GET"]}}],"collection":[{"href":"http:\/\/lagh-univ.dz\/fr\/wp-json\/wp\/v2\/pages"}],"about":[{"href":"http:\/\/lagh-univ.dz\/fr\/wp-json\/wp\/v2\/types\/page"}],"author":[{"embeddable":true,"href":"http:\/\/lagh-univ.dz\/fr\/wp-json\/wp\/v2\/users\/1"}],"replies":[{"embeddable":true,"href":"http:\/\/lagh-univ.dz\/fr\/wp-json\/wp\/v2\/comments?post=10265"}],"version-history":[{"count":5,"href":"http:\/\/lagh-univ.dz\/fr\/wp-json\/wp\/v2\/pages\/10265\/revisions"}],"predecessor-version":[{"id":29427,"href":"http:\/\/lagh-univ.dz\/fr\/wp-json\/wp\/v2\/pages\/10265\/revisions\/29427"}],"up":[{"embeddable":true,"href":"http:\/\/lagh-univ.dz\/fr\/wp-json\/wp\/v2\/pages\/10235"}],"wp:attachment":[{"href":"http:\/\/lagh-univ.dz\/fr\/wp-json\/wp\/v2\/media?parent=10265"}],"wp:term":[{"taxonomy":"author","embeddable":true,"href":"http:\/\/lagh-univ.dz\/fr\/wp-json\/wp\/v2\/coauthors?post=10265"}],"curies":[{"name":"wp","href":"https:\/\/api.w.org\/{rel}","templated":true}]}}