{"id":10280,"date":"2019-02-07T10:26:56","date_gmt":"2019-02-07T12:26:56","guid":{"rendered":"http:\/\/lagh-univ.dz\/langue-departement-arabe-emploi-du-temps-licence\/"},"modified":"2019-12-16T07:16:31","modified_gmt":"2019-12-16T09:16:31","slug":"langue-departement-arabe-emploi-du-temps-licence","status":"publish","type":"page","link":"http:\/\/lagh-univ.dz\/fr\/langue-departement-arabe\/langue-departement-arabe-emploi-du-temps-licence\/","title":{"rendered":"Langue-Departement- arabe- emploi du temps-licence"},"content":{"rendered":"<p style=\"text-align: center\"><span style=\"font-family: Book Antiqua, Palatino;color: #000000;font-size: 18pt\"><strong>T\u00e9l\u00e9charger les emploi du temps licence<\/strong><\/span><\/p>\n<p style=\"text-align: left\"><span style=\"font-family: Book Antiqua, Palatino;font-size: 14pt\"><a href=\"http:\/\/lagh-univ.dz\/wp-content\/uploads\/2019\/11\/\u0627\u0644\u0633\u0646\u0629-\u0627\u0644\u0623\u0648\u0644\u0649-\u0627\u0644\u0641\u0635\u064a\u0644\u0629-01.pdf\">Premi\u00e9re ann\u00e9e 1<\/a><\/span><\/p>\n<p style=\"text-align: left\"><span style=\"font-family: Book Antiqua, Palatino;font-size: 14pt\"><a href=\"http:\/\/lagh-univ.dz\/wp-content\/uploads\/2019\/11\/\u0627\u0644\u0633\u0646\u0629-\u0627\u0644\u0623\u0648\u0644\u0649-\u0627\u0644\u0641\u0635\u064a\u0644\u0629-02.pdf\">Premi\u00e9re ann\u00e9e 2<\/a><\/span><\/p>\n<p style=\"text-align: left\"><span style=\"font-family: Book Antiqua, Palatino;font-size: 14pt\"><a href=\"http:\/\/lagh-univ.dz\/wp-content\/uploads\/2019\/11\/\u0627\u0644\u0633\u0646\u0629-\u0627\u0644\u062b\u0627\u0646\u064a\u0629.pdf\">Deuxieme ann\u00e9e<\/a><\/span><\/p>\n<p style=\"text-align: left\"><span style=\"font-family: Book Antiqua, Palatino;font-size: 14pt\"><a href=\"http:\/\/lagh-univ.dz\/wp-content\/uploads\/2019\/11\/\u0627\u0644\u0633\u0646\u0629-\u0627\u0644\u062b\u0627\u0644\u062b\u0629-\u062a\u062e\u0635\u0635-\u0623\u062f\u0628-\u0639\u0631\u0628\u064a.pdf\">Troisi\u00e8me ann\u00e9e la litt\u00e9rature arabe<\/a><\/span><\/p>\n<p style=\"text-align: left\"><span style=\"font-family: Book Antiqua, Palatino;font-size: 14pt\"><a href=\"http:\/\/lagh-univ.dz\/wp-content\/uploads\/2019\/11\/\u0627\u0644\u0633\u0646\u0629-\u0627\u0644\u062b\u0627\u0644\u062b\u0629-\u062a\u062e\u0635\u0635-\u0644\u0633\u0627\u0646\u064a\u0627\u062a.pdf\">Troisi\u00e8me ann\u00e9e linguistique<\/a><\/span><\/p>\n","protected":false},"excerpt":{"rendered":"<p>T\u00e9l\u00e9charger les emploi du temps licence Premi\u00e9re ann\u00e9e 1 Premi\u00e9re ann\u00e9e 2 Deuxieme ann\u00e9e Troisi\u00e8me ann\u00e9e la litt\u00e9rature arabe Troisi\u00e8me ann\u00e9e linguistique<\/p>\n","protected":false},"author":1,"featured_media":20933,"parent":10235,"menu_order":0,"comment_status":"closed","ping_status":"closed","template":"elementor_header_footer","meta":{"_exactmetrics_skip_tracking":false,"_exactmetrics_sitenote_active":false,"_exactmetrics_sitenote_note":"","_exactmetrics_sitenote_category":0,"footnotes":""},"coauthors":[217,529],"class_list":["post-10280","page","type-page","status-publish","has-post-thumbnail","hentry"],"_links":{"self":[{"href":"http:\/\/lagh-univ.dz\/fr\/wp-json\/wp\/v2\/pages\/10280","targetHints":{"allow":["GET"]}}],"collection":[{"href":"http:\/\/lagh-univ.dz\/fr\/wp-json\/wp\/v2\/pages"}],"about":[{"href":"http:\/\/lagh-univ.dz\/fr\/wp-json\/wp\/v2\/types\/page"}],"author":[{"embeddable":true,"href":"http:\/\/lagh-univ.dz\/fr\/wp-json\/wp\/v2\/users\/1"}],"replies":[{"embeddable":true,"href":"http:\/\/lagh-univ.dz\/fr\/wp-json\/wp\/v2\/comments?post=10280"}],"version-history":[{"count":5,"href":"http:\/\/lagh-univ.dz\/fr\/wp-json\/wp\/v2\/pages\/10280\/revisions"}],"predecessor-version":[{"id":20937,"href":"http:\/\/lagh-univ.dz\/fr\/wp-json\/wp\/v2\/pages\/10280\/revisions\/20937"}],"up":[{"embeddable":true,"href":"http:\/\/lagh-univ.dz\/fr\/wp-json\/wp\/v2\/pages\/10235"}],"wp:featuredmedia":[{"embeddable":true,"href":"http:\/\/lagh-univ.dz\/fr\/wp-json\/wp\/v2\/media\/20933"}],"wp:attachment":[{"href":"http:\/\/lagh-univ.dz\/fr\/wp-json\/wp\/v2\/media?parent=10280"}],"wp:term":[{"taxonomy":"author","embeddable":true,"href":"http:\/\/lagh-univ.dz\/fr\/wp-json\/wp\/v2\/coauthors?post=10280"}],"curies":[{"name":"wp","href":"https:\/\/api.w.org\/{rel}","templated":true}]}}