{"id":28782,"date":"2020-02-17T19:01:03","date_gmt":"2020-02-17T21:01:03","guid":{"rendered":"https:\/\/lagh-univ.dz\/plateau-technique\/"},"modified":"2024-11-20T10:32:36","modified_gmt":"2024-11-20T09:32:36","slug":"plateau-technique","status":"publish","type":"page","link":"https:\/\/lagh-univ.dz\/fr\/plateau-technique\/","title":{"rendered":"plateau technique"},"content":{"rendered":"<p dir=\"ltr\" style=\"text-align: center;\"><span style=\"font-size: 18pt;\"><strong><span style=\"font-family: 'Book Antiqua', Palatino; color: #ff0000;\"><em>Plateau Techniques d&rsquo;Analyses Physico-Chimiques-Laghouat- (PTAPC-L)<\/em><\/span><\/strong><\/span><\/p>\n<p dir=\"ltr\" style=\"text-align: justify;\"><span style=\"font-family: 'Book Antiqua', Palatino; font-size: 14pt;\"><strong><em><u><img fetchpriority=\"high\" decoding=\"async\" class=\"size-full wp-image-28784 aligncenter\" src=\"https:\/\/lagh-univ.dz\/wp-content\/uploads\/2020\/02\/plateau.png\" alt=\"\" width=\"689\" height=\"516\" srcset=\"https:\/\/lagh-univ.dz\/wp-content\/uploads\/2020\/02\/plateau.png 689w, https:\/\/lagh-univ.dz\/wp-content\/uploads\/2020\/02\/plateau-300x225.png 300w, https:\/\/lagh-univ.dz\/wp-content\/uploads\/2020\/02\/plateau-340x255.png 340w, https:\/\/lagh-univ.dz\/wp-content\/uploads\/2020\/02\/plateau-250x188.png 250w\" sizes=\"(max-width: 689px) 100vw, 689px\" \/><\/u><\/em><\/strong><\/span><\/p>\n<p dir=\"ltr\" style=\"text-align: justify;\">\n<p dir=\"ltr\" style=\"text-align: justify;\"><span style=\"font-family: 'Book Antiqua', Palatino; font-size: 14pt;\">La mise en place du Plateau Techniques d\u2019Analyse Physico-Chimique (PTAPC), constitue une nouvelle strat\u00e9gie de la DGRSDT afin de mettre \u00e0 disposition des chercheurs une infrastructure de proximit\u00e9. Ce PTAPC dispose d\u2019espace, de moyens humains et de savoir faire. Ainsi, plusieurs projets de Recherche\/D\u00e9veloppement s\u2019appuieront sur les capacit\u00e9s d\u2019analyses de ce PTAPC, impliquant tous les chercheurs des \u00e9tablissements universitaires. Ce PTAPC de 1000 m\u00b2 chacun, est con\u00e7ue selon les normes internationales, et \u00e9quip\u00e9 par des \u00e9quipements et d\u2019accessoires n\u00e9cessaires au fonctionnement d\u2019un laboratoire. Leurs activit\u00e9s s\u2019articulent autour de :<\/span><\/p>\n<p dir=\"ltr\">\n<p dir=\"ltr\" style=\"text-align: justify;\"><span style=\"font-family: 'Book Antiqua', Palatino; font-size: 14pt;\">&#8211; L\u2019analyse thermique.<\/span><\/p>\n<p dir=\"ltr\" style=\"text-align: justify;\">\n<span style=\"font-family: 'Book Antiqua', Palatino; font-size: 14pt;\">-L\u2019analyse de structures atomique et mol\u00e9culaire.<\/span><\/p>\n<p dir=\"ltr\" style=\"text-align: justify;\">\n<span style=\"font-family: 'Book Antiqua', Palatino; font-size: 14pt;\">&#8211; La spectroscopie.<\/span><\/p>\n<p dir=\"ltr\" style=\"text-align: justify;\">\n<span style=\"font-family: 'Book Antiqua', Palatino; font-size: 14pt;\">&#8211; La microscopie.<\/span><\/p>\n<p dir=\"ltr\" style=\"text-align: justify;\">\n<span style=\"font-family: 'Book Antiqua', Palatino; font-size: 14pt;\">&#8211; L\u2019analyse des surfaces des mati\u00e8res.<\/span><\/p>\n<p dir=\"ltr\" style=\"text-align: justify;\">\n<span style=\"font-family: 'Book Antiqua', Palatino; font-size: 14pt;\">&#8211; L\u2019analyse texturale et granulom\u00e9trique.<\/span><\/p>\n<p dir=\"ltr\" style=\"text-align: justify;\">\n<span style=\"font-family: 'Book Antiqua', Palatino; font-size: 14pt;\">&#8211; L\u2019analyse chromatographique s\u00e9paration-identification.<\/span><\/p>\n<p dir=\"ltr\" style=\"text-align: justify;\">\n<p dir=\"ltr\" style=\"text-align: justify;\"><span style=\"font-family: 'Book Antiqua', Palatino; font-size: 14pt;\"><strong><em><u>Les missions\u00a0:<\/u><\/em><\/strong><\/span><\/p>\n<p dir=\"ltr\" style=\"text-align: justify;\"><span style=\"font-family: 'Book Antiqua', Palatino; font-size: 14pt;\">Les missions du Plateau Techniques en Analyses Physico-Chimiques (PTAPC-Laghouat) consistent en :<\/span><\/p>\n<p dir=\"ltr\" style=\"text-align: justify;\"><span style=\"font-family: 'Book Antiqua', Palatino; font-size: 14pt;\">\u2013 la constitution d\u2019un p\u00f4le de comp\u00e9tence, de r\u00e9f\u00e9rence et d\u2019expertise scientifique dans le domaine des analyses physico-chimiques.<\/span><\/p>\n<p dir=\"ltr\" style=\"text-align: justify;\">\n<span style=\"font-family: 'Book Antiqua', Palatino; font-size: 14pt;\">\u2013 la participation au perfectionnement et au d\u00e9veloppement de nouvelles m\u00e9thodes d\u2019\u00e9chantillonnage, d\u2019extraction et d\u2019analyse.<\/span><\/p>\n<p dir=\"ltr\" style=\"text-align: justify;\"><span style=\"font-family: 'Book Antiqua', Palatino; font-size: 14pt;\">\u00a0<\/span><br \/>\n<span style=\"font-family: 'Book Antiqua', Palatino; font-size: 14pt;\">\u2013 l\u2019ex\u00e9cution de travaux d\u2019\u00e9tudes de r\u00e9f\u00e9rence et d\u2019expertise pour le compte du secteur socio-\u00e9conomique dans le domaine de l\u2019analyse physico-chimique.\u00a0<\/span><\/p>\n<p dir=\"ltr\" style=\"text-align: justify;\">\n<span style=\"font-family: 'Book Antiqua', Palatino; font-size: 14pt;\">\u2013 l\u2019accompagnement du secteur socio-\u00e9conomique dans la formation et la mise \u00e0 niveau des techniques d\u2019analyses physico-chimiques.<\/span><\/p>\n<p dir=\"ltr\" style=\"text-align: justify;\">\n<span style=\"font-family: 'Book Antiqua', Palatino; font-size: 14pt;\">\u2013 la mise en avant du transfert du savoir-faire analytique vers le secteur \u00e9conomique, en ad\u00e9quation avec les besoins en \u00e9mergence.<\/span><\/p>\n<p dir=\"ltr\" style=\"text-align: justify;\"><span style=\"font-family: 'Book Antiqua', Palatino; font-size: 14pt;\">\u00a0<\/span><br \/>\n<span style=\"font-family: 'Book Antiqua', Palatino; font-size: 14pt;\">\u2013 la Cr\u00e9ation d\u2019emplois \u00e0 tous les niveaux.<\/span><\/p>\n<p dir=\"ltr\">\n<p dir=\"ltr\" style=\"text-align: justify;\"><span style=\"font-family: 'Book Antiqua', Palatino; font-size: 14pt;\"><strong><em><u>L\u2019organisation <\/u><\/em><\/strong><\/span><\/p>\n<p dir=\"ltr\" style=\"text-align: justify;\">\n<p dir=\"ltr\" style=\"text-align: justify;\"><span style=\"font-family: 'Book Antiqua', Palatino; font-size: 14pt;\">Sous l\u2019autorit\u00e9 du chef de service du plateau technique en analyses physico-chimiques, le plateau technique est organis\u00e9 en sections techniques et administratives.<\/span><\/p>\n<p dir=\"ltr\" style=\"text-align: justify;\"><span style=\"font-family: 'Book Antiqua', Palatino; font-size: 14pt;\">Les sections techniques, au nombre de trois (3) sont constitu\u00e9es par :\u00a0<\/span><br \/>\n<span style=\"font-family: 'Book Antiqua', Palatino; font-size: 14pt;\">\u2013 section Analyses\u00a0<\/span><br \/>\n<span style=\"font-family: 'Book Antiqua', Palatino; font-size: 14pt;\">\u2013 section Maintenance, Entretien des \u00e9quipements et conception des prototypes\u00a0<\/span><br \/>\n<span style=\"font-family: 'Book Antiqua', Palatino; font-size: 14pt;\">\u2013 section Assurance Qualit\u00e9, Hygi\u00e8ne et S\u00e9curit\u00e9 dans les laboratoires\u00a0<\/span><\/p>\n<p dir=\"ltr\" style=\"text-align: justify;\"><span style=\"font-family: 'Book Antiqua', Palatino; font-size: 14pt;\">Les sections administratives, au nombre de deux (2) sont constitu\u00e9es par :\u00a0<\/span><br \/>\n<span style=\"font-family: 'Book Antiqua', Palatino; font-size: 14pt;\">\u2013 section du personnel, formation et s\u00e9curit\u00e9 interne ;\u00a0<\/span><br \/>\n<span style=\"font-family: 'Book Antiqua', Palatino; font-size: 14pt;\">\u2013 section des Moyens g\u00e9n\u00e9raux, des finances et de la comptabil<\/span><\/p>\n","protected":false},"excerpt":{"rendered":"<p>Plateau Techniques d&rsquo;Analyses Physico-Chimiques-Laghouat- (PTAPC-L) La mise en place du Plateau Techniques d\u2019Analyse Physico-Chimique (PTAPC), constitue une nouvelle strat\u00e9gie de la DGRSDT afin de mettre \u00e0 disposition des chercheurs une infrastructure de proximit\u00e9. Ce PTAPC dispose d\u2019espace, de moyens humains et de savoir faire. Ainsi, plusieurs projets de Recherche\/D\u00e9veloppement s\u2019appuieront sur les capacit\u00e9s d\u2019analyses de [&hellip;]<\/p>\n","protected":false},"author":1,"featured_media":0,"parent":0,"menu_order":0,"comment_status":"closed","ping_status":"closed","template":"elementor_header_footer","meta":{"_exactmetrics_skip_tracking":false,"_exactmetrics_sitenote_active":false,"_exactmetrics_sitenote_note":"","_exactmetrics_sitenote_category":0,"footnotes":""},"coauthors":[217],"class_list":["post-28782","page","type-page","status-publish","hentry"],"_links":{"self":[{"href":"https:\/\/lagh-univ.dz\/fr\/wp-json\/wp\/v2\/pages\/28782","targetHints":{"allow":["GET"]}}],"collection":[{"href":"https:\/\/lagh-univ.dz\/fr\/wp-json\/wp\/v2\/pages"}],"about":[{"href":"https:\/\/lagh-univ.dz\/fr\/wp-json\/wp\/v2\/types\/page"}],"author":[{"embeddable":true,"href":"https:\/\/lagh-univ.dz\/fr\/wp-json\/wp\/v2\/users\/1"}],"replies":[{"embeddable":true,"href":"https:\/\/lagh-univ.dz\/fr\/wp-json\/wp\/v2\/comments?post=28782"}],"version-history":[{"count":1,"href":"https:\/\/lagh-univ.dz\/fr\/wp-json\/wp\/v2\/pages\/28782\/revisions"}],"predecessor-version":[{"id":28789,"href":"https:\/\/lagh-univ.dz\/fr\/wp-json\/wp\/v2\/pages\/28782\/revisions\/28789"}],"wp:attachment":[{"href":"https:\/\/lagh-univ.dz\/fr\/wp-json\/wp\/v2\/media?parent=28782"}],"wp:term":[{"taxonomy":"author","embeddable":true,"href":"https:\/\/lagh-univ.dz\/fr\/wp-json\/wp\/v2\/coauthors?post=28782"}],"curies":[{"name":"wp","href":"https:\/\/api.w.org\/{rel}","templated":true}]}}