{"id":55960,"date":"2018-12-24T13:09:58","date_gmt":"2018-12-24T15:09:58","guid":{"rendered":"http:\/\/lagh-univ.dz\/genie-civil-departement-genie-civil-annonce-2\/"},"modified":"2023-12-03T14:49:21","modified_gmt":"2023-12-03T13:49:21","slug":"genie-civil-departement-genie-civil-annonce-2","status":"publish","type":"page","link":"http:\/\/lagh-univ.dz\/fr\/genie-civil-departement-genie-civil-2\/genie-civil-departement-genie-civil-annonce-2\/","title":{"rendered":"Genie civil-Departement- Genie civil- annonce"},"content":{"rendered":"\t\t<div data-elementor-type=\"wp-page\" data-elementor-id=\"55960\" class=\"elementor elementor-55960\" data-elementor-post-type=\"page\">\n\t\t\t\t\t\t<section class=\"elementor-section elementor-top-section elementor-element elementor-element-9e8d21b elementor-section-full_width elementor-section-height-default elementor-section-height-default\" data-id=\"9e8d21b\" data-element_type=\"section\" data-e-type=\"section\" data-settings=\"{&quot;background_background&quot;:&quot;classic&quot;}\">\n\t\t\t\t\t\t<div class=\"elementor-container elementor-column-gap-default\">\n\t\t\t\t\t<div class=\"elementor-column elementor-col-100 elementor-top-column elementor-element elementor-element-9b8c77e\" data-id=\"9b8c77e\" data-element_type=\"column\" data-e-type=\"column\">\n\t\t\t<div class=\"elementor-widget-wrap elementor-element-populated\">\n\t\t\t\t\t\t<div class=\"elementor-element elementor-element-74efce9 elementor-grid-5 elementor-grid-tablet-2 elementor-grid-mobile-1 elementor-posts--thumbnail-top elementor-card-shadow-yes elementor-posts__hover-gradient load-more-align-center elementor-widget elementor-widget-posts\" data-id=\"74efce9\" data-element_type=\"widget\" data-e-type=\"widget\" data-settings=\"{&quot;cards_row_gap&quot;:{&quot;unit&quot;:&quot;px&quot;,&quot;size&quot;:31,&quot;sizes&quot;:[]},&quot;pagination_type&quot;:&quot;load_more_on_click&quot;,&quot;cards_columns&quot;:&quot;5&quot;,&quot;cards_columns_tablet&quot;:&quot;2&quot;,&quot;cards_columns_mobile&quot;:&quot;1&quot;,&quot;cards_row_gap_tablet&quot;:{&quot;unit&quot;:&quot;px&quot;,&quot;size&quot;:&quot;&quot;,&quot;sizes&quot;:[]},&quot;cards_row_gap_mobile&quot;:{&quot;unit&quot;:&quot;px&quot;,&quot;size&quot;:&quot;&quot;,&quot;sizes&quot;:[]},&quot;load_more_spinner&quot;:{&quot;value&quot;:&quot;fas fa-spinner&quot;,&quot;library&quot;:&quot;fa-solid&quot;}}\" data-widget_type=\"posts.cards\">\n\t\t\t\t<div class=\"elementor-widget-container\">\n\t\t\t\t\t\t\t<div class=\"elementor-posts-container elementor-posts elementor-posts--skin-cards elementor-grid\" role=\"list\">\n\t\t\t\t<article class=\"elementor-post elementor-grid-item post-62572 post type-post status-publish format-standard has-post-thumbnail hentry category-annonce-fr category-civil category-civil_architecture category-civil_civil\" role=\"listitem\">\n\t\t\t<div class=\"elementor-post__card\">\n\t\t\t\t<a class=\"elementor-post__thumbnail__link\" href=\"http:\/\/lagh-univ.dz\/fr\/%d9%83%d9%84%d9%8a%d8%a9-%d8%a7%d9%84%d9%87%d9%86%d8%af%d8%b3%d8%a9-%d8%a7%d9%84%d9%85%d8%af%d9%86%d9%8a%d8%a9-%d9%88-%d8%a7%d9%84%d9%87%d9%86%d8%af%d8%b3%d8%a9-%d8%a7%d9%84%d9%85%d8%b9%d9%85%d8%a7-76\/\" tabindex=\"-1\" ><div class=\"elementor-post__thumbnail\"><img fetchpriority=\"high\" decoding=\"async\" width=\"1280\" height=\"957\" src=\"http:\/\/lagh-univ.dz\/wp-content\/uploads\/2024\/11\/IMG-20241130-WA0021.jpg\" class=\"attachment-full size-full wp-image-62527\" alt=\"\" srcset=\"http:\/\/lagh-univ.dz\/wp-content\/uploads\/2024\/11\/IMG-20241130-WA0021.jpg 1280w, http:\/\/lagh-univ.dz\/wp-content\/uploads\/2024\/11\/IMG-20241130-WA0021-300x224.jpg 300w, http:\/\/lagh-univ.dz\/wp-content\/uploads\/2024\/11\/IMG-20241130-WA0021-1024x766.jpg 1024w, http:\/\/lagh-univ.dz\/wp-content\/uploads\/2024\/11\/IMG-20241130-WA0021-768x574.jpg 768w\" sizes=\"(max-width: 1280px) 100vw, 1280px\" \/><\/div><\/a>\n\t\t\t\t<div class=\"elementor-post__text\">\n\t\t\t\t<h5 class=\"elementor-post__title\">\n\t\t\t<a href=\"http:\/\/lagh-univ.dz\/fr\/%d9%83%d9%84%d9%8a%d8%a9-%d8%a7%d9%84%d9%87%d9%86%d8%af%d8%b3%d8%a9-%d8%a7%d9%84%d9%85%d8%af%d9%86%d9%8a%d8%a9-%d9%88-%d8%a7%d9%84%d9%87%d9%86%d8%af%d8%b3%d8%a9-%d8%a7%d9%84%d9%85%d8%b9%d9%85%d8%a7-76\/\" >\n\t\t\t\tFacult\u00e9 de G\u00e9nie Civil et d&rsquo;Architecture : Activit\u00e9s de la journ\u00e9e du concours \u00ab D\u00e9fi du Pont en Bois \u00bb au D\u00e9partement de G\u00e9nie Civil\t\t\t<\/a>\n\t\t<\/h5>\n\t\t\t\t\t<div class=\"elementor-post__read-more-wrapper\">\n\t\t\n\t\t<a class=\"elementor-post__read-more\" href=\"http:\/\/lagh-univ.dz\/fr\/%d9%83%d9%84%d9%8a%d8%a9-%d8%a7%d9%84%d9%87%d9%86%d8%af%d8%b3%d8%a9-%d8%a7%d9%84%d9%85%d8%af%d9%86%d9%8a%d8%a9-%d9%88-%d8%a7%d9%84%d9%87%d9%86%d8%af%d8%b3%d8%a9-%d8%a7%d9%84%d9%85%d8%b9%d9%85%d8%a7-76\/\" aria-label=\"Read more about Facult\u00e9 de G\u00e9nie Civil et d&rsquo;Architecture : Activit\u00e9s de la journ\u00e9e du concours \u00ab D\u00e9fi du Pont en Bois \u00bb au D\u00e9partement de G\u00e9nie Civil\" tabindex=\"-1\" >\n\t\t\tLire la suite \u00bb\t\t<\/a>\n\n\t\t\t\t\t<\/div>\n\t\t\t\t<\/div>\n\t\t\t\t<div class=\"elementor-post__meta-data\">\n\t\t\t\t\t<span class=\"elementor-post-date\">\n\t\t\tnovembre 30, 2024\t\t<\/span>\n\t\t\t\t<\/div>\n\t\t\t\t\t<\/div>\n\t\t<\/article>\n\t\t\t\t<article class=\"elementor-post elementor-grid-item post-61971 post type-post status-publish format-standard has-post-thumbnail hentry category-annonce-fr category-civil category-civil_architecture category-civil_civil\" role=\"listitem\">\n\t\t\t<div class=\"elementor-post__card\">\n\t\t\t\t<a class=\"elementor-post__thumbnail__link\" href=\"http:\/\/lagh-univ.dz\/fr\/%d9%83%d9%84%d9%8a%d8%a9-%d8%a7%d9%84%d9%87%d9%86%d8%af%d8%b3%d8%a9-%d8%a7%d9%84%d9%85%d8%af%d9%86%d9%8a%d8%a9-%d9%88-%d8%a7%d9%84%d9%87%d9%86%d8%af%d8%b3%d8%a9-%d8%a7%d9%84%d9%85%d8%b9%d9%85%d8%a7-71\/\" tabindex=\"-1\" ><div class=\"elementor-post__thumbnail\"><img decoding=\"async\" width=\"4961\" height=\"3544\" src=\"http:\/\/lagh-univ.dz\/wp-content\/uploads\/2024\/11\/Affihe-finale-CPND-AUMV-UATL-Nov2024-Modifee-1_page-0001-1.jpg\" class=\"attachment-full size-full wp-image-61961\" alt=\"\" srcset=\"http:\/\/lagh-univ.dz\/wp-content\/uploads\/2024\/11\/Affihe-finale-CPND-AUMV-UATL-Nov2024-Modifee-1_page-0001-1.jpg 4961w, http:\/\/lagh-univ.dz\/wp-content\/uploads\/2024\/11\/Affihe-finale-CPND-AUMV-UATL-Nov2024-Modifee-1_page-0001-1-300x214.jpg 300w, http:\/\/lagh-univ.dz\/wp-content\/uploads\/2024\/11\/Affihe-finale-CPND-AUMV-UATL-Nov2024-Modifee-1_page-0001-1-1024x732.jpg 1024w, http:\/\/lagh-univ.dz\/wp-content\/uploads\/2024\/11\/Affihe-finale-CPND-AUMV-UATL-Nov2024-Modifee-1_page-0001-1-768x549.jpg 768w, http:\/\/lagh-univ.dz\/wp-content\/uploads\/2024\/11\/Affihe-finale-CPND-AUMV-UATL-Nov2024-Modifee-1_page-0001-1-1536x1097.jpg 1536w, http:\/\/lagh-univ.dz\/wp-content\/uploads\/2024\/11\/Affihe-finale-CPND-AUMV-UATL-Nov2024-Modifee-1_page-0001-1-2048x1463.jpg 2048w\" sizes=\"(max-width: 4961px) 100vw, 4961px\" \/><\/div><\/a>\n\t\t\t\t<div class=\"elementor-post__text\">\n\t\t\t\t<h5 class=\"elementor-post__title\">\n\t\t\t<a href=\"http:\/\/lagh-univ.dz\/fr\/%d9%83%d9%84%d9%8a%d8%a9-%d8%a7%d9%84%d9%87%d9%86%d8%af%d8%b3%d8%a9-%d8%a7%d9%84%d9%85%d8%af%d9%86%d9%8a%d8%a9-%d9%88-%d8%a7%d9%84%d9%87%d9%86%d8%af%d8%b3%d8%a9-%d8%a7%d9%84%d9%85%d8%b9%d9%85%d8%a7-71\/\" >\n\t\t\t\t\u0643\u0644\u064a\u0629 \u0627\u0644\u0647\u0646\u062f\u0633\u0629 \u0627\u0644\u0645\u062f\u0646\u064a\u0629 \u0648 \u0627\u0644\u0647\u0646\u062f\u0633\u0629 \u0627\u0644\u0645\u0639\u0645\u0627\u0631\u064a\u0629: \u062a\u0646\u0638\u0645 \u0627\u0644\u062f\u0648\u0631\u0629 \u0627\u0644\u0623\u0648\u0644\u0649 \u0644\u0644\u062c\u0646\u0629 \u0627\u0644\u0628\u064a\u062f\u0627\u063a\u0648\u062c\u064a\u0629 \u0627\u0644\u0648\u0637\u0646\u064a\u0629 \u0644\u0645\u064a\u062f\u0627\u0646 \u0627\u0644\u0647\u0646\u062f\u0633\u0629 \u0627\u0644\u0645\u0639\u0645\u0627\u0631\u064a\u0629 \u060c\u0627\u0644\u0639\u0645\u0631\u0627\u0646 \u0648 \u0645\u0647\u0646 \u0627\u0644\u0645\u062f\u064a\u0646\u0629 \u0623\u064a\u0627\u0645 16-17-18\u0646\u0648\u0641\u0645\u0628\u0631 2024\t\t\t<\/a>\n\t\t<\/h5>\n\t\t\t\t\t<div class=\"elementor-post__read-more-wrapper\">\n\t\t\n\t\t<a class=\"elementor-post__read-more\" href=\"http:\/\/lagh-univ.dz\/fr\/%d9%83%d9%84%d9%8a%d8%a9-%d8%a7%d9%84%d9%87%d9%86%d8%af%d8%b3%d8%a9-%d8%a7%d9%84%d9%85%d8%af%d9%86%d9%8a%d8%a9-%d9%88-%d8%a7%d9%84%d9%87%d9%86%d8%af%d8%b3%d8%a9-%d8%a7%d9%84%d9%85%d8%b9%d9%85%d8%a7-71\/\" aria-label=\"Read more about \u0643\u0644\u064a\u0629 \u0627\u0644\u0647\u0646\u062f\u0633\u0629 \u0627\u0644\u0645\u062f\u0646\u064a\u0629 \u0648 \u0627\u0644\u0647\u0646\u062f\u0633\u0629 \u0627\u0644\u0645\u0639\u0645\u0627\u0631\u064a\u0629: \u062a\u0646\u0638\u0645 \u0627\u0644\u062f\u0648\u0631\u0629 \u0627\u0644\u0623\u0648\u0644\u0649 \u0644\u0644\u062c\u0646\u0629 \u0627\u0644\u0628\u064a\u062f\u0627\u063a\u0648\u062c\u064a\u0629 \u0627\u0644\u0648\u0637\u0646\u064a\u0629 \u0644\u0645\u064a\u062f\u0627\u0646 \u0627\u0644\u0647\u0646\u062f\u0633\u0629 \u0627\u0644\u0645\u0639\u0645\u0627\u0631\u064a\u0629 \u060c\u0627\u0644\u0639\u0645\u0631\u0627\u0646 \u0648 \u0645\u0647\u0646 \u0627\u0644\u0645\u062f\u064a\u0646\u0629 \u0623\u064a\u0627\u0645 16-17-18\u0646\u0648\u0641\u0645\u0628\u0631 2024\" tabindex=\"-1\" >\n\t\t\tLire la suite \u00bb\t\t<\/a>\n\n\t\t\t\t\t<\/div>\n\t\t\t\t<\/div>\n\t\t\t\t<div class=\"elementor-post__meta-data\">\n\t\t\t\t\t<span class=\"elementor-post-date\">\n\t\t\tnovembre 14, 2024\t\t<\/span>\n\t\t\t\t<\/div>\n\t\t\t\t\t<\/div>\n\t\t<\/article>\n\t\t\t\t<article class=\"elementor-post elementor-grid-item post-61980 post type-post status-publish format-standard has-post-thumbnail hentry category-annonce-fr category-civil category-civil_architecture category-civil_civil\" role=\"listitem\">\n\t\t\t<div class=\"elementor-post__card\">\n\t\t\t\t<a class=\"elementor-post__thumbnail__link\" href=\"http:\/\/lagh-univ.dz\/fr\/%d9%83%d9%84%d9%8a%d8%a9-%d8%a7%d9%84%d9%87%d9%86%d8%af%d8%b3%d8%a9-%d8%a7%d9%84%d9%85%d8%af%d9%86%d9%8a%d8%a9-%d9%88-%d8%a7%d9%84%d9%87%d9%86%d8%af%d8%b3%d8%a9-%d8%a7%d9%84%d9%85%d8%b9%d9%85%d8%a7-71\/\" tabindex=\"-1\" ><div class=\"elementor-post__thumbnail\"><img decoding=\"async\" width=\"4961\" height=\"3544\" src=\"http:\/\/lagh-univ.dz\/wp-content\/uploads\/2024\/11\/Affihe-finale-CPND-AUMV-UATL-Nov2024-Modifee-1_page-0001-1.jpg\" class=\"attachment-full size-full wp-image-61961\" alt=\"\" srcset=\"http:\/\/lagh-univ.dz\/wp-content\/uploads\/2024\/11\/Affihe-finale-CPND-AUMV-UATL-Nov2024-Modifee-1_page-0001-1.jpg 4961w, http:\/\/lagh-univ.dz\/wp-content\/uploads\/2024\/11\/Affihe-finale-CPND-AUMV-UATL-Nov2024-Modifee-1_page-0001-1-300x214.jpg 300w, http:\/\/lagh-univ.dz\/wp-content\/uploads\/2024\/11\/Affihe-finale-CPND-AUMV-UATL-Nov2024-Modifee-1_page-0001-1-1024x732.jpg 1024w, http:\/\/lagh-univ.dz\/wp-content\/uploads\/2024\/11\/Affihe-finale-CPND-AUMV-UATL-Nov2024-Modifee-1_page-0001-1-768x549.jpg 768w, http:\/\/lagh-univ.dz\/wp-content\/uploads\/2024\/11\/Affihe-finale-CPND-AUMV-UATL-Nov2024-Modifee-1_page-0001-1-1536x1097.jpg 1536w, http:\/\/lagh-univ.dz\/wp-content\/uploads\/2024\/11\/Affihe-finale-CPND-AUMV-UATL-Nov2024-Modifee-1_page-0001-1-2048x1463.jpg 2048w\" sizes=\"(max-width: 4961px) 100vw, 4961px\" \/><\/div><\/a>\n\t\t\t\t<div class=\"elementor-post__text\">\n\t\t\t\t<h5 class=\"elementor-post__title\">\n\t\t\t<a href=\"http:\/\/lagh-univ.dz\/fr\/%d9%83%d9%84%d9%8a%d8%a9-%d8%a7%d9%84%d9%87%d9%86%d8%af%d8%b3%d8%a9-%d8%a7%d9%84%d9%85%d8%af%d9%86%d9%8a%d8%a9-%d9%88-%d8%a7%d9%84%d9%87%d9%86%d8%af%d8%b3%d8%a9-%d8%a7%d9%84%d9%85%d8%b9%d9%85%d8%a7-71\/\" >\n\t\t\t\t\u0643\u0644\u064a\u0629 \u0627\u0644\u0647\u0646\u062f\u0633\u0629 \u0627\u0644\u0645\u062f\u0646\u064a\u0629 \u0648 \u0627\u0644\u0647\u0646\u062f\u0633\u0629 \u0627\u0644\u0645\u0639\u0645\u0627\u0631\u064a\u0629: \u062a\u0646\u0638\u0645 \u0627\u0644\u062f\u0648\u0631\u0629 \u0627\u0644\u0623\u0648\u0644\u0649 \u0644\u0644\u062c\u0646\u0629 \u0627\u0644\u0628\u064a\u062f\u0627\u063a\u0648\u062c\u064a\u0629 \u0627\u0644\u0648\u0637\u0646\u064a\u0629 \u0644\u0645\u064a\u062f\u0627\u0646 \u0627\u0644\u0647\u0646\u062f\u0633\u0629 \u0627\u0644\u0645\u0639\u0645\u0627\u0631\u064a\u0629 \u060c\u0627\u0644\u0639\u0645\u0631\u0627\u0646 \u0648 \u0645\u0647\u0646 \u0627\u0644\u0645\u062f\u064a\u0646\u0629 \u0623\u064a\u0627\u0645 16-17-18\u0646\u0648\u0641\u0645\u0628\u0631 2024\t\t\t<\/a>\n\t\t<\/h5>\n\t\t\t\t\t<div class=\"elementor-post__read-more-wrapper\">\n\t\t\n\t\t<a class=\"elementor-post__read-more\" href=\"http:\/\/lagh-univ.dz\/fr\/%d9%83%d9%84%d9%8a%d8%a9-%d8%a7%d9%84%d9%87%d9%86%d8%af%d8%b3%d8%a9-%d8%a7%d9%84%d9%85%d8%af%d9%86%d9%8a%d8%a9-%d9%88-%d8%a7%d9%84%d9%87%d9%86%d8%af%d8%b3%d8%a9-%d8%a7%d9%84%d9%85%d8%b9%d9%85%d8%a7-71\/\" aria-label=\"Read more about \u0643\u0644\u064a\u0629 \u0627\u0644\u0647\u0646\u062f\u0633\u0629 \u0627\u0644\u0645\u062f\u0646\u064a\u0629 \u0648 \u0627\u0644\u0647\u0646\u062f\u0633\u0629 \u0627\u0644\u0645\u0639\u0645\u0627\u0631\u064a\u0629: \u062a\u0646\u0638\u0645 \u0627\u0644\u062f\u0648\u0631\u0629 \u0627\u0644\u0623\u0648\u0644\u0649 \u0644\u0644\u062c\u0646\u0629 \u0627\u0644\u0628\u064a\u062f\u0627\u063a\u0648\u062c\u064a\u0629 \u0627\u0644\u0648\u0637\u0646\u064a\u0629 \u0644\u0645\u064a\u062f\u0627\u0646 \u0627\u0644\u0647\u0646\u062f\u0633\u0629 \u0627\u0644\u0645\u0639\u0645\u0627\u0631\u064a\u0629 \u060c\u0627\u0644\u0639\u0645\u0631\u0627\u0646 \u0648 \u0645\u0647\u0646 \u0627\u0644\u0645\u062f\u064a\u0646\u0629 \u0623\u064a\u0627\u0645 16-17-18\u0646\u0648\u0641\u0645\u0628\u0631 2024\" tabindex=\"-1\" >\n\t\t\tLire la suite \u00bb\t\t<\/a>\n\n\t\t\t\t\t<\/div>\n\t\t\t\t<\/div>\n\t\t\t\t<div class=\"elementor-post__meta-data\">\n\t\t\t\t\t<span class=\"elementor-post-date\">\n\t\t\tnovembre 14, 2024\t\t<\/span>\n\t\t\t\t<\/div>\n\t\t\t\t\t<\/div>\n\t\t<\/article>\n\t\t\t\t<article class=\"elementor-post elementor-grid-item post-58609 post type-post status-publish format-standard has-post-thumbnail hentry category-civil category-civil_architecture category-civil_civil\" role=\"listitem\">\n\t\t\t<div class=\"elementor-post__card\">\n\t\t\t\t<a class=\"elementor-post__thumbnail__link\" href=\"http:\/\/lagh-univ.dz\/fr\/faculte-de-genie-civil-et-darchitecture-une-journee-detude-et-de-formation-sur-lexploration-des-plateformes-google-cloud-dans-le-domaine-de-la-teledetection-le-mardi-30-avril-2024\/\" tabindex=\"-1\" ><div class=\"elementor-post__thumbnail\"><img decoding=\"async\" width=\"412\" height=\"158\" src=\"http:\/\/lagh-univ.dz\/wp-content\/uploads\/2024\/04\/Screenshot-2024-04-05-at-01.02.22.png\" class=\"attachment-full size-full wp-image-58566\" alt=\"\" srcset=\"http:\/\/lagh-univ.dz\/wp-content\/uploads\/2024\/04\/Screenshot-2024-04-05-at-01.02.22.png 412w, http:\/\/lagh-univ.dz\/wp-content\/uploads\/2024\/04\/Screenshot-2024-04-05-at-01.02.22-300x115.png 300w\" sizes=\"(max-width: 412px) 100vw, 412px\" \/><\/div><\/a>\n\t\t\t\t<div class=\"elementor-post__text\">\n\t\t\t\t<h5 class=\"elementor-post__title\">\n\t\t\t<a href=\"http:\/\/lagh-univ.dz\/fr\/faculte-de-genie-civil-et-darchitecture-une-journee-detude-et-de-formation-sur-lexploration-des-plateformes-google-cloud-dans-le-domaine-de-la-teledetection-le-mardi-30-avril-2024\/\" >\n\t\t\t\tFacult\u00e9 de G\u00e9nie Civil et d&rsquo;Architecture : Une journ\u00e9e d&rsquo;\u00e9tude et de formation sur l&rsquo;exploration des plateformes Google Cloud dans le domaine de la t\u00e9l\u00e9d\u00e9tection le mardi 30 avril 2024.\t\t\t<\/a>\n\t\t<\/h5>\n\t\t\t\t\t<div class=\"elementor-post__read-more-wrapper\">\n\t\t\n\t\t<a class=\"elementor-post__read-more\" href=\"http:\/\/lagh-univ.dz\/fr\/faculte-de-genie-civil-et-darchitecture-une-journee-detude-et-de-formation-sur-lexploration-des-plateformes-google-cloud-dans-le-domaine-de-la-teledetection-le-mardi-30-avril-2024\/\" aria-label=\"Read more about Facult\u00e9 de G\u00e9nie Civil et d&rsquo;Architecture : Une journ\u00e9e d&rsquo;\u00e9tude et de formation sur l&rsquo;exploration des plateformes Google Cloud dans le domaine de la t\u00e9l\u00e9d\u00e9tection le mardi 30 avril 2024.\" tabindex=\"-1\" >\n\t\t\tLire la suite \u00bb\t\t<\/a>\n\n\t\t\t\t\t<\/div>\n\t\t\t\t<\/div>\n\t\t\t\t<div class=\"elementor-post__meta-data\">\n\t\t\t\t\t<span class=\"elementor-post-date\">\n\t\t\tavril 5, 2024\t\t<\/span>\n\t\t\t\t<\/div>\n\t\t\t\t\t<\/div>\n\t\t<\/article>\n\t\t\t\t<article class=\"elementor-post elementor-grid-item post-58434 post type-post status-publish format-standard has-post-thumbnail hentry category-civil category-civil_architecture category-civil_civil\" role=\"listitem\">\n\t\t\t<div class=\"elementor-post__card\">\n\t\t\t\t<a class=\"elementor-post__thumbnail__link\" href=\"http:\/\/lagh-univ.dz\/fr\/faculte-de-genie-civil-et-darchitecture-organise-le-quatrieme-journee-doctorale-de-faculte-de-genie-civil-et-darchitecture-le-jeudi-9-mai-2024-a-8h00mn-amphi-el-wiam\/\" tabindex=\"-1\" ><div class=\"elementor-post__thumbnail\"><img loading=\"lazy\" decoding=\"async\" width=\"4725\" height=\"6300\" src=\"http:\/\/lagh-univ.dz\/wp-content\/uploads\/2024\/03\/Fiche-publicitaire-04-journee-doctorale-modifiee-2_page-0001-1.jpg\" class=\"attachment-full size-full wp-image-58598\" alt=\"\" srcset=\"http:\/\/lagh-univ.dz\/wp-content\/uploads\/2024\/03\/Fiche-publicitaire-04-journee-doctorale-modifiee-2_page-0001-1.jpg 4725w, http:\/\/lagh-univ.dz\/wp-content\/uploads\/2024\/03\/Fiche-publicitaire-04-journee-doctorale-modifiee-2_page-0001-1-225x300.jpg 225w, http:\/\/lagh-univ.dz\/wp-content\/uploads\/2024\/03\/Fiche-publicitaire-04-journee-doctorale-modifiee-2_page-0001-1-768x1024.jpg 768w, http:\/\/lagh-univ.dz\/wp-content\/uploads\/2024\/03\/Fiche-publicitaire-04-journee-doctorale-modifiee-2_page-0001-1-1152x1536.jpg 1152w, http:\/\/lagh-univ.dz\/wp-content\/uploads\/2024\/03\/Fiche-publicitaire-04-journee-doctorale-modifiee-2_page-0001-1-1536x2048.jpg 1536w\" sizes=\"(max-width: 4725px) 100vw, 4725px\" \/><\/div><\/a>\n\t\t\t\t<div class=\"elementor-post__text\">\n\t\t\t\t<h5 class=\"elementor-post__title\">\n\t\t\t<a href=\"http:\/\/lagh-univ.dz\/fr\/faculte-de-genie-civil-et-darchitecture-organise-le-quatrieme-journee-doctorale-de-faculte-de-genie-civil-et-darchitecture-le-jeudi-9-mai-2024-a-8h00mn-amphi-el-wiam\/\" >\n\t\t\t\tFacult\u00e9 de g\u00e9nie civil et d&rsquo;architecture : Organise le Quatri\u00e9m\u00e9 journ\u00e9e Doctorale de Facult\u00e9 de g\u00e9nie civil et  d\u2019architecture le :Jeudi 9 Mai 2024 \u00e0 8h00mn &#8211; Amphi el Wiam\t\t\t<\/a>\n\t\t<\/h5>\n\t\t\t\t\t<div class=\"elementor-post__read-more-wrapper\">\n\t\t\n\t\t<a class=\"elementor-post__read-more\" href=\"http:\/\/lagh-univ.dz\/fr\/faculte-de-genie-civil-et-darchitecture-organise-le-quatrieme-journee-doctorale-de-faculte-de-genie-civil-et-darchitecture-le-jeudi-9-mai-2024-a-8h00mn-amphi-el-wiam\/\" aria-label=\"Read more about Facult\u00e9 de g\u00e9nie civil et d&rsquo;architecture : Organise le Quatri\u00e9m\u00e9 journ\u00e9e Doctorale de Facult\u00e9 de g\u00e9nie civil et  d\u2019architecture le :Jeudi 9 Mai 2024 \u00e0 8h00mn &#8211; Amphi el Wiam\" tabindex=\"-1\" >\n\t\t\tLire la suite \u00bb\t\t<\/a>\n\n\t\t\t\t\t<\/div>\n\t\t\t\t<\/div>\n\t\t\t\t<div class=\"elementor-post__meta-data\">\n\t\t\t\t\t<span class=\"elementor-post-date\">\n\t\t\tmars 31, 2024\t\t<\/span>\n\t\t\t\t<\/div>\n\t\t\t\t\t<\/div>\n\t\t<\/article>\n\t\t\t\t<\/div>\n\t\t\t\t\t<span class=\"e-load-more-spinner\">\n\t\t\t\t<i aria-hidden=\"true\" class=\"fas fa-spinner\"><\/i>\t\t\t<\/span>\n\t\t\n\t\t\t\t\t\t<\/div>\n\t\t\t\t<\/div>\n\t\t\t\t\t<\/div>\n\t\t<\/div>\n\t\t\t\t\t<\/div>\n\t\t<\/section>\n\t\t\t\t<\/div>\n\t\t","protected":false},"excerpt":{"rendered":"","protected":false},"author":18,"featured_media":0,"parent":9591,"menu_order":0,"comment_status":"closed","ping_status":"closed","template":"elementor_header_footer","meta":{"_exactmetrics_skip_tracking":false,"_exactmetrics_sitenote_active":false,"_exactmetrics_sitenote_note":"","_exactmetrics_sitenote_category":0,"footnotes":""},"coauthors":[527],"class_list":["post-55960","page","type-page","status-publish","hentry"],"_links":{"self":[{"href":"http:\/\/lagh-univ.dz\/fr\/wp-json\/wp\/v2\/pages\/55960","targetHints":{"allow":["GET"]}}],"collection":[{"href":"http:\/\/lagh-univ.dz\/fr\/wp-json\/wp\/v2\/pages"}],"about":[{"href":"http:\/\/lagh-univ.dz\/fr\/wp-json\/wp\/v2\/types\/page"}],"author":[{"embeddable":true,"href":"http:\/\/lagh-univ.dz\/fr\/wp-json\/wp\/v2\/users\/18"}],"replies":[{"embeddable":true,"href":"http:\/\/lagh-univ.dz\/fr\/wp-json\/wp\/v2\/comments?post=55960"}],"version-history":[{"count":7,"href":"http:\/\/lagh-univ.dz\/fr\/wp-json\/wp\/v2\/pages\/55960\/revisions"}],"predecessor-version":[{"id":55991,"href":"http:\/\/lagh-univ.dz\/fr\/wp-json\/wp\/v2\/pages\/55960\/revisions\/55991"}],"up":[{"embeddable":true,"href":"http:\/\/lagh-univ.dz\/fr\/wp-json\/wp\/v2\/pages\/9591"}],"wp:attachment":[{"href":"http:\/\/lagh-univ.dz\/fr\/wp-json\/wp\/v2\/media?parent=55960"}],"wp:term":[{"taxonomy":"author","embeddable":true,"href":"http:\/\/lagh-univ.dz\/fr\/wp-json\/wp\/v2\/coauthors?post=55960"}],"curies":[{"name":"wp","href":"https:\/\/api.w.org\/{rel}","templated":true}]}}