{"id":56192,"date":"2018-07-21T11:34:21","date_gmt":"2018-07-21T11:34:21","guid":{"rendered":"http:\/\/lagh-univ.dz\/langue-departement-francais\/langue-departement-francais-annonce\/"},"modified":"2023-12-08T21:27:06","modified_gmt":"2023-12-08T20:27:06","slug":"langue-departement-francais-annonce","status":"publish","type":"page","link":"http:\/\/lagh-univ.dz\/fr\/langue-departement-francais\/langue-departement-francais-annonce\/","title":{"rendered":"Langue-Departement- fran\u00e7ais- annonce"},"content":{"rendered":"\t\t<div data-elementor-type=\"wp-page\" data-elementor-id=\"56192\" class=\"elementor elementor-56192\" data-elementor-post-type=\"page\">\n\t\t\t\t\t\t<section class=\"elementor-section elementor-top-section elementor-element elementor-element-4baae4c elementor-section-full_width elementor-section-height-default elementor-section-height-default\" data-id=\"4baae4c\" data-element_type=\"section\" data-e-type=\"section\" data-settings=\"{&quot;background_background&quot;:&quot;classic&quot;}\">\n\t\t\t\t\t\t<div class=\"elementor-container elementor-column-gap-default\">\n\t\t\t\t\t<div class=\"elementor-column elementor-col-100 elementor-top-column elementor-element elementor-element-486dd35\" data-id=\"486dd35\" data-element_type=\"column\" data-e-type=\"column\">\n\t\t\t<div class=\"elementor-widget-wrap elementor-element-populated\">\n\t\t\t\t\t\t<div class=\"elementor-element elementor-element-2cea7ec elementor-grid-5 elementor-grid-tablet-2 elementor-grid-mobile-1 elementor-posts--thumbnail-top elementor-card-shadow-yes elementor-posts__hover-gradient load-more-align-center elementor-widget elementor-widget-posts\" data-id=\"2cea7ec\" data-element_type=\"widget\" data-e-type=\"widget\" data-settings=\"{&quot;cards_row_gap&quot;:{&quot;unit&quot;:&quot;px&quot;,&quot;size&quot;:31,&quot;sizes&quot;:[]},&quot;pagination_type&quot;:&quot;load_more_on_click&quot;,&quot;cards_columns&quot;:&quot;5&quot;,&quot;cards_columns_tablet&quot;:&quot;2&quot;,&quot;cards_columns_mobile&quot;:&quot;1&quot;,&quot;cards_row_gap_tablet&quot;:{&quot;unit&quot;:&quot;px&quot;,&quot;size&quot;:&quot;&quot;,&quot;sizes&quot;:[]},&quot;cards_row_gap_mobile&quot;:{&quot;unit&quot;:&quot;px&quot;,&quot;size&quot;:&quot;&quot;,&quot;sizes&quot;:[]},&quot;load_more_spinner&quot;:{&quot;value&quot;:&quot;fas fa-spinner&quot;,&quot;library&quot;:&quot;fa-solid&quot;}}\" data-widget_type=\"posts.cards\">\n\t\t\t\t<div class=\"elementor-widget-container\">\n\t\t\t\t\t\t\t<div class=\"elementor-posts-container elementor-posts elementor-posts--skin-cards elementor-grid\" role=\"list\">\n\t\t\t\t<article class=\"elementor-post elementor-grid-item post-72381 post type-post status-publish format-standard has-post-thumbnail hentry category-lettre category-lettre-francais-fr tag-lettre-et-langues-fr tag-lettre-et-langues-francais-fr\" role=\"listitem\">\n\t\t\t<div class=\"elementor-post__card\">\n\t\t\t\t<a class=\"elementor-post__thumbnail__link\" href=\"http:\/\/lagh-univ.dz\/fr\/departement-de-langue-francaisesoutenance-de-troisieme-cycle-lmd-letudiante-souka-sekina-hiabatalah\/\" tabindex=\"-1\" ><div class=\"elementor-post__thumbnail\"><img fetchpriority=\"high\" decoding=\"async\" width=\"970\" height=\"560\" src=\"http:\/\/lagh-univ.dz\/wp-content\/uploads\/2025\/12\/Banniere_soutenance1-1024x658-1-1.jpg\" class=\"attachment-full size-full wp-image-71514\" alt=\"\" srcset=\"http:\/\/lagh-univ.dz\/wp-content\/uploads\/2025\/12\/Banniere_soutenance1-1024x658-1-1.jpg 970w, http:\/\/lagh-univ.dz\/wp-content\/uploads\/2025\/12\/Banniere_soutenance1-1024x658-1-1-300x173.jpg 300w, http:\/\/lagh-univ.dz\/wp-content\/uploads\/2025\/12\/Banniere_soutenance1-1024x658-1-1-768x443.jpg 768w\" sizes=\"(max-width: 970px) 100vw, 970px\" \/><\/div><\/a>\n\t\t\t\t<div class=\"elementor-post__text\">\n\t\t\t\t<h5 class=\"elementor-post__title\">\n\t\t\t<a href=\"http:\/\/lagh-univ.dz\/fr\/departement-de-langue-francaisesoutenance-de-troisieme-cycle-lmd-letudiante-souka-sekina-hiabatalah\/\" >\n\t\t\t\tD\u00e9partement de langue francaise:Soutenance de troisieme cycle LMD l&rsquo;etudiante SOUKA Sekina Hibatalah\t\t\t<\/a>\n\t\t<\/h5>\n\t\t\t\t\t<div class=\"elementor-post__read-more-wrapper\">\n\t\t\n\t\t<a class=\"elementor-post__read-more\" href=\"http:\/\/lagh-univ.dz\/fr\/departement-de-langue-francaisesoutenance-de-troisieme-cycle-lmd-letudiante-souka-sekina-hiabatalah\/\" aria-label=\"Read more about D\u00e9partement de langue francaise:Soutenance de troisieme cycle LMD l&rsquo;etudiante SOUKA Sekina Hibatalah\" tabindex=\"-1\" >\n\t\t\tLire la suite \u00bb\t\t<\/a>\n\n\t\t\t\t\t<\/div>\n\t\t\t\t<\/div>\n\t\t\t\t<div class=\"elementor-post__meta-data\">\n\t\t\t\t\t<span class=\"elementor-post-date\">\n\t\t\tf\u00e9vrier 8, 2026\t\t<\/span>\n\t\t\t\t<\/div>\n\t\t\t\t\t<\/div>\n\t\t<\/article>\n\t\t\t\t<article class=\"elementor-post elementor-grid-item post-72084 post type-post status-publish format-standard has-post-thumbnail hentry category-lettre category-lettre-francais-fr tag-lettre-et-langues-fr tag-lettre-et-langues-francais-fr\" role=\"listitem\">\n\t\t\t<div class=\"elementor-post__card\">\n\t\t\t\t<a class=\"elementor-post__thumbnail__link\" href=\"http:\/\/lagh-univ.dz\/fr\/%d9%82%d8%b3%d9%85-%d8%a7%d9%84%d9%84%d8%ba%d8%a9-%d8%a7%d9%84%d9%81%d8%b1%d9%86%d8%b3%d9%8a%d8%a9%d8%b1%d8%b2%d9%86%d8%a7%d9%85%d8%a9-%d8%a7%d9%85%d8%aa%d8%ad%d8%a7%d9%86%d8%a7%d8%aa-%d8%a7%d9%84\/\" tabindex=\"-1\" ><div class=\"elementor-post__thumbnail\"><img decoding=\"async\" width=\"1000\" height=\"562\" src=\"http:\/\/lagh-univ.dz\/wp-content\/uploads\/2025\/11\/feat-tt-20170326-01.jpg\" class=\"attachment-full size-full wp-image-71255\" alt=\"\" srcset=\"http:\/\/lagh-univ.dz\/wp-content\/uploads\/2025\/11\/feat-tt-20170326-01.jpg 1000w, http:\/\/lagh-univ.dz\/wp-content\/uploads\/2025\/11\/feat-tt-20170326-01-300x169.jpg 300w, http:\/\/lagh-univ.dz\/wp-content\/uploads\/2025\/11\/feat-tt-20170326-01-768x432.jpg 768w\" sizes=\"(max-width: 1000px) 100vw, 1000px\" \/><\/div><\/a>\n\t\t\t\t<div class=\"elementor-post__text\">\n\t\t\t\t<h5 class=\"elementor-post__title\">\n\t\t\t<a href=\"http:\/\/lagh-univ.dz\/fr\/%d9%82%d8%b3%d9%85-%d8%a7%d9%84%d9%84%d8%ba%d8%a9-%d8%a7%d9%84%d9%81%d8%b1%d9%86%d8%b3%d9%8a%d8%a9%d8%b1%d8%b2%d9%86%d8%a7%d9%85%d8%a9-%d8%a7%d9%85%d8%aa%d8%ad%d8%a7%d9%86%d8%a7%d8%aa-%d8%a7%d9%84\/\" >\n\t\t\t\tD\u00e9partement de langue fran\u00e7aise : Calendrier des examens du premier semestre 2025-2026\t\t\t<\/a>\n\t\t<\/h5>\n\t\t\t\t\t<div class=\"elementor-post__read-more-wrapper\">\n\t\t\n\t\t<a class=\"elementor-post__read-more\" href=\"http:\/\/lagh-univ.dz\/fr\/%d9%82%d8%b3%d9%85-%d8%a7%d9%84%d9%84%d8%ba%d8%a9-%d8%a7%d9%84%d9%81%d8%b1%d9%86%d8%b3%d9%8a%d8%a9%d8%b1%d8%b2%d9%86%d8%a7%d9%85%d8%a9-%d8%a7%d9%85%d8%aa%d8%ad%d8%a7%d9%86%d8%a7%d8%aa-%d8%a7%d9%84\/\" aria-label=\"Read more about D\u00e9partement de langue fran\u00e7aise : Calendrier des examens du premier semestre 2025-2026\" tabindex=\"-1\" >\n\t\t\tLire la suite \u00bb\t\t<\/a>\n\n\t\t\t\t\t<\/div>\n\t\t\t\t<\/div>\n\t\t\t\t<div class=\"elementor-post__meta-data\">\n\t\t\t\t\t<span class=\"elementor-post-date\">\n\t\t\tjanvier 7, 2026\t\t<\/span>\n\t\t\t\t<\/div>\n\t\t\t\t\t<\/div>\n\t\t<\/article>\n\t\t\t\t<article class=\"elementor-post elementor-grid-item post-61854 post type-post status-publish format-standard has-post-thumbnail hentry category-lettre category-lettre-arabe category-lettre-englais category-lettre-espagnol category-lettre-francais-fr tag-lettre-et-langues-fr tag-lettre-et-langues-anglais-fr tag-lettre-et-langues-espagnol-fr tag-lettre-et-langues-francais-fr\" role=\"listitem\">\n\t\t\t<div class=\"elementor-post__card\">\n\t\t\t\t<a class=\"elementor-post__thumbnail__link\" href=\"http:\/\/lagh-univ.dz\/fr\/%d8%a5%d8%b9%d9%84%d8%a7%d9%86-%d8%a8%d8%ae%d8%b5%d9%88%d8%b5-%d8%aa%d8%b9%d9%84%d9%8a%d9%82-%d8%a7%d9%84%d8%aa%d9%83%d9%88%d9%8a%d9%86\/\" tabindex=\"-1\" ><div class=\"elementor-post__thumbnail\"><img decoding=\"async\" width=\"258\" height=\"195\" src=\"http:\/\/lagh-univ.dz\/wp-content\/uploads\/2024\/05\/images.jpg\" class=\"attachment-full size-full wp-image-59339\" alt=\"\" srcset=\"http:\/\/lagh-univ.dz\/wp-content\/uploads\/2024\/05\/images.jpg 258w, http:\/\/lagh-univ.dz\/wp-content\/uploads\/2024\/05\/images-250x188.jpg 250w\" sizes=\"(max-width: 258px) 100vw, 258px\" \/><\/div><\/a>\n\t\t\t\t<div class=\"elementor-post__text\">\n\t\t\t\t<h5 class=\"elementor-post__title\">\n\t\t\t<a href=\"http:\/\/lagh-univ.dz\/fr\/%d8%a5%d8%b9%d9%84%d8%a7%d9%86-%d8%a8%d8%ae%d8%b5%d9%88%d8%b5-%d8%aa%d8%b9%d9%84%d9%8a%d9%82-%d8%a7%d9%84%d8%aa%d9%83%d9%88%d9%8a%d9%86\/\" >\n\t\t\t\t\u0625\u0639\u0644\u0627\u0646 \u0628\u062e\u0635\u0648\u0635 \u062a\u0639\u0644\u064a\u0642 \u0627\u0644\u062a\u0643\u0648\u064a\u0646\t\t\t<\/a>\n\t\t<\/h5>\n\t\t\t\t\t<div class=\"elementor-post__read-more-wrapper\">\n\t\t\n\t\t<a class=\"elementor-post__read-more\" href=\"http:\/\/lagh-univ.dz\/fr\/%d8%a5%d8%b9%d9%84%d8%a7%d9%86-%d8%a8%d8%ae%d8%b5%d9%88%d8%b5-%d8%aa%d8%b9%d9%84%d9%8a%d9%82-%d8%a7%d9%84%d8%aa%d9%83%d9%88%d9%8a%d9%86\/\" aria-label=\"Read more about \u0625\u0639\u0644\u0627\u0646 \u0628\u062e\u0635\u0648\u0635 \u062a\u0639\u0644\u064a\u0642 \u0627\u0644\u062a\u0643\u0648\u064a\u0646\" tabindex=\"-1\" >\n\t\t\tLire la suite \u00bb\t\t<\/a>\n\n\t\t\t\t\t<\/div>\n\t\t\t\t<\/div>\n\t\t\t\t<div class=\"elementor-post__meta-data\">\n\t\t\t\t\t<span class=\"elementor-post-date\">\n\t\t\tnovembre 11, 2024\t\t<\/span>\n\t\t\t\t<\/div>\n\t\t\t\t\t<\/div>\n\t\t<\/article>\n\t\t\t\t<article class=\"elementor-post elementor-grid-item post-61732 post type-post status-publish format-standard has-post-thumbnail hentry category-lettre category-lettre-francais-fr\" role=\"listitem\">\n\t\t\t<div class=\"elementor-post__card\">\n\t\t\t\t<a class=\"elementor-post__thumbnail__link\" href=\"http:\/\/lagh-univ.dz\/fr\/les-emplois-du-temps-de-departement-du-francais-lannee2024-2025\/\" tabindex=\"-1\" ><div class=\"elementor-post__thumbnail\"><img loading=\"lazy\" decoding=\"async\" width=\"682\" height=\"526\" src=\"http:\/\/lagh-univ.dz\/wp-content\/uploads\/2024\/09\/Screenshot-2024-09-08-at-14.11.25.png\" class=\"attachment-full size-full wp-image-60939\" alt=\"\" srcset=\"http:\/\/lagh-univ.dz\/wp-content\/uploads\/2024\/09\/Screenshot-2024-09-08-at-14.11.25.png 682w, http:\/\/lagh-univ.dz\/wp-content\/uploads\/2024\/09\/Screenshot-2024-09-08-at-14.11.25-300x231.png 300w\" sizes=\"(max-width: 682px) 100vw, 682px\" \/><\/div><\/a>\n\t\t\t\t<div class=\"elementor-post__text\">\n\t\t\t\t<h5 class=\"elementor-post__title\">\n\t\t\t<a href=\"http:\/\/lagh-univ.dz\/fr\/les-emplois-du-temps-de-departement-du-francais-lannee2024-2025\/\" >\n\t\t\t\tles emplois du temps de departement du francais l&rsquo;ann\u00e9e2024-2025\t\t\t<\/a>\n\t\t<\/h5>\n\t\t\t\t\t<div class=\"elementor-post__read-more-wrapper\">\n\t\t\n\t\t<a class=\"elementor-post__read-more\" href=\"http:\/\/lagh-univ.dz\/fr\/les-emplois-du-temps-de-departement-du-francais-lannee2024-2025\/\" aria-label=\"Read more about les emplois du temps de departement du francais l&rsquo;ann\u00e9e2024-2025\" tabindex=\"-1\" >\n\t\t\tLire la suite \u00bb\t\t<\/a>\n\n\t\t\t\t\t<\/div>\n\t\t\t\t<\/div>\n\t\t\t\t<div class=\"elementor-post__meta-data\">\n\t\t\t\t\t<span class=\"elementor-post-date\">\n\t\t\tnovembre 4, 2024\t\t<\/span>\n\t\t\t\t<\/div>\n\t\t\t\t\t<\/div>\n\t\t<\/article>\n\t\t\t\t<article class=\"elementor-post elementor-grid-item post-59047 post type-post status-publish format-standard has-post-thumbnail hentry category-lettre category-lettre-francais-fr tag-lettre-et-langues-francais-fr\" role=\"listitem\">\n\t\t\t<div class=\"elementor-post__card\">\n\t\t\t\t<a class=\"elementor-post__thumbnail__link\" href=\"http:\/\/lagh-univ.dz\/fr\/departement-du-francaisplanning-des-examens-lannee-2023-2024\/\" tabindex=\"-1\" ><div class=\"elementor-post__thumbnail\"><img loading=\"lazy\" decoding=\"async\" width=\"225\" height=\"225\" src=\"http:\/\/lagh-univ.dz\/wp-content\/uploads\/2023\/01\/ET.png\" class=\"attachment-full size-full wp-image-49072\" alt=\"\" srcset=\"http:\/\/lagh-univ.dz\/wp-content\/uploads\/2023\/01\/ET.png 225w, http:\/\/lagh-univ.dz\/wp-content\/uploads\/2023\/01\/ET-150x150.png 150w\" sizes=\"(max-width: 225px) 100vw, 225px\" \/><\/div><\/a>\n\t\t\t\t<div class=\"elementor-post__text\">\n\t\t\t\t<h5 class=\"elementor-post__title\">\n\t\t\t<a href=\"http:\/\/lagh-univ.dz\/fr\/departement-du-francaisplanning-des-examens-lannee-2023-2024\/\" >\n\t\t\t\tD\u00e9partement du francais:Planning des examens l&rsquo;ann\u00e9e 2023-2024\t\t\t<\/a>\n\t\t<\/h5>\n\t\t\t\t\t<div class=\"elementor-post__read-more-wrapper\">\n\t\t\n\t\t<a class=\"elementor-post__read-more\" href=\"http:\/\/lagh-univ.dz\/fr\/departement-du-francaisplanning-des-examens-lannee-2023-2024\/\" aria-label=\"Read more about D\u00e9partement du francais:Planning des examens l&rsquo;ann\u00e9e 2023-2024\" tabindex=\"-1\" >\n\t\t\tLire la suite \u00bb\t\t<\/a>\n\n\t\t\t\t\t<\/div>\n\t\t\t\t<\/div>\n\t\t\t\t<div class=\"elementor-post__meta-data\">\n\t\t\t\t\t<span class=\"elementor-post-date\">\n\t\t\tmai 5, 2024\t\t<\/span>\n\t\t\t\t<\/div>\n\t\t\t\t\t<\/div>\n\t\t<\/article>\n\t\t\t\t<article class=\"elementor-post elementor-grid-item post-57158 post type-post status-publish format-standard has-post-thumbnail hentry category-annonce-fr category-lettre category-lettre-francais-fr tag-lettre-et-langues-francais-fr\" role=\"listitem\">\n\t\t\t<div class=\"elementor-post__card\">\n\t\t\t\t<a class=\"elementor-post__thumbnail__link\" href=\"http:\/\/lagh-univ.dz\/fr\/%d9%82%d8%b3%d9%85-%d8%a7%d9%84%d9%84%d8%ba%d8%a9-%d8%a7%d9%84%d9%81%d8%b1%d9%86%d8%b3%d9%8a%d8%a9%d8%ac%d8%af%d8%a7%d9%88%d9%84-%d8%aa%d9%88%d9%82%d9%8a%d8%aa-%d8%a7%d9%84%d9%85%d9%88%d8%b3%d9%85\/\" tabindex=\"-1\" ><div class=\"elementor-post__thumbnail\"><img loading=\"lazy\" decoding=\"async\" width=\"337\" height=\"150\" src=\"http:\/\/lagh-univ.dz\/wp-content\/uploads\/2023\/09\/ET.jpg\" class=\"attachment-full size-full wp-image-54379\" alt=\"\" srcset=\"http:\/\/lagh-univ.dz\/wp-content\/uploads\/2023\/09\/ET.jpg 337w, http:\/\/lagh-univ.dz\/wp-content\/uploads\/2023\/09\/ET-300x134.jpg 300w\" sizes=\"(max-width: 337px) 100vw, 337px\" \/><\/div><\/a>\n\t\t\t\t<div class=\"elementor-post__text\">\n\t\t\t\t<h5 class=\"elementor-post__title\">\n\t\t\t<a href=\"http:\/\/lagh-univ.dz\/fr\/%d9%82%d8%b3%d9%85-%d8%a7%d9%84%d9%84%d8%ba%d8%a9-%d8%a7%d9%84%d9%81%d8%b1%d9%86%d8%b3%d9%8a%d8%a9%d8%ac%d8%af%d8%a7%d9%88%d9%84-%d8%aa%d9%88%d9%82%d9%8a%d8%aa-%d8%a7%d9%84%d9%85%d9%88%d8%b3%d9%85\/\" >\n\t\t\t\td\u00e9partment de francais :les emplois du temps l&rsquo;ann\u00e9e2023-2024\t\t\t<\/a>\n\t\t<\/h5>\n\t\t\t\t\t<div class=\"elementor-post__read-more-wrapper\">\n\t\t\n\t\t<a class=\"elementor-post__read-more\" href=\"http:\/\/lagh-univ.dz\/fr\/%d9%82%d8%b3%d9%85-%d8%a7%d9%84%d9%84%d8%ba%d8%a9-%d8%a7%d9%84%d9%81%d8%b1%d9%86%d8%b3%d9%8a%d8%a9%d8%ac%d8%af%d8%a7%d9%88%d9%84-%d8%aa%d9%88%d9%82%d9%8a%d8%aa-%d8%a7%d9%84%d9%85%d9%88%d8%b3%d9%85\/\" aria-label=\"Read more about d\u00e9partment de francais :les emplois du temps l&rsquo;ann\u00e9e2023-2024\" tabindex=\"-1\" >\n\t\t\tLire la suite \u00bb\t\t<\/a>\n\n\t\t\t\t\t<\/div>\n\t\t\t\t<\/div>\n\t\t\t\t<div class=\"elementor-post__meta-data\">\n\t\t\t\t\t<span class=\"elementor-post-date\">\n\t\t\tjanvier 21, 2024\t\t<\/span>\n\t\t\t\t<\/div>\n\t\t\t\t\t<\/div>\n\t\t<\/article>\n\t\t\t\t<article class=\"elementor-post elementor-grid-item post-56546 post type-post status-publish format-standard has-post-thumbnail hentry category-annonce-fr category-lettre category-lettre-francais-fr tag-lettre-et-langues-francais-fr\" role=\"listitem\">\n\t\t\t<div class=\"elementor-post__card\">\n\t\t\t\t<a class=\"elementor-post__thumbnail__link\" href=\"http:\/\/lagh-univ.dz\/fr\/%d9%83%d9%84%d9%8a%d8%a9-%d8%a7%d9%84%d8%a2%d8%af%d8%a7%d8%a8-%d9%88%d8%a7%d9%84%d9%84%d8%ba%d8%a7%d8%aa%d8%b1%d8%b2%d9%86%d8%a7%d9%85%d8%a9-%d8%a5%d9%85%d8%aa%d8%ad%d8%a7%d9%86%d8%a7%d8%aa-%d9%82\/\" tabindex=\"-1\" ><div class=\"elementor-post__thumbnail\"><img loading=\"lazy\" decoding=\"async\" width=\"225\" height=\"225\" src=\"http:\/\/lagh-univ.dz\/wp-content\/uploads\/2023\/01\/ET.png\" class=\"attachment-full size-full wp-image-49072\" alt=\"\" srcset=\"http:\/\/lagh-univ.dz\/wp-content\/uploads\/2023\/01\/ET.png 225w, http:\/\/lagh-univ.dz\/wp-content\/uploads\/2023\/01\/ET-150x150.png 150w\" sizes=\"(max-width: 225px) 100vw, 225px\" \/><\/div><\/a>\n\t\t\t\t<div class=\"elementor-post__text\">\n\t\t\t\t<h5 class=\"elementor-post__title\">\n\t\t\t<a href=\"http:\/\/lagh-univ.dz\/fr\/%d9%83%d9%84%d9%8a%d8%a9-%d8%a7%d9%84%d8%a2%d8%af%d8%a7%d8%a8-%d9%88%d8%a7%d9%84%d9%84%d8%ba%d8%a7%d8%aa%d8%b1%d8%b2%d9%86%d8%a7%d9%85%d8%a9-%d8%a5%d9%85%d8%aa%d8%ad%d8%a7%d9%86%d8%a7%d8%aa-%d9%82\/\" >\n\t\t\t\tFacult\u00e9 des lettres et des langues: le planning des examens du d\u00e9partements de Fran\u00e7ais l&rsquo;ann\u00e9e2023-2024\t\t\t<\/a>\n\t\t<\/h5>\n\t\t\t\t\t<div class=\"elementor-post__read-more-wrapper\">\n\t\t\n\t\t<a class=\"elementor-post__read-more\" href=\"http:\/\/lagh-univ.dz\/fr\/%d9%83%d9%84%d9%8a%d8%a9-%d8%a7%d9%84%d8%a2%d8%af%d8%a7%d8%a8-%d9%88%d8%a7%d9%84%d9%84%d8%ba%d8%a7%d8%aa%d8%b1%d8%b2%d9%86%d8%a7%d9%85%d8%a9-%d8%a5%d9%85%d8%aa%d8%ad%d8%a7%d9%86%d8%a7%d8%aa-%d9%82\/\" aria-label=\"Read more about Facult\u00e9 des lettres et des langues: le planning des examens du d\u00e9partements de Fran\u00e7ais l&rsquo;ann\u00e9e2023-2024\" tabindex=\"-1\" >\n\t\t\tLire la suite \u00bb\t\t<\/a>\n\n\t\t\t\t\t<\/div>\n\t\t\t\t<\/div>\n\t\t\t\t<div class=\"elementor-post__meta-data\">\n\t\t\t\t\t<span class=\"elementor-post-date\">\n\t\t\td\u00e9cembre 14, 2023\t\t<\/span>\n\t\t\t\t<\/div>\n\t\t\t\t\t<\/div>\n\t\t<\/article>\n\t\t\t\t<\/div>\n\t\t\t\t\t<span class=\"e-load-more-spinner\">\n\t\t\t\t<i aria-hidden=\"true\" class=\"fas fa-spinner\"><\/i>\t\t\t<\/span>\n\t\t\n\t\t\t\t\t\t<\/div>\n\t\t\t\t<\/div>\n\t\t\t\t\t<\/div>\n\t\t<\/div>\n\t\t\t\t\t<\/div>\n\t\t<\/section>\n\t\t\t\t<\/div>\n\t\t","protected":false},"excerpt":{"rendered":"","protected":false},"author":17,"featured_media":0,"parent":7619,"menu_order":0,"comment_status":"closed","ping_status":"closed","template":"elementor_header_footer","meta":{"_exactmetrics_skip_tracking":false,"_exactmetrics_sitenote_active":false,"_exactmetrics_sitenote_note":"","_exactmetrics_sitenote_category":0,"footnotes":""},"coauthors":[529],"class_list":["post-56192","page","type-page","status-publish","hentry"],"_links":{"self":[{"href":"http:\/\/lagh-univ.dz\/fr\/wp-json\/wp\/v2\/pages\/56192","targetHints":{"allow":["GET"]}}],"collection":[{"href":"http:\/\/lagh-univ.dz\/fr\/wp-json\/wp\/v2\/pages"}],"about":[{"href":"http:\/\/lagh-univ.dz\/fr\/wp-json\/wp\/v2\/types\/page"}],"author":[{"embeddable":true,"href":"http:\/\/lagh-univ.dz\/fr\/wp-json\/wp\/v2\/users\/17"}],"replies":[{"embeddable":true,"href":"http:\/\/lagh-univ.dz\/fr\/wp-json\/wp\/v2\/comments?post=56192"}],"version-history":[{"count":4,"href":"http:\/\/lagh-univ.dz\/fr\/wp-json\/wp\/v2\/pages\/56192\/revisions"}],"predecessor-version":[{"id":56232,"href":"http:\/\/lagh-univ.dz\/fr\/wp-json\/wp\/v2\/pages\/56192\/revisions\/56232"}],"up":[{"embeddable":true,"href":"http:\/\/lagh-univ.dz\/fr\/wp-json\/wp\/v2\/pages\/7619"}],"wp:attachment":[{"href":"http:\/\/lagh-univ.dz\/fr\/wp-json\/wp\/v2\/media?parent=56192"}],"wp:term":[{"taxonomy":"author","embeddable":true,"href":"http:\/\/lagh-univ.dz\/fr\/wp-json\/wp\/v2\/coauthors?post=56192"}],"curies":[{"name":"wp","href":"https:\/\/api.w.org\/{rel}","templated":true}]}}