{"id":64849,"date":"2025-02-17T11:47:44","date_gmt":"2025-02-17T10:47:44","guid":{"rendered":"http:\/\/lagh-univ.dz\/resultatdr2025\/"},"modified":"2025-02-21T19:43:08","modified_gmt":"2025-02-21T18:43:08","slug":"resultatdr2025","status":"publish","type":"page","link":"http:\/\/lagh-univ.dz\/fr\/resultatdr2025\/","title":{"rendered":"resultatDr2025"},"content":{"rendered":"<p>&nbsp;<\/p>\n<p style=\"text-align: center;\"><span style=\"color: #ff0000;\"><strong><span style=\"font-family: arabic-kufi; font-size: 24pt;\">\u0627\u0644\u0646\u062a\u0627\u0626\u062c \u0627\u0644\u0646\u0647\u0627\u0626\u064a\u0629 \u0644\u0644\u0646\u0627\u062c\u062d\u064a\u0646 \u0641\u064a \u0645\u0633\u0627\u0628\u0642\u0629 \u0627\u0644\u062f\u0643\u062a\u0648\u0631\u0627\u0647 \u0627\u0644\u0637\u0648\u0631 \u0627\u0644\u062b\u0627\u0644\u062b \u0644\u0633\u0646\u0629 2024-2025 \u0628\u062c\u0627\u0645\u0639\u0629 \u0639\u0645\u0627\u0631 \u062b\u0644\u064a\u062c\u064a \u0628\u0627\u0644\u0623\u063a\u0648\u0627\u0637<\/span><\/strong><\/span><\/p>\n<p>&nbsp;<\/p>\n<p><img fetchpriority=\"high\" decoding=\"async\" class=\"wp-image-65025 aligncenter\" src=\"http:\/\/lagh-univ.dz\/wp-content\/uploads\/2025\/02\/Annonce-inscription-DLMD-2024-2025_page-0001-1.jpg\" alt=\"\" width=\"806\" height=\"875\" srcset=\"http:\/\/lagh-univ.dz\/wp-content\/uploads\/2025\/02\/Annonce-inscription-DLMD-2024-2025_page-0001-1.jpg 1224w, http:\/\/lagh-univ.dz\/wp-content\/uploads\/2025\/02\/Annonce-inscription-DLMD-2024-2025_page-0001-1-277x300.jpg 277w, http:\/\/lagh-univ.dz\/wp-content\/uploads\/2025\/02\/Annonce-inscription-DLMD-2024-2025_page-0001-1-944x1024.jpg 944w, http:\/\/lagh-univ.dz\/wp-content\/uploads\/2025\/02\/Annonce-inscription-DLMD-2024-2025_page-0001-1-768x833.jpg 768w\" sizes=\"(max-width: 806px) 100vw, 806px\" \/><\/p>\n<div class='w3eden'><!-- WPDM Link Template: Default Template -->\n\n<div class=\"link-template-default card mb-2\">\n    <div class=\"card-body\">\n        <div class=\"media\">\n            <div class=\"mr-3 img-48\"><img decoding=\"async\" class=\"wpdm_icon\" alt=\"Ic\u00f4ne\"   src=\"http:\/\/lagh-univ.dz\/wp-content\/plugins\/download-manager\/assets\/file-type-icons\/pdf.png\" \/><\/div>\n            <div class=\"media-body\">\n                <h3 class=\"package-title\"><a href='http:\/\/lagh-univ.dz\/download\/%d8%a7%d8%b3%d8%aa%d9%85%d8%a7%d8%b1%d8%a7%d8%aa-%d8%a7%d9%84%d8%aa%d8%b3%d8%ac%d9%8a%d9%84-%d8%a8%d8%a7%d9%84%d9%84%d8%ba%d8%a9-%d8%a7%d9%84%d8%b9%d8%b1%d8%a8%d9%8a%d8%a9\/'>\u0627\u0633\u062a\u0645\u0627\u0631\u0627\u062a \u0627\u0644\u062a\u0633\u062c\u064a\u0644 \u0628\u0627\u0644\u0644\u063a\u0629 \u0627\u0644\u0639\u0631\u0628\u064a\u0629<\/a><\/h3>\n                <div class=\"text-muted text-small\"><i class=\"fas fa-copy\"><\/i> 1 fichier\u00b7s <i class=\"fas fa-hdd ml-3\"><\/i> 71.49 KB<\/div>\n            <\/div>\n            <div class=\"ml-3\">\n                <a class='wpdm-download-link download-on-click btn btn-primary btn-xs' rel='nofollow' href='#' data-downloadurl=\"http:\/\/lagh-univ.dz\/download\/%d8%a7%d8%b3%d8%aa%d9%85%d8%a7%d8%b1%d8%a7%d8%aa-%d8%a7%d9%84%d8%aa%d8%b3%d8%ac%d9%8a%d9%84-%d8%a8%d8%a7%d9%84%d9%84%d8%ba%d8%a9-%d8%a7%d9%84%d8%b9%d8%b1%d8%a8%d9%8a%d8%a9\/?wpdmdl=65029&refresh=69d285030d53c1775404291\">T\u00e9l\u00e9charger<\/a>\n            <\/div>\n        <\/div>\n    <\/div>\n<\/div>\n\n<\/div>\n<div class='w3eden'><!-- WPDM Link Template: Default Template -->\n\n<div class=\"link-template-default card mb-2\">\n    <div class=\"card-body\">\n        <div class=\"media\">\n            <div class=\"mr-3 img-48\"><img decoding=\"async\" class=\"wpdm_icon\" alt=\"Ic\u00f4ne\"   src=\"http:\/\/lagh-univ.dz\/wp-content\/plugins\/download-manager\/assets\/file-type-icons\/pdf.png\" \/><\/div>\n            <div class=\"media-body\">\n                <h3 class=\"package-title\"><a href='http:\/\/lagh-univ.dz\/download\/%d8%a7%d8%b3%d8%aa%d9%85%d8%a7%d8%b1%d8%a7%d8%aa-%d8%a7%d9%84%d8%aa%d8%b3%d8%ac%d9%8a%d9%84-%d8%a8%d8%a7%d9%84%d9%84%d8%ba%d8%a9-%d8%a7%d9%84%d9%81%d8%b1%d9%86%d8%b3%d9%8a%d8%a9\/'>\u0627\u0633\u062a\u0645\u0627\u0631\u0627\u062a \u0627\u0644\u062a\u0633\u062c\u064a\u0644 \u0628\u0627\u0644\u0644\u063a\u0629 \u0627\u0644\u0641\u0631\u0646\u0633\u064a\u0629<\/a><\/h3>\n                <div class=\"text-muted text-small\"><i class=\"fas fa-copy\"><\/i> 1 fichier\u00b7s <i class=\"fas fa-hdd ml-3\"><\/i> 70.67 KB<\/div>\n            <\/div>\n            <div class=\"ml-3\">\n                <a class='wpdm-download-link download-on-click btn btn-primary btn-xs' rel='nofollow' href='#' data-downloadurl=\"http:\/\/lagh-univ.dz\/download\/%d8%a7%d8%b3%d8%aa%d9%85%d8%a7%d8%b1%d8%a7%d8%aa-%d8%a7%d9%84%d8%aa%d8%b3%d8%ac%d9%8a%d9%84-%d8%a8%d8%a7%d9%84%d9%84%d8%ba%d8%a9-%d8%a7%d9%84%d9%81%d8%b1%d9%86%d8%b3%d9%8a%d8%a9\/?wpdmdl=65028&refresh=69d2850313dec1775404291\">T\u00e9l\u00e9charger<\/a>\n            <\/div>\n        <\/div>\n    <\/div>\n<\/div>\n\n<\/div>\n<p>&nbsp;<\/p>\n<div class='w3eden'><!-- WPDM Link Template: Default Template -->\n\n<div class=\"link-template-default card mb-2\">\n    <div class=\"card-body\">\n        <div class=\"media\">\n            <div class=\"mr-3 img-48\"><img decoding=\"async\" class=\"wpdm_icon\" alt=\"Ic\u00f4ne\"   src=\"http:\/\/lagh-univ.dz\/wp-content\/plugins\/download-manager\/assets\/file-type-icons\/zip.svg\" \/><\/div>\n            <div class=\"media-body\">\n                <h3 class=\"package-title\"><a href='http:\/\/lagh-univ.dz\/download\/%d8%a7%d9%84%d9%82%d8%a7%d8%a6%d9%85%d8%a9-%d8%a7%d9%84%d9%86%d9%87%d8%a7%d8%a6%d9%8a%d8%a9-%d9%84%d9%84%d9%86%d8%a7%d8%ac%d8%ad%d9%8a%d9%86-%d9%81%d9%8a-%d9%85%d8%b3%d8%a7%d8%a8%d9%82%d8%a9-%d8%a7-9\/'>\u0627\u0644\u0642\u0627\u0626\u0645\u0629 \u0627\u0644\u0646\u0647\u0627\u0626\u064a\u0629 \u0644\u0644\u0646\u0627\u062c\u062d\u064a\u0646 \u0641\u064a \u0645\u0633\u0627\u0628\u0642\u0629 \u0627\u0644\u062f\u0643\u062a\u0648\u0631\u0627\u0647 \u0643\u0644\u064a\u0629 \u0627\u0644\u062d\u0642\u0648\u0642 \u0648 \u0627\u0644\u0639\u0644\u0648\u0645 \u0627\u0644\u0633\u064a\u0627\u0633\u064a\u0629 ( \u0643\u0644 \u0627\u0644\u062a\u062e\u0635\u0635\u0627\u062a )<\/a><\/h3>\n                <div class=\"text-muted text-small\"><i class=\"fas fa-copy\"><\/i> 1 fichier\u00b7s <i class=\"fas fa-hdd ml-3\"><\/i> 32.27 MB<\/div>\n            <\/div>\n            <div class=\"ml-3\">\n                <a class='wpdm-download-link download-on-click btn btn-primary btn-xs' rel='nofollow' href='#' data-downloadurl=\"http:\/\/lagh-univ.dz\/download\/%d8%a7%d9%84%d9%82%d8%a7%d8%a6%d9%85%d8%a9-%d8%a7%d9%84%d9%86%d9%87%d8%a7%d8%a6%d9%8a%d8%a9-%d9%84%d9%84%d9%86%d8%a7%d8%ac%d8%ad%d9%8a%d9%86-%d9%81%d9%8a-%d9%85%d8%b3%d8%a7%d8%a8%d9%82%d8%a9-%d8%a7-9\/?wpdmdl=65066&refresh=69d28503199df1775404291\">T\u00e9l\u00e9charger<\/a>\n            <\/div>\n        <\/div>\n    <\/div>\n<\/div>\n\n<\/div>\n<div class='w3eden'><!-- WPDM Link Template: Default Template -->\n\n<div class=\"link-template-default card mb-2\">\n    <div class=\"card-body\">\n        <div class=\"media\">\n            <div class=\"mr-3 img-48\"><img decoding=\"async\" class=\"wpdm_icon\" alt=\"Ic\u00f4ne\"   src=\"http:\/\/lagh-univ.dz\/wp-content\/plugins\/download-manager\/assets\/file-type-icons\/zip.svg\" \/><\/div>\n            <div class=\"media-body\">\n                <h3 class=\"package-title\"><a href='http:\/\/lagh-univ.dz\/download\/%d8%a7%d9%84%d9%82%d8%a7%d8%a6%d9%85%d8%a9-%d8%a7%d9%84%d9%86%d9%87%d8%a7%d8%a6%d9%8a%d8%a9-%d9%84%d9%84%d9%86%d8%a7%d8%ac%d8%ad%d9%8a%d9%86-%d9%81%d9%8a-%d9%85%d8%b3%d8%a7%d8%a8%d9%82%d8%a9-%d8%a7-8\/'>\u0627\u0644\u0642\u0627\u0626\u0645\u0629 \u0627\u0644\u0646\u0647\u0627\u0626\u064a\u0629 \u0644\u0644\u0646\u0627\u062c\u062d\u064a\u0646 \u0641\u064a \u0645\u0633\u0627\u0628\u0642\u0629 \u0627\u0644\u062f\u0643\u062a\u0648\u0631\u0627\u0647 \u0643\u0644\u064a\u0629 \u0627\u0644\u0639\u0644\u0648\u0645 : \u0639\u0644\u0648\u0645 \u0628\u064a\u0648\u0644\u0648\u062c\u064a\u0629 ( \u062a\u062e\u0635\u0635 Parmaco-toxicologie , Biotechnologie microbienne et bioproc\u00e9d\u00e9s )<\/a><\/h3>\n                <div class=\"text-muted text-small\"><i class=\"fas fa-copy\"><\/i> 1 fichier\u00b7s <i class=\"fas fa-hdd ml-3\"><\/i> 2.50 MB<\/div>\n            <\/div>\n            <div class=\"ml-3\">\n                <a class='wpdm-download-link download-on-click btn btn-primary btn-xs' rel='nofollow' href='#' data-downloadurl=\"http:\/\/lagh-univ.dz\/download\/%d8%a7%d9%84%d9%82%d8%a7%d8%a6%d9%85%d8%a9-%d8%a7%d9%84%d9%86%d9%87%d8%a7%d8%a6%d9%8a%d8%a9-%d9%84%d9%84%d9%86%d8%a7%d8%ac%d8%ad%d9%8a%d9%86-%d9%81%d9%8a-%d9%85%d8%b3%d8%a7%d8%a8%d9%82%d8%a9-%d8%a7-8\/?wpdmdl=65060&refresh=69d285031faea1775404291\">T\u00e9l\u00e9charger<\/a>\n            <\/div>\n        <\/div>\n    <\/div>\n<\/div>\n\n<\/div>\n<div class='w3eden'><!-- WPDM Link Template: Default Template -->\n\n<div class=\"link-template-default card mb-2\">\n    <div class=\"card-body\">\n        <div class=\"media\">\n            <div class=\"mr-3 img-48\"><img decoding=\"async\" class=\"wpdm_icon\" alt=\"Ic\u00f4ne\"   src=\"http:\/\/lagh-univ.dz\/wp-content\/plugins\/download-manager\/assets\/file-type-icons\/zip.svg\" \/><\/div>\n            <div class=\"media-body\">\n                <h3 class=\"package-title\"><a href='http:\/\/lagh-univ.dz\/download\/%d8%a7%d9%84%d9%82%d8%a7%d8%a6%d9%85%d8%a9-%d8%a7%d9%84%d9%86%d9%87%d8%a7%d8%a6%d9%8a%d8%a9-%d9%84%d9%84%d9%86%d8%a7%d8%ac%d8%ad%d9%8a%d9%86-%d9%81%d9%8a-%d9%85%d8%b3%d8%a7%d8%a8%d9%82%d8%a9-%d8%a7-7\/'>\u0627\u0644\u0642\u0627\u0626\u0645\u0629 \u0627\u0644\u0646\u0647\u0627\u0626\u064a\u0629 \u0644\u0644\u0646\u0627\u062c\u062d\u064a\u0646 \u0641\u064a \u0645\u0633\u0627\u0628\u0642\u0629 \u0627\u0644\u062f\u0643\u062a\u0648\u0631\u0627\u0647 \u0643\u0644\u064a\u0629 \u0627\u0644\u0639\u0644\u0648\u0645 : \u0627\u0644\u0639\u0644\u0648\u0645 \u0627\u0644\u0641\u0644\u0627\u062d\u064a\u0629 ( \u062a\u062e\u0635\u0635 Protection des v\u00e9g\u00e9taux , Am\u00e9lioration des plantes )<\/a><\/h3>\n                <div class=\"text-muted text-small\"><i class=\"fas fa-copy\"><\/i> 1 fichier\u00b7s <i class=\"fas fa-hdd ml-3\"><\/i> 4.68 MB<\/div>\n            <\/div>\n            <div class=\"ml-3\">\n                <a class='wpdm-download-link download-on-click btn btn-primary btn-xs' rel='nofollow' href='#' data-downloadurl=\"http:\/\/lagh-univ.dz\/download\/%d8%a7%d9%84%d9%82%d8%a7%d8%a6%d9%85%d8%a9-%d8%a7%d9%84%d9%86%d9%87%d8%a7%d8%a6%d9%8a%d8%a9-%d9%84%d9%84%d9%86%d8%a7%d8%ac%d8%ad%d9%8a%d9%86-%d9%81%d9%8a-%d9%85%d8%b3%d8%a7%d8%a8%d9%82%d8%a9-%d8%a7-7\/?wpdmdl=65043&refresh=69d285032599c1775404291\">T\u00e9l\u00e9charger<\/a>\n            <\/div>\n        <\/div>\n    <\/div>\n<\/div>\n\n<\/div>\n<div class='w3eden'><!-- WPDM Link Template: Default Template -->\n\n<div class=\"link-template-default card mb-2\">\n    <div class=\"card-body\">\n        <div class=\"media\">\n            <div class=\"mr-3 img-48\"><img decoding=\"async\" class=\"wpdm_icon\" alt=\"Ic\u00f4ne\"   src=\"http:\/\/lagh-univ.dz\/wp-content\/plugins\/download-manager\/assets\/file-type-icons\/pdf.png\" \/><\/div>\n            <div class=\"media-body\">\n                <h3 class=\"package-title\"><a href='http:\/\/lagh-univ.dz\/download\/%d8%a7%d9%84%d9%82%d8%a7%d8%a6%d9%85%d8%a9-%d8%a7%d9%84%d9%86%d9%87%d8%a7%d8%a6%d9%8a%d8%a9-%d9%84%d9%84%d9%86%d8%a7%d8%ac%d8%ad%d9%8a%d9%86-%d9%81%d9%8a-%d9%85%d8%b3%d8%a7%d8%a8%d9%82%d8%a9-%d8%a7\/'>\u0627\u0644\u0642\u0627\u0626\u0645\u0629 \u0627\u0644\u0646\u0647\u0627\u0626\u064a\u0629 \u0644\u0644\u0646\u0627\u062c\u062d\u064a\u0646 \u0641\u064a \u0645\u0633\u0627\u0628\u0642\u0629 \u0627\u0644\u062f\u0643\u062a\u0648\u0631\u0627\u0647 \u0641\u064a \u0627\u0644\u0647\u0646\u062f\u0633\u0629 \u0627\u0644\u0645\u0639\u0645\u0627\u0631\u064a\u0629<\/a><\/h3>\n                <div class=\"text-muted text-small\"><i class=\"fas fa-copy\"><\/i> 1 fichier\u00b7s <i class=\"fas fa-hdd ml-3\"><\/i> 745.71 KB<\/div>\n            <\/div>\n            <div class=\"ml-3\">\n                <a class='wpdm-download-link download-on-click btn btn-primary btn-xs' rel='nofollow' href='#' data-downloadurl=\"http:\/\/lagh-univ.dz\/download\/%d8%a7%d9%84%d9%82%d8%a7%d8%a6%d9%85%d8%a9-%d8%a7%d9%84%d9%86%d9%87%d8%a7%d8%a6%d9%8a%d8%a9-%d9%84%d9%84%d9%86%d8%a7%d8%ac%d8%ad%d9%8a%d9%86-%d9%81%d9%8a-%d9%85%d8%b3%d8%a7%d8%a8%d9%82%d8%a9-%d8%a7\/?wpdmdl=64850&refresh=69d285032bb221775404291\">T\u00e9l\u00e9charger<\/a>\n            <\/div>\n        <\/div>\n    <\/div>\n<\/div>\n\n<\/div>\n<p>&nbsp;<\/p>\n<div class='w3eden'><!-- WPDM Link Template: Default Template -->\n\n<div class=\"link-template-default card mb-2\">\n    <div class=\"card-body\">\n        <div class=\"media\">\n            <div class=\"mr-3 img-48\"><img decoding=\"async\" class=\"wpdm_icon\" alt=\"Ic\u00f4ne\"   src=\"http:\/\/lagh-univ.dz\/wp-content\/plugins\/download-manager\/assets\/file-type-icons\/zip.svg\" \/><\/div>\n            <div class=\"media-body\">\n                <h3 class=\"package-title\"><a href='http:\/\/lagh-univ.dz\/download\/%d8%a7%d9%84%d9%82%d8%a7%d8%a6%d9%85%d8%a9-%d8%a7%d9%84%d9%86%d9%87%d8%a7%d8%a6%d9%8a%d8%a9-%d9%84%d9%84%d9%86%d8%a7%d8%ac%d8%ad%d9%8a%d9%86-%d9%81%d9%8a-%d9%85%d8%b3%d8%a7%d8%a8%d9%82%d8%a9-%d8%a7-5\/'>\u0627\u0644\u0642\u0627\u0626\u0645\u0629 \u0627\u0644\u0646\u0647\u0627\u0626\u064a\u0629 \u0644\u0644\u0646\u0627\u062c\u062d\u064a\u0646 \u0641\u064a \u0645\u0633\u0627\u0628\u0642\u0629 \u0627\u0644\u062f\u0643\u062a\u0648\u0631\u0627\u0647 \u0643\u0644\u064a\u0629 \u0627\u0644\u0627\u062f\u0627\u0628 \u0648 \u0627\u0644\u0644\u063a\u0627\u062a ( \u0644\u063a\u0629 \u0627\u0646\u062c\u0644\u064a\u0632\u064a\u0629 , \u0644\u063a\u0629 \u0641\u0631\u0646\u0633\u064a\u0629 )<\/a><\/h3>\n                <div class=\"text-muted text-small\"><i class=\"fas fa-copy\"><\/i> 1 fichier\u00b7s <i class=\"fas fa-hdd ml-3\"><\/i> 1.25 MB<\/div>\n            <\/div>\n            <div class=\"ml-3\">\n                <a class='wpdm-download-link download-on-click btn btn-primary btn-xs' rel='nofollow' href='#' data-downloadurl=\"http:\/\/lagh-univ.dz\/download\/%d8%a7%d9%84%d9%82%d8%a7%d8%a6%d9%85%d8%a9-%d8%a7%d9%84%d9%86%d9%87%d8%a7%d8%a6%d9%8a%d8%a9-%d9%84%d9%84%d9%86%d8%a7%d8%ac%d8%ad%d9%8a%d9%86-%d9%81%d9%8a-%d9%85%d8%b3%d8%a7%d8%a8%d9%82%d8%a9-%d8%a7-5\/?wpdmdl=64943&refresh=69d2850331ea31775404291\">T\u00e9l\u00e9charger<\/a>\n            <\/div>\n        <\/div>\n    <\/div>\n<\/div>\n\n<\/div>\n<p>&nbsp;<\/p>\n<div class='w3eden'><!-- WPDM Link Template: Default Template -->\n\n<div class=\"link-template-default card mb-2\">\n    <div class=\"card-body\">\n        <div class=\"media\">\n            <div class=\"mr-3 img-48\"><img decoding=\"async\" class=\"wpdm_icon\" alt=\"Ic\u00f4ne\"   src=\"http:\/\/lagh-univ.dz\/wp-content\/plugins\/download-manager\/assets\/file-type-icons\/pdf.png\" \/><\/div>\n            <div class=\"media-body\">\n                <h3 class=\"package-title\"><a href='http:\/\/lagh-univ.dz\/download\/%d8%a7%d9%84%d9%82%d8%a7%d8%a6%d9%85%d8%a9-%d8%a7%d9%84%d9%86%d9%87%d8%a7%d8%a6%d9%8a%d8%a9-%d9%84%d9%84%d9%86%d8%a7%d8%ac%d8%ad%d9%8a%d9%86-%d9%81%d9%8a-%d9%85%d8%b3%d8%a7%d8%a8%d9%82%d8%a9-%d8%a7-2\/'>\u0627\u0644\u0642\u0627\u0626\u0645\u0629 \u0627\u0644\u0646\u0647\u0627\u0626\u064a\u0629 \u0644\u0644\u0646\u0627\u062c\u062d\u064a\u0646 \u0641\u064a \u0645\u0633\u0627\u0628\u0642\u0629 \u0627\u0644\u062f\u0643\u062a\u0648\u0631\u0627\u0647 \u0641\u064a \u0627\u0644\u0631\u064a\u0627\u0636\u064a\u0627\u062a<\/a><\/h3>\n                <div class=\"text-muted text-small\"><i class=\"fas fa-copy\"><\/i> 1 fichier\u00b7s <i class=\"fas fa-hdd ml-3\"><\/i> 1.14 MB<\/div>\n            <\/div>\n            <div class=\"ml-3\">\n                <a class='wpdm-download-link download-on-click btn btn-primary btn-xs' rel='nofollow' href='#' data-downloadurl=\"http:\/\/lagh-univ.dz\/download\/%d8%a7%d9%84%d9%82%d8%a7%d8%a6%d9%85%d8%a9-%d8%a7%d9%84%d9%86%d9%87%d8%a7%d8%a6%d9%8a%d8%a9-%d9%84%d9%84%d9%86%d8%a7%d8%ac%d8%ad%d9%8a%d9%86-%d9%81%d9%8a-%d9%85%d8%b3%d8%a7%d8%a8%d9%82%d8%a9-%d8%a7-2\/?wpdmdl=64869&refresh=69d28503381581775404291\">T\u00e9l\u00e9charger<\/a>\n            <\/div>\n        <\/div>\n    <\/div>\n<\/div>\n\n<\/div>\n<p>&nbsp;<\/p>\n<div class='w3eden'><!-- WPDM Link Template: Default Template -->\n\n<div class=\"link-template-default card mb-2\">\n    <div class=\"card-body\">\n        <div class=\"media\">\n            <div class=\"mr-3 img-48\"><img decoding=\"async\" class=\"wpdm_icon\" alt=\"Ic\u00f4ne\"   src=\"http:\/\/lagh-univ.dz\/wp-content\/plugins\/download-manager\/assets\/file-type-icons\/pdf.png\" \/><\/div>\n            <div class=\"media-body\">\n                <h3 class=\"package-title\"><a href='http:\/\/lagh-univ.dz\/download\/%d8%a7%d9%84%d9%82%d8%a7%d8%a6%d9%85%d8%a9-%d8%a7%d9%84%d9%86%d9%87%d8%a7%d8%a6%d9%8a%d8%a9-%d9%84%d9%84%d9%86%d8%a7%d8%ac%d8%ad%d9%8a%d9%86-%d9%81%d9%8a-%d9%85%d8%b3%d8%a7%d8%a8%d9%82%d8%a9-%d8%a7-6\/'>\u0627\u0644\u0642\u0627\u0626\u0645\u0629 \u0627\u0644\u0646\u0647\u0627\u0626\u064a\u0629 \u0644\u0644\u0646\u0627\u062c\u062d\u064a\u0646 \u0641\u064a \u0645\u0633\u0627\u0628\u0642\u0629 \u0627\u0644\u062f\u0643\u062a\u0648\u0631\u0627\u0647 \u0643\u0644\u064a\u0629 \u0627\u0644\u0627\u062f\u0627\u0628 \u0648 \u0627\u0644\u0644\u063a\u0627\u062a ( \u0639\u0644\u0645 \u0627\u0644\u0627\u062c\u062a\u0645\u0627\u0639 \u0644\u0644\u0627\u0646\u062d\u0631\u0627\u0641 \u0648\u0627\u0644\u062c\u0631\u064a\u0645\u0629 )<\/a><\/h3>\n                <div class=\"text-muted text-small\"><i class=\"fas fa-copy\"><\/i> 1 fichier\u00b7s <i class=\"fas fa-hdd ml-3\"><\/i> 2.19 MB<\/div>\n            <\/div>\n            <div class=\"ml-3\">\n                <a class='wpdm-download-link download-on-click btn btn-primary btn-xs' rel='nofollow' href='#' data-downloadurl=\"http:\/\/lagh-univ.dz\/download\/%d8%a7%d9%84%d9%82%d8%a7%d8%a6%d9%85%d8%a9-%d8%a7%d9%84%d9%86%d9%87%d8%a7%d8%a6%d9%8a%d8%a9-%d9%84%d9%84%d9%86%d8%a7%d8%ac%d8%ad%d9%8a%d9%86-%d9%81%d9%8a-%d9%85%d8%b3%d8%a7%d8%a8%d9%82%d8%a9-%d8%a7-6\/?wpdmdl=64983&refresh=69d285033e33e1775404291\">T\u00e9l\u00e9charger<\/a>\n            <\/div>\n        <\/div>\n    <\/div>\n<\/div>\n\n<\/div>\n<p>&nbsp;<\/p>\n<div class='w3eden'><!-- WPDM Link Template: Default Template -->\n\n<div class=\"link-template-default card mb-2\">\n    <div class=\"card-body\">\n        <div class=\"media\">\n            <div class=\"mr-3 img-48\"><img decoding=\"async\" class=\"wpdm_icon\" alt=\"Ic\u00f4ne\"   src=\"http:\/\/lagh-univ.dz\/wp-content\/plugins\/download-manager\/assets\/file-type-icons\/zip.svg\" \/><\/div>\n            <div class=\"media-body\">\n                <h3 class=\"package-title\"><a href='http:\/\/lagh-univ.dz\/download\/%d8%a7%d9%84%d9%82%d8%a7%d8%a6%d9%85%d8%a9-%d8%a7%d9%84%d9%86%d9%87%d8%a7%d8%a6%d9%8a%d8%a9-%d9%84%d9%84%d9%86%d8%a7%d8%ac%d8%ad%d9%8a%d9%86-%d9%81%d9%8a-%d9%85%d8%b3%d8%a7%d8%a8%d9%82%d8%a9-%d8%a7-3\/'>\u0627\u0644\u0642\u0627\u0626\u0645\u0629 \u0627\u0644\u0646\u0647\u0627\u0626\u064a\u0629 \u0644\u0644\u0646\u0627\u062c\u062d\u064a\u0646 \u0641\u064a \u0645\u0633\u0627\u0628\u0642\u0629 \u0627\u0644\u062f\u0643\u062a\u0648\u0631\u0627\u0647 \u0643\u0644\u064a\u0629 \u0627\u0644\u0639\u0644\u0648\u0645 \u0627\u0644\u0627\u0642\u062a\u0635\u0627\u062f\u064a\u0629 \u0648 \u0627\u0644\u062a\u062c\u0627\u0631\u064a\u0629 \u0648\u0639\u0644\u0648\u0645 \u0627\u0644\u062a\u0633\u064a\u064a\u0631 ( \u0643\u0627\u0645\u0644 \u0627\u0644\u062a\u062e\u0635\u0635\u0627\u062a )<\/a><\/h3>\n                <div class=\"text-muted text-small\"><i class=\"fas fa-copy\"><\/i> 1 fichier\u00b7s <i class=\"fas fa-hdd ml-3\"><\/i> 2.83 MB<\/div>\n            <\/div>\n            <div class=\"ml-3\">\n                <a class='wpdm-download-link download-on-click btn btn-primary btn-xs' rel='nofollow' href='#' data-downloadurl=\"http:\/\/lagh-univ.dz\/download\/%d8%a7%d9%84%d9%82%d8%a7%d8%a6%d9%85%d8%a9-%d8%a7%d9%84%d9%86%d9%87%d8%a7%d8%a6%d9%8a%d8%a9-%d9%84%d9%84%d9%86%d8%a7%d8%ac%d8%ad%d9%8a%d9%86-%d9%81%d9%8a-%d9%85%d8%b3%d8%a7%d8%a8%d9%82%d8%a9-%d8%a7-3\/?wpdmdl=64874&refresh=69d28503445bd1775404291\">T\u00e9l\u00e9charger<\/a>\n            <\/div>\n        <\/div>\n    <\/div>\n<\/div>\n\n<\/div>\n<p>&nbsp;<\/p>\n<div class='w3eden'><!-- WPDM Link Template: Default Template -->\n\n<div class=\"link-template-default card mb-2\">\n    <div class=\"card-body\">\n        <div class=\"media\">\n            <div class=\"mr-3 img-48\"><img decoding=\"async\" class=\"wpdm_icon\" alt=\"Ic\u00f4ne\"   src=\"http:\/\/lagh-univ.dz\/wp-content\/plugins\/download-manager\/assets\/file-type-icons\/zip.svg\" \/><\/div>\n            <div class=\"media-body\">\n                <h3 class=\"package-title\"><a href='http:\/\/lagh-univ.dz\/download\/%d8%a7%d9%84%d9%82%d8%a7%d8%a6%d9%85%d8%a9-%d8%a7%d9%84%d9%86%d9%87%d8%a7%d8%a6%d9%8a%d8%a9-%d9%84%d9%84%d9%86%d8%a7%d8%ac%d8%ad%d9%8a%d9%86-%d9%81%d9%8a-%d9%85%d8%b3%d8%a7%d8%a8%d9%82%d8%a9-%d8%a7-4\/'>\u0627\u0644\u0642\u0627\u0626\u0645\u0629 \u0627\u0644\u0646\u0647\u0627\u0626\u064a\u0629 \u0644\u0644\u0646\u0627\u062c\u062d\u064a\u0646 \u0641\u064a \u0645\u0633\u0627\u0628\u0642\u0629 \u0627\u0644\u062f\u0643\u062a\u0648\u0631\u0627\u0647 \u0643\u0644\u064a\u0629 \u0627\u0644\u062a\u0643\u0646\u0648\u0644\u0648\u062c\u064a\u0627 ( \u062a\u062e\u0635\u0635\u0627\u062a : \u0627\u0644\u0637\u0627\u0642\u0627\u062a \u0627\u0644\u0645\u062a\u062c\u062f\u062f\u0629 , \u0647\u0646\u062f\u0633\u0629 \u0627\u0644\u0637\u0631\u0627\u0626\u0642 , \u0627\u0644\u0627\u062a\u0635\u0627\u0644\u0627\u062a )<\/a><\/h3>\n                <div class=\"text-muted text-small\"><i class=\"fas fa-copy\"><\/i> 1 fichier\u00b7s <i class=\"fas fa-hdd ml-3\"><\/i> 5.68 MB<\/div>\n            <\/div>\n            <div class=\"ml-3\">\n                <a class='wpdm-download-link download-on-click btn btn-primary btn-xs' rel='nofollow' href='#' data-downloadurl=\"http:\/\/lagh-univ.dz\/download\/%d8%a7%d9%84%d9%82%d8%a7%d8%a6%d9%85%d8%a9-%d8%a7%d9%84%d9%86%d9%87%d8%a7%d8%a6%d9%8a%d8%a9-%d9%84%d9%84%d9%86%d8%a7%d8%ac%d8%ad%d9%8a%d9%86-%d9%81%d9%8a-%d9%85%d8%b3%d8%a7%d8%a8%d9%82%d8%a9-%d8%a7-4\/?wpdmdl=64904&refresh=69d285034a9841775404291\">T\u00e9l\u00e9charger<\/a>\n            <\/div>\n        <\/div>\n    <\/div>\n<\/div>\n\n<\/div>\n","protected":false},"excerpt":{"rendered":"<p>&nbsp; \u0627\u0644\u0646\u062a\u0627\u0626\u062c \u0627\u0644\u0646\u0647\u0627\u0626\u064a\u0629 \u0644\u0644\u0646\u0627\u062c\u062d\u064a\u0646 \u0641\u064a \u0645\u0633\u0627\u0628\u0642\u0629 \u0627\u0644\u062f\u0643\u062a\u0648\u0631\u0627\u0647 \u0627\u0644\u0637\u0648\u0631 \u0627\u0644\u062b\u0627\u0644\u062b \u0644\u0633\u0646\u0629 2024-2025 \u0628\u062c\u0627\u0645\u0639\u0629 \u0639\u0645\u0627\u0631 \u062b\u0644\u064a\u062c\u064a \u0628\u0627\u0644\u0623\u063a\u0648\u0627\u0637 &nbsp; &nbsp; &nbsp; &nbsp; &nbsp; &nbsp; &nbsp;<\/p>\n","protected":false},"author":1,"featured_media":0,"parent":0,"menu_order":0,"comment_status":"closed","ping_status":"closed","template":"elementor_header_footer","meta":{"_exactmetrics_skip_tracking":false,"_exactmetrics_sitenote_active":false,"_exactmetrics_sitenote_note":"","_exactmetrics_sitenote_category":0,"footnotes":""},"coauthors":[217],"class_list":["post-64849","page","type-page","status-publish","hentry"],"_links":{"self":[{"href":"http:\/\/lagh-univ.dz\/fr\/wp-json\/wp\/v2\/pages\/64849","targetHints":{"allow":["GET"]}}],"collection":[{"href":"http:\/\/lagh-univ.dz\/fr\/wp-json\/wp\/v2\/pages"}],"about":[{"href":"http:\/\/lagh-univ.dz\/fr\/wp-json\/wp\/v2\/types\/page"}],"author":[{"embeddable":true,"href":"http:\/\/lagh-univ.dz\/fr\/wp-json\/wp\/v2\/users\/1"}],"replies":[{"embeddable":true,"href":"http:\/\/lagh-univ.dz\/fr\/wp-json\/wp\/v2\/comments?post=64849"}],"version-history":[{"count":13,"href":"http:\/\/lagh-univ.dz\/fr\/wp-json\/wp\/v2\/pages\/64849\/revisions"}],"predecessor-version":[{"id":65074,"href":"http:\/\/lagh-univ.dz\/fr\/wp-json\/wp\/v2\/pages\/64849\/revisions\/65074"}],"wp:attachment":[{"href":"http:\/\/lagh-univ.dz\/fr\/wp-json\/wp\/v2\/media?parent=64849"}],"wp:term":[{"taxonomy":"author","embeddable":true,"href":"http:\/\/lagh-univ.dz\/fr\/wp-json\/wp\/v2\/coauthors?post=64849"}],"curies":[{"name":"wp","href":"https:\/\/api.w.org\/{rel}","templated":true}]}}