{"id":6757,"date":"2018-05-19T17:15:09","date_gmt":"2018-05-19T17:15:09","guid":{"rendered":"http:\/\/lagh-univ.dz\/qui-est-amar-telidji\/"},"modified":"2019-02-20T11:53:58","modified_gmt":"2019-02-20T13:53:58","slug":"qui-est-amar-telidji","status":"publish","type":"page","link":"http:\/\/lagh-univ.dz\/fr\/qui-est-amar-telidji\/","title":{"rendered":"QUI EST AMAR TELIDJI?"},"content":{"rendered":"<div id=\"s5_center_column_wrap\">\n<div id=\"s5_center_column_wrap_inner\">\n<div id=\"s5_component_wrap\">\n<div id=\"s5_component_wrap_inner\">\n<div class=\"blog-featured\">\n<div class=\"article_column\">\n<div class=\"item\">\n<div id=\"post-15\" class=\"post-15 page type-page status-publish hentry\">\n<div class=\"contentpaneopen_heading\">\n<div id=\"s5_columns_wrap_inner\">\n<div id=\"s5_center_column_wrap\">\n<div id=\"s5_center_column_wrap_inner\">\n<div id=\"s5_middle_top_wrap\">\n<div id=\"s5_middle_top\">\n<div id=\"s5_middle_top_inner\">\n<div><a href=\"http:\/\/lagh-univ.dz\/fr\/qui-est-amar-telidji\/picture1-6-2\/\" rel=\"attachment wp-att-4735\"><img decoding=\"async\" class=\"wp-image-4735 aligncenter\" src=\"http:\/\/lagh-univ.dz\/wp-content\/uploads\/2018\/12\/Picture1-4-1024x192.png\" alt=\"\" width=\"410\" height=\"77\" srcset=\"http:\/\/lagh-univ.dz\/wp-content\/uploads\/2018\/12\/Picture1-4-1024x192.png 1024w, http:\/\/lagh-univ.dz\/wp-content\/uploads\/2018\/12\/Picture1-4-300x56.png 300w, http:\/\/lagh-univ.dz\/wp-content\/uploads\/2018\/12\/Picture1-4-768x144.png 768w, http:\/\/lagh-univ.dz\/wp-content\/uploads\/2018\/12\/Picture1-4.png 1097w\" sizes=\"(max-width: 410px) 100vw, 410px\" \/><\/a><\/div>\n<\/div>\n<\/div>\n<\/div>\n<\/div>\n<\/div>\n<\/div>\n<h1><span style=\"text-decoration: underline; color: #ff6600;\"><a class=\"contentpagetitle\" style=\"color: #ff6600; text-decoration: underline;\" title=\"Permalink to: Qui Amar Telidji?\" href=\"http:\/\/lagh-univ.dz\/accueilf\/?page_id=15\">QUI AMAR TELIDJI?<\/a><\/span><\/h1>\n<p><strong><img decoding=\"async\" class=\" wp-image-16 alignright\" src=\"http:\/\/lagh-univ.dz\/wp-content\/uploads\/2014\/04\/amar_telidji.jpg\" alt=\"amar_telidji\" width=\"191\" height=\"255\" \/><\/strong><\/p>\n<\/div>\n<div class=\"s5_contentwrapper\">\n<p style=\"text-align: justify;\"><b>\u00a0<\/b>\u00a0<span style=\"font-size: 14pt; font-family: book antiqua, palatino, serif;\">N\u00e9 le 26 d\u00e9cembre 1923 \u00e0 Laghouat. Intelligent et brillant \u00e9l\u00e8ve, il acc\u00e9da au Lyc\u00e9e Bencheneb de M\u00e9d\u00e9a qu&rsquo;il quitta\u00a0t\u00f4t pour rejoindre les rangs de l&rsquo;arm\u00e9e fran\u00e7aise comme engag\u00e9 volontaire. Il a combattu en Indochine et s&rsquo;est install\u00e9 au Maroc en tant qu&rsquo;officier de l&rsquo;arm\u00e9e des transmissions. Pour ses comp\u00e9tences, il fut conseill\u00e9 des Forces Arm\u00e9es Royales marocaines en mati\u00e8re de transmissions. Au mois de juin 1956, il regagna les rangs de l&rsquo;A.L.N., aux c\u00f4t\u00e9s du Colonel Abdelhafid BOUSSOUF. Ce dernier le choisi comme instructeur de la premi\u00e8re promotion \u00ab\u00a0ZAABANA\u00a0\u00bb des techniciens en transmissions de l\u2019A.L.N., en ao\u00fbt 1956. Apr\u00e8s l&rsquo;ind\u00e9pendance, il fut un cadre \u00e9minent du minist\u00e8re des P.T.T. Il est mort suite \u00e0 un accident de la circulation en 1965.<b>Commandant Ali TELIDJI dit Si Amar<\/b><\/span><\/p>\n<\/div>\n<\/div>\n<\/div>\n<\/div>\n<\/div>\n<\/div>\n<\/div>\n<\/div>\n<\/div>\n<div id=\"s5_left_column_wrap\" class=\"s5_float_left\">\n<div id=\"s5_left_column_wrap_inner\">\n<div id=\"s5_left_wrap\" class=\"s5_float_left\">\n<div class=\"module_round_box_outer\">\n<div class=\"module_round_box \">\n<div class=\"s5_module_box_1\">\n<div class=\"s5_module_box_2\">\n<div class=\"custom \">\n<div id=\"s5_accordion_menu\"><\/div>\n<\/div>\n<\/div>\n<\/div>\n<\/div>\n<\/div>\n<\/div>\n<\/div>\n<\/div>\n","protected":false},"excerpt":{"rendered":"<p>QUI AMAR TELIDJI? \u00a0\u00a0N\u00e9 le 26 d\u00e9cembre 1923 \u00e0 Laghouat. Intelligent et brillant \u00e9l\u00e8ve, il acc\u00e9da au Lyc\u00e9e Bencheneb de M\u00e9d\u00e9a qu&rsquo;il quitta\u00a0t\u00f4t pour rejoindre les rangs de l&rsquo;arm\u00e9e fran\u00e7aise comme engag\u00e9 volontaire. Il a combattu en Indochine et s&rsquo;est install\u00e9 au Maroc en tant qu&rsquo;officier de l&rsquo;arm\u00e9e des transmissions. Pour ses comp\u00e9tences, il fut [&hellip;]<\/p>\n","protected":false},"author":1,"featured_media":0,"parent":0,"menu_order":0,"comment_status":"closed","ping_status":"closed","template":"elementor_header_footer","meta":{"_exactmetrics_skip_tracking":false,"_exactmetrics_sitenote_active":false,"_exactmetrics_sitenote_note":"","_exactmetrics_sitenote_category":0,"footnotes":""},"coauthors":[217],"class_list":["post-6757","page","type-page","status-publish","hentry"],"_links":{"self":[{"href":"http:\/\/lagh-univ.dz\/fr\/wp-json\/wp\/v2\/pages\/6757","targetHints":{"allow":["GET"]}}],"collection":[{"href":"http:\/\/lagh-univ.dz\/fr\/wp-json\/wp\/v2\/pages"}],"about":[{"href":"http:\/\/lagh-univ.dz\/fr\/wp-json\/wp\/v2\/types\/page"}],"author":[{"embeddable":true,"href":"http:\/\/lagh-univ.dz\/fr\/wp-json\/wp\/v2\/users\/1"}],"replies":[{"embeddable":true,"href":"http:\/\/lagh-univ.dz\/fr\/wp-json\/wp\/v2\/comments?post=6757"}],"version-history":[{"count":1,"href":"http:\/\/lagh-univ.dz\/fr\/wp-json\/wp\/v2\/pages\/6757\/revisions"}],"predecessor-version":[{"id":6760,"href":"http:\/\/lagh-univ.dz\/fr\/wp-json\/wp\/v2\/pages\/6757\/revisions\/6760"}],"wp:attachment":[{"href":"http:\/\/lagh-univ.dz\/fr\/wp-json\/wp\/v2\/media?parent=6757"}],"wp:term":[{"taxonomy":"author","embeddable":true,"href":"http:\/\/lagh-univ.dz\/fr\/wp-json\/wp\/v2\/coauthors?post=6757"}],"curies":[{"name":"wp","href":"https:\/\/api.w.org\/{rel}","templated":true}]}}