{"id":6764,"date":"2018-05-19T16:40:40","date_gmt":"2018-05-19T16:40:40","guid":{"rendered":"http:\/\/lagh-univ.dz\/vice-rectorat-charge-de-la-formation-superieure-du-premier-et-deuxieme-cycles-de-la-formation-continue-des-diplomes-et-de-la-formation-superieure-de-graduation\/"},"modified":"2019-11-03T18:55:29","modified_gmt":"2019-11-03T20:55:29","slug":"vice-rectorat-charge-de-la-formation-superieure-du-premier-et-deuxieme-cycles-de-la-formation-continue-des-diplomes-et-de-la-formation-superieure-de-graduation","status":"publish","type":"page","link":"http:\/\/lagh-univ.dz\/fr\/vice-rectorat-charge-de-la-formation-superieure-du-premier-et-deuxieme-cycles-de-la-formation-continue-des-diplomes-et-de-la-formation-superieure-de-graduation\/","title":{"rendered":"Vice Rectorat Charg\u00e9 de la Formation   Sup\u00e9rieure du Premier et Deuxi\u00e8me Cycles  ,  de la Formation Continue , des Dipl\u00f4me et de la Formation  Sup\u00e9rieure de Graduation"},"content":{"rendered":"<div class=\"contentpaneopen_heading\">\n<h2 dir=\"ltr\"><span style=\"font-family: 'Book Antiqua', Palatino;\">[su_spacer size=\u00a0\u00bb60&Prime;]<\/span><\/h2>\n<h2 dir=\"ltr\" style=\"text-align: center;\"><span style=\"font-family: 'Book Antiqua', Palatino;\">PR\u00c9SENTATION DU VICE-RECTORTAT<\/span><\/h2>\n<h2 dir=\"ltr\"><span style=\"font-family: 'Book Antiqua', Palatino;\">[su_spacer size=\u00a0\u00bb60&Prime;]<\/span><\/h2>\n<\/div>\n<div class=\"s5_contentwrapper\" dir=\"ltr\">\n<p style=\"text-align: justify;\"><span style=\"font-family: 'Book Antiqua', Palatino;\"><b>\u00a0<\/b>\u00a0<span style=\"font-size: 14pt; color: #333333;\"><b>I-\u00a0<\/b><b>Cr\u00e9ation\u00a0:<\/b>\u00a0Conform\u00e9ment au d\u00e9cret ex\u00e9cutif n\u00b010-98 du 15 Ramadhan 1431 correspondant au 25 aout 2010 modifiant et compl\u00e9tant le d\u00e9cret ex\u00e9cutif n\u00b0 01-270 du 30 Joumada Ethania 1422 correspondant au 18 septembre 2001 portant cr\u00e9ation de l\u2019Universit\u00e9 de Laghouat, l\u2019ex-Vice-Rectorat charg\u00e9 de la formation sup\u00e9rieure, de la formation continue et des dipl\u00f4mes est restructur\u00e9 pour porter le nom du Vice-Rectorat charg\u00e9 de la formation sup\u00e9rieure du premier et deuxi\u00e8me cycles, la formation continue et les dipl\u00f4mes, et la formation sup\u00e9rieure de graduation. \u00a0 \u00a0<\/span><\/span><\/p>\n<p align=\"left\"><span style=\"font-family: 'Book Antiqua', Palatino; font-size: 14pt; color: #333333;\">\u00a0<b>Organisation administrative\u00a0:<\/b><\/span><\/p>\n<div>\n<h5><span style=\"font-family: 'Book Antiqua', Palatino; font-size: 14pt; color: #333333;\"><strong><img decoding=\"async\" class=\"alignright\" src=\"http:\/\/i2.wp.com\/web.lagh-univ.dz\/web\/fr\/images\/techno\/goual.jpg?resize=95%2C125\" alt=\"\" border=\"0\" data-recalc-dims=\"1\" \/><\/strong><\/span><\/h5>\n<p align=\"left\"><span style=\"font-family: 'Book Antiqua', Palatino; font-size: 14pt; color: #333333;\"><b>Le Vice Recteur<\/b>\u00a0:\u00a0<b><i>Pr. Mohammed Sayah GOUAL<\/i><\/b><\/span><\/p>\n<p align=\"left\"><span style=\"font-family: 'Book Antiqua', Palatino; font-size: 14pt; color: #333333;\"><b>Tel\/Fax<\/b>\u00a0: 029 14 53 10<\/span><\/p>\n<p align=\"left\"><span style=\"font-family: 'Book Antiqua', Palatino; font-size: 14pt;\"><b>e -mail<\/b>:\u00a0<a href=\"mailto:ms.goual@lagh-univ.dz\">ms.goual@lagh-univ.dz<\/a>\u00a0&amp;\u00a0<a href=\"mailto:msgoual@yahoo.com\">msgoual@yahoo.com<\/a><\/span><\/p>\n<p dir=\"RTL\" style=\"text-align: center;\"><span style=\"font-family: 'Book Antiqua', Palatino; font-size: 14pt;\"><b>: Les services rattach\u00e9s au V-R\u00a0<\/b><\/span><\/p>\n<table border=\"1\" cellspacing=\"0\" cellpadding=\"0\">\n<tbody>\n<tr>\n<td>\n<p align=\"center\"><span style=\"font-family: 'Book Antiqua', Palatino; font-size: 14pt;\"><strong>Service des enseignements, des stages et de l\u2019\u00e9valuation\u00a0:<\/strong><\/span><\/p>\n<\/td>\n<td>\n<p align=\"center\"><span style=\"font-family: 'Book Antiqua', Palatino; font-size: 14pt;\"><strong>Service de la formation continue\u00a0:<\/strong><\/span><\/p>\n<\/td>\n<td>\n<p align=\"center\"><span style=\"font-family: 'Book Antiqua', Palatino; font-size: 14pt;\"><strong>Service des dipl\u00f4mes et des \u00e9quivalences<\/strong><\/span><\/p>\n<\/td>\n<\/tr>\n<tr>\n<td valign=\"top\" width=\"217\">\n<p align=\"center\"><span style=\"font-family: 'Book Antiqua', Palatino; font-size: 14pt;\"><img decoding=\"async\" src=\"http:\/\/i0.wp.com\/web.lagh-univ.dz\/web\/fr\/images\/vrc1\/keciba.jpg?resize=95%2C125\" alt=\"\" border=\"0\" data-recalc-dims=\"1\" \/><\/span><\/p>\n<p align=\"center\"><span style=\"font-family: 'Book Antiqua', Palatino; font-size: 14pt;\"><strong>Responsable<em>:<\/em><\/strong><\/span><\/p>\n<p align=\"center\"><span style=\"font-family: 'Book Antiqua', Palatino; font-size: 14pt;\"><strong><em>Mustapha Keciba<\/em><\/strong><\/span><\/p>\n<p align=\"center\"><span style=\"font-family: 'Book Antiqua', Palatino; font-size: 14pt;\"><strong>\u00a0<\/strong><\/span><\/p>\n<\/td>\n<td valign=\"top\" width=\"217\">\n<p align=\"center\"><span style=\"font-family: 'Book Antiqua', Palatino; font-size: 14pt;\"><img decoding=\"async\" src=\"http:\/\/i0.wp.com\/web.lagh-univ.dz\/web\/fr\/images\/vrc1\/bentayeb.jpg?resize=95%2C125\" alt=\"\" border=\"0\" data-recalc-dims=\"1\" \/><\/span><\/p>\n<p align=\"center\"><span style=\"font-family: 'Book Antiqua', Palatino; font-size: 14pt;\"><strong>Responsable\u00a0:\u00a0<\/strong><\/span><\/p>\n<p align=\"center\"><span style=\"font-family: 'Book Antiqua', Palatino; font-size: 14pt;\"><strong><em>Salima Bentayab<\/em><\/strong><\/span><\/p>\n<\/td>\n<td valign=\"top\" width=\"217\">\n<p align=\"center\"><span style=\"font-family: 'Book Antiqua', Palatino; font-size: 14pt;\"><img decoding=\"async\" src=\"http:\/\/i2.wp.com\/web.lagh-univ.dz\/web\/fr\/images\/vrc1\/djerrai.jpg?resize=95%2C125\" alt=\"\" border=\"0\" data-recalc-dims=\"1\" \/><\/span><\/p>\n<p align=\"center\"><span style=\"font-family: 'Book Antiqua', Palatino; font-size: 14pt;\"><strong>Responsable\u00a0:<\/strong><\/span><\/p>\n<p align=\"center\"><span style=\"font-family: 'Book Antiqua', Palatino; font-size: 14pt;\"><strong><em>Aissa Djerrai<\/em><\/strong><\/span><\/p>\n<\/td>\n<\/tr>\n<\/tbody>\n<\/table>\n<\/div>\n<\/div>\n","protected":false},"excerpt":{"rendered":"<p>[su_spacer size=\u00a0\u00bb60&Prime;] PR\u00c9SENTATION DU VICE-RECTORTAT [su_spacer size=\u00a0\u00bb60&Prime;] \u00a0\u00a0I-\u00a0Cr\u00e9ation\u00a0:\u00a0Conform\u00e9ment au d\u00e9cret ex\u00e9cutif n\u00b010-98 du 15 Ramadhan 1431 correspondant au 25 aout 2010 modifiant et compl\u00e9tant le d\u00e9cret ex\u00e9cutif n\u00b0 01-270 du 30 Joumada Ethania 1422 correspondant au 18 septembre 2001 portant cr\u00e9ation de l\u2019Universit\u00e9 de Laghouat, l\u2019ex-Vice-Rectorat charg\u00e9 de la formation sup\u00e9rieure, de la formation continue [&hellip;]<\/p>\n","protected":false},"author":1,"featured_media":0,"parent":0,"menu_order":0,"comment_status":"closed","ping_status":"closed","template":"elementor_header_footer","meta":{"_exactmetrics_skip_tracking":false,"_exactmetrics_sitenote_active":false,"_exactmetrics_sitenote_note":"","_exactmetrics_sitenote_category":0,"footnotes":""},"coauthors":[217,535],"class_list":["post-6764","page","type-page","status-publish","hentry"],"_links":{"self":[{"href":"http:\/\/lagh-univ.dz\/fr\/wp-json\/wp\/v2\/pages\/6764","targetHints":{"allow":["GET"]}}],"collection":[{"href":"http:\/\/lagh-univ.dz\/fr\/wp-json\/wp\/v2\/pages"}],"about":[{"href":"http:\/\/lagh-univ.dz\/fr\/wp-json\/wp\/v2\/types\/page"}],"author":[{"embeddable":true,"href":"http:\/\/lagh-univ.dz\/fr\/wp-json\/wp\/v2\/users\/1"}],"replies":[{"embeddable":true,"href":"http:\/\/lagh-univ.dz\/fr\/wp-json\/wp\/v2\/comments?post=6764"}],"version-history":[{"count":8,"href":"http:\/\/lagh-univ.dz\/fr\/wp-json\/wp\/v2\/pages\/6764\/revisions"}],"predecessor-version":[{"id":16720,"href":"http:\/\/lagh-univ.dz\/fr\/wp-json\/wp\/v2\/pages\/6764\/revisions\/16720"}],"wp:attachment":[{"href":"http:\/\/lagh-univ.dz\/fr\/wp-json\/wp\/v2\/media?parent=6764"}],"wp:term":[{"taxonomy":"author","embeddable":true,"href":"http:\/\/lagh-univ.dz\/fr\/wp-json\/wp\/v2\/coauthors?post=6764"}],"curies":[{"name":"wp","href":"https:\/\/api.w.org\/{rel}","templated":true}]}}