{"id":6786,"date":"2018-05-19T17:05:41","date_gmt":"2018-05-19T17:05:41","guid":{"rendered":"http:\/\/lagh-univ.dz\/faculte-des-sciences\/"},"modified":"2024-12-10T11:11:39","modified_gmt":"2024-12-10T10:11:39","slug":"faculte-des-sciences","status":"publish","type":"page","link":"http:\/\/lagh-univ.dz\/fr\/science-formation\/faculte-des-sciences\/","title":{"rendered":"Facult\u00e9 des Sciences"},"content":{"rendered":"<p dir=\"ltr\"><span style=\"font-family: 'Book Antiqua', Palatino;font-size: 14pt;color: #000000\"><img fetchpriority=\"high\" decoding=\"async\" class=\"aligncenter wp-image-28862\" src=\"http:\/\/lagh-univ.dz\/wp-content\/uploads\/2020\/02\/Fac-S-1-300x175.png\" alt=\"\" width=\"500\" height=\"292\" srcset=\"http:\/\/lagh-univ.dz\/wp-content\/uploads\/2020\/02\/Fac-S-1-300x175.png 300w, http:\/\/lagh-univ.dz\/wp-content\/uploads\/2020\/02\/Fac-S-1-768x448.png 768w, http:\/\/lagh-univ.dz\/wp-content\/uploads\/2020\/02\/Fac-S-1.png 812w\" sizes=\"(max-width: 500px) 100vw, 500px\" \/><\/span><\/p>\n<p dir=\"ltr\" style=\"text-align: center\"><strong><span style=\"color: #0000ff\"><span style=\"font-family: 'Book Antiqua', Palatino;font-size: 18pt\">\u00a0 \u00a0 \u00a0 \u00a0Facult\u00e9 des Sciences<\/span><\/span><\/strong><\/p>\n<p dir=\"ltr\"><span style=\"font-family: 'Book Antiqua', Palatino;font-size: 14pt;color: #000000\"> La Facult\u00e9 des Sciences a \u00e9t\u00e9 cr\u00e9\u00e9e conform\u00e9ment au d\u00e9cret ex\u00e9cutif n\u00b0 10-198 du 15 Ramadhan 1431 correspondant au 25 ao\u00fbt 2010 modifiant et compl\u00e9tant le d\u00e9cret ex\u00e9cutif n\u00b0 01-270 du 30 Joumada Ethania 1422 correspondant au 18 septembre 2001 portant cr\u00e9ation de l\u2019universit\u00e9 de Laghouat.<\/span><\/p>\n<p dir=\"ltr\"><span style=\"font-family: 'Book Antiqua', Palatino;font-size: 14pt;color: #000000\">La Facult\u00e9 des Sciences dispense\u00a0des formations dans les domaines\u00a0de l&rsquo;informatique,\u00a0des math\u00e9matiques, de la biologie, des sciences de la mati\u00e8re,\u00a0des sciences de l&rsquo;agronomie,\u00a0et ses enseignants et doctorants activent dans cinq laboratoires de\u00a0 recherche.<\/span><\/p>\n<ol>\n<li><\/li>\n<\/ol>\n<p dir=\"ltr\"><span style=\"font-family: 'Book Antiqua', Palatino;font-size: 14pt;color: #000000\">Les d\u00e9partements qui composent la facult\u00e9 des sciences sont:<\/span><\/p>\n<p dir=\"ltr\"><span style=\"font-family: 'Book Antiqua', Palatino;font-size: 14pt;color: #000000\">&#8211; D\u00e9partement de Tronc commun des Sciences de la Nature et de la Vie.<\/span><\/p>\n<p dir=\"ltr\"><span style=\"font-family: 'Book Antiqua', Palatino;font-size: 14pt;color: #000000\">&#8211; D\u00e9partement des Sciences de la Mati\u00e8re.<\/span><\/p>\n<p dir=\"ltr\"><span style=\"font-family: 'Book Antiqua', Palatino;font-size: 14pt;color: #000000\">&#8211; D\u00e9partement des Math\u00e9matiques.<\/span><\/p>\n<p dir=\"ltr\"><span style=\"font-family: 'Book Antiqua', Palatino;font-size: 14pt;color: #000000\">&#8211; D\u00e9partement d\u2019Informatique.<\/span><\/p>\n<p dir=\"ltr\"><span style=\"font-family: 'Book Antiqua', Palatino;font-size: 14pt;color: #000000\">&#8211; D\u00e9partement de la Biologie.<\/span><\/p>\n<p dir=\"ltr\"><span style=\"font-family: 'Book Antiqua', Palatino;font-size: 14pt;color: #000000\">&#8211; D\u00e9partement des Sciences Agronomiques.<\/span><\/p>\n<ol start=\"2\">\n<li><\/li>\n<\/ol>\n<p dir=\"ltr\"><span style=\"font-family: 'Book Antiqua', Palatino;font-size: 14pt;color: #000000\">La Facult\u00e9 regroupe cinq laboratoires de recherche:<\/span><\/p>\n<p dir=\"ltr\"><span style=\"font-family: 'Book Antiqua', Palatino;font-size: 14pt;color: #000000\">&#8211; Laboratoire d\u2019Informatique et de Math\u00e9matiques.<\/span><\/p>\n<p dir=\"ltr\"><span style=\"font-family: 'Book Antiqua', Palatino;font-size: 14pt;color: #000000\">&#8211; Laboratoire des Sciences Fondamentales.<\/span><\/p>\n<p dir=\"ltr\"><span style=\"font-family: 'Book Antiqua', Palatino;font-size: 14pt;color: #000000\">&#8211; Laboratoire des Math\u00e9matiques Pures et Appliqu\u00e9es.<\/span><\/p>\n<p dir=\"ltr\"><span style=\"font-family: 'Book Antiqua', Palatino;font-size: 14pt;color: #000000\">&#8211; Laboratoire de Physico-chimie des Mat\u00e9riaux.<\/span><\/p>\n<p dir=\"ltr\"><span style=\"font-family: 'Book Antiqua', Palatino;font-size: 14pt;color: #000000\">&#8211; Laboratoire de Physique des Mat\u00e9riaux.<\/span><\/p>\n<p dir=\"ltr\">\n","protected":false},"excerpt":{"rendered":"<p>\u00a0 \u00a0 \u00a0 \u00a0Facult\u00e9 des Sciences La Facult\u00e9 des Sciences a \u00e9t\u00e9 cr\u00e9\u00e9e conform\u00e9ment au d\u00e9cret ex\u00e9cutif n\u00b0 10-198 du 15 Ramadhan 1431 correspondant au 25 ao\u00fbt 2010 modifiant et compl\u00e9tant le d\u00e9cret ex\u00e9cutif n\u00b0 01-270 du 30 Joumada Ethania 1422 correspondant au 18 septembre 2001 portant cr\u00e9ation de l\u2019universit\u00e9 de Laghouat. La Facult\u00e9 des [&hellip;]<\/p>\n","protected":false},"author":1,"featured_media":0,"parent":9398,"menu_order":0,"comment_status":"closed","ping_status":"closed","template":"elementor_header_footer","meta":{"_exactmetrics_skip_tracking":false,"_exactmetrics_sitenote_active":false,"_exactmetrics_sitenote_note":"","_exactmetrics_sitenote_category":0,"footnotes":""},"coauthors":[217,530],"class_list":["post-6786","page","type-page","status-publish","hentry"],"_links":{"self":[{"href":"http:\/\/lagh-univ.dz\/fr\/wp-json\/wp\/v2\/pages\/6786","targetHints":{"allow":["GET"]}}],"collection":[{"href":"http:\/\/lagh-univ.dz\/fr\/wp-json\/wp\/v2\/pages"}],"about":[{"href":"http:\/\/lagh-univ.dz\/fr\/wp-json\/wp\/v2\/types\/page"}],"author":[{"embeddable":true,"href":"http:\/\/lagh-univ.dz\/fr\/wp-json\/wp\/v2\/users\/1"}],"replies":[{"embeddable":true,"href":"http:\/\/lagh-univ.dz\/fr\/wp-json\/wp\/v2\/comments?post=6786"}],"version-history":[{"count":11,"href":"http:\/\/lagh-univ.dz\/fr\/wp-json\/wp\/v2\/pages\/6786\/revisions"}],"predecessor-version":[{"id":62944,"href":"http:\/\/lagh-univ.dz\/fr\/wp-json\/wp\/v2\/pages\/6786\/revisions\/62944"}],"up":[{"embeddable":true,"href":"http:\/\/lagh-univ.dz\/fr\/wp-json\/wp\/v2\/pages\/9398"}],"wp:attachment":[{"href":"http:\/\/lagh-univ.dz\/fr\/wp-json\/wp\/v2\/media?parent=6786"}],"wp:term":[{"taxonomy":"author","embeddable":true,"href":"http:\/\/lagh-univ.dz\/fr\/wp-json\/wp\/v2\/coauthors?post=6786"}],"curies":[{"name":"wp","href":"https:\/\/api.w.org\/{rel}","templated":true}]}}