{"id":6798,"date":"2019-01-20T07:44:44","date_gmt":"2019-01-20T09:44:44","guid":{"rendered":"http:\/\/lagh-univ.dz\/sociale-faculte\/"},"modified":"2020-02-23T08:07:35","modified_gmt":"2020-02-23T10:07:35","slug":"sociale-faculte","status":"publish","type":"page","link":"http:\/\/lagh-univ.dz\/fr\/sociale-formation\/sociale-faculte\/","title":{"rendered":"sociale-Facult\u00e9"},"content":{"rendered":"<p dir=\"ltr\" style=\"text-align: justify\"><span style=\"color: #000000;font-size: 14pt;font-family: 'Book Antiqua', Palatino\"><a style=\"color: #000000\" href=\"http:\/\/lagh-univ.dz\/fr\/sociale-faculte\/sans-titre-2-2\/\" rel=\"attachment wp-att-10060\"><img fetchpriority=\"high\" decoding=\"async\" class=\"wp-image-10060 alignright\" src=\"http:\/\/lagh-univ.dz\/wp-content\/uploads\/2019\/02\/Sans-titre-1.png\" alt=\"\" width=\"321\" height=\"242\" srcset=\"http:\/\/lagh-univ.dz\/wp-content\/uploads\/2019\/02\/Sans-titre-1.png 304w, http:\/\/lagh-univ.dz\/wp-content\/uploads\/2019\/02\/Sans-titre-1-300x226.png 300w, http:\/\/lagh-univ.dz\/wp-content\/uploads\/2019\/02\/Sans-titre-1-250x188.png 250w\" sizes=\"(max-width: 321px) 100vw, 321px\" \/><\/a><\/span><\/p>\n<p dir=\"ltr\" style=\"text-align: justify\"><strong><span style=\"color: #0000ff;font-size: 18pt;font-family: 'Book Antiqua', Palatino\">Facult\u00e9 des sciences sociales :<\/span><\/strong><\/p>\n<div dir=\"ltr\" style=\"text-align: justify\"><span style=\"color: #000000;font-size: 14pt;font-family: 'Book Antiqua', Palatino\">La construction de la facult\u00e9 des sciences sociales a eu lieu durant l&rsquo;ann\u00e9e universitaire 2016\/2017 suivant le d\u00e9cret ex\u00e9cutif n 16 _72 mis en place le 13 djumad 1437 correspondant \u00e0 l&rsquo;ann\u00e9e 2016 du mois de f\u00e9vrier dont une r\u00e9forme qu&rsquo;a connue\u00a0 le secteur de l&rsquo;enseignement sup\u00e9rieur a fait na\u00eetre cette volont\u00e9 d&rsquo;une restructuration faisant de la facult\u00e9 des sciences sociales un p\u00f4le potentiellement pr\u00e9pond\u00e9rant regroupant un collectif professoral dot\u00e9 d&rsquo;une large et potentielle exp\u00e9rience,ainsi qu&rsquo;un groupe administratif remarquablement coh\u00e9rent r\u00e9pondant aux normes et crit\u00e8res de ce renouveau visant principalement cette efficacit\u00e9 dont les qualit\u00e9s recherch\u00e9es optent pour une v\u00e9ritable am\u00e9lioration de la qualit\u00e9 de l&rsquo;enseignement dispens\u00e9 et \u00e9ventuellement la promotion de la recherche scientifique via une nouvelle perception p\u00e9dagogique tr\u00e8s adapt\u00e9e susceptible de suivre avec beaucoup d&rsquo;attention l&rsquo;itin\u00e9raire d&rsquo;une recherche scientifique envisageable et permettre la r\u00e9alisation des objectifs attendus.<\/span><\/div>\n<div dir=\"ltr\" style=\"text-align: justify\"><strong><span style=\"color: #000000;font-size: 14pt;font-family: 'Book Antiqua', Palatino\">La vision future de la facult\u00e9 :<\/span><\/strong><\/div>\n<div dir=\"ltr\" style=\"text-align: justify\"><span style=\"color: #000000;font-size: 14pt;font-family: 'Book Antiqua', Palatino\">Promouvoir la recherche scientifique de mani\u00e8re \u00e0 assurer la p\u00e9rennit\u00e9 d&rsquo;une telle vision pouvant garantir l&rsquo;efficacit\u00e9 et la qualit\u00e9 de l&rsquo;enseignement dispens\u00e9 comme une r\u00e9alit\u00e9 \u00e0 part enti\u00e8re dans un cadre acad\u00e9mique par excellence.<\/span><\/div>\n<div dir=\"ltr\" style=\"text-align: justify\"><strong><span style=\"color: #000000;font-size: 14pt;font-family: 'Book Antiqua', Palatino\">Mission\/vision de la facult\u00e9 :<\/span><\/strong><\/div>\n<div dir=\"ltr\" style=\"text-align: justify\"><span style=\"color: #000000;font-size: 14pt;font-family: 'Book Antiqua', Palatino\">La facult\u00e9 des sciences sociales se donne la mission et la t\u00e2che de garantir toutes ses possibilit\u00e9s \u00e0 partir desquelles une efficacit\u00e9 et la qualit\u00e9 recherch\u00e9es sous un angle li\u00e9 aux diff\u00e9rents param\u00e8tres inh\u00e9rents \u00e0 l&rsquo;acte d&rsquo;enseignement et de celui dit p\u00e9dagogique , tout comme les activit\u00e9s inscrites dans un sens li\u00e9 \u00e0 la\u00a0 recherche scientifique\/acad\u00e9mique peuvent permettre une vie sociale harmonieusement adapt\u00e9e aux enjeux majeurs de la soci\u00e9t\u00e9 alg\u00e9rienne dans un contexte qui d\u00e9finira ses objectifs et aspirations selon des normes qui justifieront les besoins exprim\u00e9s tout en cherchant \u00e0 cristalliser les pistes de cette Mondialisation et cette exemplarit\u00e9 dans le fait de concevoir une soci\u00e9t\u00e9 moderne dans un cadre \u00e9volutif tr\u00e8s ambitieux.<\/span><\/div>\n","protected":false},"excerpt":{"rendered":"<p>Facult\u00e9 des sciences sociales : La construction de la facult\u00e9 des sciences sociales a eu lieu durant l&rsquo;ann\u00e9e universitaire 2016\/2017 suivant le d\u00e9cret ex\u00e9cutif n 16 _72 mis en place le 13 djumad 1437 correspondant \u00e0 l&rsquo;ann\u00e9e 2016 du mois de f\u00e9vrier dont une r\u00e9forme qu&rsquo;a connue\u00a0 le secteur de l&rsquo;enseignement sup\u00e9rieur a fait na\u00eetre [&hellip;]<\/p>\n","protected":false},"author":1,"featured_media":0,"parent":9723,"menu_order":0,"comment_status":"closed","ping_status":"closed","template":"elementor_header_footer","meta":{"_exactmetrics_skip_tracking":false,"_exactmetrics_sitenote_active":false,"_exactmetrics_sitenote_note":"","_exactmetrics_sitenote_category":0,"footnotes":""},"coauthors":[217,532],"class_list":["post-6798","page","type-page","status-publish","hentry"],"_links":{"self":[{"href":"http:\/\/lagh-univ.dz\/fr\/wp-json\/wp\/v2\/pages\/6798","targetHints":{"allow":["GET"]}}],"collection":[{"href":"http:\/\/lagh-univ.dz\/fr\/wp-json\/wp\/v2\/pages"}],"about":[{"href":"http:\/\/lagh-univ.dz\/fr\/wp-json\/wp\/v2\/types\/page"}],"author":[{"embeddable":true,"href":"http:\/\/lagh-univ.dz\/fr\/wp-json\/wp\/v2\/users\/1"}],"replies":[{"embeddable":true,"href":"http:\/\/lagh-univ.dz\/fr\/wp-json\/wp\/v2\/comments?post=6798"}],"version-history":[{"count":12,"href":"http:\/\/lagh-univ.dz\/fr\/wp-json\/wp\/v2\/pages\/6798\/revisions"}],"predecessor-version":[{"id":30437,"href":"http:\/\/lagh-univ.dz\/fr\/wp-json\/wp\/v2\/pages\/6798\/revisions\/30437"}],"up":[{"embeddable":true,"href":"http:\/\/lagh-univ.dz\/fr\/wp-json\/wp\/v2\/pages\/9723"}],"wp:attachment":[{"href":"http:\/\/lagh-univ.dz\/fr\/wp-json\/wp\/v2\/media?parent=6798"}],"wp:term":[{"taxonomy":"author","embeddable":true,"href":"http:\/\/lagh-univ.dz\/fr\/wp-json\/wp\/v2\/coauthors?post=6798"}],"curies":[{"name":"wp","href":"https:\/\/api.w.org\/{rel}","templated":true}]}}