{"id":6800,"date":"2018-05-19T17:06:31","date_gmt":"2018-05-19T17:06:31","guid":{"rendered":"http:\/\/lagh-univ.dz\/faculte-de-droit-et-de-sciences-politiques\/"},"modified":"2020-02-17T17:38:53","modified_gmt":"2020-02-17T19:38:53","slug":"faculte-de-droit-et-de-sciences-politiques","status":"publish","type":"page","link":"http:\/\/lagh-univ.dz\/fr\/faculte-de-droit-et-de-sciences-politiques\/","title":{"rendered":"FACULT\u00c9 DE DROIT ET DE SCIENCES POLITIQUES"},"content":{"rendered":"<p><img decoding=\"async\" class=\"size-medium wp-image-16921 aligncenter\" src=\"http:\/\/lagh-univ.dz\/wp-content\/uploads\/2019\/11\/49789421_915970715460646_3833728365785776128_o-300x123.jpg\" alt=\"\" width=\"300\" height=\"123\" srcset=\"http:\/\/lagh-univ.dz\/wp-content\/uploads\/2019\/11\/49789421_915970715460646_3833728365785776128_o-300x123.jpg 300w, http:\/\/lagh-univ.dz\/wp-content\/uploads\/2019\/11\/49789421_915970715460646_3833728365785776128_o-768x316.jpg 768w, http:\/\/lagh-univ.dz\/wp-content\/uploads\/2019\/11\/49789421_915970715460646_3833728365785776128_o-1024x421.jpg 1024w, http:\/\/lagh-univ.dz\/wp-content\/uploads\/2019\/11\/49789421_915970715460646_3833728365785776128_o.jpg 1125w\" sizes=\"(max-width: 300px) 100vw, 300px\" \/><\/p>\n<p style=\"text-align: center\"><span style=\"font-size: 18pt\"><span style=\"font-family: arabic-kufi;color: #000000\"><span style=\"font-size: 18pt;color: #000000;font-family: arabic-kufi\"><b>\u00a0<\/b><\/span><span style=\"font-family: 'Times New Roman', Times\"><span style=\"color: #000000;font-family: Times New Roman, Times\"><span style=\"font-size: 24px\"><b>Pr\u00e9sentation<\/b><\/span><\/span><span style=\"font-size: 18pt;color: #000000;font-family: Times New Roman, Times\"><b>\u00a0de la Facult\u00e9<\/b><\/span><\/span><\/span><\/span><\/p>\n<p style=\"direction: ltr\">La Facult\u00e9 de droit et de science politique tire sa l\u00e9gitimit\u00e9 des dispositions du d\u00e9cret ex\u00e9cutif n \u00b0 10-198 du 25 ao\u00fbt 2010 avec deux d\u00e9partements: le D\u00e9partement de droit et le D\u00e9partement de science politique. En ce qui concerne le D\u00e9partement de droit, cr\u00e9\u00e9 par la r\u00e9solution n \u00b0 97\/157 du 05\/10\/1997 et par lequel il obtient \u00e0 la fin de l\u2019\u00e9tude une licence en droit (LMD), sp\u00e9cialis\u00e9 en droit priv\u00e9 et droit public. En plus du Master, qui est aussi un parcours p\u00e9dagogique dans la graduation, o\u00f9 l&rsquo;on retrouve de multiples sp\u00e9cialit\u00e9s que l&rsquo;on peut cit\u00e9\u00a0: droit international et les relations internationales, droit des affaires, droit foncier et droit des contrats et responsabilit\u00e9. La formation au Master s&rsquo;\u00e9tend sur quatre semestres, qui aboutissent \u00e0 la fin de la m\u00e9moire de fin d&rsquo;\u00e9tudes pour l&rsquo;obtention d&rsquo;un master dans l&rsquo;une des sp\u00e9cialit\u00e9s pr\u00e9cit\u00e9es.<\/p>\n<p style=\"direction: ltr\">La formation en droit ouvre de nombreux horizons futurs en s&rsquo;engageant sur le march\u00e9 du travail, que ce soit dans la fonction publique ou la fonction lib\u00e9ral. Ce sont quelques-uns des secteurs qui peuvent b\u00e9n\u00e9ficier de l&rsquo;exp\u00e9rience des \u00e9tudiants dipl\u00f4m\u00e9s, tels que le secteur de la justice, l&rsquo;administration publique, la fonction lib\u00e9rale gr\u00e2ce \u00e0 la formation d&rsquo;avocats, d&rsquo;huissiers de justice et de notaire, en plus de la possibilit\u00e9 d\u2019acc\u00e9der \u00e0 l\u2019\u00e9cole sup\u00e9rieur de la magistrature. En plus toutes les institutions du secteur \u00e9conomique.<\/p>\n<p style=\"direction: ltr\">\n<p style=\"direction: ltr\">Quant au D\u00e9partement de science politique, qui \u00e0 obtenu son autorit\u00e9 l\u00e9gale par la d\u00e9cision minist\u00e9rielle du 30\/09\/2011. L&rsquo;\u00e9tude est organis\u00e9e en phase de licence selon le syst\u00e8me de tronc commun qui s&rsquo;applique en premi\u00e8re et deuxi\u00e8me ann\u00e9es. Quant \u00e0 la troisi\u00e8me ann\u00e9e, les sp\u00e9cialit\u00e9s suivantes sont subdivis\u00e9es: organisation politique et administrative, et relations internationales. la formation au master, qui rel\u00e8ve de la m\u00eame organisation selon quatre semestre, on retrouve deux sp\u00e9cialit\u00e9s: gestion des ressources humaines et relations internationales.<\/p>\n<p style=\"direction: ltr\">Quant aux domaines de travail que la formation ouvre, ils sont qualitatifs et diff\u00e9rents selon les sp\u00e9cialit\u00e9s ouvertes, qui dans leur ensemble sont consid\u00e9r\u00e9es comme le r\u00e9servoir des cadres de l&rsquo;administration publique en permettant \u00e0 cette formation de rejoindre de nombreux d\u00e9partements souverains sup\u00e9rieurs tels que l&rsquo;administration locale (municipalit\u00e9 \/ \u00e9tat \/ d\u00e9partement), Outre les institutions \u00e9conomiques et le secteur des m\u00e9dias et des communications (presse \u00e9crite, audio-visuelle), En plus de travailler dans le domaine diplomatique et des affaires \u00e9trang\u00e8res en tant qu&rsquo;attach\u00e9 diplomatique et secr\u00e9taire diplomatique. En plus de la formation sp\u00e9cialis\u00e9e en sciences politiques, il est possible de s&rsquo;inscrire dans divers filets de s\u00e9curit\u00e9 nationale, la gendarmerie nationale, l&rsquo;arm\u00e9e nationale populaire et des organismes statutaires tels que les douanes alg\u00e9riennes et la Direction de la protection civile, en plus de la possibilit\u00e9 de poursuivre des \u00e9tudes de troisi\u00e8me cycle doctorat.<\/p>\n<p style=\"direction: ltr\">la Facult\u00e9 de droit et de science politique s&rsquo;est donn\u00e9 pour objectif de faire passer cette formation aux rangs des disciplines les plus recherch\u00e9es, notamment \u00e0 la lumi\u00e8re de l\u2019environnement politiques et \u00e9conomiques et sociales que vie la soci\u00e9t\u00e9 et le pays. Par cons\u00e9quent, la Facult\u00e9 de droit et de science politique a d\u00e9cid\u00e9 d&rsquo;adopter une approche de gestion bas\u00e9e sur le principe de l\u2019assurance-qualit\u00e9 en jugeant les valeurs de gouvernance et de d\u00e9pendance vis-\u00e0-vis du cadre humain Et les comp\u00e9tences scientifiques et pratiques dans l&rsquo;ABC de la formation et de l&rsquo;enseignement, de la p\u00e9dagogie et de la recherche scientifique.<\/p>\n<p style=\"direction: ltr\">En plus de l&rsquo;int\u00e9grit\u00e9 et de la discipline de l&rsquo;\u00e9thique de la profession enseignante dans l&rsquo;ex\u00e9cution des t\u00e2ches confi\u00e9es au professeur. En plus d\u2019\u00e9tablir le principe d\u2019une pratique \u00e9thique conforme aux exigences de la conscience professionnelle et du droit interne de l\u2019universit\u00e9, ce qui permettrait d\u2019anticiper les probl\u00e8mes pos\u00e9s et de trouver des solutions \u00e0 tous les dilemmes auxquels sont confront\u00e9s la gestion, le contr\u00f4le et le traitement des dossiers dans le processus de r\u00e9ussite et de gestion p\u00e9dagogique. Ce qui permet \u00e0 atteindre les objectifs soulign\u00e9s par un rythme soutenu, efficace et efficient, et ouvrira la voie \u00e0 tous pour atteindre plus et rem\u00e9dier aux lacunes en faveur de notre universit\u00e9 et de sa modernit\u00e9 selon une strat\u00e9gie clairement d\u00e9finie et la volont\u00e9 de tous les acteurs concern\u00e9s de professeurs, managers, employ\u00e9s et \u00e9tudiants.<\/p>\n<p style=\"direction: ltr\">\n<p style=\"direction: ltr\">La facult\u00e9 a fix\u00e9 un ensemble d&rsquo;objectifs qui doivent \u00eatre atteints:<\/p>\n<ul>\n<li style=\"direction: ltr\">Utilisation maximale du temps p\u00e9dagogique<\/li>\n<li style=\"direction: ltr\">Contr\u00f4ler la conduite de l&rsquo;activit\u00e9 p\u00e9dagogique<\/li>\n<li style=\"direction: ltr\">Am\u00e9liorer la qualit\u00e9 de la formation<\/li>\n<li style=\"direction: ltr\">Mise en \u0153uvre et couverture compl\u00e8te du programme \u00e9ducatif<\/li>\n<li style=\"direction: ltr\">Rigueur et cr\u00e9dibilit\u00e9 dans l&rsquo;observation des connaissances et les tests des \u00e9tudiants<\/li>\n<li style=\"direction: ltr\">Contr\u00f4le rationnel selon les pouvoirs attribu\u00e9s \u00e0 la gestion administrative et p\u00e9dagogique, orientation et connaissance conform\u00e9ment aux lois.<\/li>\n<\/ul>\n<p style=\"direction: ltr\">\n<p style=\"text-align: justify\">L&rsquo;\u00e9valuation des activit\u00e9s scientifiques et p\u00e9dagogiques n&rsquo;est qu&rsquo;une appr\u00e9ciation des efforts et des performances scientifiques et p\u00e9dagogiques et l&rsquo;encouragement de la concurrence entre les professeurs et les chercheurs, et le d\u00e9veloppement des performances et de la qualit\u00e9 de l&rsquo;enseignement qui augmenteraient la promotion des comp\u00e9tences scientifiques, en particulier le niveau \u00e9lev\u00e9 des professeures qui est le plus haut rang et qui se refl\u00e8te dans la qualit\u00e9 de la formation qui est l&rsquo;objectif le plus important qui est Faire entrer l&rsquo;universit\u00e9 dans le monde gr\u00e2ce au d\u00e9veloppement, au progr\u00e8s et \u00e0 la continuit\u00e9.<\/p>\n","protected":false},"excerpt":{"rendered":"<p>\u00a0Pr\u00e9sentation\u00a0de la Facult\u00e9 La Facult\u00e9 de droit et de science politique tire sa l\u00e9gitimit\u00e9 des dispositions du d\u00e9cret ex\u00e9cutif n \u00b0 10-198 du 25 ao\u00fbt 2010 avec deux d\u00e9partements: le D\u00e9partement de droit et le D\u00e9partement de science politique. En ce qui concerne le D\u00e9partement de droit, cr\u00e9\u00e9 par la r\u00e9solution n \u00b0 97\/157 du [&hellip;]<\/p>\n","protected":false},"author":1,"featured_media":0,"parent":0,"menu_order":0,"comment_status":"closed","ping_status":"closed","template":"elementor_header_footer","meta":{"_exactmetrics_skip_tracking":false,"_exactmetrics_sitenote_active":false,"_exactmetrics_sitenote_note":"","_exactmetrics_sitenote_category":0,"footnotes":""},"coauthors":[217,525],"class_list":["post-6800","page","type-page","status-publish","hentry"],"_links":{"self":[{"href":"http:\/\/lagh-univ.dz\/fr\/wp-json\/wp\/v2\/pages\/6800","targetHints":{"allow":["GET"]}}],"collection":[{"href":"http:\/\/lagh-univ.dz\/fr\/wp-json\/wp\/v2\/pages"}],"about":[{"href":"http:\/\/lagh-univ.dz\/fr\/wp-json\/wp\/v2\/types\/page"}],"author":[{"embeddable":true,"href":"http:\/\/lagh-univ.dz\/fr\/wp-json\/wp\/v2\/users\/1"}],"replies":[{"embeddable":true,"href":"http:\/\/lagh-univ.dz\/fr\/wp-json\/wp\/v2\/comments?post=6800"}],"version-history":[{"count":13,"href":"http:\/\/lagh-univ.dz\/fr\/wp-json\/wp\/v2\/pages\/6800\/revisions"}],"predecessor-version":[{"id":28258,"href":"http:\/\/lagh-univ.dz\/fr\/wp-json\/wp\/v2\/pages\/6800\/revisions\/28258"}],"wp:attachment":[{"href":"http:\/\/lagh-univ.dz\/fr\/wp-json\/wp\/v2\/media?parent=6800"}],"wp:term":[{"taxonomy":"author","embeddable":true,"href":"http:\/\/lagh-univ.dz\/fr\/wp-json\/wp\/v2\/coauthors?post=6800"}],"curies":[{"name":"wp","href":"https:\/\/api.w.org\/{rel}","templated":true}]}}