{"id":6802,"date":"2018-05-19T17:06:06","date_gmt":"2018-05-19T17:06:06","guid":{"rendered":"http:\/\/lagh-univ.dz\/faculte-des-sciences-economiques-et-commerciales-et-des-sciences-de-gestion\/"},"modified":"2020-09-28T07:17:10","modified_gmt":"2020-09-28T09:17:10","slug":"faculte-des-sciences-economiques-et-commerciales-et-des-sciences-de-gestion","status":"publish","type":"page","link":"http:\/\/lagh-univ.dz\/fr\/economie-formation\/faculte-des-sciences-economiques-et-commerciales-et-des-sciences-de-gestion\/","title":{"rendered":"Facult\u00e9 des Sciences Economiques, Commerciales et des Sciences de Gestion"},"content":{"rendered":"<p style=\"text-align: left\"><strong><span style=\"font-size: 14pt;font-family: 'Book Antiqua', Palatino;color: #000000\"><span style=\"text-decoration: underline\"><span style=\"font-size: 18pt;color: #ff0000;text-decoration: underline\">Historique de la facult\u00e9<\/span><\/span><br \/>\n<img decoding=\"async\" class=\"wp-image-27435 size-thumbnail alignright\" src=\"http:\/\/lagh-univ.dz\/wp-content\/uploads\/2020\/02\/50818459_1982685268433324_991111390573887488_n-1-150x150.jpg\" alt=\"\" width=\"150\" height=\"150\" srcset=\"http:\/\/lagh-univ.dz\/wp-content\/uploads\/2020\/02\/50818459_1982685268433324_991111390573887488_n-1-150x150.jpg 150w, http:\/\/lagh-univ.dz\/wp-content\/uploads\/2020\/02\/50818459_1982685268433324_991111390573887488_n-1-300x300.jpg 300w, http:\/\/lagh-univ.dz\/wp-content\/uploads\/2020\/02\/50818459_1982685268433324_991111390573887488_n-1-768x768.jpg 768w, http:\/\/lagh-univ.dz\/wp-content\/uploads\/2020\/02\/50818459_1982685268433324_991111390573887488_n-1-640x640.jpg 640w, http:\/\/lagh-univ.dz\/wp-content\/uploads\/2020\/02\/50818459_1982685268433324_991111390573887488_n-1.jpg 800w\" sizes=\"(max-width: 150px) 100vw, 150px\" \/><\/span><\/strong><\/p>\n<div dir=\"RTL\">\n<p style=\"text-align: left\"><strong><span style=\"font-size: 14pt;font-family: 'Book Antiqua', Palatino;color: #000000\">La cr\u00e9ation de la facult\u00e9 remonte \u00e0 1991 avec 66 \u00e9tudiants inscrits en tronc commun. Une branche de formation de courte dur\u00e9e en informatique de gestion avec 57 \u00e9tudiants, cr\u00e9\u00e9e une ann\u00e9e auparavant, lui a \u00e9t\u00e9 affili\u00e9e.<\/span><\/strong><\/p>\n<p style=\"text-align: left\"><strong><span style=\"font-size: 14pt;font-family: 'Book Antiqua', Palatino;color: #000000\">Le d\u00e9partement des sciences \u00e9conomiques devient un institut au cours de l\u2019ann\u00e9e 1997, avec le passage de l\u2019universit\u00e9 d\u2019une Ecole Normale Sup\u00e9rieure de l\u2019Enseignement Technologique \u00e0 un Centre Universitaire.<\/span><\/strong><\/p>\n<p style=\"text-align: left\"><strong><span style=\"font-size: 14pt;font-family: 'Book Antiqua', Palatino;color: #000000\">L\u2019institut est devenu la Facult\u00e9 des Sciences Economiques et Sciences de Gestion, selon le d\u00e9cret ex\u00e9cutif n\u02da01-270 du 18\/09\/2001 relatif \u00e0 la cr\u00e9ation de l\u2019Universit\u00e9 de Laghouat.<\/span><\/strong><\/p>\n<p style=\"text-align: left\"><strong><span style=\"font-size: 14pt;font-family: 'Book Antiqua', Palatino;color: #000000\">La facult\u00e9 est devenuela Facult\u00e9 des Sciences Economiques, Commerciales et des Sciences de Gestion selon le d\u00e9cret ex\u00e9cutif n\u02da 10-198 de l\u2019ann\u00e9e 2010 rectifiant et compl\u00e9tant le d\u00e9cret n\u00b0 01-270 dat\u00e9 du 18\/09\/2001.<\/span><\/strong><\/p>\n<\/div>\n<div dir=\"RTL\"><\/div>\n<div dir=\"RTL\">\n<p style=\"text-align: left\"><strong><span style=\"text-decoration: underline\"><span style=\"font-size: 18pt;font-family: 'Book Antiqua', Palatino;color: #ff0000\">Si\u00e8ges p\u00e9dagogiques\u00a0:<\/span><\/span><\/strong><\/p>\n<p style=\"text-align: left\"><strong><span style=\"font-size: 14pt;font-family: 'Book Antiqua', Palatino;color: #000000\">La facult\u00e9 est dot\u00e9e de structures p\u00e9dagogiques pouvant accueillir 2558 places p\u00e9dagogiques, \u00e0 savoir\u00a0:<\/span><\/strong><\/p>\n<p style=\"text-align: left\"><strong><span style=\"font-size: 14pt;font-family: 'Book Antiqua', Palatino;color: #000000\">03 amphis d\u2019une capacit\u00e9 de 662 places\u00a0;<\/span><\/strong><\/p>\n<p style=\"text-align: left\"><strong><span style=\"font-size: 14pt;font-family: 'Book Antiqua', Palatino;color: #000000\">42 salles de cours d\u2019une capacit\u00e9 de 1892 places\u00a0;<\/span><\/strong><\/p>\n<p style=\"text-align: left\"><strong><span style=\"font-size: 14pt;font-family: 'Book Antiqua', Palatino;color: #000000\">06 salles informatiques de 130 postes\u00a0;<\/span><\/strong><\/p>\n<p style=\"text-align: left\"><strong><span style=\"font-size: 14pt;font-family: 'Book Antiqua', Palatino;color: #000000\">05 salles d\u2019\u00e9tudes et de lecture au niveau de la biblioth\u00e8que.<\/span><\/strong><\/p>\n<\/div>\n<div dir=\"RTL\"><\/div>\n<div dir=\"RTL\">\n<p style=\"text-align: left\"><strong><span style=\"text-decoration: underline\"><span style=\"font-size: 18pt;font-family: 'Book Antiqua', Palatino;color: #ff0000;text-decoration: underline\">Les locaux p\u00e9dagogiques<\/span><\/span><\/strong><\/p>\n<p style=\"text-align: left\"><strong><span style=\"font-size: 14pt;font-family: 'Book Antiqua', Palatino;color: #000000\">La facult\u00e9 a un complexe d\u00e9partemental, comprenant 20 bureaux administratifs consacr\u00e9s aux cinq d\u00e9partements p\u00e9dagogiques\u00a0:<\/span><\/strong><\/p>\n<p style=\"text-align: left\"><strong><span style=\"font-size: 14pt;font-family: 'Book Antiqua', Palatino;color: #000080\">D\u00e9partement Tronc Commun<\/span><\/strong><\/p>\n<p style=\"text-align: left\"><strong><span style=\"font-size: 14pt;font-family: 'Book Antiqua', Palatino;color: #000080\">D\u00e9partement des Sciences de Gestion<\/span><\/strong><\/p>\n<p style=\"text-align: left\"><strong><span style=\"font-size: 14pt;font-family: 'Book Antiqua', Palatino;color: #000080\">D\u00e9partement des Sciences Economiques<\/span><\/strong><\/p>\n<p style=\"text-align: left\"><strong><span style=\"font-size: 14pt;font-family: 'Book Antiqua', Palatino;color: #000080\">D\u00e9partement des Sciences Commerciales<\/span><\/strong><\/p>\n<p style=\"text-align: left\"><strong><span style=\"font-size: 14pt;font-family: 'Book Antiqua', Palatino;color: #000080\">D\u00e9partement des Sciences Financi\u00e8res et Comptabilit\u00e9<\/span><\/strong><\/p>\n<p>&nbsp;<\/p>\n<\/div>\n<div dir=\"RTL\">\n<p style=\"text-align: left\"><strong><span style=\"text-decoration: underline\"><span style=\"font-size: 18pt;font-family: 'Book Antiqua', Palatino;color: #ff0000\">Contacter la Facult\u00e9 des Sciences Economiques, Commerciales et des Sciences de Gestion<\/span><\/span><\/strong><\/p>\n<p style=\"text-align: left\"><strong><span style=\"font-size: 14pt;font-family: 'Book Antiqua', Palatino;color: #000000\">Coordonn\u00e9es<\/span><\/strong><\/p>\n<p style=\"text-align: left\"><strong><span style=\"font-size: 14pt;font-family: 'Book Antiqua', Palatino;color: #000000\">Universit\u00e9 de Laghouat, route nationale n\u02da1.<\/span><\/strong><\/p>\n<p style=\"text-align: left\"><strong><span style=\"font-size: 14pt;font-family: 'Book Antiqua', Palatino;color: #000000\">(03000) Laghouat -Alg\u00e9rie<\/span><\/strong><\/p>\n<p style=\"text-align: left\"><strong><span style=\"font-size: 14pt;font-family: 'Book Antiqua', Palatino;color: #000000\">T\u00e9l\u00a0:213(0)29 10 74 31<\/span><\/strong><\/p>\n<p style=\"text-align: left\"><strong><span style=\"font-size: 14pt;font-family: 'Book Antiqua', Palatino;color: #000000\">Fax\u00a0: 213(0)29 10 74 70<\/span><\/strong><\/p>\n<p style=\"text-align: left\"><strong><span style=\"font-size: 14pt;font-family: 'Book Antiqua', Palatino;color: #000000\">Courriel\u00a0: <a style=\"color: #000000\" href=\"mailto:faceco@web.lagh-univ.dz\">faceco@web.lagh-univ.dz<\/a><\/span><\/strong><\/p>\n<\/div>\n","protected":false},"excerpt":{"rendered":"<p>Historique de la facult\u00e9 La cr\u00e9ation de la facult\u00e9 remonte \u00e0 1991 avec 66 \u00e9tudiants inscrits en tronc commun. Une branche de formation de courte dur\u00e9e en informatique de gestion avec 57 \u00e9tudiants, cr\u00e9\u00e9e une ann\u00e9e auparavant, lui a \u00e9t\u00e9 affili\u00e9e. Le d\u00e9partement des sciences \u00e9conomiques devient un institut au cours de l\u2019ann\u00e9e 1997, avec [&hellip;]<\/p>\n","protected":false},"author":1,"featured_media":0,"parent":7817,"menu_order":0,"comment_status":"closed","ping_status":"closed","template":"elementor_header_footer","meta":{"_exactmetrics_skip_tracking":false,"_exactmetrics_sitenote_active":false,"_exactmetrics_sitenote_note":"","_exactmetrics_sitenote_category":0,"footnotes":""},"coauthors":[217,526],"class_list":["post-6802","page","type-page","status-publish","hentry"],"_links":{"self":[{"href":"http:\/\/lagh-univ.dz\/fr\/wp-json\/wp\/v2\/pages\/6802","targetHints":{"allow":["GET"]}}],"collection":[{"href":"http:\/\/lagh-univ.dz\/fr\/wp-json\/wp\/v2\/pages"}],"about":[{"href":"http:\/\/lagh-univ.dz\/fr\/wp-json\/wp\/v2\/types\/page"}],"author":[{"embeddable":true,"href":"http:\/\/lagh-univ.dz\/fr\/wp-json\/wp\/v2\/users\/1"}],"replies":[{"embeddable":true,"href":"http:\/\/lagh-univ.dz\/fr\/wp-json\/wp\/v2\/comments?post=6802"}],"version-history":[{"count":12,"href":"http:\/\/lagh-univ.dz\/fr\/wp-json\/wp\/v2\/pages\/6802\/revisions"}],"predecessor-version":[{"id":35558,"href":"http:\/\/lagh-univ.dz\/fr\/wp-json\/wp\/v2\/pages\/6802\/revisions\/35558"}],"up":[{"embeddable":true,"href":"http:\/\/lagh-univ.dz\/fr\/wp-json\/wp\/v2\/pages\/7817"}],"wp:attachment":[{"href":"http:\/\/lagh-univ.dz\/fr\/wp-json\/wp\/v2\/media?parent=6802"}],"wp:term":[{"taxonomy":"author","embeddable":true,"href":"http:\/\/lagh-univ.dz\/fr\/wp-json\/wp\/v2\/coauthors?post=6802"}],"curies":[{"name":"wp","href":"https:\/\/api.w.org\/{rel}","templated":true}]}}