{"id":6804,"date":"2018-05-19T17:06:53","date_gmt":"2018-05-19T17:06:53","guid":{"rendered":"http:\/\/lagh-univ.dz\/institut-des-sciences-et-techniques-des-activites-physiques-et-sportives\/"},"modified":"2022-09-26T17:22:21","modified_gmt":"2022-09-26T16:22:21","slug":"institut-des-sciences-et-techniques-des-activites-physiques-et-sportives","status":"publish","type":"page","link":"http:\/\/lagh-univ.dz\/fr\/sport-formation\/institut-des-sciences-et-techniques-des-activites-physiques-et-sportives\/","title":{"rendered":"INSTITUT DES SCIENCES ET TECHNIQUES DES ACTIVIT\u00c9S PHYSIQUES ET SPORTIVES"},"content":{"rendered":"<p dir=\"ltr\" style=\"text-align: center\"><span style=\"color: #000080\"><em><span style=\"text-decoration: underline;font-size: 18pt\"><strong><span style=\"font-family: 'Times New Roman', Times\">Institut Des Sciences et <span style=\"font-family: 'Times New Roman', Times;font-size: 18pt\">Techniques<\/span> Des Activit\u00e9s Physiques et Sportives<\/span><\/strong><\/span><\/em><\/span><\/p>\n<p dir=\"ltr\"><img fetchpriority=\"high\" decoding=\"async\" class=\" wp-image-29802 aligncenter\" src=\"http:\/\/lagh-univ.dz\/wp-content\/uploads\/2020\/02\/\u0645\u0639\u0647\u062f-\u0627\u0644\u0631\u064a\u0627\u0636\u0629-300x225.png\" alt=\"\" width=\"577\" height=\"433\" srcset=\"http:\/\/lagh-univ.dz\/wp-content\/uploads\/2020\/02\/\u0645\u0639\u0647\u062f-\u0627\u0644\u0631\u064a\u0627\u0636\u0629-300x225.png 300w, http:\/\/lagh-univ.dz\/wp-content\/uploads\/2020\/02\/\u0645\u0639\u0647\u062f-\u0627\u0644\u0631\u064a\u0627\u0636\u0629-768x575.png 768w, http:\/\/lagh-univ.dz\/wp-content\/uploads\/2020\/02\/\u0645\u0639\u0647\u062f-\u0627\u0644\u0631\u064a\u0627\u0636\u0629-340x255.png 340w, http:\/\/lagh-univ.dz\/wp-content\/uploads\/2020\/02\/\u0645\u0639\u0647\u062f-\u0627\u0644\u0631\u064a\u0627\u0636\u0629-250x188.png 250w, http:\/\/lagh-univ.dz\/wp-content\/uploads\/2020\/02\/\u0645\u0639\u0647\u062f-\u0627\u0644\u0631\u064a\u0627\u0636\u0629.png 816w\" sizes=\"(max-width: 577px) 100vw, 577px\" \/><\/p>\n<p>&nbsp;<\/p>\n<p>&nbsp;<\/p>\n<p style=\"text-align: center\"><span style=\"font-size: 24pt\"><strong>\u0625\u0639\u0644\u0627\u0646 \u0639\u0646 \u0627\u062e\u062a\u064a\u0627\u0631 \u0627\u0644\u062a\u062e\u0635\u0635<\/strong><\/span><\/p>\n<p style=\"text-align: center\"><span style=\"font-size: 24pt\"><strong>\u2013 \u0627\u0644\u0631\u064a\u0627\u0636\u0629 \u0627\u0644\u062c\u0645\u0627\u0639\u064a\u0629 \u0648 \u0627\u0644\u0641\u0631\u062f\u064a\u0629-<\/strong><\/span><\/p>\n<p style=\"text-align: center\"><span style=\"font-size: 24pt\"><strong>\u0627\u0644\u062e\u0627\u0635 \u0628\u0637\u0644\u0628\u0629 \u0627\u0644\u0633\u0646\u0629 \u0627\u0644\u062b\u0627\u0644\u062b\u0629 \u0644\u064a\u0633\u0627\u0646\u0633<\/strong><\/span><\/p>\n<p style=\"text-align: center\"><span style=\"font-size: 24pt\"><strong>2022-2023<\/strong><\/span><\/p>\n<p style=\"text-align: right\"><span style=\"font-size: 14pt\"><strong>\u0646\u0639\u0644\u0645 \u0637\u0644\u0628\u062a\u0646\u0627 \u0627\u0644\u0623\u0641\u0627\u0636\u0644 \u0628\u0636\u0631\u0648\u0631\u0629 \u0645\u0644\u0626 \u0627\u0644\u0627\u0633\u062a\u0645\u0627\u0631\u0629 \u0627\u0644\u062e\u0627\u0635\u0629 \u0628\u0627\u062e\u062a\u064a\u0627\u0631 \u0627\u0644\u062a\u062e\u0635\u0635 \u0627\u0644\u062e\u0627\u0635 \u0628\u0645\u0642\u064a\u0627\u0633 \u0627\u0644\u0631\u064a\u0627\u0636\u0629 \u0627\u0644\u062c\u0645\u0627\u0639\u064a\u0629\u0648 \u0627\u0644\u0631\u064a\u0627\u0636\u0629 \u0627\u0644\u0641\u0631\u062f\u064a\u0629 \u0645\u0639\u0627<\/strong><\/span><\/p>\n<p style=\"text-align: right\"><span style=\"font-size: 14pt\"><strong>\u0644\u0647\u0630\u0627 \u0641\u0647\u0645 \u0645\u0644\u0632\u0645\u0648\u0646 \u0628\u0627\u0644\u062a\u0633\u062c\u064a\u0644 \u0639\u0628\u0631 \u0627\u0644\u0623\u0631\u0636\u064a\u0629 \u0627\u0644\u0631\u0642\u0645\u064a\u0629 \u0627\u0644\u0645\u062e\u0635\u0635\u0629 \u0644\u0630\u0644\u0643 \u00a0\u0648 \u0639\u0644\u0649 \u0627\u0644\u0631\u0627\u0628\u0637 <\/strong><strong>\u0627\u0644\u062a\u0627\u0644\u064a<\/strong><\/span><\/p>\n<p style=\"text-align: right\"><span style=\"font-size: 14pt\"><a href=\"https:\/\/forms.gle\/F4jQgsxZHZFVxc9v8\"><strong>https:\/\/forms.gle\/F4jQgsxZHZFVxc9v8<\/strong><\/a><\/span><\/p>\n<p>&nbsp;<\/p>\n<p style=\"text-align: center\"><span style=\"font-size: 18pt\"><strong>\u0631\u0627\u0628\u0637 \u0627\u0644\u062a\u062d\u0645\u064a\u0644:<\/strong><\/span><\/p>\n<p style=\"text-align: center\"><span style=\"color: #ff0000\"><strong><span style=\"text-decoration: underline\"><span style=\"font-size: 18pt\"><a style=\"color: #ff0000;text-decoration: underline\" href=\"http:\/\/lagh-univ.dz\/wp-content\/uploads\/2022\/09\/\u062a\u062e\u0635\u0635\u0627\u062a-\u0627\u0644\u0633\u0646\u0629-\u0627\u0644\u062b\u0627\u0644\u062b\u0629.pdf\">\u062a\u062e\u0635\u0635\u0627\u062a \u0627\u0644\u0633\u0646\u0629 \u0627\u0644\u062b\u0627\u0644\u062b\u0629<\/a><\/span><\/span><\/strong><\/span><\/p>\n<p>&#8212;&#8212;&#8212;&#8212;&#8212;&#8212;&#8212;&#8212;&#8212;&#8212;&#8212;&#8212;&#8212;&#8212;&#8212;&#8212;&#8212;&#8212;&#8212;&#8212;&#8212;&#8212;&#8212;&#8212;&#8212;&#8212;&#8212;&#8212;&#8212;&#8212;&#8212;&#8212;&#8212;&#8212;&#8212;&#8212;&#8212;&#8212;&#8212;&#8212;&#8212;&#8212;&#8212;<\/p>\n<p>&nbsp;<\/p>\n<p style=\"text-align: center\"><span style=\"font-size: 24pt;color: #800000\"><strong>\u062c\u062f\u0648\u0627\u0644 \u0627\u0644\u062a\u0648\u0642\u064a\u062a 2022 \u2013 2023<\/strong><\/span><\/p>\n<p>&nbsp;<\/p>\n<p style=\"text-align: center\"><span style=\"font-size: 18pt\"><strong><span style=\"text-decoration: underline\">\u062c\u062f\u0627\u0648\u0644 \u0627\u0644\u062a\u0648\u0642\u064a\u062a \u0644\u0642\u0633\u0645 \u0627\u0644\u0646\u0634\u0627\u0637\u0627\u062a \u0627\u0644\u0628\u062f\u0646\u064a\u0629 \u0648 \u0627\u0644\u062a\u0631\u0628\u064a\u0629 \u0627\u0644\u0631\u064a\u0627\u0636\u064a\u0629<\/span><\/strong><\/span><\/p>\n<p dir=\"ltr\" style=\"direction: rtl;text-align: center\"><span style=\"font-size: 14pt\"><strong><span style=\"color: #800000\"><a style=\"color: #800000\" href=\"http:\/\/lagh-univ.dz\/wp-content\/uploads\/2022\/09\/\u0627\u0648\u0644\u0649-\u0644\u064a\u0633\u0627\u0646\u0633-\u062c\u0630\u0639-\u0645\u0634\u062a\u0631\u0643-L1.pdf\">\u0627\u0648\u0644\u0649 \u0644\u064a\u0633\u0627\u0646\u0633 \u062c\u0630\u0639 \u0645\u0634\u062a\u0631\u0643 L1<\/a><\/span><\/strong><\/span><\/p>\n<p dir=\"ltr\" style=\"direction: rtl;text-align: center\"><span style=\"font-size: 14pt\"><strong><span style=\"color: #800000\"><a style=\"color: #800000\" href=\"http:\/\/lagh-univ.dz\/wp-content\/uploads\/2022\/09\/\u062b\u0627\u0646\u064a\u0629-\u0644\u064a\u0633\u0627\u0646\u0633-L2.pdf\">\u062b\u0627\u0646\u064a\u0629 \u0644\u064a\u0633\u0627\u0646\u0633 L2<\/a><\/span><\/strong><\/span><\/p>\n<p dir=\"ltr\" style=\"direction: rtl;text-align: center\"><span style=\"font-size: 14pt\"><strong><span style=\"color: #800000\"><a style=\"color: #800000\" href=\"http:\/\/lagh-univ.dz\/wp-content\/uploads\/2022\/09\/\u062b\u0627\u0644\u062b\u0629-\u0644\u064a\u0633\u0627\u0646\u0633-L3.pdf\">\u062b\u0627\u0644\u062b\u0629 \u0644\u064a\u0633\u0627\u0646\u0633 L3<\/a><\/span><\/strong><\/span><\/p>\n<p dir=\"ltr\" style=\"direction: rtl;text-align: center\"><span style=\"font-size: 14pt\"><strong><span style=\"color: #800000\"><a style=\"color: #800000\" href=\"http:\/\/lagh-univ.dz\/wp-content\/uploads\/2022\/09\/\u0627\u0648\u0644\u0649-\u0645\u0627\u0633\u062a\u0631-\u0645\u062f\u0631\u0633\u064a-M1.pdf\">\u0627\u0648\u0644\u0649 \u0645\u0627\u0633\u062a\u0631 \u0645\u062f\u0631\u0633\u064a M1<\/a> <\/span><\/strong><\/span><\/p>\n<p dir=\"ltr\" style=\"direction: rtl;text-align: center\"><span style=\"font-size: 14pt\"><strong><span style=\"color: #800000\"><a style=\"color: #800000\" href=\"http:\/\/lagh-univ.dz\/wp-content\/uploads\/2022\/09\/\u062b\u0627\u0646\u064a\u0629-\u0645\u0627\u0633\u062a\u0631-\u0645\u062f\u0631\u0633\u064a-M2.pdf\">\u062b\u0627\u0646\u064a\u0629 \u0645\u0627\u0633\u062a\u0631 \u0645\u062f\u0631\u0633\u064a M2<\/a> <\/span><\/strong><\/span><\/p>\n<p dir=\"ltr\" style=\"text-align: center\"><span style=\"font-size: 18pt\"><strong><span style=\"text-decoration: underline\">\u062c\u062f\u0627\u0648\u0644 \u0627\u0644\u062a\u0648\u0642\u064a\u062a \u0644\u0642\u0633\u0645 \u0627\u0644\u0625\u062f\u0627\u0631\u0629 \u0648 \u0627\u0644\u062a\u0633\u064a\u064a\u0631 \u0627\u0644\u0631\u064a\u0627\u0636\u064a<\/span><\/strong><\/span><\/p>\n<p dir=\"ltr\" style=\"direction: rtl;text-align: center\"><span style=\"color: #800000\"><strong><span style=\"font-size: 14pt\"><a style=\"color: #800000\" href=\"http:\/\/lagh-univ.dz\/wp-content\/uploads\/2022\/09\/\u062b\u0627\u0646\u064a\u0629-\u0644\u064a\u0633\u0627\u0646\u0633-\u0625\u062f\u0627\u0631\u0629-L2.pdf\">\u062b\u0627\u0646\u064a\u0629 \u0644\u064a\u0633\u0627\u0646\u0633 \u0625\u062f\u0627\u0631\u0629 L2<\/a> <\/span><\/strong><\/span><\/p>\n<p dir=\"ltr\" style=\"direction: rtl;text-align: center\"><span style=\"color: #800000\"><strong><span style=\"font-size: 14pt\"><a style=\"color: #800000\" href=\"http:\/\/lagh-univ.dz\/wp-content\/uploads\/2022\/09\/\u0627\u0648\u0644\u0649-\u0645\u0627\u0633\u062a\u0631-\u0627\u062f\u0627\u0631\u0629-M1.pdf\">\u0627\u0648\u0644\u0649 \u0645\u0627\u0633\u062a\u0631 \u0627\u062f\u0627\u0631\u0629 M1<\/a> <\/span><\/strong><\/span><\/p>\n<p dir=\"ltr\" style=\"direction: rtl;text-align: center\"><span style=\"color: #800000\"><strong><span style=\"font-size: 14pt\"><a style=\"color: #800000\" href=\"http:\/\/lagh-univ.dz\/wp-content\/uploads\/2022\/09\/\u062b\u0627\u0646\u064a\u0629-\u0645\u0627\u0633\u062a\u0631-\u0627\u062f\u0627\u0631\u0629-M2.pdf\">\u062b\u0627\u0646\u064a\u0629 \u0645\u0627\u0633\u062a\u0631 \u0627\u062f\u0627\u0631\u0629 M2<\/a> <\/span><\/strong><\/span><\/p>\n<p dir=\"ltr\" style=\"text-align: center\"><!--nextpage--><\/p>\n<p dir=\"ltr\" style=\"text-align: justify\"><span style=\"font-family: 'Times New Roman', Times;font-size: 14pt;color: #000000\"><strong>Plus de 13 ans d\u2019exp\u00e9rience et de confiance<\/strong><\/span><\/p>\n<p dir=\"ltr\" style=\"text-align: justify\"><span style=\"font-family: 'Times New Roman', Times;font-size: 14pt;color: #000000\">Cr\u00e9\u00e9 en 2007, STAPS de Laghouat L&rsquo;institut des sciences et techniques des activit\u00e9s physiques et sportives a \u00e9t\u00e9 cr\u00e9\u00e9 selon le d\u00e9cret ex\u00e9cutif n\u00b010-198 d\u00e9livr\u00e9 le 25 Ao\u00fbt 2010.<\/span><\/p>\n<p dir=\"ltr\" style=\"text-align: justify\"><span style=\"font-family: 'Times New Roman', Times;font-size: 14pt;color: #000000\">\u00a0\u00a0\u00a0\u00a0 Avant l&rsquo;adoption de l\u2019Institut\u00a0;(ISTAPS) le d\u00e9partement de l\u2019\u00e9ducation physique et sportive a \u00e9t\u00e9 cr\u00e9\u00e9 pendant l&rsquo;ann\u00e9e universitaire 2007\/2008 suite \u00e0 la d\u00e9cision minist\u00e9rielle\u00a0 N \u00b0 87 dat\u00e9e : le 6 mai 2009.<\/span><\/p>\n<p dir=\"ltr\" style=\"text-align: justify\"><span style=\"font-family: 'Times New Roman', Times;font-size: 14pt;color: #000000\">Suit \u00e0 la d\u00e9cision\u00a0 minist\u00e9rielle d\u00e9livr\u00e9e le 30 septembre 2010 ; qui contient la cr\u00e9ation des d\u00e9partements et l\u2019Institut\u00a0 (ISTAPS) de Laghouat\u00a0 compose de:<\/span><\/p>\n<p dir=\"ltr\" style=\"text-align: justify\"><span style=\"text-decoration: underline;color: #ff0000\"><strong><span style=\"font-family: 'Times New Roman', Times;font-size: 14pt\">Licences STAPS\u00a0: le guide complet\u00a0!<\/span><\/strong><\/span><\/p>\n<p dir=\"ltr\" style=\"text-align: justify\"><span style=\"font-family: 'Times New Roman', Times;font-size: 14pt;color: #000000\">La licence des Sciences et Techniques des Activit\u00e9s Physiques et Sportives est une formation pouvant vous permettre de tendre \u00e0 votre projet professionnel. D\u00e9couvrez tout ce que vous devez savoir sur la licence STAPS.<\/span><\/p>\n<p dir=\"ltr\" style=\"text-align: justify\"><span style=\"text-decoration: underline;color: #ff0000\"><strong><span style=\"font-family: 'Times New Roman', Times;font-size: 14pt\">Qu\u2019est-ce qu\u2019une licence STAPS\u00a0?<\/span><\/strong><\/span><\/p>\n<p dir=\"ltr\" style=\"text-align: justify\"><span style=\"font-family: 'Times New Roman', Times;font-size: 14pt;color: #000000\">Une\u00a0licence\u00a0STAPS est un\u00a0<strong>dipl\u00f4me de niveau\u00a0bac+3<\/strong>. La formation se d\u00e9roule\u00a0sur 6 semestres, vous conf\u00e9rant, \u00e0 l\u2019issue de votre formation, 180\u00a0cr\u00e9dits. La licence Sciences et Techniques des Activit\u00e9s Physiques et Sportives forme les \u00e9tudiants \u00e0 la pratique sportive, mais pas seulement\u00a0: elle comporte aussi tout un\u00a0<strong>enseignement scientifique, informatique et statistique<\/strong>. Lors de votre cursus, plusieurs parcours sont propos\u00e9s pour vous sp\u00e9cialiser. Vous pouvez trouver\u00a0:<\/span><\/p>\n<ul style=\"text-align: justify\">\n<li style=\"text-align: left\"><strong><span style=\"font-family: 'Times New Roman', Times;font-size: 14pt;color: #000000\">Activit\u00e9 physique et sportive \u00e9ducative.<\/span><\/strong><\/li>\n<li style=\"text-align: left\"><strong><span style=\"font-family: 'Times New Roman', Times;font-size: 14pt;color: #000000\">management sportif.<\/span><\/strong><\/li>\n<\/ul>\n<p dir=\"ltr\" style=\"text-align: justify\"><span style=\"font-family: 'Times New Roman', Times;font-size: 14pt;color: #000000\">Une licence STAPS dure trois ans, en pr\u00e9sentiel en formation\u00a0continue. Dispens\u00e9e au sein de notre universit\u00e9, la licence STAPS\u00a0propose un parcours\u00a0<strong>polyvalent<\/strong>\u00a0et\u00a0<strong>professionnalisant<\/strong>\u00a0qui vous permet de travailler dans les nombreux secteurs du sport. Une large place est \u00e9galement donn\u00e9e \u00e0 l\u2019innovation dans les pratiques sportives et dans la recherche scientifique du milieu.<\/span><\/p>\n<p dir=\"ltr\" style=\"text-align: justify\"><span style=\"text-decoration: underline;color: #ff0000\"><strong><span style=\"font-family: 'Times New Roman', Times;font-size: 14pt\">Quel est le programme d\u2019une licence STAPS\u00a0?<\/span><\/strong><\/span><\/p>\n<p dir=\"ltr\" style=\"text-align: justify\"><span style=\"font-family: 'Times New Roman', Times;font-size: 14pt;color: #000000\">Lors d\u2019une licence des Sciences et Techniques des Activit\u00e9s Physiques, un tiers de votre temps sera consacr\u00e9 \u00e0 la\u00a0<strong>pratique sportive<\/strong>. Le reste de votre formation sera ax\u00e9 sur des\u00a0<strong>cours<\/strong>\u00a0<strong>th\u00e9oriques<\/strong>, dans le but de d\u00e9velopper les comp\u00e9tences n\u00e9cessaires \u00e0 l\u2019exercice de votre m\u00e9tier, dans la sp\u00e9cialisation demand\u00e9e. En ce qui concerne les cours, ils varient en fonction de votre sp\u00e9cialisation.<\/span><\/p>\n<p dir=\"ltr\" style=\"text-align: justify\"><span style=\"font-family: 'Times New Roman', Times;font-size: 14pt;color: #000000\">Le stage vient compl\u00e9ter ces enseignements. Ils servent \u00e0 mettre en pratique les enseignements de la licence.\u00a0<\/span><\/p>\n<p dir=\"ltr\" style=\"text-align: justify\"><span style=\"text-decoration: underline;color: #ff0000\"><strong><span style=\"font-family: 'Times New Roman', Times;font-size: 14pt\">Que faire apr\u00e8s une licence STAPS\u00a0?<\/span><\/strong><\/span><\/p>\n<p dir=\"ltr\" style=\"text-align: justify\"><span style=\"font-family: 'Times New Roman', Times;font-size: 14pt;color: #000000\">Une licence des Sciences et Techniques des Activit\u00e9s Physiques et Sportives est une formation professionnalisante, qui vous permet d\u2019<strong>int\u00e9grer\u00a0directement\u00a0le march\u00e9 du travail<\/strong>. Cependant, comme beaucoup d\u2019\u00e9tudiants apr\u00e8s cette licence, vous pouvez d\u00e9cider de poursuivre vos \u00e9tudes, notamment en master MEEF (Master de l\u2019Enseignement, de l\u2019\u00c9ducation et de la Formation ou Management sportif).<\/span><\/p>\n","protected":false},"excerpt":{"rendered":"<p>Institut Des Sciences et Techniques Des Activit\u00e9s Physiques et Sportives &nbsp; &nbsp; \u0625\u0639\u0644\u0627\u0646 \u0639\u0646 \u0627\u062e\u062a\u064a\u0627\u0631 \u0627\u0644\u062a\u062e\u0635\u0635 \u2013 \u0627\u0644\u0631\u064a\u0627\u0636\u0629 \u0627\u0644\u062c\u0645\u0627\u0639\u064a\u0629 \u0648 \u0627\u0644\u0641\u0631\u062f\u064a\u0629- \u0627\u0644\u062e\u0627\u0635 \u0628\u0637\u0644\u0628\u0629 \u0627\u0644\u0633\u0646\u0629 \u0627\u0644\u062b\u0627\u0644\u062b\u0629 \u0644\u064a\u0633\u0627\u0646\u0633 2022-2023 \u0646\u0639\u0644\u0645 \u0637\u0644\u0628\u062a\u0646\u0627 \u0627\u0644\u0623\u0641\u0627\u0636\u0644 \u0628\u0636\u0631\u0648\u0631\u0629 \u0645\u0644\u0626 \u0627\u0644\u0627\u0633\u062a\u0645\u0627\u0631\u0629 \u0627\u0644\u062e\u0627\u0635\u0629 \u0628\u0627\u062e\u062a\u064a\u0627\u0631 \u0627\u0644\u062a\u062e\u0635\u0635 \u0627\u0644\u062e\u0627\u0635 \u0628\u0645\u0642\u064a\u0627\u0633 \u0627\u0644\u0631\u064a\u0627\u0636\u0629 \u0627\u0644\u062c\u0645\u0627\u0639\u064a\u0629\u0648 \u0627\u0644\u0631\u064a\u0627\u0636\u0629 \u0627\u0644\u0641\u0631\u062f\u064a\u0629 \u0645\u0639\u0627 \u0644\u0647\u0630\u0627 \u0641\u0647\u0645 \u0645\u0644\u0632\u0645\u0648\u0646 \u0628\u0627\u0644\u062a\u0633\u062c\u064a\u0644 \u0639\u0628\u0631 \u0627\u0644\u0623\u0631\u0636\u064a\u0629 \u0627\u0644\u0631\u0642\u0645\u064a\u0629 \u0627\u0644\u0645\u062e\u0635\u0635\u0629 \u0644\u0630\u0644\u0643 \u00a0\u0648 \u0639\u0644\u0649 \u0627\u0644\u0631\u0627\u0628\u0637 [&hellip;]<\/p>\n","protected":false},"author":1,"featured_media":0,"parent":9945,"menu_order":0,"comment_status":"closed","ping_status":"closed","template":"elementor_header_footer","meta":{"_exactmetrics_skip_tracking":false,"_exactmetrics_sitenote_active":false,"_exactmetrics_sitenote_note":"","_exactmetrics_sitenote_category":0,"footnotes":""},"coauthors":[217,534],"class_list":["post-6804","page","type-page","status-publish","hentry"],"_links":{"self":[{"href":"http:\/\/lagh-univ.dz\/fr\/wp-json\/wp\/v2\/pages\/6804","targetHints":{"allow":["GET"]}}],"collection":[{"href":"http:\/\/lagh-univ.dz\/fr\/wp-json\/wp\/v2\/pages"}],"about":[{"href":"http:\/\/lagh-univ.dz\/fr\/wp-json\/wp\/v2\/types\/page"}],"author":[{"embeddable":true,"href":"http:\/\/lagh-univ.dz\/fr\/wp-json\/wp\/v2\/users\/1"}],"replies":[{"embeddable":true,"href":"http:\/\/lagh-univ.dz\/fr\/wp-json\/wp\/v2\/comments?post=6804"}],"version-history":[{"count":33,"href":"http:\/\/lagh-univ.dz\/fr\/wp-json\/wp\/v2\/pages\/6804\/revisions"}],"predecessor-version":[{"id":46626,"href":"http:\/\/lagh-univ.dz\/fr\/wp-json\/wp\/v2\/pages\/6804\/revisions\/46626"}],"up":[{"embeddable":true,"href":"http:\/\/lagh-univ.dz\/fr\/wp-json\/wp\/v2\/pages\/9945"}],"wp:attachment":[{"href":"http:\/\/lagh-univ.dz\/fr\/wp-json\/wp\/v2\/media?parent=6804"}],"wp:term":[{"taxonomy":"author","embeddable":true,"href":"http:\/\/lagh-univ.dz\/fr\/wp-json\/wp\/v2\/coauthors?post=6804"}],"curies":[{"name":"wp","href":"https:\/\/api.w.org\/{rel}","templated":true}]}}