{"id":6868,"date":"2018-07-21T18:19:23","date_gmt":"2018-07-21T18:19:23","guid":{"rendered":"http:\/\/lagh-univ.dz\/bibliotheque\/"},"modified":"2019-11-04T07:41:42","modified_gmt":"2019-11-04T09:41:42","slug":"bibliotheque","status":"publish","type":"page","link":"http:\/\/lagh-univ.dz\/fr\/bibliotheque\/","title":{"rendered":"Biblioth\u00e8que"},"content":{"rendered":"<div id=\"s5_middle_top_wrap\">\n<div id=\"s5_middle_top\">\n<div id=\"s5_middle_top_inner\">\n<div id=\"s5_pos_middle_top_1\" class=\"s5_float_left\">\n<div class=\"module_round_box_outer\">\n<div class=\"module_round_box-none \">\n<div class=\"s5_module_box_1\">\n<div class=\"s5_module_box_2\">\n<div class=\"custom-none \">\n<div class=\"textwidget\"><img decoding=\"async\" class=\"alignnone size-full wp-image-578\" src=\"http:\/\/lagh-univ.dz\/accueilf\/wp-content\/uploads\/2014\/12\/biblio.jpg\" alt=\"science\" width=\"1000\" height=\"45\" \/><\/div>\n<\/div>\n<div class=\"s5_clear_float\"><\/div>\n<\/div>\n<\/div>\n<\/div>\n<\/div>\n<\/div>\n<div><\/div>\n<\/div>\n<\/div>\n<\/div>\n<div id=\"s5_component_wrap\">\n<div id=\"s5_component_wrap_inner\">\n<div class=\"blog-featured\">\n<div>\n<div class=\"article_column\">\n<div class=\"item\">\n<div id=\"post-3726\" class=\"post-3726 page type-page status-publish hentry\">\n<div class=\"contentpaneopen_heading\">\n<h2><span style=\"background-color: #993366;font-size: 18pt\"><strong><span style=\"font-family: 'Book Antiqua', Palatino;color: #000000;background-color: #993366\"><a class=\"contentpagetitle\" style=\"color: #000000;background-color: #993366\" title=\"Permalink to: ADMINISTRATION DE LA BIBLIOTH\u00c8QUE\" href=\"http:\/\/lagh-univ.dz\/accueilf\/?page_id=3726\">ADMINISTRATION DE LA BIBLIOTH\u00c8QUE<\/a><\/span><\/strong><\/span><\/h2>\n<div><\/div>\n<\/div>\n<div><\/div>\n<div class=\"s5_contentwrapper\">\n<div>\n<h1 align=\"justify\"><span style=\"font-family: 'Book Antiqua', Palatino;font-size: 14pt;color: #000000\">DIRECTION ET SERVICES ADMINISTRATIFS DE LA B.U.C:<\/span><\/h1>\n<p><span style=\"font-family: 'Book Antiqua', Palatino;font-size: 14pt;color: #000000\"><strong>L&rsquo;activit\u00e9 de la biblioth\u00e8que universitaire centrale poursuit : l&rsquo;acquisitions, traitement, et pr\u00eat des ouvrages , abonnements de la documentation en ligne ,formation des usagers &#8230; Celles-ci est assurer donc par les services suivants :<\/strong>\u00a0\u00a0<\/span><\/p>\n<h2 align=\"justify\"><span style=\"font-family: 'Book Antiqua', Palatino;font-size: 14pt;color: #000000\">1-LA DIRECTION :<\/span><\/h2>\n<p><span style=\"font-family: 'Book Antiqua', Palatino;font-size: 14pt;color: #000000\">La directrice de la Biblioth\u00e8que Universitaire Centrale (BUC) est :<\/span><\/p>\n<ul>\n<li style=\"list-style-type: none\">\n<ul>\n<li><span style=\"font-family: 'Book Antiqua', Palatino;font-size: 14pt;color: #000000\"><strong>Coordinatrice des diff\u00e9rents services de la biblioth\u00e8que.<\/strong><\/span><\/li>\n<\/ul>\n<\/li>\n<\/ul>\n<p><span style=\"font-family: 'Book Antiqua', Palatino;font-size: 14pt;color: #000000\">\u00a0<\/span><\/p>\n<ul>\n<li style=\"list-style-type: none\">\n<ul>\n<li style=\"list-style-type: none\">\n<ul>\n<li><span style=\"font-family: 'Book Antiqua', Palatino;font-size: 14pt;color: #000000\"><strong>Propose en relation avec les biblioth\u00e8ques des facult\u00e9s et d&rsquo;institut, les acquisitions d&rsquo;ouvrages et de documentation universitaires.<\/strong><\/span><\/li>\n<li><span style=\"font-family: 'Book Antiqua', Palatino;font-size: 14pt;color: #000000\">\u00a0<strong>Assure les relations externes aupr\u00e8s des diff\u00e9rents fournisseurs.<\/strong><\/span><\/li>\n<li><span style=\"font-family: 'Book Antiqua', Palatino;font-size: 14pt;color: #000000\">\u00a0<strong>L&rsquo;organisation des expositions.<\/strong><\/span><\/li>\n<li><span style=\"font-family: 'Book Antiqua', Palatino;font-size: 14pt;color: #000000\">\u00a0<strong>L&rsquo;entretient du fond documentaire de la biblioth\u00e8que centrale et la mise \u00e0 jour constante de son inventaire.<\/strong><\/span><\/li>\n<li><span style=\"font-family: 'Book Antiqua', Palatino;font-size: 14pt;color: #000000\">\u00a0<strong>La prise en charge de toutes les r\u00e9clamations des usagers.<\/strong><\/span><\/li>\n<li><span style=\"font-family: 'Book Antiqua', Palatino;font-size: 14pt;color: #000000\">\u00a0<strong>Contr\u00f4le et v\u00e9rification du fonctionnement de l&rsquo;ensemble du travail technique et la veille sur l&rsquo;ordre dans la biblioth\u00e8que.<\/strong><\/span><\/li>\n<\/ul>\n<\/li>\n<\/ul>\n<\/li>\n<\/ul>\n<p><span style=\"font-family: 'Book Antiqua', Palatino;font-size: 14pt;color: #000000\">\u00a0<\/span><\/p>\n<h2 align=\"justify\"><span style=\"font-family: 'Book Antiqua', Palatino;font-size: 14pt;color: #000000\">2- LE SERVICE ACQUISITION :<\/span><\/h2>\n<ul>\n<li><span style=\"font-family: 'Book Antiqua', Palatino;font-size: 14pt;color: #000000\"><strong>Charg\u00e9 de la cha\u00eene documentaire.<\/strong><\/span><\/li>\n<li><span style=\"font-family: 'Book Antiqua', Palatino;font-size: 14pt;color: #000000\"><strong>Collecte les besoins des diff\u00e9rentes biblioth\u00e8ques de facult\u00e9.<\/strong><\/span><\/li>\n<li><span style=\"font-family: 'Book Antiqua', Palatino;font-size: 14pt;color: #000000\"><strong>Analyse les demandes, \u00e9tabli les commandes.<\/strong><\/span><\/li>\n<li><span style=\"font-family: 'Book Antiqua', Palatino;font-size: 14pt;color: #000000\"><strong>Contr\u00f4le la commande des documents, la r\u00e9ception, l&rsquo;enregistrement.<\/strong><\/span><\/li>\n<\/ul>\n<p><span style=\"font-family: 'Book Antiqua', Palatino;font-size: 14pt;color: #000000\">\u00a0\u00a0<strong>Les outils utilis\u00e9s dans l&rsquo;acquisition des documents sont :<\/strong><\/span><\/p>\n<ul>\n<li><span style=\"font-family: 'Book Antiqua', Palatino;font-size: 14pt;color: #000000\"><strong>1-Catalogues imprim\u00e9s des \u00e9diteurs .<\/strong><\/span><\/li>\n<li><span style=\"font-family: 'Book Antiqua', Palatino;font-size: 14pt;color: #000000\"><strong>2-Foires du livre.<\/strong><\/span><\/li>\n<li><span style=\"font-family: 'Book Antiqua', Palatino;font-size: 14pt;color: #000000\"><strong>3-Liste propos\u00e9es par les enseignants et les chercheurs.<\/strong><\/span><\/li>\n<li><span style=\"font-family: 'Book Antiqua', Palatino;font-size: 14pt;color: #000000\"><strong>4-Liste propos\u00e9es par les importateurs.<\/strong><\/span><\/li>\n<li><span style=\"font-family: 'Book Antiqua', Palatino;font-size: 14pt;color: #000000\"><strong>5-Les dons.<\/strong><\/span><\/li>\n<\/ul>\n<p><span style=\"font-family: 'Book Antiqua', Palatino;font-size: 14pt;color: #000000\">\u00a0<\/span><\/p>\n<h2 align=\"justify\"><span style=\"font-family: 'Book Antiqua', Palatino;font-size: 14pt;color: #000000\">3- LE SERVICE RECHERCHE BIBLIOGRAPHIQUE :<\/span><\/h2>\n<p><span style=\"font-family: 'Book Antiqua', Palatino;font-size: 14pt;color: #000000\"><strong>Assiste les enseignants et les \u00e9tudiants dans leur Recherche bibliographiques, il assure les t\u00e2ches suivantes :<\/strong><\/span><\/p>\n<ul>\n<li><span style=\"font-family: 'Book Antiqua', Palatino;font-size: 14pt;color: #000000\"><strong>La gestion des salles internet.<\/strong><\/span><\/li>\n<li><span style=\"font-family: 'Book Antiqua', Palatino;font-size: 14pt;color: #000000\"><strong>La gestion du site web de la biblioth\u00e8que.<\/strong><\/span><\/li>\n<li><span style=\"font-family: 'Book Antiqua', Palatino;font-size: 14pt;color: #000000\"><strong>La gestion du logiciel du fond documentaire PMB.<\/strong><\/span><\/li>\n<li><span style=\"font-family: 'Book Antiqua', Palatino;font-size: 14pt;color: #000000\"><strong>La gestion des comptes SNDL (Syst\u00e8me national de documentation en ligne)<\/strong><\/span><\/li>\n<\/ul>\n<ul>\n<li style=\"list-style-type: none\">\n<ul>\n<li><span style=\"font-family: 'Book Antiqua', Palatino;font-size: 14pt;color: #000000\"><strong>Formation des usagers \u00e0 la recherche documentaire dans: les bases de donn\u00e9es,la base PMB.<\/strong><\/span><\/li>\n<\/ul>\n<\/li>\n<\/ul>\n<h5><span style=\"font-family: 'Book Antiqua', Palatino;font-size: 14pt;color: #000000\"><strong>4-SERVICE ACCU<\/strong>EIL ET ORI<strong>ENTATION<\/strong><\/span><\/h5>\n<h5><span style=\"font-family: 'Book Antiqua', Palatino;font-size: 14pt;color: #000000\">OFFRE LES SERVICES SUIVANT LES CAT\u00c9GORIES DE LECTEURS:<\/span><\/h5>\n<p><span style=\"font-family: 'Book Antiqua', Palatino;font-size: 14pt;color: #000000\"><strong><a style=\"color: #000000\">A- Enseignants, \u00e9tudiants en post graduation<\/a><\/strong><\/span><\/p>\n<ul>\n<li style=\"list-style-type: none\">\n<ul>\n<li><span style=\"font-family: 'Book Antiqua', Palatino;font-size: 14pt;color: #000000\"><strong>Recherche bibliographique.<\/strong><\/span><\/li>\n<li><span style=\"font-family: 'Book Antiqua', Palatino;font-size: 14pt;color: #000000\"><strong>Acc\u00e8s aux fonds documentaires (Ouvrages, P\u00e9riodiques, Articles et th\u00e8ses).<\/strong><\/span><\/li>\n<li><span style=\"font-family: 'Book Antiqua', Palatino;font-size: 14pt;color: #000000\"><strong>Pr\u00eat interne et externe.<\/strong><\/span><\/li>\n<li><span style=\"font-family: 'Book Antiqua', Palatino;font-size: 14pt;color: #000000\"><strong>Inscription \u00e0 la BUC:<a style=\"color: #000000\">\u00a0\u00e0 la page suivante consultez les conditions d&rsquo;inscription \u00e0 la BUC.<\/a><\/strong>\u00a0<\/span><\/li>\n<\/ul>\n<\/li>\n<\/ul>\n<p><span style=\"font-family: 'Book Antiqua', Palatino;font-size: 14pt;color: #000000\"><strong><a style=\"color: #000000\">B-Etudiants<\/a><\/strong><\/span><\/p>\n<ul>\n<li style=\"list-style-type: none\">\n<ul>\n<li><span style=\"font-family: 'Book Antiqua', Palatino;font-size: 14pt;color: #000000\"><strong>Recherche bibliographique.<\/strong>\u00a0<\/span><\/li>\n<li><span style=\"font-family: 'Book Antiqua', Palatino;font-size: 14pt;color: #000000\"><strong>Acc\u00e8s aux fonds documentaires (Ouvrages, P\u00e9riodiques, Articles et th\u00e8ses).<\/strong><\/span><\/li>\n<li><span style=\"font-family: 'Book Antiqua', Palatino;font-size: 14pt;color: #000000\"><strong>Pr\u00eat interne et externe.<\/strong>\u00a0<\/span><\/li>\n<\/ul>\n<\/li>\n<\/ul>\n<p><span style=\"font-family: 'Book Antiqua', Palatino;font-size: 14pt;color: #000000\"><strong><a style=\"color: #000000\">C-Utilisateurs externes :<\/a>Enseignants, PG et fin de cycle (Inscrits \u00e0 la BU ou munis d&rsquo;une autorisation sign\u00e9s par leurs \u00e9tablissements d&rsquo;origines):<\/strong><\/span><\/p>\n<ul>\n<li style=\"list-style-type: none\">\n<ul>\n<li><span style=\"font-family: 'Book Antiqua', Palatino;font-size: 14pt;color: #000000\"><strong>Recherche bibliographique.<\/strong><\/span><\/li>\n<li><span style=\"font-family: 'Book Antiqua', Palatino;font-size: 14pt;color: #000000\"><strong>Consultation sur place des documents.<\/strong><\/span><\/li>\n<li><span style=\"font-family: 'Book Antiqua', Palatino;font-size: 14pt;color: #000000\"><strong>Acc\u00e8s aux bases de donn\u00e9es (Salle de r\u00e9f\u00e9rence \u00ab\u00a02\u00e8me \u00e9tage\u00a0\u00bb ).<\/strong><\/span><\/li>\n<li><span style=\"font-family: 'Book Antiqua', Palatino;font-size: 14pt;color: #000000\"><strong>Acc\u00e8s \u00e0 l&rsquo;internet sur r\u00e9servation.<\/strong><\/span><\/li>\n<\/ul>\n<\/li>\n<\/ul>\n<h2 align=\"justify\"><span style=\"font-family: 'Book Antiqua', Palatino;font-size: 14pt;color: #000000\">AUTRES T\u00c2CHES DU SERVICE:<\/span><\/h2>\n<ul>\n<li style=\"list-style-type: none\">\n<ul>\n<li><span style=\"font-family: 'Book Antiqua', Palatino;font-size: 14pt;color: #000000\"><strong>L&rsquo;organisation de l&#8217;empreint : la saisie des entr\u00e9es et sorties des documents.<\/strong><\/span><\/li>\n<li><span style=\"font-family: 'Book Antiqua', Palatino;font-size: 14pt;color: #000000\"><strong>Rechercher la requ\u00eate du demande des documents, et assure le rangement de ces derniers dans les rayonnages.<\/strong><\/span><\/li>\n<li><span style=\"font-family: 'Book Antiqua', Palatino;font-size: 14pt;color: #000000\"><strong>Assure aussi l&rsquo;entretient du fonds documentaire de la biblioth\u00e8que centrale et \u00e0 la mise \u00e0 jour constante de son inventaire.<\/strong><\/span><\/li>\n<li><strong><span style=\"font-family: 'Book Antiqua', Palatino;font-size: 14pt;color: #000000\">Signature du quitus en fin d&rsquo;ann\u00e9e pour les enseignants et \u00e9tudiants en fin de cycle &#8211;<\/span><a href=\"http:\/\/web.lagh-univ.dz\/web\/bib\/charte-depot-these.zip\" target=\"_blank\" rel=\"noopener noreferrer\"><span style=\"font-family: 'Book Antiqua', Palatino;font-size: 14pt;color: #000000\">\u00a0Les th\u00e9sards doivent d\u00e9poser une copie de leurs th\u00e8ses et un CD en un seul fichier PDF \u00e0 la BUC pour la signature du Quitus -consultez la charte de dep\u00f4t de th\u00e8s<\/span>e<\/a><\/strong><\/li>\n<\/ul>\n<\/li>\n<\/ul>\n<\/div>\n<\/div>\n<\/div>\n<\/div>\n<\/div>\n<\/div>\n<\/div>\n<\/div>\n<\/div>\n","protected":false},"excerpt":{"rendered":"<p>ADMINISTRATION DE LA BIBLIOTH\u00c8QUE DIRECTION ET SERVICES ADMINISTRATIFS DE LA B.U.C: L&rsquo;activit\u00e9 de la biblioth\u00e8que universitaire centrale poursuit : l&rsquo;acquisitions, traitement, et pr\u00eat des ouvrages , abonnements de la documentation en ligne ,formation des usagers &#8230; Celles-ci est assurer donc par les services suivants :\u00a0\u00a0 1-LA DIRECTION : La directrice de la Biblioth\u00e8que Universitaire Centrale [&hellip;]<\/p>\n","protected":false},"author":14,"featured_media":0,"parent":0,"menu_order":0,"comment_status":"closed","ping_status":"closed","template":"elementor_header_footer","meta":{"_exactmetrics_skip_tracking":false,"_exactmetrics_sitenote_active":false,"_exactmetrics_sitenote_note":"","_exactmetrics_sitenote_category":0,"footnotes":""},"coauthors":[545],"class_list":["post-6868","page","type-page","status-publish","hentry"],"_links":{"self":[{"href":"http:\/\/lagh-univ.dz\/fr\/wp-json\/wp\/v2\/pages\/6868","targetHints":{"allow":["GET"]}}],"collection":[{"href":"http:\/\/lagh-univ.dz\/fr\/wp-json\/wp\/v2\/pages"}],"about":[{"href":"http:\/\/lagh-univ.dz\/fr\/wp-json\/wp\/v2\/types\/page"}],"author":[{"embeddable":true,"href":"http:\/\/lagh-univ.dz\/fr\/wp-json\/wp\/v2\/users\/14"}],"replies":[{"embeddable":true,"href":"http:\/\/lagh-univ.dz\/fr\/wp-json\/wp\/v2\/comments?post=6868"}],"version-history":[{"count":3,"href":"http:\/\/lagh-univ.dz\/fr\/wp-json\/wp\/v2\/pages\/6868\/revisions"}],"predecessor-version":[{"id":17050,"href":"http:\/\/lagh-univ.dz\/fr\/wp-json\/wp\/v2\/pages\/6868\/revisions\/17050"}],"wp:attachment":[{"href":"http:\/\/lagh-univ.dz\/fr\/wp-json\/wp\/v2\/media?parent=6868"}],"wp:term":[{"taxonomy":"author","embeddable":true,"href":"http:\/\/lagh-univ.dz\/fr\/wp-json\/wp\/v2\/coauthors?post=6868"}],"curies":[{"name":"wp","href":"https:\/\/api.w.org\/{rel}","templated":true}]}}