{"id":7565,"date":"2018-07-18T18:58:38","date_gmt":"2018-07-18T20:58:38","guid":{"rendered":"http:\/\/lagh-univ.dz\/langue-faculte-secretaire-generale\/"},"modified":"2025-09-17T09:23:38","modified_gmt":"2025-09-17T08:23:38","slug":"langue-faculte-secretaire-generale","status":"publish","type":"page","link":"http:\/\/lagh-univ.dz\/fr\/langue-faculte-secretaire-generale\/","title":{"rendered":"Langue-Facult\u00e9-Secr\u00e9taire g\u00e9n\u00e9rale"},"content":{"rendered":"<p style=\"text-align: center\"><span style=\"color: #000000\"><em><strong><span style=\"font-family: Book Antiqua, Palatino;font-size: 18pt\">Secr\u00e9tariat G\u00e9n\u00e9ral <\/span><\/strong><\/em><\/span><\/p>\n<p dir=\"ltr\" style=\"text-align: left\"><span style=\"color: #000000\"><span style=\"text-decoration: underline\"><span style=\"font-family: Book Antiqua, Palatino\"><strong><span style=\"font-size: 14pt\">Secr\u00e9taire g\u00e9n\u00e9rale:<\/span><\/strong><\/span><\/span><\/span><\/p>\n<p dir=\"ltr\"><span style=\"font-family: Book Antiqua, Palatino;color: #000000;font-size: 14pt\"><strong>Nom<\/strong>:GOUMIRI<\/span><\/p>\n<p dir=\"ltr\"><span style=\"font-family: Book Antiqua, Palatino;color: #000000;font-size: 14pt\"><strong>Pr\u00e9nom<\/strong>:Djamel<\/span><\/p>\n<p dir=\"ltr\"><span style=\"font-family: Book Antiqua, Palatino;color: #000000;font-size: 14pt\"><strong>Email<\/strong>: d.goumiri@lagh-univ.dz<br \/>\n<\/span><\/p>\n<p>&nbsp;<\/p>\n<p dir=\"ltr\" style=\"text-align: left\"><span style=\"font-family: Book Antiqua, Palatino;font-size: 14pt;color: #000000\"><strong><u>Service\u00a0 des personnels et de la formation<\/u><\/strong><\/span><\/p>\n<p dir=\"ltr\" style=\"text-align: left\"><span style=\"font-family: Book Antiqua, Palatino;font-size: 14pt;color: #000000\">chef service: SAIHI bachir<\/span><\/p>\n<p dir=\"ltr\" style=\"text-align: left\"><span style=\"font-family: Book Antiqua, Palatino;font-size: 14pt;color: #000000\"><strong>Email<\/strong>: ba.saihi@lagh-univ.dz<\/span><\/p>\n<p dir=\"ltr\" style=\"text-align: left\"><span style=\"font-family: Book Antiqua, Palatino;font-size: 14pt;color: #000000\"><strong><u>Service des finances et de la comptabilit\u00e9<\/u><\/strong>.<\/span><\/p>\n<p dir=\"ltr\" style=\"text-align: left\"><span style=\"font-family: Book Antiqua, Palatino;font-size: 14pt;color: #000000\">chef service: BENLAHBIB Wafa<\/span><\/p>\n<p dir=\"ltr\" style=\"text-align: left\"><span style=\"font-family: Book Antiqua, Palatino;font-size: 14pt;color: #000000\"><strong>Email<\/strong>:benlahbibwafa@gmail.com<\/span><\/p>\n<p dir=\"ltr\" style=\"text-align: left\"><span style=\"font-family: Book Antiqua, Palatino;font-size: 14pt;color: #000000\"><strong><u>Service des moyens et de la maintenance.<\/u><\/strong><\/span><\/p>\n<p dir=\"ltr\" style=\"text-align: left\"><span style=\"font-family: Book Antiqua, Palatino;font-size: 14pt;color: #000000\">chef service:MESSAOUDI Badreddine<br \/>\n<\/span><\/p>\n<p dir=\"ltr\" style=\"text-align: left\"><span style=\"font-family: Book Antiqua, Palatino;font-size: 14pt;color: #000000\"><strong>Email<\/strong>: bad.messaoudi@lagh-univ.dz<br \/>\n<\/span><\/p>\n<p dir=\"ltr\" style=\"text-align: left\"><span style=\"font-family: Book Antiqua, Palatino;font-size: 14pt;color: #000000\">\u00a0<\/span><\/p>\n<p>&nbsp;<\/p>\n<p>&nbsp;<\/p>\n","protected":false},"excerpt":{"rendered":"<p>Secr\u00e9tariat G\u00e9n\u00e9ral Secr\u00e9taire g\u00e9n\u00e9rale: Nom:GOUMIRI Pr\u00e9nom:Djamel Email: d.goumiri@lagh-univ.dz &nbsp; Service\u00a0 des personnels et de la formation chef service: SAIHI bachir Email: ba.saihi@lagh-univ.dz Service des finances et de la comptabilit\u00e9. chef service: BENLAHBIB Wafa Email:benlahbibwafa@gmail.com Service des moyens et de la maintenance. chef service:MESSAOUDI Badreddine Email: bad.messaoudi@lagh-univ.dz \u00a0 &nbsp; &nbsp;<\/p>\n","protected":false},"author":1,"featured_media":0,"parent":0,"menu_order":0,"comment_status":"closed","ping_status":"closed","template":"elementor_header_footer","meta":{"_exactmetrics_skip_tracking":false,"_exactmetrics_sitenote_active":false,"_exactmetrics_sitenote_note":"","_exactmetrics_sitenote_category":0,"footnotes":""},"coauthors":[217,529],"class_list":["post-7565","page","type-page","status-publish","hentry"],"_links":{"self":[{"href":"http:\/\/lagh-univ.dz\/fr\/wp-json\/wp\/v2\/pages\/7565","targetHints":{"allow":["GET"]}}],"collection":[{"href":"http:\/\/lagh-univ.dz\/fr\/wp-json\/wp\/v2\/pages"}],"about":[{"href":"http:\/\/lagh-univ.dz\/fr\/wp-json\/wp\/v2\/types\/page"}],"author":[{"embeddable":true,"href":"http:\/\/lagh-univ.dz\/fr\/wp-json\/wp\/v2\/users\/1"}],"replies":[{"embeddable":true,"href":"http:\/\/lagh-univ.dz\/fr\/wp-json\/wp\/v2\/comments?post=7565"}],"version-history":[{"count":18,"href":"http:\/\/lagh-univ.dz\/fr\/wp-json\/wp\/v2\/pages\/7565\/revisions"}],"predecessor-version":[{"id":68532,"href":"http:\/\/lagh-univ.dz\/fr\/wp-json\/wp\/v2\/pages\/7565\/revisions\/68532"}],"wp:attachment":[{"href":"http:\/\/lagh-univ.dz\/fr\/wp-json\/wp\/v2\/media?parent=7565"}],"wp:term":[{"taxonomy":"author","embeddable":true,"href":"http:\/\/lagh-univ.dz\/fr\/wp-json\/wp\/v2\/coauthors?post=7565"}],"curies":[{"name":"wp","href":"https:\/\/api.w.org\/{rel}","templated":true}]}}