{"id":7567,"date":"2018-07-18T19:00:33","date_gmt":"2018-07-18T21:00:33","guid":{"rendered":"http:\/\/lagh-univ.dz\/langue-faculte-conseil-d-administration\/"},"modified":"2025-09-15T08:38:52","modified_gmt":"2025-09-15T07:38:52","slug":"langue-faculte-conseil-d-administration","status":"publish","type":"page","link":"http:\/\/lagh-univ.dz\/fr\/langue-faculte-conseil-d-administration\/","title":{"rendered":"Langue-Facult\u00e9- conseil-d-administration"},"content":{"rendered":"<p>&nbsp;<\/p>\n<p dir=\"ltr\" style=\"text-align: left\"><span style=\"text-decoration: underline\"><strong><span style=\"font-family: 'Book Antiqua', Palatino;font-size: 18pt;color: #000000;text-decoration: underline\">Conseil de la facult\u00e9<\/span><\/strong><\/span><\/p>\n<table style=\"height: 763px;width: 84.7884%;background-color: #f3f2f7\">\n<tbody>\n<tr style=\"height: 28px;background-color: #d1bd24\">\n<td style=\"width: 257.6px;height: 28px;text-align: center\"><span style=\"font-family: 'Book Antiqua', Palatino;font-size: 14pt;color: #000000\"><strong>Nom et Pr\u00e9nom<\/strong><\/span><\/td>\n<td style=\"width: 429.4px;height: 28px;text-align: center\"><span style=\"font-family: 'Book Antiqua', Palatino;font-size: 14pt;color: #000000\"><strong>Grade<\/strong><\/span><\/td>\n<\/tr>\n<tr style=\"height: 28px\">\n<td style=\"width: 257.6px;height: 28px;text-align: center\"><span style=\"font-family: Book Antiqua, Palatino;font-size: 14pt;color: #000000\">]DADOUNE Messaoud<\/span><\/td>\n<td style=\"width: 429.4px;height: 28px;text-align: center\"><span style=\"font-family: Book Antiqua, Palatino;font-size: 14pt;color: #000000\">\u00a0Doyen de facult\u00e9(pr\u00e9sident)<\/span><\/td>\n<\/tr>\n<tr style=\"height: 28px\">\n<td style=\"width: 257.6px;height: 28px;text-align: center\"><span style=\"font-family: Book Antiqua, Palatino;font-size: 14pt;color: #000000\">BEDIAR Bachir<br \/>\n<\/span><\/td>\n<td style=\"width: 429.4px;height: 28px;text-align: center\"><span style=\"font-family: Book Antiqua, Palatino;font-size: 14pt;color: #000000\">Pr\u00e9sident du conseil scientifique<\/span><\/td>\n<\/tr>\n<tr style=\"height: 28px\">\n<td style=\"width: 257.6px;height: 28px;text-align: center\"><span style=\"font-family: Book Antiqua, Palatino;font-size: 14pt;color: #000000\">BEDARNIA Mebarka<br \/>\n<\/span><\/td>\n<td style=\"width: 429.4px;height: 28px;text-align: center\"><span style=\"font-family: Book Antiqua, Palatino;font-size: 14pt;color: #000000\">Vice doyen charg\u00e9e de la post de graduation<\/span><\/td>\n<\/tr>\n<tr style=\"height: 28px\">\n<td style=\"width: 257.6px;height: 28px;text-align: center\"><span style=\"font-family: Book Antiqua, Palatino;font-size: 14pt;color: #000000\">OTHMANI Boularbeh<br \/>\n<\/span><\/td>\n<td style=\"width: 429.4px;height: 28px;text-align: center\"><span style=\"font-family: Book Antiqua, Palatino;font-size: 14pt;color: #000000\">Vice doyen charg\u00e9e de la p\u00e9dagogie<\/span><\/td>\n<\/tr>\n<tr style=\"height: 28px\">\n<td style=\"width: 257.6px;height: 28px;text-align: center\"><span style=\"font-family: Book Antiqua, Palatino;font-size: 14pt;color: #000000\">LAKHDARI Ali<br \/>\n<\/span><\/td>\n<td style=\"width: 429.4px;height: 28px;text-align: center\"><span style=\"font-family: Book Antiqua, Palatino;font-size: 14pt;color: #000000\">Chef d\u00e9partement de langue et lettre arab<\/span><\/td>\n<\/tr>\n<tr style=\"height: 28px\">\n<td style=\"width: 257.6px;height: 28px;text-align: center\"><span style=\"font-size: 14pt;font-family: Book Antiqua, Palatino;color: #000000\">NOUIOUA Amira<\/span><\/td>\n<td style=\"width: 429.4px;height: 28px;text-align: center\"><span style=\"font-family: Book Antiqua, Palatino;font-size: 14pt;color: #000000\">Chef d\u00e9partement d\u2019anglais<\/span><\/td>\n<\/tr>\n<tr style=\"height: 28px\">\n<td style=\"width: 257.6px;height: 28px;text-align: center\"><span style=\"font-family: Book Antiqua, Palatino;font-size: 14pt;color: #000000\">KHENCHA Tayab<\/span><\/td>\n<td style=\"width: 429.4px;height: 28px;text-align: center\"><span style=\"font-family: Book Antiqua, Palatino;font-size: 14pt;color: #000000\">Chef d\u00e9partement du fran\u00e7ais<\/span><\/td>\n<\/tr>\n<tr style=\"height: 28px\">\n<td style=\"width: 257.6px;height: 28px;text-align: center\"><span style=\"font-family: Book Antiqua, Palatino;font-size: 14pt;color: #000000\">KOUISSI Aissa<br \/>\n<\/span><\/td>\n<td style=\"width: 429.4px;height: 28px;text-align: center\"><span style=\"color: #000000;font-family: Book Antiqua, Palatino;font-size: 14pt\">Directeur de labo de langue arabe<\/span><\/td>\n<\/tr>\n<tr style=\"height: 28px\">\n<td style=\"width: 257.6px;height: 28px;text-align: center\"><span style=\"font-family: Book Antiqua, Palatino;font-size: 14pt;color: #000000\">BOUGRINE Boubaker<\/span><\/td>\n<td style=\"width: 429.4px;height: 28px;text-align: center\"><span style=\"color: #000000;font-family: Book Antiqua, Palatino;font-size: 14pt\">Directeur de labo de pragmatique linguistique et sp\u00e9cificit\u00e9s du langage<\/span><\/td>\n<\/tr>\n<tr style=\"height: 28px\">\n<td style=\"width: 257.6px;height: 28px;text-align: center\"><span style=\"font-family: Book Antiqua, Palatino;font-size: 14pt;color: #000000\">DJAIRANE Mihoub<\/span><\/td>\n<td style=\"width: 429.4px;height: 28px;text-align: center\"><span style=\"color: #000000;font-family: Book Antiqua, Palatino;font-size: 14pt\">Directeur de labo de sciences du langage<\/span><\/td>\n<\/tr>\n<tr style=\"height: 28px\">\n<td style=\"width: 257.6px;height: 28px;text-align: center\"><span style=\"font-family: Book Antiqua, Palatino;font-size: 14pt;color: #000000\">ABIZA Aicha<\/span><\/td>\n<td style=\"width: 429.4px;height: 28px;text-align: center\"><span style=\"color: #000000;font-family: Book Antiqua, Palatino;font-size: 14pt\">Directeur de labo de linguistique contrastive et analyse du discours<\/span><\/td>\n<\/tr>\n<tr style=\"height: 28px\">\n<td style=\"width: 257.6px;height: 28px;text-align: center\"><span style=\"font-family: Book Antiqua, Palatino;font-size: 14pt;color: #000000\">LAHCENE Chahrazad<\/span><\/td>\n<td style=\"width: 429.4px;height: 28px;text-align: center\"><span style=\"font-family: Book Antiqua, Palatino;font-size: 14pt;color: #000000\">Directeur de labo approches interdisciplinaires et langues \u00e9trang\u00e9res<\/span><\/td>\n<\/tr>\n<tr style=\"height: 28px\">\n<td style=\"width: 257.6px;height: 53px;text-align: center\"><span style=\"font-family: Book Antiqua, Palatino;font-size: 14pt;color: #000000\">GHRIBI Kheira<\/span><\/td>\n<td style=\"width: 429.4px;height: 53px;text-align: center\"><span style=\"font-family: Book Antiqua, Palatino;font-size: 14pt;color: #000000\">Repr\u00e9sentant des enseignants de rang magistral du d\u00e9partement de Lettres et de langue arabes<\/span><\/td>\n<\/tr>\n<tr style=\"height: 28px\">\n<td style=\"width: 257.6px;height: 10px;text-align: center\"><\/td>\n<td style=\"width: 429.4px;height: 10px;text-align: center\"><\/td>\n<\/tr>\n<tr style=\"height: 28px\">\n<td style=\"width: 257.6px;height: 28px;text-align: center\"><span style=\"font-family: Book Antiqua, Palatino;font-size: 14pt;color: #000000\">GASMI Moustapha<\/span><\/td>\n<td style=\"width: 429.4px;height: 28px;text-align: center\"><span style=\"font-family: Book Antiqua, Palatino;font-size: 14pt;color: #000000\">Repr\u00e9sentant des enseignants de rang magistral du d\u00e9partement de Lettres et de langue arabes<\/span><\/td>\n<\/tr>\n<tr style=\"height: 28px\">\n<td style=\"width: 257.6px;height: 28px;text-align: center\"><span style=\"font-family: Book Antiqua, Palatino;font-size: 14pt;color: #000000\">GUERBA Abderhamane<\/span><\/td>\n<td style=\"width: 429.4px;height: 28px;text-align: center\"><span style=\"font-family: Book Antiqua, Palatino;font-size: 14pt;color: #000000\">Repr\u00e9sentant des ma\u00eetres assistants<\/span><\/td>\n<\/tr>\n<tr style=\"height: 28px\">\n<td style=\"width: 257.6px;height: 28px;text-align: center\"><span style=\"font-family: Book Antiqua, Palatino;font-size: 14pt;color: #000000\">NOUIOUA Amira<\/span><\/td>\n<td style=\"width: 429.4px;height: 28px;text-align: center\"><span style=\"font-family: Book Antiqua, Palatino;font-size: 14pt;color: #000000\">Repr\u00e9sentant des ma\u00eetres assistants<\/span><\/td>\n<\/tr>\n<tr style=\"height: 28px\">\n<td style=\"width: 257.6px;height: 28px;text-align: center\"><span style=\"font-family: Book Antiqua, Palatino;font-size: 14pt;color: #000000\">GUELOUMA Yasmine<\/span><\/td>\n<td style=\"width: 429.4px;height: 28px;text-align: center\"><span style=\"font-family: Book Antiqua, Palatino;font-size: 14pt;color: #000000\">Repr\u00e9sentant des \u00e9tudiants du d\u00e9partement de Lettres et de langue arabes<\/span><\/td>\n<\/tr>\n<tr style=\"height: 56px\">\n<td style=\"width: 257.6px;height: 56px;text-align: center\"><span style=\"font-family: Book Antiqua, Palatino;font-size: 14pt;color: #000000\">ZAABTA Alarbie<\/span><\/td>\n<td style=\"width: 429.4px;height: 56px;text-align: center\"><span style=\"font-family: Book Antiqua, Palatino;font-size: 14pt;color: #000000\">Repr\u00e9sentant des \u00e9tudiants du d\u00e9partement d&rsquo;anglais<\/span><\/td>\n<\/tr>\n<tr style=\"height: 56px\">\n<td style=\"width: 257.6px;height: 56px;text-align: center\"><span style=\"font-family: Book Antiqua, Palatino;font-size: 14pt;color: #000000\">GIBADJ Aicha Inase<\/span><\/td>\n<td style=\"width: 429.4px;height: 56px;text-align: center\"><span style=\"font-family: Book Antiqua, Palatino;font-size: 14pt;color: #000000\">Repr\u00e9sentant des \u00e9tudiants du d\u00e9partement de francais<\/span><\/td>\n<\/tr>\n<tr style=\"height: 28px\">\n<td style=\"width: 257.6px;height: 28px;text-align: center\"><span style=\"font-family: Book Antiqua, Palatino;font-size: 14pt;color: #000000\">LARA Younes<\/span><\/td>\n<td style=\"width: 429.4px;height: 28px;text-align: center\"><span style=\"font-family: Book Antiqua, Palatino;font-size: 14pt;color: #000000\">Repr\u00e9sentant des \u00e9tudiants du d\u00e9partement d&rsquo;espagnole<\/span><\/td>\n<\/tr>\n<tr style=\"height: 28px\">\n<td style=\"width: 257.6px;height: 28px;text-align: center\"><span style=\"font-family: Book Antiqua, Palatino;font-size: 14pt;color: #000000\">KHATOUI ALaid <\/span><\/td>\n<td style=\"width: 429.4px;height: 28px;text-align: center\"><span style=\"font-family: Book Antiqua, Palatino;font-size: 14pt;color: #000000\">Repr\u00e9sentant des fonctionnaires administratifs, techniques et des employ\u00e9s des services<\/span><\/td>\n<\/tr>\n<tr style=\"height: 56px\">\n<td style=\"width: 257.6px;text-align: center;height: 56px\"><span style=\"font-family: Book Antiqua, Palatino;font-size: 14pt;color: #000000\">BOUDERBALA Nabil<\/span><\/td>\n<td style=\"width: 429.4px;text-align: center;height: 56px\"><span style=\"font-family: Book Antiqua, Palatino;font-size: 14pt;color: #000000\">Repr\u00e9sentant des fonctionnaires administratifs, techniques et des employ\u00e9s des services<\/span><\/td>\n<\/tr>\n<\/tbody>\n<\/table>\n<p>&nbsp;<\/p>\n","protected":false},"excerpt":{"rendered":"<p>&nbsp; Conseil de la facult\u00e9 Nom et Pr\u00e9nom Grade ]DADOUNE Messaoud \u00a0Doyen de facult\u00e9(pr\u00e9sident) BEDIAR Bachir Pr\u00e9sident du conseil scientifique BEDARNIA Mebarka Vice doyen charg\u00e9e de la post de graduation OTHMANI Boularbeh Vice doyen charg\u00e9e de la p\u00e9dagogie LAKHDARI Ali Chef d\u00e9partement de langue et lettre arab NOUIOUA Amira Chef d\u00e9partement d\u2019anglais KHENCHA Tayab Chef [&hellip;]<\/p>\n","protected":false},"author":1,"featured_media":0,"parent":0,"menu_order":0,"comment_status":"closed","ping_status":"closed","template":"elementor_header_footer","meta":{"_exactmetrics_skip_tracking":false,"_exactmetrics_sitenote_active":false,"_exactmetrics_sitenote_note":"","_exactmetrics_sitenote_category":0,"footnotes":""},"coauthors":[217,529],"class_list":["post-7567","page","type-page","status-publish","hentry"],"_links":{"self":[{"href":"http:\/\/lagh-univ.dz\/fr\/wp-json\/wp\/v2\/pages\/7567","targetHints":{"allow":["GET"]}}],"collection":[{"href":"http:\/\/lagh-univ.dz\/fr\/wp-json\/wp\/v2\/pages"}],"about":[{"href":"http:\/\/lagh-univ.dz\/fr\/wp-json\/wp\/v2\/types\/page"}],"author":[{"embeddable":true,"href":"http:\/\/lagh-univ.dz\/fr\/wp-json\/wp\/v2\/users\/1"}],"replies":[{"embeddable":true,"href":"http:\/\/lagh-univ.dz\/fr\/wp-json\/wp\/v2\/comments?post=7567"}],"version-history":[{"count":17,"href":"http:\/\/lagh-univ.dz\/fr\/wp-json\/wp\/v2\/pages\/7567\/revisions"}],"predecessor-version":[{"id":68522,"href":"http:\/\/lagh-univ.dz\/fr\/wp-json\/wp\/v2\/pages\/7567\/revisions\/68522"}],"wp:attachment":[{"href":"http:\/\/lagh-univ.dz\/fr\/wp-json\/wp\/v2\/media?parent=7567"}],"wp:term":[{"taxonomy":"author","embeddable":true,"href":"http:\/\/lagh-univ.dz\/fr\/wp-json\/wp\/v2\/coauthors?post=7567"}],"curies":[{"name":"wp","href":"https:\/\/api.w.org\/{rel}","templated":true}]}}