{"id":7569,"date":"2018-07-18T19:02:15","date_gmt":"2018-07-18T21:02:15","guid":{"rendered":"http:\/\/lagh-univ.dz\/langue-faculte-conseil-scientifque\/"},"modified":"2025-09-15T08:48:54","modified_gmt":"2025-09-15T07:48:54","slug":"langue-faculte-conseil-scientifque","status":"publish","type":"page","link":"http:\/\/lagh-univ.dz\/fr\/langue-faculte-conseil-scientifque\/","title":{"rendered":"Langue-Facult\u00e9- conseil scientifque"},"content":{"rendered":"<p dir=\"ltr\" style=\"text-align: center\"><span style=\"font-size: 18pt\"><strong><span style=\"font-family: 'Book Antiqua', Palatino;color: #000000\">\u00a0 \u00a0 \u00a0 \u00a0 \u00a0 \u00a0 \u00a0 \u00a0 \u00a0<\/span><\/strong><\/span><span style=\"text-decoration: underline\"><span style=\"font-size: 18pt\"><strong><span style=\"font-family: 'Book Antiqua', Palatino;color: #000000;text-decoration: underline\">Conseil scientifque de la facult\u00e9<\/span><\/strong><\/span><\/span><\/p>\n<p dir=\"ltr\"><span style=\"color: #000000;font-family: Book Antiqua, Palatino\"><strong>Pr\u00e9sident du conseil scientifique:<\/strong>BEDYAR Bachir<\/span><\/p>\n<p dir=\"ltr\"><span style=\"color: #000000;font-family: Book Antiqua, Palatino\"><strong>Email<\/strong>:b.bediar@lagh-univ.dz<\/span><\/p>\n<table style=\"width: 90.3041%;border-color: #000000;height: 961px\" width=\"90.3041%\">\n<tbody>\n<tr style=\"height: 25px\">\n<td style=\"width: 7.13324%;background-color: #64afcc;height: 25px\" width=\"50\"><span style=\"font-family: Book Antiqua, Palatino;color: #000000\"><strong>N\u00b0<\/strong><\/span><\/td>\n<td style=\"width: 29.8666%;background-color: #64afcc;height: 25px;text-align: center\" width=\"145\"><span style=\"font-family: Book Antiqua, Palatino;color: #000000\"><strong>Nom et Pr\u00e9nom<\/strong><\/span><\/td>\n<td style=\"width: 61.6542%;background-color: #64afcc;height: 25px;text-align: center\" width=\"545\"><span style=\"font-family: Book Antiqua, Palatino;color: #000000\"><strong>Poste occup\u00e9<\/strong><\/span><\/td>\n<\/tr>\n<tr style=\"height: 25px\">\n<td style=\"width: 7.13324%;height: 25px\" width=\"50\"><span style=\"font-family: Book Antiqua, Palatino;color: #000000\"><strong>1<\/strong><\/span><\/td>\n<td style=\"width: 29.8666%;height: 25px;text-align: center\" width=\"145\"><span style=\"font-family: Book Antiqua, Palatino;color: #000000\">BEDYAR Bachir<\/span><\/td>\n<td style=\"width: 61.6542%;height: 25px;text-align: center\" width=\"545\"><span style=\"font-family: Book Antiqua, Palatino;color: #000000\"><strong>Pr\u00e9sident du conseil scientifique<\/strong><\/span><\/td>\n<\/tr>\n<tr style=\"height: 25px\">\n<td style=\"width: 7.13324%;height: 25px\" width=\"50\"><span style=\"font-family: Book Antiqua, Palatino;color: #000000\"><strong>2<\/strong><\/span><\/td>\n<td style=\"width: 29.8666%;height: 25px;text-align: center\" width=\"145\"><span style=\"font-family: Book Antiqua, Palatino;color: #000000\">DADOUNE Messaoud<\/span><\/td>\n<td style=\"width: 61.6542%;height: 25px;text-align: center\" width=\"545\"><span style=\"font-family: Book Antiqua, Palatino;color: #000000\"><strong>Doyen de facult\u00e9<\/strong><\/span><\/td>\n<\/tr>\n<tr style=\"height: 25px\">\n<td style=\"width: 7.13324%;height: 25px\" width=\"50\"><span style=\"font-family: Book Antiqua, Palatino;color: #000000\"><strong>3<\/strong><\/span><\/td>\n<td style=\"width: 29.8666%;height: 25px;text-align: center\" width=\"145\"><span style=\"font-family: Book Antiqua, Palatino;color: #000000\">BEDARNIA MEBARKA<br \/>\n<\/span><\/td>\n<td style=\"width: 61.6542%;height: 25px;text-align: center\" width=\"545\"><span style=\"font-family: Book Antiqua, Palatino;color: #000000\"><strong>Vice doyen charge de la poste de graduation<\/strong><\/span><\/td>\n<\/tr>\n<tr style=\"height: 25px\">\n<td style=\"width: 7.13324%;height: 25px\" width=\"50\"><span style=\"font-family: Book Antiqua, Palatino;color: #000000\"><strong>4<\/strong><\/span><\/td>\n<td style=\"width: 29.8666%;height: 25px;text-align: center\" width=\"145\"><span style=\"font-family: Book Antiqua, Palatino;color: #000000\">OTHMANI Boularbeh<br \/>\n<\/span><\/td>\n<td style=\"width: 61.6542%;height: 25px;text-align: center\" width=\"545\"><span style=\"font-family: Book Antiqua, Palatino;color: #000000\"><strong>Vice doyen charge de la p\u00e9dagogie<\/strong><\/span><\/td>\n<\/tr>\n<tr style=\"height: 25px\">\n<td style=\"width: 7.13324%;height: 25px\" width=\"50\"><span style=\"font-family: Book Antiqua, Palatino;color: #000000\"><strong>5<\/strong><\/span><\/td>\n<td style=\"width: 29.8666%;height: 25px;text-align: center\" width=\"145\"><span style=\"font-family: Book Antiqua, Palatino;color: #000000\">LAKHDARI ALI<br \/>\n<\/span><\/td>\n<td style=\"width: 61.6542%;height: 25px;text-align: center\" width=\"545\"><span style=\"font-family: Book Antiqua, Palatino;color: #000000\"><strong>Chef d\u00e9partement de langue et de lettres arabes<\/strong><\/span><\/td>\n<\/tr>\n<tr style=\"height: 25px\">\n<td style=\"width: 7.13324%;height: 25px\" width=\"50\"><span style=\"font-family: Book Antiqua, Palatino;color: #000000\"><strong>6<\/strong><\/span><\/td>\n<td style=\"width: 29.8666%;height: 25px;text-align: center\" width=\"145\"><span style=\"font-family: Book Antiqua, Palatino;color: #000000\">KHENCHA TAYAB<\/span><\/td>\n<td style=\"width: 61.6542%;height: 25px;text-align: center\" width=\"545\"><span style=\"font-family: Book Antiqua, Palatino;color: #000000\"><strong>Chef d\u00e9partement de langue fran\u00e7aise<\/strong><\/span><\/td>\n<\/tr>\n<tr style=\"height: 25px\">\n<td style=\"width: 7.13324%;height: 25px\" width=\"50\"><span style=\"font-family: Book Antiqua, Palatino;color: #000000\"><strong>7<\/strong><\/span><\/td>\n<td style=\"width: 29.8666%;height: 25px;text-align: center\" width=\"145\"><span style=\"font-family: Book Antiqua, Palatino;color: #000000\">NOUIOUA Amira<\/span><\/td>\n<td style=\"width: 61.6542%;height: 25px;text-align: center\" width=\"545\"><span style=\"font-family: Book Antiqua, Palatino;color: #000000\"><strong>Chef d\u00e9partement de langue anglais<\/strong><\/span><\/td>\n<\/tr>\n<tr style=\"height: 25px\">\n<td style=\"width: 7.13324%;height: 25px\" width=\"50\"><span style=\"font-family: Book Antiqua, Palatino;color: #000000\"><strong>8<\/strong><\/span><\/td>\n<td style=\"width: 29.8666%;height: 25px;text-align: center\" width=\"145\"><span style=\"font-family: Book Antiqua, Palatino;color: #000000\">GUERBA Abderahmane<br \/>\n<\/span><\/td>\n<td style=\"width: 61.6542%;height: 25px;text-align: center\" width=\"545\"><span style=\"font-family: Book Antiqua, Palatino;color: #000000\"><strong>Chef d\u00e9partement de langue espagnole<\/strong><\/span><\/td>\n<\/tr>\n<tr style=\"height: 25px\">\n<td style=\"width: 7.13324%;height: 25px\" width=\"50\"><span style=\"font-family: Book Antiqua, Palatino;color: #000000\"><strong>9<\/strong><\/span><\/td>\n<td style=\"width: 29.8666%;height: 25px;text-align: center\" width=\"145\"><span style=\"font-family: Book Antiqua, Palatino;color: #000000\">NOUIOUA Amira<\/span><\/td>\n<td style=\"width: 61.6542%;height: 25px;text-align: center\" width=\"545\"><span style=\"font-family: Book Antiqua, Palatino;color: #000000\"><strong>Chef du d\u00e9partement de traduction<\/strong><\/span><\/td>\n<\/tr>\n<tr style=\"height: 51px\">\n<td style=\"width: 7.13324%;height: 51px\" width=\"50\"><span style=\"font-family: Book Antiqua, Palatino;color: #000000\"><strong>9<\/strong><\/span><\/td>\n<td style=\"width: 29.8666%;height: 51px;text-align: center\" width=\"145\"><span style=\"font-family: Book Antiqua, Palatino;color: #000000\">BEN ALI Slimane<\/span><\/td>\n<td style=\"width: 61.6542%;height: 51px;text-align: center\" width=\"545\"><span style=\"font-family: Book Antiqua, Palatino;color: #000000\"><strong>Chef de comit\u00e9 scientifique du d\u00e9partement de langue et lettres arabes<\/strong><\/span><\/td>\n<\/tr>\n<tr style=\"height: 51px\">\n<td style=\"width: 7.13324%;height: 51px\" width=\"50\"><span style=\"font-family: Book Antiqua, Palatino;color: #000000\"><strong>10<\/strong><\/span><\/td>\n<td style=\"width: 29.8666%;height: 51px;text-align: center\" width=\"145\"><span style=\"font-family: Book Antiqua, Palatino;color: #000000\">SALET Amel<\/span><\/td>\n<td style=\"width: 61.6542%;height: 51px;text-align: center\" width=\"545\"><span style=\"font-family: Book Antiqua, Palatino;color: #000000\"><strong>Chef de comit\u00e9 scientifique du d\u00e9partement de langue francaise<\/strong><\/span><\/td>\n<\/tr>\n<tr style=\"height: 51px\">\n<td style=\"width: 7.13324%;height: 51px\" width=\"50\"><span style=\"font-family: Book Antiqua, Palatino;color: #000000\"><strong>11<\/strong><\/span><\/td>\n<td style=\"width: 29.8666%;height: 51px;text-align: center\" width=\"145\"><span style=\"font-family: Book Antiqua, Palatino;color: #000000\">AFKIR Mohamed<\/span><\/td>\n<td style=\"width: 61.6542%;height: 51px;text-align: center\" width=\"545\"><span style=\"font-family: Book Antiqua, Palatino;color: #000000\"><strong>Chef de comit\u00e9 scientifique du d\u00e9partement de langue\u00a0 francaise<br \/>\n<\/strong><\/span><\/td>\n<\/tr>\n<tr style=\"height: 51px\">\n<td style=\"width: 7.13324%;height: 51px\" width=\"50\"><span style=\"font-family: Book Antiqua, Palatino;color: #000000\"><strong>12<\/strong><\/span><\/td>\n<td style=\"width: 29.8666%;height: 51px;text-align: center\" width=\"145\"><span style=\"font-family: Book Antiqua, Palatino;color: #000000\">CHADLI Omar<\/span><\/td>\n<td style=\"width: 61.6542%;height: 51px;text-align: center\" width=\"545\"><span style=\"font-family: Book Antiqua, Palatino;color: #000000\"><strong>Chef de comit\u00e9 scientifique du d\u00e9partement de langue espagnole<\/strong><\/span><\/td>\n<\/tr>\n<tr style=\"height: 51px\">\n<td style=\"width: 7.13324%;height: 51px\" width=\"50\"><span style=\"font-family: Book Antiqua, Palatino;color: #000000\"><strong>13<\/strong><\/span><\/td>\n<td style=\"width: 29.8666%;height: 51px;text-align: center\" width=\"145\"><span style=\"font-family: Book Antiqua, Palatino;color: #000000\">CHTIK Youcef<\/span><\/td>\n<td style=\"width: 61.6542%;height: 51px;text-align: center\" width=\"545\"><span style=\"font-family: Book Antiqua, Palatino;color: #000000\"><strong>Repr\u00e9sentant des enseignants de rang magistral du d\u00e9partement de Lettres et de langue arabes<\/strong><\/span><\/td>\n<\/tr>\n<tr style=\"height: 51px\">\n<td style=\"width: 7.13324%;height: 51px\" width=\"50\"><span style=\"font-family: Book Antiqua, Palatino;color: #000000\"><strong>14<\/strong><\/span><\/td>\n<td style=\"width: 29.8666%;height: 51px;text-align: center\" width=\"145\"><span style=\"font-family: Book Antiqua, Palatino;color: #000000\">BOUMADYANE Houda<\/span><\/td>\n<td style=\"width: 61.6542%;height: 51px;text-align: center\" width=\"545\"><span style=\"font-family: Book Antiqua, Palatino;color: #000000\"><strong>Repr\u00e9sentant des enseignants de rang magistral du d\u00e9partement de langue anglaise<\/strong><\/span><\/td>\n<\/tr>\n<tr style=\"height: 51px\">\n<td style=\"width: 7.13324%;height: 51px\" width=\"50\"><span style=\"font-family: Book Antiqua, Palatino;color: #000000\"><strong>15<\/strong><\/span><\/td>\n<td style=\"width: 29.8666%;height: 51px;text-align: center\" width=\"145\"><span style=\"font-family: Book Antiqua, Palatino;color: #000000\">ARIBI Ibrahim<\/span><\/td>\n<td style=\"width: 61.6542%;height: 51px;text-align: center\" width=\"545\"><span style=\"font-family: Book Antiqua, Palatino;color: #000000\"><strong>Repr\u00e9sentant des enseignants de rang magistral du d\u00e9partement de langue anglais<\/strong><\/span><\/td>\n<\/tr>\n<tr style=\"height: 51px\">\n<td style=\"width: 7.13324%;height: 51px\" width=\"50\"><span style=\"font-family: Book Antiqua, Palatino;color: #000000\"><strong>16<\/strong><\/span><\/td>\n<td style=\"width: 29.8666%;height: 51px;text-align: center\" width=\"145\"><span style=\"font-family: Book Antiqua, Palatino;color: #000000\">KHNIFER Abdelwahed<\/span><\/td>\n<td style=\"width: 61.6542%;height: 51px;text-align: center\" width=\"545\"><span style=\"font-family: Book Antiqua, Palatino;color: #000000\"><strong>Repr\u00e9sentant des enseignants de rang magistral du d\u00e9partement de langue francais<\/strong><\/span><\/td>\n<\/tr>\n<tr style=\"height: 51px\">\n<td style=\"width: 7.13324%;height: 51px\" width=\"50\"><span style=\"font-family: Book Antiqua, Palatino;color: #000000\"><strong>17<\/strong><\/span><\/td>\n<td style=\"width: 29.8666%;height: 51px;text-align: center\" width=\"145\"><span style=\"font-family: Book Antiqua, Palatino;color: #000000\">NADIR Rachid<\/span><\/td>\n<td style=\"width: 61.6542%;height: 51px;text-align: center\" width=\"545\"><span style=\"font-family: Book Antiqua, Palatino;color: #000000\"><strong>Repr\u00e9sentant des enseignants de rang magistral du d\u00e9partement de langue espagnole<\/strong><\/span><\/td>\n<\/tr>\n<tr style=\"height: 25px\">\n<td style=\"width: 7.13324%;height: 25px\" width=\"50\"><span style=\"font-family: Book Antiqua, Palatino;color: #000000\"><strong>18<\/strong><\/span><\/td>\n<td style=\"width: 29.8666%;height: 25px;text-align: center\" width=\"145\"><span style=\"font-family: Book Antiqua, Palatino;color: #000000\">MAHI Amina Nadya<\/span><\/td>\n<td style=\"width: 61.6542%;height: 25px;text-align: center\" width=\"545\"><span style=\"font-family: Book Antiqua, Palatino;color: #000000\"><strong>Repr\u00e9sentant des ma\u00eetres assistants<\/strong><\/span><\/td>\n<\/tr>\n<tr style=\"height: 25px\">\n<td style=\"width: 7.13324%;height: 25px\" width=\"50\"><span style=\"font-family: Book Antiqua, Palatino;color: #000000\"><strong>19<\/strong><\/span><\/td>\n<td style=\"width: 29.8666%;height: 25px;text-align: center\" width=\"145\"><span style=\"font-family: Book Antiqua, Palatino;color: #000000\">BEN AICHA Nadya<\/span><\/td>\n<td style=\"width: 61.6542%;height: 25px;text-align: center\" width=\"545\"><span style=\"font-family: Book Antiqua, Palatino;color: #000000\"><strong>Repr\u00e9sentant des ma\u00eetres assistants<\/strong><\/span><\/td>\n<\/tr>\n<tr style=\"height: 25px\">\n<td style=\"width: 7.13324%;height: 25px\" width=\"50\"><span style=\"font-family: Book Antiqua, Palatino;color: #000000\"><strong>20<\/strong><\/span><\/td>\n<td style=\"width: 29.8666%;height: 25px;text-align: center\" width=\"145\"><span style=\"font-family: Book Antiqua, Palatino;color: #000000\">GRIBIZ Mohamed<\/span><\/td>\n<td style=\"width: 61.6542%;height: 25px;text-align: center\" width=\"545\"><span style=\"font-family: Book Antiqua, Palatino;color: #000000\"><strong>Directeur de labo de langue arab<\/strong><\/span><\/td>\n<\/tr>\n<tr style=\"height: 51px\">\n<td style=\"width: 7.13324%;height: 51px\" width=\"50\"><span style=\"font-family: Book Antiqua, Palatino;color: #000000\"><strong>21<\/strong><\/span><\/td>\n<td style=\"width: 29.8666%;height: 51px;text-align: center\" width=\"145\"><span style=\"font-family: Book Antiqua, Palatino;color: #000000\">ABIZA Aicha<\/span><\/td>\n<td style=\"width: 61.6542%;height: 51px;text-align: center\" width=\"545\"><span style=\"font-family: Book Antiqua, Palatino;color: #000000\"><strong>Directeur de labo de linguistique contrastive et analyse de discours<\/strong><\/span><\/td>\n<\/tr>\n<tr style=\"height: 51px\">\n<td style=\"width: 7.13324%;height: 51px\" width=\"50\"><span style=\"font-family: Book Antiqua, Palatino;color: #000000\"><strong>22<\/strong><\/span><\/td>\n<td style=\"width: 29.8666%;height: 51px;text-align: center\" width=\"145\"><span style=\"font-family: Book Antiqua, Palatino;color: #000000\">BOUGRINE Boubaker<\/span><\/td>\n<td style=\"width: 61.6542%;height: 51px;text-align: center\" width=\"545\"><span style=\"font-family: Book Antiqua, Palatino;color: #000000\"><strong>Directeur de labo de pragmatique linguistique et sp\u00e9cificit\u00e9s du langage<\/strong><\/span><\/td>\n<\/tr>\n<tr style=\"height: 25px\">\n<td style=\"width: 7.13324%;height: 25px\" width=\"50\"><span style=\"font-family: Book Antiqua, Palatino;color: #000000\"><strong>23<\/strong><\/span><\/td>\n<td style=\"width: 29.8666%;height: 25px;text-align: center\" width=\"145\"><span style=\"font-family: Book Antiqua, Palatino;color: #000000\">DJIRANE Mihoub<\/span><\/td>\n<td style=\"width: 61.6542%;height: 25px;text-align: center\" width=\"545\"><span style=\"font-family: Book Antiqua, Palatino;color: #000000\"><strong>Directeur de labo de sciences du langage<\/strong><\/span><\/td>\n<\/tr>\n<tr style=\"height: 25px\">\n<td style=\"width: 7.13324%;height: 25px\" width=\"50\"><span style=\"font-family: Book Antiqua, Palatino;color: #000000\"><strong>24<\/strong><\/span><\/td>\n<td style=\"width: 29.8666%;height: 25px;text-align: center\" width=\"145\"><span style=\"font-family: Book Antiqua, Palatino;color: #000000\">LAHCENE Chahrazad<\/span><\/td>\n<td style=\"width: 61.6542%;height: 25px;text-align: center\" width=\"545\"><span style=\"font-family: Book Antiqua, Palatino;color: #000000\"><strong>Directeur de labo<\/strong><\/span><\/td>\n<\/tr>\n<tr style=\"height: 25px\">\n<td style=\"width: 7.13324%;height: 25px\" width=\"50\"><span style=\"font-family: Book Antiqua, Palatino;color: #000000\"><strong>25<\/strong><\/span><\/td>\n<td style=\"width: 29.8666%;height: 25px;text-align: center\" width=\"145\"><span style=\"font-family: Book Antiqua, Palatino;color: #000000\">ATTIATE Benyoucef<\/span><\/td>\n<td style=\"width: 61.6542%;height: 25px;text-align: center\" width=\"545\"><span style=\"font-family: Book Antiqua, Palatino;color: #000000\"><strong>R\u00e9sponsable de la biblioth\u00e9que<\/strong><\/span><\/td>\n<\/tr>\n<\/tbody>\n<\/table>\n<p dir=\"ltr\"><span style=\"font-family: arabic-kufi;font-size: 14pt\"><strong>\u00a0 \u00a0\u00a0<\/strong><\/span><\/p>\n","protected":false},"excerpt":{"rendered":"<p>\u00a0 \u00a0 \u00a0 \u00a0 \u00a0 \u00a0 \u00a0 \u00a0 \u00a0Conseil scientifque de la facult\u00e9 Pr\u00e9sident du conseil scientifique:BEDYAR Bachir Email:b.bediar@lagh-univ.dz N\u00b0 Nom et Pr\u00e9nom Poste occup\u00e9 1 BEDYAR Bachir Pr\u00e9sident du conseil scientifique 2 DADOUNE Messaoud Doyen de facult\u00e9 3 BEDARNIA MEBARKA Vice doyen charge de la poste de graduation 4 OTHMANI Boularbeh Vice doyen charge [&hellip;]<\/p>\n","protected":false},"author":1,"featured_media":0,"parent":0,"menu_order":0,"comment_status":"closed","ping_status":"closed","template":"elementor_header_footer","meta":{"_exactmetrics_skip_tracking":false,"_exactmetrics_sitenote_active":false,"_exactmetrics_sitenote_note":"","_exactmetrics_sitenote_category":0,"footnotes":""},"coauthors":[217,529],"class_list":["post-7569","page","type-page","status-publish","hentry"],"_links":{"self":[{"href":"http:\/\/lagh-univ.dz\/fr\/wp-json\/wp\/v2\/pages\/7569","targetHints":{"allow":["GET"]}}],"collection":[{"href":"http:\/\/lagh-univ.dz\/fr\/wp-json\/wp\/v2\/pages"}],"about":[{"href":"http:\/\/lagh-univ.dz\/fr\/wp-json\/wp\/v2\/types\/page"}],"author":[{"embeddable":true,"href":"http:\/\/lagh-univ.dz\/fr\/wp-json\/wp\/v2\/users\/1"}],"replies":[{"embeddable":true,"href":"http:\/\/lagh-univ.dz\/fr\/wp-json\/wp\/v2\/comments?post=7569"}],"version-history":[{"count":20,"href":"http:\/\/lagh-univ.dz\/fr\/wp-json\/wp\/v2\/pages\/7569\/revisions"}],"predecessor-version":[{"id":68525,"href":"http:\/\/lagh-univ.dz\/fr\/wp-json\/wp\/v2\/pages\/7569\/revisions\/68525"}],"wp:attachment":[{"href":"http:\/\/lagh-univ.dz\/fr\/wp-json\/wp\/v2\/media?parent=7569"}],"wp:term":[{"taxonomy":"author","embeddable":true,"href":"http:\/\/lagh-univ.dz\/fr\/wp-json\/wp\/v2\/coauthors?post=7569"}],"curies":[{"name":"wp","href":"https:\/\/api.w.org\/{rel}","templated":true}]}}