{"id":7619,"date":"2018-07-21T11:33:47","date_gmt":"2018-07-21T11:33:47","guid":{"rendered":"https:\/\/lagh-univ.dz\/langue-departement-francais\/"},"modified":"2020-02-18T08:56:16","modified_gmt":"2020-02-18T10:56:16","slug":"langue-departement-francais","status":"publish","type":"page","link":"https:\/\/lagh-univ.dz\/fr\/langue-departement-francais\/","title":{"rendered":"Langue-Departement- fran\u00e7ais"},"content":{"rendered":"<p style=\"text-align: center\"><span style=\"text-decoration: underline;font-family: Book Antiqua, Palatino\"><span style=\"font-size: 18pt;color: #ff0000\"><strong>Pr\u00e9sentation du d\u00e9partement<\/strong><\/span><\/span><\/p>\n<p><img fetchpriority=\"high\" decoding=\"async\" class=\"size-medium wp-image-27066 aligncenter\" src=\"https:\/\/lagh-univ.dz\/wp-content\/uploads\/2020\/02\/\u0642\u0633\u0645-\u0627\u0644\u0641\u0631\u0646\u0633\u064a\u0629-\u0648-\u0627\u0644\u0627\u0646\u062c\u0644\u064a\u0632\u064a\u0629-300x228.jpg\" alt=\"\" width=\"300\" height=\"228\" srcset=\"https:\/\/lagh-univ.dz\/wp-content\/uploads\/2020\/02\/\u0642\u0633\u0645-\u0627\u0644\u0641\u0631\u0646\u0633\u064a\u0629-\u0648-\u0627\u0644\u0627\u0646\u062c\u0644\u064a\u0632\u064a\u0629-300x228.jpg 300w, https:\/\/lagh-univ.dz\/wp-content\/uploads\/2020\/02\/\u0642\u0633\u0645-\u0627\u0644\u0641\u0631\u0646\u0633\u064a\u0629-\u0648-\u0627\u0644\u0627\u0646\u062c\u0644\u064a\u0632\u064a\u0629-768x585.jpg 768w, https:\/\/lagh-univ.dz\/wp-content\/uploads\/2020\/02\/\u0642\u0633\u0645-\u0627\u0644\u0641\u0631\u0646\u0633\u064a\u0629-\u0648-\u0627\u0644\u0627\u0646\u062c\u0644\u064a\u0632\u064a\u0629-1024x779.jpg 1024w\" sizes=\"(max-width: 300px) 100vw, 300px\" \/><\/p>\n<div class=\"container\">\n<div class=\"row\">\n<div class=\"col-md-12 lightbox\">\n<p style=\"text-align: left\"><span style=\"font-family: Book Antiqua, Palatino;font-size: 14pt;color: #000000\"><strong>\u00a0<\/strong><\/span><\/p>\n<p style=\"text-align: left\"><span style=\"font-family: Book Antiqua, Palatino;font-size: 14pt;color: #000000\">Le d\u00e9partement de fran\u00e7ais a \u00e9t\u00e9 cr\u00e9\u00e9 l\u2019an 2009\/2010, offre une formation de licence et de master dans les trois sp\u00e9cialit\u00e9s (didactique, sciences du langage, litt\u00e9rature et civilisation) et comprend vingt-quatre enseignants permanents, un associ\u00e9 et deux vacataires<\/span><\/p>\n<\/div>\n<\/div>\n<\/div>\n<p style=\"text-align: justify\"><span style=\"color: #000000\"><span style=\"font-family: arabic-kufi;font-size: 14pt\">\u00a0<\/span><\/span><\/p>\n","protected":false},"excerpt":{"rendered":"<p>Pr\u00e9sentation du d\u00e9partement \u00a0 Le d\u00e9partement de fran\u00e7ais a \u00e9t\u00e9 cr\u00e9\u00e9 l\u2019an 2009\/2010, offre une formation de licence et de master dans les trois sp\u00e9cialit\u00e9s (didactique, sciences du langage, litt\u00e9rature et civilisation) et comprend vingt-quatre enseignants permanents, un associ\u00e9 et deux vacataires \u00a0<\/p>\n","protected":false},"author":17,"featured_media":0,"parent":0,"menu_order":0,"comment_status":"closed","ping_status":"closed","template":"elementor_header_footer","meta":{"_exactmetrics_skip_tracking":false,"_exactmetrics_sitenote_active":false,"_exactmetrics_sitenote_note":"","_exactmetrics_sitenote_category":0,"footnotes":""},"coauthors":[529],"class_list":["post-7619","page","type-page","status-publish","hentry"],"_links":{"self":[{"href":"https:\/\/lagh-univ.dz\/fr\/wp-json\/wp\/v2\/pages\/7619","targetHints":{"allow":["GET"]}}],"collection":[{"href":"https:\/\/lagh-univ.dz\/fr\/wp-json\/wp\/v2\/pages"}],"about":[{"href":"https:\/\/lagh-univ.dz\/fr\/wp-json\/wp\/v2\/types\/page"}],"author":[{"embeddable":true,"href":"https:\/\/lagh-univ.dz\/fr\/wp-json\/wp\/v2\/users\/17"}],"replies":[{"embeddable":true,"href":"https:\/\/lagh-univ.dz\/fr\/wp-json\/wp\/v2\/comments?post=7619"}],"version-history":[{"count":6,"href":"https:\/\/lagh-univ.dz\/fr\/wp-json\/wp\/v2\/pages\/7619\/revisions"}],"predecessor-version":[{"id":28642,"href":"https:\/\/lagh-univ.dz\/fr\/wp-json\/wp\/v2\/pages\/7619\/revisions\/28642"}],"wp:attachment":[{"href":"https:\/\/lagh-univ.dz\/fr\/wp-json\/wp\/v2\/media?parent=7619"}],"wp:term":[{"taxonomy":"author","embeddable":true,"href":"https:\/\/lagh-univ.dz\/fr\/wp-json\/wp\/v2\/coauthors?post=7619"}],"curies":[{"name":"wp","href":"https:\/\/api.w.org\/{rel}","templated":true}]}}