{"id":7625,"date":"2018-07-21T11:34:04","date_gmt":"2018-07-21T11:34:04","guid":{"rendered":"http:\/\/lagh-univ.dz\/langue-departement-francais-presentation\/"},"modified":"2020-01-28T20:14:10","modified_gmt":"2020-01-28T22:14:10","slug":"langue-departement-francais-presentation","status":"publish","type":"page","link":"http:\/\/lagh-univ.dz\/fr\/langue-departement-francais\/langue-departement-francais-presentation\/","title":{"rendered":"Langue-Departement- fran\u00e7ais-presentation"},"content":{"rendered":"<p style=\"text-align: center\"><span style=\"font-family: arabic-kufi;font-size: 14pt;color: #000000\"><strong>Pr\u00e9sentation du d\u00e9partement<\/strong><\/span><\/p>\n<p style=\"text-align: left\"><span style=\"font-family: arabic-kufi;font-size: 14pt;color: #000000\">Le d\u00e9partement de fran\u00e7ais a \u00e9t\u00e9 cr\u00e9\u00e9 l\u2019an 2009\/2010, offre une formation de licence et de master dans les trois sp\u00e9cialit\u00e9s (didactique, sciences du langage, litt\u00e9rature et civilisation) et comprend vingt-quatre enseignants permanents, un associ\u00e9 et deux vacataires.<\/span><\/p>\n","protected":false},"excerpt":{"rendered":"<p>Pr\u00e9sentation du d\u00e9partement Le d\u00e9partement de fran\u00e7ais a \u00e9t\u00e9 cr\u00e9\u00e9 l\u2019an 2009\/2010, offre une formation de licence et de master dans les trois sp\u00e9cialit\u00e9s (didactique, sciences du langage, litt\u00e9rature et civilisation) et comprend vingt-quatre enseignants permanents, un associ\u00e9 et deux vacataires.<\/p>\n","protected":false},"author":17,"featured_media":0,"parent":7619,"menu_order":0,"comment_status":"closed","ping_status":"closed","template":"elementor_header_footer","meta":{"_exactmetrics_skip_tracking":false,"_exactmetrics_sitenote_active":false,"_exactmetrics_sitenote_note":"","_exactmetrics_sitenote_category":0,"footnotes":""},"coauthors":[529],"class_list":["post-7625","page","type-page","status-publish","hentry"],"_links":{"self":[{"href":"http:\/\/lagh-univ.dz\/fr\/wp-json\/wp\/v2\/pages\/7625","targetHints":{"allow":["GET"]}}],"collection":[{"href":"http:\/\/lagh-univ.dz\/fr\/wp-json\/wp\/v2\/pages"}],"about":[{"href":"http:\/\/lagh-univ.dz\/fr\/wp-json\/wp\/v2\/types\/page"}],"author":[{"embeddable":true,"href":"http:\/\/lagh-univ.dz\/fr\/wp-json\/wp\/v2\/users\/17"}],"replies":[{"embeddable":true,"href":"http:\/\/lagh-univ.dz\/fr\/wp-json\/wp\/v2\/comments?post=7625"}],"version-history":[{"count":5,"href":"http:\/\/lagh-univ.dz\/fr\/wp-json\/wp\/v2\/pages\/7625\/revisions"}],"predecessor-version":[{"id":22143,"href":"http:\/\/lagh-univ.dz\/fr\/wp-json\/wp\/v2\/pages\/7625\/revisions\/22143"}],"up":[{"embeddable":true,"href":"http:\/\/lagh-univ.dz\/fr\/wp-json\/wp\/v2\/pages\/7619"}],"wp:attachment":[{"href":"http:\/\/lagh-univ.dz\/fr\/wp-json\/wp\/v2\/media?parent=7625"}],"wp:term":[{"taxonomy":"author","embeddable":true,"href":"http:\/\/lagh-univ.dz\/fr\/wp-json\/wp\/v2\/coauthors?post=7625"}],"curies":[{"name":"wp","href":"https:\/\/api.w.org\/{rel}","templated":true}]}}