{"id":7637,"date":"2018-07-18T18:59:00","date_gmt":"2018-07-18T20:59:00","guid":{"rendered":"http:\/\/lagh-univ.dz\/humaine-faculte-secretaire-generale\/"},"modified":"2024-11-20T10:23:58","modified_gmt":"2024-11-20T09:23:58","slug":"humaine-faculte-secretaire-generale","status":"publish","type":"page","link":"http:\/\/lagh-univ.dz\/fr\/humaine-faculte-secretaire-generale\/","title":{"rendered":"Humaine-Facult\u00e9-Secr\u00e9taire g\u00e9n\u00e9rale"},"content":{"rendered":"<p style=\"text-align: center\"><em><strong><span style=\"font-family: arabic-kufi;font-size: 14pt;color: #3366ff\">\u0627\u0644\u0623\u0645\u0627\u0646\u0629 \u0627\u0644\u0639\u0627\u0645\u0629 \u0644\u0644\u0643\u0644\u064a\u0629\u00a0<\/span><\/strong><\/em><\/p>\n<p><span style=\"font-family: arabic-kufi;font-size: 14pt\">\u00a0 \u064a\u0633\u0627\u0647\u0645 \u0645\u0643\u062a\u0628 \u0627\u0644\u0623\u0645\u0627\u0646\u0629 \u0627\u0644\u0639\u0627\u0645\u0629 \u0641\u064a \u0627\u0633\u062a\u0645\u0631\u0627\u0631\u064a\u0629 \u0627\u0644\u062a\u0646\u0645\u064a\u0629 \u0639\u0644\u0649 \u0645\u0633\u062a\u0648\u0649 \u0627\u0644\u0643\u0644\u064a\u0629\u060c \u0643\u0645\u0627 \u064a\u0633\u0647\u0631 \u0639\u0644\u0649 \u062d\u0645\u0627\u064a\u0629 \u062d\u0642\u0648\u0642\u0647\u0627 \u0639\u0628\u0631 \u0627\u0644\u0645\u062a\u0627\u0628\u0639\u0629 \u0627\u0644\u062f\u0642\u064a\u0642\u0629 \u0648 \u062a\u062d\u062f\u064a\u062b \u0633\u064a\u0627\u0633\u062a\u0647\u0627 \u0641\u064a \u0638\u0644 \u0627\u062d\u062a\u0631\u0627\u0645 \u0627\u0644\u0642\u0648\u0627\u0646\u064a\u0646 \u0627\u0644\u0645\u0639\u0645\u0648\u0644 \u0628\u0647\u0627.<\/span><\/p>\n<p><strong><span style=\"font-family: arabic-kufi;font-size: 14pt\">\u064a\u0631\u0623\u0633\u0647 \u0627\u0644\u0633\u064a\u062f :\u062c\u0645\u0627\u0644 \u0642\u0648\u0645\u064a\u0631\u064a\u00a0<\/span><\/strong><\/p>\n<p><strong><span style=\"font-family: arabic-kufi;font-size: 14pt\">\u0627\u0644\u0627\u064a\u0645\u064a\u0644 :\u00a0d.goumiri@lagh-univ.dz\u00a0\u00a0<\/span><\/strong><\/p>\n<p><strong><span style=\"font-family: arabic-kufi;font-size: 14pt\">\u062a\u062a\u0643\u0641\u0644 \u0627\u0644\u0623\u0645\u0627\u0646\u0629 \u0627\u0644\u0639\u0627\u0645\u0629 \u0628\u0645\u0627 \u064a\u0623\u062a\u064a :<\/span><\/strong><\/p>\n<ul>\n<li><span style=\"font-family: arabic-kufi;font-size: 14pt\">\u062a\u062d\u0636\u064a\u0631 \u0645\u0634\u0631\u0648\u0639 \u0645\u062e\u0637\u0637 \u062a\u0633\u064a\u064a\u0631 \u0627\u0644\u0645\u0648\u0627\u0631\u062f \u0627\u0644\u0628\u0634\u0631\u064a\u0629 \u0644\u0644\u0643\u0644\u064a\u0629 \u0648 \u0636\u0645\u0627\u0646 \u062a\u0646\u0641\u064a\u0630\u0647<\/span><\/li>\n<li><span style=\"font-family: arabic-kufi;font-size: 14pt\">\u062a\u0633\u064a\u064a\u0631 \u0627\u0644\u0645\u0633\u0627\u0631 \u0627\u0644\u0645\u0647\u0646\u064a \u0644\u0645\u0633\u062a\u062e\u062f\u0645\u064a \u0627\u0644\u0643\u0644\u064a\u0629<\/span><\/li>\n<li><span style=\"font-family: arabic-kufi;font-size: 14pt\">\u0636\u0645\u0627\u0646 \u062a\u0633\u064a\u064a\u0631 \u0627\u0644\u0623\u0631\u0634\u064a\u0641 \u0648 \u062a\u0648\u062b\u064a\u0642 \u0627\u0644\u0643\u0644\u064a\u0629 \u0648 \u0627\u0644\u0645\u062d\u0627\u0641\u0638\u0629 \u0639\u0644\u064a\u0647\u0645\u0627.<\/span><\/li>\n<li><span style=\"font-family: arabic-kufi;font-size: 14pt\">\u062a\u062d\u0636\u064a\u0631 \u0645\u0634\u0631\u0648\u0639 \u0645\u064a\u0632\u0627\u0646\u064a\u0629 \u0627\u0644\u0643\u0644\u064a\u0629 \u0648 \u0636\u0645\u0627\u0646 \u062a\u0646\u0641\u064a\u0630\u0647.<\/span><\/li>\n<li><span style=\"font-family: arabic-kufi;font-size: 14pt\">\u062a\u0631\u0642\u064a\u0629 \u0627\u0644\u0623\u0646\u0634\u0637\u0629 \u0627\u0644\u0639\u0644\u0645\u064a\u0629 \u0648 \u0627\u0644\u062b\u0642\u0627\u0641\u064a\u0629 \u0648 \u0627\u0644\u0631\u064a\u0627\u0636\u064a\u0629 \u0644\u0641\u0627\u0626\u062f\u0629 \u0627\u0644\u0637\u0644\u0628\u0629 \u0628\u0627\u0644\u062a\u0646\u0633\u064a\u0642 \u0645\u0639 \u0627\u0644\u0647\u064a\u0626\u0627\u062a \u0627\u0644\u0645\u0639\u0646\u064a\u0629 \u0644\u0645\u062f\u064a\u0631\u064a\u0629 \u0627\u0644\u062c\u0627\u0645\u0639\u0629.<\/span><\/li>\n<li><span style=\"font-family: arabic-kufi;font-size: 14pt\">\u062a\u0633\u064a\u064a\u0631 \u0627\u0644\u0648\u0633\u0627\u0626\u0644 \u0627\u0644\u0645\u0646\u0642\u0648\u0644\u0629 \u0648 \u0627\u0644\u0639\u0642\u0627\u0631\u064a\u0629 \u0644\u0644\u0643\u0644\u064a\u0629 \u0648 \u0627\u0644\u0633\u0647\u0631 \u0639\u0644\u0649 \u0635\u064a\u0627\u0646\u062a\u0647\u0627.<\/span><\/li>\n<li><span style=\"font-family: arabic-kufi;font-size: 14pt\">\u0636\u0645\u0627\u0646 \u062a\u0646\u0641\u064a\u0630 \u0645\u062e\u0637\u0637 \u0627\u0644\u0623\u0645\u0646 \u0627\u0644\u062f\u0627\u062e\u0644\u064a \u0644\u0644\u0643\u0644\u064a\u0629.<\/span><\/li>\n<\/ul>\n<p><strong><span style=\"font-family: arabic-kufi;font-size: 14pt\">\u062a\u0634\u0645\u0644 \u0627\u0644\u0623\u0645\u0627\u0646\u0629 \u0627\u0644\u0639\u0627\u0645\u0629\u00a0\u0645\u0643\u062a\u0628 \u0627\u0644\u0623\u0645\u064a\u0646 \u0627\u0644\u0639\u0627\u0645 \u0648 \u0643\u0630\u0627 \u0627\u0644\u0645\u0635\u0627\u0644\u062d \u0627\u0644\u062a\u0627\u0644\u064a\u0629 :<\/span><\/strong><\/p>\n<p><strong><span style=\"font-family: arabic-kufi;font-size: 14pt\">\u0645\u0635\u0644\u062d\u0629 \u0627\u0644\u0645\u0648\u0638\u0641\u064a\u0646 \u0648 \u0627\u0644\u0645\u0633\u062a\u062e\u062f\u0645\u064a\u0646 \u064a\u0631\u0623\u0633\u0647\u0627 \u0627\u0644\u0633\u064a\u062f :\u0635\u0644\u0627\u062d \u0631\u0648\u062a\u0627\u0644<\/span><\/strong><\/p>\n<p><strong><span style=\"font-family: arabic-kufi;font-size: 14pt\">\u0627\u0644\u0627\u064a\u0645\u064a\u0644 :\u00a0\u00a0s.routal@lagh-univ.dz<\/span><\/strong><\/p>\n<p><strong><span style=\"font-family: arabic-kufi;font-size: 14pt\">\u0645\u0635\u0644\u062d\u0629 \u00a0\u0627\u0644\u0645\u0627\u0644\u064a\u0629 \u0648 \u0627\u0644\u0645\u062d\u0627\u0633\u0628\u0629 \u064a\u0631\u0623\u0633\u0647\u0627 \u0627\u0644\u0633\u064a\u062f\u0629 :\u0632\u0639\u0627\u0628\u0637\u0629 \u0648\u062f\u0627\u062f<\/span><\/strong><\/p>\n<p><strong><span style=\"font-family: arabic-kufi;font-size: 14pt\">\u0627\u0644\u0627\u064a\u0645\u064a\u0644 :\u00a0<\/span><\/strong><\/p>\n<p><strong><span style=\"font-family: arabic-kufi;font-size: 14pt\">\u0645\u0635\u0644\u062d\u0629 \u00a0\u0627\u0644\u0648\u0633\u0627\u0626\u0644 \u0627\u0644\u0639\u0627\u0645\u0629 \u064a\u0631\u0623\u0633\u0647\u0627 \u0627\u0644\u0633\u064a\u062f : \u0628\u0646 \u0639\u0627\u0628\u062f \u0644\u0632\u0647\u0627\u0631\u064a<\/span><\/strong><\/p>\n<p><strong><span style=\"font-family: arabic-kufi;font-size: 14pt\">\u0627\u0644\u0627\u064a\u0645\u064a\u0644 :<\/span><\/strong><\/p>\n<p><strong><span style=\"font-family: arabic-kufi;font-size: 14pt\">\u0645\u0635\u0644\u062d\u0629 \u00a0\u0627\u0644\u0623\u0646\u0634\u0637\u0629 \u0627\u0644\u0639\u0644\u0645\u064a\u0629 \u0648 \u0627\u0644\u062b\u0642\u0627\u0641\u064a\u0629 \u0648 \u0627\u0644\u0631\u064a\u0627\u0636\u064a\u0629 \u064a\u0631\u0623\u0633\u0647\u0627<\/span><\/strong><\/p>\n<p><strong><span style=\"font-family: arabic-kufi;font-size: 14pt\">\u0627\u0644\u0627\u064a\u0645\u064a\u0644 :<\/span><\/strong><\/p>\n<p>&nbsp;<\/p>\n<p>&nbsp;<\/p>\n","protected":false},"excerpt":{"rendered":"<p>\u0627\u0644\u0623\u0645\u0627\u0646\u0629 \u0627\u0644\u0639\u0627\u0645\u0629 \u0644\u0644\u0643\u0644\u064a\u0629\u00a0 \u00a0 \u064a\u0633\u0627\u0647\u0645 \u0645\u0643\u062a\u0628 \u0627\u0644\u0623\u0645\u0627\u0646\u0629 \u0627\u0644\u0639\u0627\u0645\u0629 \u0641\u064a \u0627\u0633\u062a\u0645\u0631\u0627\u0631\u064a\u0629 \u0627\u0644\u062a\u0646\u0645\u064a\u0629 \u0639\u0644\u0649 \u0645\u0633\u062a\u0648\u0649 \u0627\u0644\u0643\u0644\u064a\u0629\u060c \u0643\u0645\u0627 \u064a\u0633\u0647\u0631 \u0639\u0644\u0649 \u062d\u0645\u0627\u064a\u0629 \u062d\u0642\u0648\u0642\u0647\u0627 \u0639\u0628\u0631 \u0627\u0644\u0645\u062a\u0627\u0628\u0639\u0629 \u0627\u0644\u062f\u0642\u064a\u0642\u0629 \u0648 \u062a\u062d\u062f\u064a\u062b \u0633\u064a\u0627\u0633\u062a\u0647\u0627 \u0641\u064a \u0638\u0644 \u0627\u062d\u062a\u0631\u0627\u0645 \u0627\u0644\u0642\u0648\u0627\u0646\u064a\u0646 \u0627\u0644\u0645\u0639\u0645\u0648\u0644 \u0628\u0647\u0627. \u064a\u0631\u0623\u0633\u0647 \u0627\u0644\u0633\u064a\u062f :\u062c\u0645\u0627\u0644 \u0642\u0648\u0645\u064a\u0631\u064a\u00a0 \u0627\u0644\u0627\u064a\u0645\u064a\u0644 :\u00a0d.goumiri@lagh-univ.dz\u00a0\u00a0 \u062a\u062a\u0643\u0641\u0644 \u0627\u0644\u0623\u0645\u0627\u0646\u0629 \u0627\u0644\u0639\u0627\u0645\u0629 \u0628\u0645\u0627 \u064a\u0623\u062a\u064a : \u062a\u062d\u0636\u064a\u0631 \u0645\u0634\u0631\u0648\u0639 \u0645\u062e\u0637\u0637 \u062a\u0633\u064a\u064a\u0631 \u0627\u0644\u0645\u0648\u0627\u0631\u062f \u0627\u0644\u0628\u0634\u0631\u064a\u0629 \u0644\u0644\u0643\u0644\u064a\u0629 \u0648 \u0636\u0645\u0627\u0646 \u062a\u0646\u0641\u064a\u0630\u0647 \u062a\u0633\u064a\u064a\u0631 \u0627\u0644\u0645\u0633\u0627\u0631 [&hellip;]<\/p>\n","protected":false},"author":12,"featured_media":0,"parent":0,"menu_order":0,"comment_status":"closed","ping_status":"closed","template":"elementor_header_footer","meta":{"_exactmetrics_skip_tracking":false,"_exactmetrics_sitenote_active":false,"_exactmetrics_sitenote_note":"","_exactmetrics_sitenote_category":0,"footnotes":""},"coauthors":[531],"class_list":["post-7637","page","type-page","status-publish","hentry"],"_links":{"self":[{"href":"http:\/\/lagh-univ.dz\/fr\/wp-json\/wp\/v2\/pages\/7637","targetHints":{"allow":["GET"]}}],"collection":[{"href":"http:\/\/lagh-univ.dz\/fr\/wp-json\/wp\/v2\/pages"}],"about":[{"href":"http:\/\/lagh-univ.dz\/fr\/wp-json\/wp\/v2\/types\/page"}],"author":[{"embeddable":true,"href":"http:\/\/lagh-univ.dz\/fr\/wp-json\/wp\/v2\/users\/12"}],"replies":[{"embeddable":true,"href":"http:\/\/lagh-univ.dz\/fr\/wp-json\/wp\/v2\/comments?post=7637"}],"version-history":[{"count":5,"href":"http:\/\/lagh-univ.dz\/fr\/wp-json\/wp\/v2\/pages\/7637\/revisions"}],"predecessor-version":[{"id":57383,"href":"http:\/\/lagh-univ.dz\/fr\/wp-json\/wp\/v2\/pages\/7637\/revisions\/57383"}],"wp:attachment":[{"href":"http:\/\/lagh-univ.dz\/fr\/wp-json\/wp\/v2\/media?parent=7637"}],"wp:term":[{"taxonomy":"author","embeddable":true,"href":"http:\/\/lagh-univ.dz\/fr\/wp-json\/wp\/v2\/coauthors?post=7637"}],"curies":[{"name":"wp","href":"https:\/\/api.w.org\/{rel}","templated":true}]}}