{"id":7643,"date":"2018-07-21T11:36:02","date_gmt":"2018-07-21T11:36:02","guid":{"rendered":"http:\/\/lagh-univ.dz\/langue-departement-francais-emploi-du-temps-licence\/"},"modified":"2020-02-19T07:47:26","modified_gmt":"2020-02-19T09:47:26","slug":"langue-departement-francais-emploi-du-temps-licence","status":"publish","type":"page","link":"http:\/\/lagh-univ.dz\/fr\/langue-departement-francais\/langue-departement-francais-emploi-du-temps-licence\/","title":{"rendered":"Langue-Departement- fran\u00e7ais-Emploi du temps-licence"},"content":{"rendered":"<p><img fetchpriority=\"high\" decoding=\"async\" class=\"wp-image-29302 aligncenter\" src=\"http:\/\/lagh-univ.dz\/wp-content\/uploads\/2020\/02\/clock-calendar-time-management-760-1-300x174.jpg\" alt=\"\" width=\"516\" height=\"299\" srcset=\"http:\/\/lagh-univ.dz\/wp-content\/uploads\/2020\/02\/clock-calendar-time-management-760-1-300x174.jpg 300w, http:\/\/lagh-univ.dz\/wp-content\/uploads\/2020\/02\/clock-calendar-time-management-760-1.jpg 760w\" sizes=\"(max-width: 516px) 100vw, 516px\" \/><\/p>\n<p style=\"text-align: center\"><span style=\"font-family: Book Antiqua, Palatino;font-size: 18pt;color: #ff0000\"><strong>Semestre 1<\/strong><\/span><\/p>\n<p style=\"text-align: center\"><span style=\"font-family: Book Antiqua, Palatino;font-size: 14pt\"><strong><a href=\"http:\/\/lagh-univ.dz\/wp-content\/uploads\/2020\/01\/Emploi-du-temps-1ere-ann\u00e9e.pdf\">Emploi du temps 1ere ann\u00e9e<\/a><\/strong><\/span><\/p>\n<p style=\"text-align: center\"><span style=\"font-family: Book Antiqua, Palatino;font-size: 14pt\"><strong><a href=\"http:\/\/lagh-univ.dz\/wp-content\/uploads\/2020\/01\/Emploi-du-temps-2eme-ann\u00e9e.pdf\">Emploi du temps 2eme ann\u00e9e<\/a><\/strong><\/span><\/p>\n<p style=\"text-align: center\"><span style=\"font-family: Book Antiqua, Palatino;font-size: 14pt\"><strong><a href=\"http:\/\/lagh-univ.dz\/wp-content\/uploads\/2020\/01\/Emploi-du-temps-3eme-ann\u00e9e.pdf\">Emploi du temps 3eme ann\u00e9e<\/a><\/strong><\/span><\/p>\n<p style=\"text-align: center\"><span style=\"font-family: Book Antiqua, Palatino;font-size: 18pt;color: #ff0000\"><strong>Semestre 2<\/strong><\/span><\/p>\n<p style=\"text-align: center\"><span style=\"font-family: Book Antiqua, Palatino;font-size: 14pt\"><strong><a href=\"http:\/\/lagh-univ.dz\/wp-content\/uploads\/2020\/02\/Emploi-du-temps-1ere-ann\u00e9e2020.pdf\">Emploi du temps 1ere ann\u00e9e<\/a><\/strong><\/span><\/p>\n<p style=\"text-align: center\"><span style=\"font-family: Book Antiqua, Palatino;font-size: 14pt\"><strong><a href=\"http:\/\/lagh-univ.dz\/wp-content\/uploads\/2020\/02\/Emploi-du-temps-2eme-ann\u00e9e.pdf\">Emploi du temps 2eme ann\u00e9e<\/a><\/strong><\/span><\/p>\n<p style=\"text-align: center\"><span style=\"font-family: Book Antiqua, Palatino;font-size: 14pt\"><strong><a href=\"http:\/\/lagh-univ.dz\/wp-content\/uploads\/2020\/02\/Emploi-du-temps-3eme-ann\u00e9e.pdf\">Emploi du temps 3eme ann\u00e9e<\/a><\/strong><\/span><\/p>\n","protected":false},"excerpt":{"rendered":"<p>Semestre 1 Emploi du temps 1ere ann\u00e9e Emploi du temps 2eme ann\u00e9e Emploi du temps 3eme ann\u00e9e Semestre 2 Emploi du temps 1ere ann\u00e9e Emploi du temps 2eme ann\u00e9e Emploi du temps 3eme ann\u00e9e<\/p>\n","protected":false},"author":17,"featured_media":0,"parent":7619,"menu_order":0,"comment_status":"closed","ping_status":"closed","template":"elementor_header_footer","meta":{"_exactmetrics_skip_tracking":false,"_exactmetrics_sitenote_active":false,"_exactmetrics_sitenote_note":"","_exactmetrics_sitenote_category":0,"footnotes":""},"coauthors":[529],"class_list":["post-7643","page","type-page","status-publish","hentry"],"_links":{"self":[{"href":"http:\/\/lagh-univ.dz\/fr\/wp-json\/wp\/v2\/pages\/7643","targetHints":{"allow":["GET"]}}],"collection":[{"href":"http:\/\/lagh-univ.dz\/fr\/wp-json\/wp\/v2\/pages"}],"about":[{"href":"http:\/\/lagh-univ.dz\/fr\/wp-json\/wp\/v2\/types\/page"}],"author":[{"embeddable":true,"href":"http:\/\/lagh-univ.dz\/fr\/wp-json\/wp\/v2\/users\/17"}],"replies":[{"embeddable":true,"href":"http:\/\/lagh-univ.dz\/fr\/wp-json\/wp\/v2\/comments?post=7643"}],"version-history":[{"count":8,"href":"http:\/\/lagh-univ.dz\/fr\/wp-json\/wp\/v2\/pages\/7643\/revisions"}],"predecessor-version":[{"id":29301,"href":"http:\/\/lagh-univ.dz\/fr\/wp-json\/wp\/v2\/pages\/7643\/revisions\/29301"}],"up":[{"embeddable":true,"href":"http:\/\/lagh-univ.dz\/fr\/wp-json\/wp\/v2\/pages\/7619"}],"wp:attachment":[{"href":"http:\/\/lagh-univ.dz\/fr\/wp-json\/wp\/v2\/media?parent=7643"}],"wp:term":[{"taxonomy":"author","embeddable":true,"href":"http:\/\/lagh-univ.dz\/fr\/wp-json\/wp\/v2\/coauthors?post=7643"}],"curies":[{"name":"wp","href":"https:\/\/api.w.org\/{rel}","templated":true}]}}