{"id":7649,"date":"2018-07-21T11:36:20","date_gmt":"2018-07-21T11:36:20","guid":{"rendered":"http:\/\/lagh-univ.dz\/langue-departement-francais-emploi-du-temps-master\/"},"modified":"2020-02-19T07:49:11","modified_gmt":"2020-02-19T09:49:11","slug":"langue-departement-francais-emploi-du-temps-master","status":"publish","type":"page","link":"http:\/\/lagh-univ.dz\/fr\/langue-departement-francais\/langue-departement-francais-emploi-du-temps-master\/","title":{"rendered":"Langue-Departement- fran\u00e7ais-Emploi du temps-master"},"content":{"rendered":"<p><img fetchpriority=\"high\" decoding=\"async\" class=\" wp-image-29302 aligncenter\" src=\"http:\/\/lagh-univ.dz\/wp-content\/uploads\/2020\/02\/clock-calendar-time-management-760-1-300x174.jpg\" alt=\"\" width=\"414\" height=\"240\" srcset=\"http:\/\/lagh-univ.dz\/wp-content\/uploads\/2020\/02\/clock-calendar-time-management-760-1-300x174.jpg 300w, http:\/\/lagh-univ.dz\/wp-content\/uploads\/2020\/02\/clock-calendar-time-management-760-1.jpg 760w\" sizes=\"(max-width: 414px) 100vw, 414px\" \/><\/p>\n<p style=\"text-align: center\"><span style=\"font-family: Book Antiqua, Palatino;font-size: 18pt;color: #ff0000\"><strong>Semestre1<\/strong><\/span><\/p>\n<p style=\"text-align: center\"><span style=\"font-family: Book Antiqua, Palatino;font-size: 14pt\"><strong><a href=\"http:\/\/lagh-univ.dz\/wp-content\/uploads\/2020\/01\/Emploi-du-temps-1ere-ann\u00e9e-Master-option-Didactique.pdf\">Emploi du temps 1ere ann\u00e9e Master option Didactique<\/a><\/strong><\/span><\/p>\n<p style=\"text-align: center\"><span style=\"font-family: Book Antiqua, Palatino;font-size: 14pt\"><strong><a href=\"http:\/\/lagh-univ.dz\/wp-content\/uploads\/2020\/01\/Emploi-du-temps-1ere-ann\u00e9e-Master-option-Science-du-langage.pdf\">Emploi du temps 1ere ann\u00e9e Master option Science du langage<\/a><\/strong><\/span><\/p>\n<p style=\"text-align: center\"><span style=\"font-family: Book Antiqua, Palatino;font-size: 14pt\"><strong><a href=\"http:\/\/lagh-univ.dz\/wp-content\/uploads\/2020\/01\/Emploi-du-temps-1ere-ann\u00e9e-Master-option-litterature.pdf\">Emploi du temps 1ere ann\u00e9e Master option litterature<\/a><\/strong><\/span><\/p>\n<p style=\"text-align: center\"><span style=\"font-family: Book Antiqua, Palatino;font-size: 18pt;color: #ff0000\"><strong>Semestre2<\/strong><\/span><\/p>\n<p style=\"text-align: center\"><span style=\"font-family: Book Antiqua, Palatino;font-size: 14pt\"><strong><a href=\"http:\/\/lagh-univ.dz\/wp-content\/uploads\/2020\/02\/Emploi-du-temps-1ere-ann\u00e9e-Master-option-Didactique.pdf\">Emploi du temps 1ere ann\u00e9e Master option Didactique<\/a><\/strong><\/span><\/p>\n<p style=\"text-align: center\"><span style=\"font-family: Book Antiqua, Palatino;font-size: 14pt\"><strong><a href=\"http:\/\/lagh-univ.dz\/wp-content\/uploads\/2020\/02\/Emploi-du-temps-1ere-ann\u00e9e-Master-option-Science-du-langage.pdf\">Emploi du temps 1ere ann\u00e9e Master option Science du langage<\/a><\/strong><\/span><\/p>\n<p style=\"text-align: center\"><span style=\"font-family: Book Antiqua, Palatino;font-size: 14pt\"><strong><a href=\"http:\/\/lagh-univ.dz\/wp-content\/uploads\/2020\/02\/master-1-litterature.pdf\">Emploi du temps 1ere ann\u00e9e Master option litterature<\/a><\/strong><\/span><\/p>\n<p>&nbsp;<\/p>\n","protected":false},"excerpt":{"rendered":"<p>Semestre1 Emploi du temps 1ere ann\u00e9e Master option Didactique Emploi du temps 1ere ann\u00e9e Master option Science du langage Emploi du temps 1ere ann\u00e9e Master option litterature Semestre2 Emploi du temps 1ere ann\u00e9e Master option Didactique Emploi du temps 1ere ann\u00e9e Master option Science du langage Emploi du temps 1ere ann\u00e9e Master option litterature &nbsp;<\/p>\n","protected":false},"author":17,"featured_media":0,"parent":7619,"menu_order":0,"comment_status":"closed","ping_status":"closed","template":"elementor_header_footer","meta":{"_exactmetrics_skip_tracking":false,"_exactmetrics_sitenote_active":false,"_exactmetrics_sitenote_note":"","_exactmetrics_sitenote_category":0,"footnotes":""},"coauthors":[529],"class_list":["post-7649","page","type-page","status-publish","hentry"],"_links":{"self":[{"href":"http:\/\/lagh-univ.dz\/fr\/wp-json\/wp\/v2\/pages\/7649","targetHints":{"allow":["GET"]}}],"collection":[{"href":"http:\/\/lagh-univ.dz\/fr\/wp-json\/wp\/v2\/pages"}],"about":[{"href":"http:\/\/lagh-univ.dz\/fr\/wp-json\/wp\/v2\/types\/page"}],"author":[{"embeddable":true,"href":"http:\/\/lagh-univ.dz\/fr\/wp-json\/wp\/v2\/users\/17"}],"replies":[{"embeddable":true,"href":"http:\/\/lagh-univ.dz\/fr\/wp-json\/wp\/v2\/comments?post=7649"}],"version-history":[{"count":5,"href":"http:\/\/lagh-univ.dz\/fr\/wp-json\/wp\/v2\/pages\/7649\/revisions"}],"predecessor-version":[{"id":29308,"href":"http:\/\/lagh-univ.dz\/fr\/wp-json\/wp\/v2\/pages\/7649\/revisions\/29308"}],"up":[{"embeddable":true,"href":"http:\/\/lagh-univ.dz\/fr\/wp-json\/wp\/v2\/pages\/7619"}],"wp:attachment":[{"href":"http:\/\/lagh-univ.dz\/fr\/wp-json\/wp\/v2\/media?parent=7649"}],"wp:term":[{"taxonomy":"author","embeddable":true,"href":"http:\/\/lagh-univ.dz\/fr\/wp-json\/wp\/v2\/coauthors?post=7649"}],"curies":[{"name":"wp","href":"https:\/\/api.w.org\/{rel}","templated":true}]}}