{"id":7655,"date":"2018-07-18T19:42:53","date_gmt":"2018-07-18T21:42:53","guid":{"rendered":"http:\/\/lagh-univ.dz\/humaine-graduation-service-des-statistiques\/"},"modified":"2020-03-11T06:29:04","modified_gmt":"2020-03-11T08:29:04","slug":"humaine-graduation-service-des-statistiques","status":"publish","type":"page","link":"http:\/\/lagh-univ.dz\/fr\/humaine-formation\/humaine-graduation-service-des-statistiques\/","title":{"rendered":"Humaine- Graduation-service des statistiques"},"content":{"rendered":"<p dir=\"ltr\" style=\"text-align: center\"><span style=\"font-family: 'Book Antiqua', Palatino;font-size: 14pt;color: #000000\"><strong>Service de Scolarit\u00e9\u00a0<\/strong><\/span><\/p>\n<p dir=\"ltr\" style=\"text-align: left\"><span style=\"font-family: 'Book Antiqua', Palatino;font-size: 14pt;color: #000000\"><strong>chef de service<\/strong>: Kaouka Kaouther<\/span><\/p>\n<p dir=\"ltr\" style=\"text-align: left\"><span style=\"font-family: 'Book Antiqua', Palatino;font-size: 14pt;color: #000000\">Email :\u00a0<\/span><\/p>\n<p dir=\"ltr\" style=\"text-align: left\"><span style=\"font-family: 'Book Antiqua', Palatino;font-size: 14pt;color: #000000\"><strong><u>Les taches de service<\/u><\/strong><\/span><\/p>\n<ul>\n<li style=\"text-align: left\"><span style=\"font-family: 'Book Antiqua', Palatino;font-size: 14pt;color: #000000\">Le suivi et l\u2019ajustement des dossiers des nouveaux \u00e9tudiants.<\/span><\/li>\n<li style=\"text-align: left\"><span style=\"font-family: 'Book Antiqua', Palatino;font-size: 14pt;color: #000000\">Le suivi des dossiers de transferts.<\/span><\/li>\n<li style=\"text-align: left\"><span style=\"font-family: 'Book Antiqua', Palatino;font-size: 14pt;color: #000000\">Le suivi des \u00e9tudiants de la promo en fin de cycle.<\/span><\/li>\n<li style=\"text-align: left\"><span style=\"font-family: 'Book Antiqua', Palatino;font-size: 14pt;color: #000000\">Mise \u00e0 jour de la base de donn\u00e9es des \u00e9tudiants.<\/span><\/li>\n<li style=\"text-align: left\"><span style=\"font-family: 'Book Antiqua', Palatino;font-size: 14pt;color: #000000\">D\u00e9livre les certificats de scolarit\u00e9.<\/span><\/li>\n<\/ul>\n","protected":false},"excerpt":{"rendered":"<p>Service de Scolarit\u00e9\u00a0 chef de service: Kaouka Kaouther Email :\u00a0 Les taches de service Le suivi et l\u2019ajustement des dossiers des nouveaux \u00e9tudiants. Le suivi des dossiers de transferts. Le suivi des \u00e9tudiants de la promo en fin de cycle. Mise \u00e0 jour de la base de donn\u00e9es des \u00e9tudiants. D\u00e9livre les certificats de scolarit\u00e9.<\/p>\n","protected":false},"author":1,"featured_media":0,"parent":7685,"menu_order":0,"comment_status":"closed","ping_status":"closed","template":"elementor_header_footer","meta":{"_exactmetrics_skip_tracking":false,"_exactmetrics_sitenote_active":false,"_exactmetrics_sitenote_note":"","_exactmetrics_sitenote_category":0,"footnotes":""},"coauthors":[217,531],"class_list":["post-7655","page","type-page","status-publish","hentry"],"_links":{"self":[{"href":"http:\/\/lagh-univ.dz\/fr\/wp-json\/wp\/v2\/pages\/7655","targetHints":{"allow":["GET"]}}],"collection":[{"href":"http:\/\/lagh-univ.dz\/fr\/wp-json\/wp\/v2\/pages"}],"about":[{"href":"http:\/\/lagh-univ.dz\/fr\/wp-json\/wp\/v2\/types\/page"}],"author":[{"embeddable":true,"href":"http:\/\/lagh-univ.dz\/fr\/wp-json\/wp\/v2\/users\/1"}],"replies":[{"embeddable":true,"href":"http:\/\/lagh-univ.dz\/fr\/wp-json\/wp\/v2\/comments?post=7655"}],"version-history":[{"count":9,"href":"http:\/\/lagh-univ.dz\/fr\/wp-json\/wp\/v2\/pages\/7655\/revisions"}],"predecessor-version":[{"id":32867,"href":"http:\/\/lagh-univ.dz\/fr\/wp-json\/wp\/v2\/pages\/7655\/revisions\/32867"}],"up":[{"embeddable":true,"href":"http:\/\/lagh-univ.dz\/fr\/wp-json\/wp\/v2\/pages\/7685"}],"wp:attachment":[{"href":"http:\/\/lagh-univ.dz\/fr\/wp-json\/wp\/v2\/media?parent=7655"}],"wp:term":[{"taxonomy":"author","embeddable":true,"href":"http:\/\/lagh-univ.dz\/fr\/wp-json\/wp\/v2\/coauthors?post=7655"}],"curies":[{"name":"wp","href":"https:\/\/api.w.org\/{rel}","templated":true}]}}