{"id":7697,"date":"2018-07-21T11:35:45","date_gmt":"2018-07-21T11:35:45","guid":{"rendered":"http:\/\/lagh-univ.dz\/langue-departement-anglais-formations-master\/"},"modified":"2020-02-19T08:42:27","modified_gmt":"2020-02-19T10:42:27","slug":"langue-departement-anglais-formations-master","status":"publish","type":"page","link":"http:\/\/lagh-univ.dz\/fr\/langue-departement-anglais\/langue-departement-anglais-formations-master\/","title":{"rendered":"Langue-Departement- anglais-formations -master"},"content":{"rendered":"<p style=\"text-align: left\"><span style=\"font-family: arabic-kufi;font-size: 18pt;color: #000000\"><strong><span style=\"font-family: Book Antiqua, Palatino;font-size: 18pt;color: #000000\">Formation master departement d&rsquo;anglais<\/span><br \/>\n<\/strong><\/span><\/p>\n<table class=\" alignleft\" style=\"background-color: #f0f0f7;width: 528px;height: 56px\" width=\"528\">\n<tbody>\n<tr style=\"height: 28px\">\n<td style=\"width: 85.35px;height: 56px\" rowspan=\"2\">&nbsp;<\/p>\n<p><span style=\"font-family: Book Antiqua, Palatino;font-size: 14pt;color: #000000\">Master<\/span><\/td>\n<td style=\"width: 189.75px;height: 28px\"><span style=\"font-family: Book Antiqua, Palatino;font-size: 14pt;color: #000000\">1 \u00e9re ann\u00e9e<br \/>\n<\/span><\/td>\n<td style=\"width: 230.9px;height: 28px\">\n<div class=\"oSioSc\">\n<div id=\"tw-target\">\n<div id=\"kAz1tf\" class=\"g9WsWb\">\n<div id=\"tw-target-text-container\" class=\"tw-ta-container tw-nfl\">\n<pre id=\"tw-target-text\" class=\"tw-data-text tw-text-large tw-ta\" data-placeholder=\"Traduction\"><span lang=\"fr\" style=\"font-family: Book Antiqua, Palatino;font-size: 14pt;color: #000000\">Litt\u00e9rature et civilisation<\/span><\/pre>\n<\/div>\n<\/div>\n<\/div>\n<\/div>\n<\/td>\n<\/tr>\n<tr style=\"height: 28px\">\n<td style=\"width: 189.75px;height: 28px\"><span style=\"font-family: Book Antiqua, Palatino;font-size: 14pt;color: #000000\">2 \u00e9me ann\u00e9e <\/span><\/td>\n<td style=\"width: 230.9px;height: 28px\">\n<div class=\"oSioSc\">\n<div id=\"tw-target\">\n<div id=\"kAz1tf\" class=\"g9WsWb\">\n<div id=\"tw-target-text-container\" class=\"tw-ta-container tw-nfl\">\n<pre id=\"tw-target-text\" class=\"tw-data-text tw-text-large tw-ta\" data-placeholder=\"Traduction\"><span lang=\"fr\" style=\"font-family: Book Antiqua, Palatino;font-size: 14pt;color: #000000\">Litt\u00e9rature et civilisation<\/span><\/pre>\n<\/div>\n<\/div>\n<\/div>\n<\/div>\n<\/td>\n<\/tr>\n<\/tbody>\n<\/table>\n","protected":false},"excerpt":{"rendered":"<p>Formation master departement d&rsquo;anglais &nbsp; Master 1 \u00e9re ann\u00e9e Litt\u00e9rature et civilisation 2 \u00e9me ann\u00e9e Litt\u00e9rature et civilisation<\/p>\n","protected":false},"author":17,"featured_media":0,"parent":7621,"menu_order":0,"comment_status":"closed","ping_status":"closed","template":"elementor_header_footer","meta":{"_exactmetrics_skip_tracking":false,"_exactmetrics_sitenote_active":false,"_exactmetrics_sitenote_note":"","_exactmetrics_sitenote_category":0,"footnotes":""},"coauthors":[529],"class_list":["post-7697","page","type-page","status-publish","hentry"],"_links":{"self":[{"href":"http:\/\/lagh-univ.dz\/fr\/wp-json\/wp\/v2\/pages\/7697","targetHints":{"allow":["GET"]}}],"collection":[{"href":"http:\/\/lagh-univ.dz\/fr\/wp-json\/wp\/v2\/pages"}],"about":[{"href":"http:\/\/lagh-univ.dz\/fr\/wp-json\/wp\/v2\/types\/page"}],"author":[{"embeddable":true,"href":"http:\/\/lagh-univ.dz\/fr\/wp-json\/wp\/v2\/users\/17"}],"replies":[{"embeddable":true,"href":"http:\/\/lagh-univ.dz\/fr\/wp-json\/wp\/v2\/comments?post=7697"}],"version-history":[{"count":7,"href":"http:\/\/lagh-univ.dz\/fr\/wp-json\/wp\/v2\/pages\/7697\/revisions"}],"predecessor-version":[{"id":29409,"href":"http:\/\/lagh-univ.dz\/fr\/wp-json\/wp\/v2\/pages\/7697\/revisions\/29409"}],"up":[{"embeddable":true,"href":"http:\/\/lagh-univ.dz\/fr\/wp-json\/wp\/v2\/pages\/7621"}],"wp:attachment":[{"href":"http:\/\/lagh-univ.dz\/fr\/wp-json\/wp\/v2\/media?parent=7697"}],"wp:term":[{"taxonomy":"author","embeddable":true,"href":"http:\/\/lagh-univ.dz\/fr\/wp-json\/wp\/v2\/coauthors?post=7697"}],"curies":[{"name":"wp","href":"https:\/\/api.w.org\/{rel}","templated":true}]}}