{"id":7713,"date":"2018-07-21T11:34:15","date_gmt":"2018-07-21T11:34:15","guid":{"rendered":"http:\/\/lagh-univ.dz\/langue-departement-espagnol-presentation\/"},"modified":"2020-02-19T08:03:00","modified_gmt":"2020-02-19T10:03:00","slug":"langue-departement-espagnol-presentation","status":"publish","type":"page","link":"http:\/\/lagh-univ.dz\/fr\/langue-departement-espagnol\/langue-departement-espagnol-presentation\/","title":{"rendered":"Langue-Departement- espagnol- presentation"},"content":{"rendered":"<p style=\"text-align: left\"><span style=\"font-family: Book Antiqua, Palatino;font-size: 18pt\"><strong><span style=\"color: #ff0000\"><span style=\"text-decoration: underline\">Presentaci\u00f3n<\/span> <span style=\"text-decoration: underline\">EL Departamento de Lengua Espa\u00f1ola<\/span><\/span><\/strong><\/span><\/p>\n<p>&nbsp;<\/p>\n<p><img fetchpriority=\"high\" decoding=\"async\" class=\"size-medium wp-image-27103 aligncenter\" src=\"http:\/\/lagh-univ.dz\/wp-content\/uploads\/2020\/02\/\u0642\u0633\u0645-\u0627\u0644\u0644\u063a\u0629-\u0627\u0644\u0627\u0633\u0628\u0627\u0646\u064a\u0629-300x229.jpg\" alt=\"\" width=\"300\" height=\"229\" srcset=\"http:\/\/lagh-univ.dz\/wp-content\/uploads\/2020\/02\/\u0642\u0633\u0645-\u0627\u0644\u0644\u063a\u0629-\u0627\u0644\u0627\u0633\u0628\u0627\u0646\u064a\u0629-300x229.jpg 300w, http:\/\/lagh-univ.dz\/wp-content\/uploads\/2020\/02\/\u0642\u0633\u0645-\u0627\u0644\u0644\u063a\u0629-\u0627\u0644\u0627\u0633\u0628\u0627\u0646\u064a\u0629-768x585.jpg 768w, http:\/\/lagh-univ.dz\/wp-content\/uploads\/2020\/02\/\u0642\u0633\u0645-\u0627\u0644\u0644\u063a\u0629-\u0627\u0644\u0627\u0633\u0628\u0627\u0646\u064a\u0629-1024x780.jpg 1024w\" sizes=\"(max-width: 300px) 100vw, 300px\" \/><\/p>\n<p style=\"text-align: left\">\n<p style=\"text-align: left\"><span style=\"font-family: 'Book Antiqua', Palatino;font-size: 14pt;color: #000000\">EL Departamento de Lengua Espa\u00f1ola\u00a0 (DLE) en la Universidad de \u00a0Amar T\u00e9lidji Laghouat\u00a0 ATL<\/span><\/p>\n<p style=\"text-align: left\"><span style=\"font-size: 14pt;font-family: 'Book Antiqua', Palatino;color: #000000\">\u00a0El equipo pedag\u00f3gico ofrece una formaci\u00f3n de calidad del Espa\u00f1ol como Lengua Extranjera en el Sur argelino, en la universidad de ATL, en Laghouat (Argelia), con especializaci\u00f3n y enriquecimiento cultural<\/span><\/p>\n<p style=\"text-align: left\"><span style=\"font-family: 'Book Antiqua', Palatino;font-size: 14pt;color: #000000\">El DLE, es el quinto departamento al nivel nacional, que se dedica a la ense\u00f1anza de la lengua y cultura espa\u00f1ola. Siendo el primero en el sur argelino, acaba de cumplir cinco a\u00f1os desde su apertura en el 2016. Hoy d\u00eda, cuenta con un total de 300 estudiantes precedentes de seis regiones: Laghouat, Djelfa, Ghardaia, Khenchla, Ms\u2019ila, El Ouedi; y con un equipo pedag\u00f3gico formado de nueve profesores titulares, dos doctores y siete profesores titulares, y dos profesores contratados. Se inaugur\u00f3, por primera vez, el m\u00e1ster de Did\u00e1ctica de Lenguas Extranjeras en el curso actual 2019-2020<\/span><\/p>\n","protected":false},"excerpt":{"rendered":"<p>Presentaci\u00f3n EL Departamento de Lengua Espa\u00f1ola &nbsp; EL Departamento de Lengua Espa\u00f1ola\u00a0 (DLE) en la Universidad de \u00a0Amar T\u00e9lidji Laghouat\u00a0 ATL \u00a0El equipo pedag\u00f3gico ofrece una formaci\u00f3n de calidad del Espa\u00f1ol como Lengua Extranjera en el Sur argelino, en la universidad de ATL, en Laghouat (Argelia), con especializaci\u00f3n y enriquecimiento cultural El DLE, es el [&hellip;]<\/p>\n","protected":false},"author":17,"featured_media":0,"parent":7623,"menu_order":0,"comment_status":"closed","ping_status":"closed","template":"elementor_header_footer","meta":{"_exactmetrics_skip_tracking":false,"_exactmetrics_sitenote_active":false,"_exactmetrics_sitenote_note":"","_exactmetrics_sitenote_category":0,"footnotes":""},"coauthors":[529],"class_list":["post-7713","page","type-page","status-publish","hentry"],"_links":{"self":[{"href":"http:\/\/lagh-univ.dz\/fr\/wp-json\/wp\/v2\/pages\/7713","targetHints":{"allow":["GET"]}}],"collection":[{"href":"http:\/\/lagh-univ.dz\/fr\/wp-json\/wp\/v2\/pages"}],"about":[{"href":"http:\/\/lagh-univ.dz\/fr\/wp-json\/wp\/v2\/types\/page"}],"author":[{"embeddable":true,"href":"http:\/\/lagh-univ.dz\/fr\/wp-json\/wp\/v2\/users\/17"}],"replies":[{"embeddable":true,"href":"http:\/\/lagh-univ.dz\/fr\/wp-json\/wp\/v2\/comments?post=7713"}],"version-history":[{"count":14,"href":"http:\/\/lagh-univ.dz\/fr\/wp-json\/wp\/v2\/pages\/7713\/revisions"}],"predecessor-version":[{"id":29324,"href":"http:\/\/lagh-univ.dz\/fr\/wp-json\/wp\/v2\/pages\/7713\/revisions\/29324"}],"up":[{"embeddable":true,"href":"http:\/\/lagh-univ.dz\/fr\/wp-json\/wp\/v2\/pages\/7623"}],"wp:attachment":[{"href":"http:\/\/lagh-univ.dz\/fr\/wp-json\/wp\/v2\/media?parent=7713"}],"wp:term":[{"taxonomy":"author","embeddable":true,"href":"http:\/\/lagh-univ.dz\/fr\/wp-json\/wp\/v2\/coauthors?post=7713"}],"curies":[{"name":"wp","href":"https:\/\/api.w.org\/{rel}","templated":true}]}}