{"id":7811,"date":"2018-07-18T19:43:30","date_gmt":"2018-07-18T21:43:30","guid":{"rendered":"http:\/\/lagh-univ.dz\/economie-formation-doctorat\/"},"modified":"2020-09-24T06:56:47","modified_gmt":"2020-09-24T08:56:47","slug":"economie-formation-doctorat","status":"publish","type":"page","link":"http:\/\/lagh-univ.dz\/fr\/economie-formation-doctorat\/","title":{"rendered":"Offres de formation &#8211; Doctorat &#8211;"},"content":{"rendered":"<p><strong><span style=\"color: #000080;font-size: 18pt;font-family: 'Book Antiqua', Palatino\">D\u00e9partement des finances et de la comptabilit\u00e9<\/span><\/strong><\/p>\n<p><strong><span style=\"color: #000000;font-size: 14pt;font-family: 'Book Antiqua', Palatino\">Comptabilit\u00e9 et recouvrement<\/span><\/strong><\/p>\n<p><strong><span style=\"color: #000000;font-size: 14pt;font-family: 'Book Antiqua', Palatino\">Comptabilit\u00e9 et audit<\/span><\/strong><\/p>\n<p><strong><span style=\"color: #000000;font-size: 14pt;font-family: 'Book Antiqua', Palatino\">financiers et banques<\/span><\/strong><\/p>\n<p><strong><span style=\"color: #000080;font-size: 18pt;font-family: 'Book Antiqua', Palatino\">D\u00e9partement des sciences commerciales<\/span><\/strong><\/p>\n<p><strong><span style=\"color: #000000;font-size: 14pt;font-family: 'Book Antiqua', Palatino\">Finance et commerce international<\/span><\/strong><\/p>\n<p><strong><span style=\"color: #000000;font-size: 14pt;font-family: 'Book Antiqua', Palatino\">Services de marketing<\/span><\/strong><\/p>\n<p><strong><span style=\"color: #000080;font-size: 18pt;font-family: 'Book Antiqua', Palatino\">D\u00e9partement des sciences \u00e9conomiques<\/span><\/strong><\/p>\n<p><strong><span style=\"color: #000000;font-size: 14pt;font-family: 'Book Antiqua', Palatino\">\u00c9conomie islamique<\/span><\/strong><\/p>\n<p><strong><span style=\"color: #000080;font-size: 18pt;font-family: 'Book Antiqua', Palatino\">D\u00e9partement des sciences de gestion<\/span><\/strong><\/p>\n","protected":false},"excerpt":{"rendered":"<p>D\u00e9partement des finances et de la comptabilit\u00e9 Comptabilit\u00e9 et recouvrement Comptabilit\u00e9 et audit financiers et banques D\u00e9partement des sciences commerciales Finance et commerce international Services de marketing D\u00e9partement des sciences \u00e9conomiques \u00c9conomie islamique D\u00e9partement des sciences de gestion<\/p>\n","protected":false},"author":8,"featured_media":0,"parent":0,"menu_order":0,"comment_status":"closed","ping_status":"closed","template":"","meta":{"_exactmetrics_skip_tracking":false,"_exactmetrics_sitenote_active":false,"_exactmetrics_sitenote_note":"","_exactmetrics_sitenote_category":0,"footnotes":""},"coauthors":[526],"class_list":["post-7811","page","type-page","status-publish","hentry"],"_links":{"self":[{"href":"http:\/\/lagh-univ.dz\/fr\/wp-json\/wp\/v2\/pages\/7811","targetHints":{"allow":["GET"]}}],"collection":[{"href":"http:\/\/lagh-univ.dz\/fr\/wp-json\/wp\/v2\/pages"}],"about":[{"href":"http:\/\/lagh-univ.dz\/fr\/wp-json\/wp\/v2\/types\/page"}],"author":[{"embeddable":true,"href":"http:\/\/lagh-univ.dz\/fr\/wp-json\/wp\/v2\/users\/8"}],"replies":[{"embeddable":true,"href":"http:\/\/lagh-univ.dz\/fr\/wp-json\/wp\/v2\/comments?post=7811"}],"version-history":[{"count":4,"href":"http:\/\/lagh-univ.dz\/fr\/wp-json\/wp\/v2\/pages\/7811\/revisions"}],"predecessor-version":[{"id":35477,"href":"http:\/\/lagh-univ.dz\/fr\/wp-json\/wp\/v2\/pages\/7811\/revisions\/35477"}],"wp:attachment":[{"href":"http:\/\/lagh-univ.dz\/fr\/wp-json\/wp\/v2\/media?parent=7811"}],"wp:term":[{"taxonomy":"author","embeddable":true,"href":"http:\/\/lagh-univ.dz\/fr\/wp-json\/wp\/v2\/coauthors?post=7811"}],"curies":[{"name":"wp","href":"https:\/\/api.w.org\/{rel}","templated":true}]}}