{"id":7813,"date":"2018-07-18T19:41:49","date_gmt":"2018-07-18T21:41:49","guid":{"rendered":"http:\/\/lagh-univ.dz\/economie-formation-master\/"},"modified":"2020-09-24T06:45:52","modified_gmt":"2020-09-24T08:45:52","slug":"economie-formation-master","status":"publish","type":"page","link":"http:\/\/lagh-univ.dz\/fr\/economie-formation-master\/","title":{"rendered":"Offres de formation &#8211; Master &#8211;"},"content":{"rendered":"<pre id=\"tw-target-text\" class=\"tw-data-text tw-text-large XcVN5d tw-ta\" data-placeholder=\"Traduction\"><span lang=\"fr\" style=\"color: #000000;font-size: 14pt;font-family: 'Book Antiqua', Palatino\"><span style=\"color: #000080;font-size: 18pt\">D\u00e9partement des finances et de la comptabilit\u00e9\r\n<\/span>\r\nComptabilit\u00e9 et recouvrement approfondis\r\n\r\nComptabilit\u00e9 et audit\r\n\r\nfinanciers et banques\r\n\r\nComptabilit\u00e9\r\n\r\nFinance d'entreprise\r\n\r\nAudit et contr\u00f4le de gestion\r\n\r\n \r\n\r\n<strong><span style=\"color: #000080;font-size: 18pt\">D\u00e9partement des sciences commerciales\r\n<\/span>\r\nFinance et commerce international.\r\n\r\nServices de marketing.\r\n\r\nMarketing h\u00f4telier et touristique.\r\n\r\n \r\n\r\n<span style=\"color: #000080;font-size: 18pt\">D\u00e9partement des sciences \u00e9conomiques\r\n<\/span>\r\nUne \u00e9conomie mon\u00e9taire et bancaire\r\n\r\n\u00c9conomie quantitative\r\n\r\n\u00c9conomie d'entreprise et fonctionnement\r\n\r\n \r\n\r\n<span style=\"color: #000080;font-size: 18pt\">D\u00e9partement des sciences de gestion\r\n<\/span>\r\nAdministration des affaires\r\n\r\nGestion des ressources humaines\r\n\r\nAdministration publique\r\n\r\nContrat principal<\/strong><\/span><\/pre>\n","protected":false},"excerpt":{"rendered":"<p>D\u00e9partement des finances et de la comptabilit\u00e9 Comptabilit\u00e9 et recouvrement approfondis Comptabilit\u00e9 et audit financiers et banques Comptabilit\u00e9 Finance d&rsquo;entreprise Audit et contr\u00f4le de gestion D\u00e9partement des sciences commerciales Finance et commerce international. Services de marketing. Marketing h\u00f4telier et touristique. D\u00e9partement des sciences \u00e9conomiques Une \u00e9conomie mon\u00e9taire et bancaire \u00c9conomie quantitative \u00c9conomie d&rsquo;entreprise et fonctionnement [&hellip;]<\/p>\n","protected":false},"author":8,"featured_media":0,"parent":0,"menu_order":0,"comment_status":"closed","ping_status":"closed","template":"","meta":{"_exactmetrics_skip_tracking":false,"_exactmetrics_sitenote_active":false,"_exactmetrics_sitenote_note":"","_exactmetrics_sitenote_category":0,"footnotes":""},"coauthors":[526],"class_list":["post-7813","page","type-page","status-publish","hentry"],"_links":{"self":[{"href":"http:\/\/lagh-univ.dz\/fr\/wp-json\/wp\/v2\/pages\/7813","targetHints":{"allow":["GET"]}}],"collection":[{"href":"http:\/\/lagh-univ.dz\/fr\/wp-json\/wp\/v2\/pages"}],"about":[{"href":"http:\/\/lagh-univ.dz\/fr\/wp-json\/wp\/v2\/types\/page"}],"author":[{"embeddable":true,"href":"http:\/\/lagh-univ.dz\/fr\/wp-json\/wp\/v2\/users\/8"}],"replies":[{"embeddable":true,"href":"http:\/\/lagh-univ.dz\/fr\/wp-json\/wp\/v2\/comments?post=7813"}],"version-history":[{"count":4,"href":"http:\/\/lagh-univ.dz\/fr\/wp-json\/wp\/v2\/pages\/7813\/revisions"}],"predecessor-version":[{"id":35473,"href":"http:\/\/lagh-univ.dz\/fr\/wp-json\/wp\/v2\/pages\/7813\/revisions\/35473"}],"wp:attachment":[{"href":"http:\/\/lagh-univ.dz\/fr\/wp-json\/wp\/v2\/media?parent=7813"}],"wp:term":[{"taxonomy":"author","embeddable":true,"href":"http:\/\/lagh-univ.dz\/fr\/wp-json\/wp\/v2\/coauthors?post=7813"}],"curies":[{"name":"wp","href":"https:\/\/api.w.org\/{rel}","templated":true}]}}